{"id":4195,"date":"2023-12-28T13:30:50","date_gmt":"2023-12-28T12:30:50","guid":{"rendered":"https:\/\/settopsurvey.com\/settop_website\/?post_type=product&#038;p=4195"},"modified":"2023-12-28T14:43:12","modified_gmt":"2023-12-28T13:43:12","slug":"settop-dynamic-guiado-de-puentes","status":"publish","type":"product","link":"https:\/\/settopsurvey.com\/settop_website\/es\/product\/settop-dynamic-guiado-de-puentes\/","title":{"rendered":"Settop Dynamic Guiado de puentes"},"content":{"rendered":"<div class=\"video video-fit mb\" style=\"padding-top:56.25%;\"><p><iframe loading=\"lazy\" title=\"Settop Dynamics Software\" width=\"1020\" height=\"574\" src=\"https:\/\/www.youtube.com\/embed\/5DwrInpyb5A?feature=oembed\" frameborder=\"0\" allow=\"accelerometer; autoplay; clipboard-write; encrypted-media; gyroscope; picture-in-picture; web-share\" allowfullscreen><\/iframe><\/p>\n<\/div>\n<div class=\"row\"  id=\"row-1165073570\">\n\n\t<div id=\"col-1902918191\" class=\"col medium-6 small-12 large-6\"  >\n\t\t\t\t<div class=\"col-inner\"  >\n\t\t\t\n\t\t\t\n<h3>CONCEPTOS CLAVE: EMPUJES EN PUENTES<\/h3>\n<ul>\n<li class=\"bullet-checkmark\">Durante la ejecuci\u00f3n del empuje es de vital importancia disponer de la informaci\u00f3n en tiempo real para tomar las decisiones correctas<\/li>\n<li class=\"bullet-checkmark\">El servicio a trav\u00e9s de internet permite realizar un seguimiento de las maniobras desde cualquier dispositivo con conexi\u00f3n a internet desde cualquier parte del mundo<\/li>\n<li class=\"bullet-checkmark\">Los m\u00e1rgenes de las maniobras requieren de una gran precisi\u00f3n y es necesario conocer los movimientos a realizar para obtener el \u00e9xito<\/li>\n<li class=\"bullet-checkmark\">La carga de los ejes, puntos de control y referencias permite tener un control total de los movimientos del puente<\/li>\n<li class=\"bullet-checkmark\">El registro constante de los datos de los sensores, permite realizar un estudio a posteriori sobre el comportamiento de la estructura<\/li>\n<\/ul>\n\t\t<\/div>\n\t\t\t\t\t<\/div>\n\n\t\n\n\t<div id=\"col-986828142\" class=\"col medium-6 small-12 large-6\"  >\n\t\t\t\t<div class=\"col-inner\"  >\n\t\t\t\n\t\t\t\n<h3>Beneficios principales<\/h3>\n<ul>\n<li>Mejora la eficiencia del empuje y reduce los costos de construcci\u00f3n.<\/li>\n<li>Aumenta la seguridad y la confiabilidad de las estructuras de puentes.<\/li>\n<li>Facilita la toma de decisiones informadas y la gesti\u00f3n de riesgos.<\/li>\n<li>Permite la colaboraci\u00f3n efectiva entre equipos dispersos geogr\u00e1ficamente.<\/li>\n<\/ul>\n<h3>Sensores soportados<\/h3>\n<ul>\n<li>Estaci\u00f3n total de alta precisi\u00f3n<\/li>\n<li>Receptores GNSS de alta precisi\u00f3n<\/li>\n<li>Estaci\u00f3n meteorol\u00f3gica (viento, temperatura, etc.)<\/li>\n<li>Webcam<\/li>\n<\/ul>\n<h3>Sistema de referencia<\/h3>\n<ul>\n<li>Ejes te\u00f3ricos del puente<\/li>\n<li>Coordenadas de las pilas<\/li>\n<li>Puntos de control de referencia<\/li>\n<li>Puntos de control de movimientos din\u00e1micos<\/li>\n<\/ul>\n\t\t<\/div>\n\t\t\t\t\t<\/div>\n\n\t\n<\/div>\n\t<div class=\"img has-hover x md-x lg-x y md-y lg-y\" id=\"image_1502555046\">\n\t\t\t\t\t\t\t\t<div class=\"img-inner dark\" >\n\t\t\t<img loading=\"lazy\" decoding=\"async\" width=\"738\" height=\"800\" src=\"https:\/\/settopsurvey.com\/settop_website\/wp-content\/uploads\/Settop-Dynamics-Infography-es-738x800.png\" class=\"attachment-large size-large\" alt=\"\" srcset=\"https:\/\/settopsurvey.com\/settop_website\/wp-content\/uploads\/Settop-Dynamics-Infography-es-738x800.png 738w, https:\/\/settopsurvey.com\/settop_website\/wp-content\/uploads\/Settop-Dynamics-Infography-es-369x400.png 369w, https:\/\/settopsurvey.com\/settop_website\/wp-content\/uploads\/Settop-Dynamics-Infography-es-600x651.png 600w, https:\/\/settopsurvey.com\/settop_website\/wp-content\/uploads\/Settop-Dynamics-Infography-es.png 748w\" sizes=\"auto, (max-width: 738px) 100vw, 738px\" \/>\t\t\t\t\t\t\n\t\t\t\t\t<\/div>\n\t\t\t\t\t\t\t\t\n<style>\n#image_1502555046 {\n  width: 100%;\n}\n<\/style>\n\t<\/div>\n\t\n","protected":false},"excerpt":{"rendered":"<p>La aplicaci\u00f3n web Settop Dynamics para el guiado de puentes es una herramienta esencial para ingenieros, profesionales del dise\u00f1o de puentes y empresas constructoras. Esta aplicaci\u00f3n combina informaci\u00f3n clave sobre empujes en puentes con funcionalidades avanzadas para facilitar el proceso de guiado y an\u00e1lisis, al incorporar informaciones de los diferentes sensores geot\u00e9cnicos y geospaciales en tiempo real.<\/p>\n<ul>\n<li class=\"bullet-star\"><a href=\"https:\/\/drive.google.com\/drive\/folders\/1XVbUh1V4moqgGMDmdGZxDpM9sxivGe1d?usp=sharing\" target=\"_blank\" rel=\"noopener\">Product information &amp; Documentation<\/a><\/li>\n<\/ul>\n","protected":false},"featured_media":4194,"template":"","meta":[],"product_brand":[],"product_cat":[495],"product_tag":[],"class_list":{"0":"post-4195","1":"product","2":"type-product","3":"status-publish","4":"has-post-thumbnail","6":"product_cat-settop-dynamics-es","8":"first","9":"instock","10":"shipping-taxable","11":"product-type-simple"},"yoast_head":"<!-- This site is optimized with the Yoast SEO plugin v27.3 - https:\/\/yoast.com\/product\/yoast-seo-wordpress\/ -->\n<title>Settop Dynamic Guiado de puentes - Settop<\/title>\n<meta name=\"description\" content=\"La aplicaci\u00f3n web Settop Dynamics para el guiado de puentes es una herramienta esencial para ingenieros, profesionales del dise\u00f1o de puentes y empresas constructoras. Esta aplicaci\u00f3n combina informaci\u00f3n clave sobre empujes en puentes con funcionalidades avanzadas para facilitar el proceso de guiado y an\u00e1lisis, al incorporar informaciones de los diferentes sensores geot\u00e9cnicos y geospaciales en tiempo real.\" \/>\n<meta name=\"robots\" content=\"index, follow, max-snippet:-1, max-image-preview:large, max-video-preview:-1\" \/>\n<link rel=\"canonical\" href=\"https:\/\/settopsurvey.com\/settop_website\/es\/product\/settop-dynamic-guiado-de-puentes\/\" \/>\n<meta property=\"og:locale\" content=\"es_ES\" \/>\n<meta property=\"og:type\" content=\"article\" \/>\n<meta property=\"og:title\" content=\"Settop Dynamic Guiado de puentes - Settop\" \/>\n<meta property=\"og:description\" content=\"La aplicaci\u00f3n web Settop Dynamics para el guiado de puentes es una herramienta esencial para ingenieros, profesionales del dise\u00f1o de puentes y empresas constructoras. Esta aplicaci\u00f3n combina informaci\u00f3n clave sobre empujes en puentes con funcionalidades avanzadas para facilitar el proceso de guiado y an\u00e1lisis, al incorporar informaciones de los diferentes sensores geot\u00e9cnicos y geospaciales en tiempo real.\" \/>\n<meta property=\"og:url\" content=\"https:\/\/settopsurvey.com\/settop_website\/es\/product\/settop-dynamic-guiado-de-puentes\/\" \/>\n<meta property=\"og:site_name\" content=\"Settop\" \/>\n<meta property=\"article:modified_time\" content=\"2023-12-28T13:43:12+00:00\" \/>\n<meta property=\"og:image\" content=\"https:\/\/settopsurvey.com\/settop_website\/wp-content\/uploads\/Settop-Dynamics-graphic.png\" \/>\n\t<meta property=\"og:image:width\" content=\"425\" \/>\n\t<meta property=\"og:image:height\" content=\"425\" \/>\n\t<meta property=\"og:image:type\" content=\"image\/png\" \/>\n<meta name=\"twitter:card\" content=\"summary_large_image\" \/>\n<meta name=\"twitter:label1\" content=\"Tiempo de lectura\" \/>\n\t<meta name=\"twitter:data1\" content=\"1 minuto\" \/>\n<script type=\"application\/ld+json\" class=\"yoast-schema-graph\">{\"@context\":\"https:\\\/\\\/schema.org\",\"@graph\":[{\"@type\":\"WebPage\",\"@id\":\"https:\\\/\\\/settopsurvey.com\\\/settop_website\\\/es\\\/product\\\/settop-dynamic-guiado-de-puentes\\\/\",\"url\":\"https:\\\/\\\/settopsurvey.com\\\/settop_website\\\/es\\\/product\\\/settop-dynamic-guiado-de-puentes\\\/\",\"name\":\"Settop Dynamic Guiado de puentes - Settop\",\"isPartOf\":{\"@id\":\"https:\\\/\\\/settopsurvey.com\\\/settop_website\\\/#website\"},\"primaryImageOfPage\":{\"@id\":\"https:\\\/\\\/settopsurvey.com\\\/settop_website\\\/es\\\/product\\\/settop-dynamic-guiado-de-puentes\\\/#primaryimage\"},\"image\":{\"@id\":\"https:\\\/\\\/settopsurvey.com\\\/settop_website\\\/es\\\/product\\\/settop-dynamic-guiado-de-puentes\\\/#primaryimage\"},\"thumbnailUrl\":\"https:\\\/\\\/settopsurvey.com\\\/settop_website\\\/wp-content\\\/uploads\\\/Settop-Dynamics-graphic.png\",\"datePublished\":\"2023-12-28T12:30:50+00:00\",\"dateModified\":\"2023-12-28T13:43:12+00:00\",\"description\":\"La aplicaci\u00f3n web Settop Dynamics para el guiado de puentes es una herramienta esencial para ingenieros, profesionales del dise\u00f1o de puentes y empresas constructoras. Esta aplicaci\u00f3n combina informaci\u00f3n clave sobre empujes en puentes con funcionalidades avanzadas para facilitar el proceso de guiado y an\u00e1lisis, al incorporar informaciones de los diferentes sensores geot\u00e9cnicos y geospaciales en tiempo real.\",\"breadcrumb\":{\"@id\":\"https:\\\/\\\/settopsurvey.com\\\/settop_website\\\/es\\\/product\\\/settop-dynamic-guiado-de-puentes\\\/#breadcrumb\"},\"inLanguage\":\"es\",\"potentialAction\":[{\"@type\":\"ReadAction\",\"target\":[\"https:\\\/\\\/settopsurvey.com\\\/settop_website\\\/es\\\/product\\\/settop-dynamic-guiado-de-puentes\\\/\"]}]},{\"@type\":\"ImageObject\",\"inLanguage\":\"es\",\"@id\":\"https:\\\/\\\/settopsurvey.com\\\/settop_website\\\/es\\\/product\\\/settop-dynamic-guiado-de-puentes\\\/#primaryimage\",\"url\":\"https:\\\/\\\/settopsurvey.com\\\/settop_website\\\/wp-content\\\/uploads\\\/Settop-Dynamics-graphic.png\",\"contentUrl\":\"https:\\\/\\\/settopsurvey.com\\\/settop_website\\\/wp-content\\\/uploads\\\/Settop-Dynamics-graphic.png\",\"width\":425,\"height\":425},{\"@type\":\"BreadcrumbList\",\"@id\":\"https:\\\/\\\/settopsurvey.com\\\/settop_website\\\/es\\\/product\\\/settop-dynamic-guiado-de-puentes\\\/#breadcrumb\",\"itemListElement\":[{\"@type\":\"ListItem\",\"position\":1,\"name\":\"Portada\",\"item\":\"https:\\\/\\\/settopsurvey.com\\\/settop_website\\\/\"},{\"@type\":\"ListItem\",\"position\":2,\"name\":\"Shop\",\"item\":\"https:\\\/\\\/settopsurvey.com\\\/settop_website\\\/shop\\\/\"},{\"@type\":\"ListItem\",\"position\":3,\"name\":\"Settop Dynamic Guiado de puentes\"}]},{\"@type\":\"WebSite\",\"@id\":\"https:\\\/\\\/settopsurvey.com\\\/settop_website\\\/#website\",\"url\":\"https:\\\/\\\/settopsurvey.com\\\/settop_website\\\/\",\"name\":\"Settop\",\"description\":\"Advanced technology in surveying instruments\",\"potentialAction\":[{\"@type\":\"SearchAction\",\"target\":{\"@type\":\"EntryPoint\",\"urlTemplate\":\"https:\\\/\\\/settopsurvey.com\\\/settop_website\\\/?s={search_term_string}\"},\"query-input\":{\"@type\":\"PropertyValueSpecification\",\"valueRequired\":true,\"valueName\":\"search_term_string\"}}],\"inLanguage\":\"es\"}]}<\/script>\n<!-- \/ Yoast SEO plugin. -->","yoast_head_json":{"title":"Settop Dynamic Guiado de puentes - Settop","description":"La aplicaci\u00f3n web Settop Dynamics para el guiado de puentes es una herramienta esencial para ingenieros, profesionales del dise\u00f1o de puentes y empresas constructoras. Esta aplicaci\u00f3n combina informaci\u00f3n clave sobre empujes en puentes con funcionalidades avanzadas para facilitar el proceso de guiado y an\u00e1lisis, al incorporar informaciones de los diferentes sensores geot\u00e9cnicos y geospaciales en tiempo real.","robots":{"index":"index","follow":"follow","max-snippet":"max-snippet:-1","max-image-preview":"max-image-preview:large","max-video-preview":"max-video-preview:-1"},"canonical":"https:\/\/settopsurvey.com\/settop_website\/es\/product\/settop-dynamic-guiado-de-puentes\/","og_locale":"es_ES","og_type":"article","og_title":"Settop Dynamic Guiado de puentes - Settop","og_description":"La aplicaci\u00f3n web Settop Dynamics para el guiado de puentes es una herramienta esencial para ingenieros, profesionales del dise\u00f1o de puentes y empresas constructoras. Esta aplicaci\u00f3n combina informaci\u00f3n clave sobre empujes en puentes con funcionalidades avanzadas para facilitar el proceso de guiado y an\u00e1lisis, al incorporar informaciones de los diferentes sensores geot\u00e9cnicos y geospaciales en tiempo real.","og_url":"https:\/\/settopsurvey.com\/settop_website\/es\/product\/settop-dynamic-guiado-de-puentes\/","og_site_name":"Settop","article_modified_time":"2023-12-28T13:43:12+00:00","og_image":[{"width":425,"height":425,"url":"https:\/\/settopsurvey.com\/settop_website\/wp-content\/uploads\/Settop-Dynamics-graphic.png","type":"image\/png"}],"twitter_card":"summary_large_image","twitter_misc":{"Tiempo de lectura":"1 minuto"},"schema":{"@context":"https:\/\/schema.org","@graph":[{"@type":"WebPage","@id":"https:\/\/settopsurvey.com\/settop_website\/es\/product\/settop-dynamic-guiado-de-puentes\/","url":"https:\/\/settopsurvey.com\/settop_website\/es\/product\/settop-dynamic-guiado-de-puentes\/","name":"Settop Dynamic Guiado de puentes - Settop","isPartOf":{"@id":"https:\/\/settopsurvey.com\/settop_website\/#website"},"primaryImageOfPage":{"@id":"https:\/\/settopsurvey.com\/settop_website\/es\/product\/settop-dynamic-guiado-de-puentes\/#primaryimage"},"image":{"@id":"https:\/\/settopsurvey.com\/settop_website\/es\/product\/settop-dynamic-guiado-de-puentes\/#primaryimage"},"thumbnailUrl":"https:\/\/settopsurvey.com\/settop_website\/wp-content\/uploads\/Settop-Dynamics-graphic.png","datePublished":"2023-12-28T12:30:50+00:00","dateModified":"2023-12-28T13:43:12+00:00","description":"La aplicaci\u00f3n web Settop Dynamics para el guiado de puentes es una herramienta esencial para ingenieros, profesionales del dise\u00f1o de puentes y empresas constructoras. Esta aplicaci\u00f3n combina informaci\u00f3n clave sobre empujes en puentes con funcionalidades avanzadas para facilitar el proceso de guiado y an\u00e1lisis, al incorporar informaciones de los diferentes sensores geot\u00e9cnicos y geospaciales en tiempo real.","breadcrumb":{"@id":"https:\/\/settopsurvey.com\/settop_website\/es\/product\/settop-dynamic-guiado-de-puentes\/#breadcrumb"},"inLanguage":"es","potentialAction":[{"@type":"ReadAction","target":["https:\/\/settopsurvey.com\/settop_website\/es\/product\/settop-dynamic-guiado-de-puentes\/"]}]},{"@type":"ImageObject","inLanguage":"es","@id":"https:\/\/settopsurvey.com\/settop_website\/es\/product\/settop-dynamic-guiado-de-puentes\/#primaryimage","url":"https:\/\/settopsurvey.com\/settop_website\/wp-content\/uploads\/Settop-Dynamics-graphic.png","contentUrl":"https:\/\/settopsurvey.com\/settop_website\/wp-content\/uploads\/Settop-Dynamics-graphic.png","width":425,"height":425},{"@type":"BreadcrumbList","@id":"https:\/\/settopsurvey.com\/settop_website\/es\/product\/settop-dynamic-guiado-de-puentes\/#breadcrumb","itemListElement":[{"@type":"ListItem","position":1,"name":"Portada","item":"https:\/\/settopsurvey.com\/settop_website\/"},{"@type":"ListItem","position":2,"name":"Shop","item":"https:\/\/settopsurvey.com\/settop_website\/shop\/"},{"@type":"ListItem","position":3,"name":"Settop Dynamic Guiado de puentes"}]},{"@type":"WebSite","@id":"https:\/\/settopsurvey.com\/settop_website\/#website","url":"https:\/\/settopsurvey.com\/settop_website\/","name":"Settop","description":"Advanced technology in surveying instruments","potentialAction":[{"@type":"SearchAction","target":{"@type":"EntryPoint","urlTemplate":"https:\/\/settopsurvey.com\/settop_website\/?s={search_term_string}"},"query-input":{"@type":"PropertyValueSpecification","valueRequired":true,"valueName":"search_term_string"}}],"inLanguage":"es"}]}},"_links":{"self":[{"href":"https:\/\/settopsurvey.com\/settop_website\/wp-json\/wp\/v2\/product\/4195","targetHints":{"allow":["GET"]}}],"collection":[{"href":"https:\/\/settopsurvey.com\/settop_website\/wp-json\/wp\/v2\/product"}],"about":[{"href":"https:\/\/settopsurvey.com\/settop_website\/wp-json\/wp\/v2\/types\/product"}],"wp:featuredmedia":[{"embeddable":true,"href":"https:\/\/settopsurvey.com\/settop_website\/wp-json\/wp\/v2\/media\/4194"}],"wp:attachment":[{"href":"https:\/\/settopsurvey.com\/settop_website\/wp-json\/wp\/v2\/media?parent=4195"}],"wp:term":[{"taxonomy":"product_brand","embeddable":true,"href":"https:\/\/settopsurvey.com\/settop_website\/wp-json\/wp\/v2\/product_brand?post=4195"},{"taxonomy":"product_cat","embeddable":true,"href":"https:\/\/settopsurvey.com\/settop_website\/wp-json\/wp\/v2\/product_cat?post=4195"},{"taxonomy":"product_tag","embeddable":true,"href":"https:\/\/settopsurvey.com\/settop_website\/wp-json\/wp\/v2\/product_tag?post=4195"}],"curies":[{"name":"wp","href":"https:\/\/api.w.org\/{rel}","templated":true}]}}