{"id":4025,"date":"2023-04-21T13:16:48","date_gmt":"2023-04-21T11:16:48","guid":{"rendered":"https:\/\/settopsurvey.com\/settop_website\/?post_type=product&#038;p=4025"},"modified":"2023-04-24T16:20:43","modified_gmt":"2023-04-24T14:20:43","slug":"prisma-de-auscultacion-para-asfalto","status":"publish","type":"product","link":"https:\/\/settopsurvey.com\/settop_website\/es\/product\/prisma-de-auscultacion-para-asfalto\/","title":{"rendered":"Prisma de auscultaci\u00f3n para asfalto"},"content":{"rendered":"","protected":false},"excerpt":{"rendered":"<p>Prisma de auscultaci\u00f3n para asfalto.<\/p>\n<p>Precisi\u00f3n 7\u201d<\/p>\n<p>Offset A:<br \/>\n-11,3 mm<br \/>\n+23,1 mm para WILD<\/p>\n<p>Offset B:<br \/>\n+5,7 mm<br \/>\n+40 mm para WILD<\/p>\n","protected":false},"featured_media":4021,"template":"","meta":[],"product_brand":[],"product_cat":[323],"product_tag":[],"class_list":{"0":"post-4025","1":"product","2":"type-product","3":"status-publish","4":"has-post-thumbnail","6":"product_cat-prismas-y-objetivos-para-auscultacion","8":"first","9":"instock","10":"shipping-taxable","11":"product-type-simple"},"yoast_head":"<!-- This site is optimized with the Yoast SEO plugin v26.7 - https:\/\/yoast.com\/wordpress\/plugins\/seo\/ -->\n<title>Prisma de auscultaci\u00f3n para asfalto - Settop<\/title>\n<meta name=\"robots\" content=\"index, follow, max-snippet:-1, max-image-preview:large, max-video-preview:-1\" \/>\n<link rel=\"canonical\" href=\"https:\/\/settopsurvey.com\/settop_website\/es\/product\/prisma-de-auscultacion-para-asfalto\/\" \/>\n<meta property=\"og:locale\" content=\"es_ES\" \/>\n<meta property=\"og:type\" content=\"article\" \/>\n<meta property=\"og:title\" content=\"Prisma de auscultaci\u00f3n para asfalto - Settop\" \/>\n<meta property=\"og:description\" content=\"Prisma de auscultaci\u00f3n para asfalto.  Precisi\u00f3n 7\u201d  Offset A: -11,3 mm +23,1 mm para WILD  Offset B: +5,7 mm +40 mm para WILD\" \/>\n<meta property=\"og:url\" content=\"https:\/\/settopsurvey.com\/settop_website\/es\/product\/prisma-de-auscultacion-para-asfalto\/\" \/>\n<meta property=\"og:site_name\" content=\"Settop\" \/>\n<meta property=\"article:modified_time\" content=\"2023-04-24T14:20:43+00:00\" \/>\n<meta property=\"og:image\" content=\"https:\/\/settopsurvey.com\/settop_website\/wp-content\/uploads\/prisma-auscultacion-410208.png\" \/>\n\t<meta property=\"og:image:width\" content=\"425\" \/>\n\t<meta property=\"og:image:height\" content=\"425\" \/>\n\t<meta property=\"og:image:type\" content=\"image\/png\" \/>\n<meta name=\"twitter:card\" content=\"summary_large_image\" \/>\n<script type=\"application\/ld+json\" class=\"yoast-schema-graph\">{\"@context\":\"https:\/\/schema.org\",\"@graph\":[{\"@type\":\"WebPage\",\"@id\":\"https:\/\/settopsurvey.com\/settop_website\/es\/product\/prisma-de-auscultacion-para-asfalto\/\",\"url\":\"https:\/\/settopsurvey.com\/settop_website\/es\/product\/prisma-de-auscultacion-para-asfalto\/\",\"name\":\"Prisma de auscultaci\u00f3n para asfalto - Settop\",\"isPartOf\":{\"@id\":\"https:\/\/settopsurvey.com\/settop_website\/#website\"},\"primaryImageOfPage\":{\"@id\":\"https:\/\/settopsurvey.com\/settop_website\/es\/product\/prisma-de-auscultacion-para-asfalto\/#primaryimage\"},\"image\":{\"@id\":\"https:\/\/settopsurvey.com\/settop_website\/es\/product\/prisma-de-auscultacion-para-asfalto\/#primaryimage\"},\"thumbnailUrl\":\"https:\/\/settopsurvey.com\/settop_website\/wp-content\/uploads\/prisma-auscultacion-410208.png\",\"datePublished\":\"2023-04-21T11:16:48+00:00\",\"dateModified\":\"2023-04-24T14:20:43+00:00\",\"breadcrumb\":{\"@id\":\"https:\/\/settopsurvey.com\/settop_website\/es\/product\/prisma-de-auscultacion-para-asfalto\/#breadcrumb\"},\"inLanguage\":\"es\",\"potentialAction\":[{\"@type\":\"ReadAction\",\"target\":[\"https:\/\/settopsurvey.com\/settop_website\/es\/product\/prisma-de-auscultacion-para-asfalto\/\"]}]},{\"@type\":\"ImageObject\",\"inLanguage\":\"es\",\"@id\":\"https:\/\/settopsurvey.com\/settop_website\/es\/product\/prisma-de-auscultacion-para-asfalto\/#primaryimage\",\"url\":\"https:\/\/settopsurvey.com\/settop_website\/wp-content\/uploads\/prisma-auscultacion-410208.png\",\"contentUrl\":\"https:\/\/settopsurvey.com\/settop_website\/wp-content\/uploads\/prisma-auscultacion-410208.png\",\"width\":425,\"height\":425},{\"@type\":\"BreadcrumbList\",\"@id\":\"https:\/\/settopsurvey.com\/settop_website\/es\/product\/prisma-de-auscultacion-para-asfalto\/#breadcrumb\",\"itemListElement\":[{\"@type\":\"ListItem\",\"position\":1,\"name\":\"Portada\",\"item\":\"https:\/\/settopsurvey.com\/settop_website\/\"},{\"@type\":\"ListItem\",\"position\":2,\"name\":\"Shop\",\"item\":\"https:\/\/settopsurvey.com\/settop_website\/shop\/\"},{\"@type\":\"ListItem\",\"position\":3,\"name\":\"Prisma de auscultaci\u00f3n para asfalto\"}]},{\"@type\":\"WebSite\",\"@id\":\"https:\/\/settopsurvey.com\/settop_website\/#website\",\"url\":\"https:\/\/settopsurvey.com\/settop_website\/\",\"name\":\"Settop\",\"description\":\"Advanced technology in surveying instruments\",\"potentialAction\":[{\"@type\":\"SearchAction\",\"target\":{\"@type\":\"EntryPoint\",\"urlTemplate\":\"https:\/\/settopsurvey.com\/settop_website\/?s={search_term_string}\"},\"query-input\":{\"@type\":\"PropertyValueSpecification\",\"valueRequired\":true,\"valueName\":\"search_term_string\"}}],\"inLanguage\":\"es\"}]}<\/script>\n<!-- \/ Yoast SEO plugin. -->","yoast_head_json":{"title":"Prisma de auscultaci\u00f3n para asfalto - Settop","robots":{"index":"index","follow":"follow","max-snippet":"max-snippet:-1","max-image-preview":"max-image-preview:large","max-video-preview":"max-video-preview:-1"},"canonical":"https:\/\/settopsurvey.com\/settop_website\/es\/product\/prisma-de-auscultacion-para-asfalto\/","og_locale":"es_ES","og_type":"article","og_title":"Prisma de auscultaci\u00f3n para asfalto - Settop","og_description":"Prisma de auscultaci\u00f3n para asfalto.  Precisi\u00f3n 7\u201d  Offset A: -11,3 mm +23,1 mm para WILD  Offset B: +5,7 mm +40 mm para WILD","og_url":"https:\/\/settopsurvey.com\/settop_website\/es\/product\/prisma-de-auscultacion-para-asfalto\/","og_site_name":"Settop","article_modified_time":"2023-04-24T14:20:43+00:00","og_image":[{"width":425,"height":425,"url":"https:\/\/settopsurvey.com\/settop_website\/wp-content\/uploads\/prisma-auscultacion-410208.png","type":"image\/png"}],"twitter_card":"summary_large_image","schema":{"@context":"https:\/\/schema.org","@graph":[{"@type":"WebPage","@id":"https:\/\/settopsurvey.com\/settop_website\/es\/product\/prisma-de-auscultacion-para-asfalto\/","url":"https:\/\/settopsurvey.com\/settop_website\/es\/product\/prisma-de-auscultacion-para-asfalto\/","name":"Prisma de auscultaci\u00f3n para asfalto - Settop","isPartOf":{"@id":"https:\/\/settopsurvey.com\/settop_website\/#website"},"primaryImageOfPage":{"@id":"https:\/\/settopsurvey.com\/settop_website\/es\/product\/prisma-de-auscultacion-para-asfalto\/#primaryimage"},"image":{"@id":"https:\/\/settopsurvey.com\/settop_website\/es\/product\/prisma-de-auscultacion-para-asfalto\/#primaryimage"},"thumbnailUrl":"https:\/\/settopsurvey.com\/settop_website\/wp-content\/uploads\/prisma-auscultacion-410208.png","datePublished":"2023-04-21T11:16:48+00:00","dateModified":"2023-04-24T14:20:43+00:00","breadcrumb":{"@id":"https:\/\/settopsurvey.com\/settop_website\/es\/product\/prisma-de-auscultacion-para-asfalto\/#breadcrumb"},"inLanguage":"es","potentialAction":[{"@type":"ReadAction","target":["https:\/\/settopsurvey.com\/settop_website\/es\/product\/prisma-de-auscultacion-para-asfalto\/"]}]},{"@type":"ImageObject","inLanguage":"es","@id":"https:\/\/settopsurvey.com\/settop_website\/es\/product\/prisma-de-auscultacion-para-asfalto\/#primaryimage","url":"https:\/\/settopsurvey.com\/settop_website\/wp-content\/uploads\/prisma-auscultacion-410208.png","contentUrl":"https:\/\/settopsurvey.com\/settop_website\/wp-content\/uploads\/prisma-auscultacion-410208.png","width":425,"height":425},{"@type":"BreadcrumbList","@id":"https:\/\/settopsurvey.com\/settop_website\/es\/product\/prisma-de-auscultacion-para-asfalto\/#breadcrumb","itemListElement":[{"@type":"ListItem","position":1,"name":"Portada","item":"https:\/\/settopsurvey.com\/settop_website\/"},{"@type":"ListItem","position":2,"name":"Shop","item":"https:\/\/settopsurvey.com\/settop_website\/shop\/"},{"@type":"ListItem","position":3,"name":"Prisma de auscultaci\u00f3n para asfalto"}]},{"@type":"WebSite","@id":"https:\/\/settopsurvey.com\/settop_website\/#website","url":"https:\/\/settopsurvey.com\/settop_website\/","name":"Settop","description":"Advanced technology in surveying instruments","potentialAction":[{"@type":"SearchAction","target":{"@type":"EntryPoint","urlTemplate":"https:\/\/settopsurvey.com\/settop_website\/?s={search_term_string}"},"query-input":{"@type":"PropertyValueSpecification","valueRequired":true,"valueName":"search_term_string"}}],"inLanguage":"es"}]}},"_links":{"self":[{"href":"https:\/\/settopsurvey.com\/settop_website\/wp-json\/wp\/v2\/product\/4025","targetHints":{"allow":["GET"]}}],"collection":[{"href":"https:\/\/settopsurvey.com\/settop_website\/wp-json\/wp\/v2\/product"}],"about":[{"href":"https:\/\/settopsurvey.com\/settop_website\/wp-json\/wp\/v2\/types\/product"}],"wp:featuredmedia":[{"embeddable":true,"href":"https:\/\/settopsurvey.com\/settop_website\/wp-json\/wp\/v2\/media\/4021"}],"wp:attachment":[{"href":"https:\/\/settopsurvey.com\/settop_website\/wp-json\/wp\/v2\/media?parent=4025"}],"wp:term":[{"taxonomy":"product_brand","embeddable":true,"href":"https:\/\/settopsurvey.com\/settop_website\/wp-json\/wp\/v2\/product_brand?post=4025"},{"taxonomy":"product_cat","embeddable":true,"href":"https:\/\/settopsurvey.com\/settop_website\/wp-json\/wp\/v2\/product_cat?post=4025"},{"taxonomy":"product_tag","embeddable":true,"href":"https:\/\/settopsurvey.com\/settop_website\/wp-json\/wp\/v2\/product_tag?post=4025"}],"curies":[{"name":"wp","href":"https:\/\/api.w.org\/{rel}","templated":true}]}}