{"id":3832,"date":"2023-02-09T17:56:25","date_gmt":"2023-02-09T16:56:25","guid":{"rendered":"https:\/\/settopsurvey.com\/settop_website\/?post_type=product&#038;p=3832"},"modified":"2023-04-17T09:25:52","modified_gmt":"2023-04-17T07:25:52","slug":"settop-solar-para-auscultacion","status":"publish","type":"product","link":"https:\/\/settopsurvey.com\/settop_website\/es\/product\/settop-solar-para-auscultacion\/","title":{"rendered":"Settop Solar para auscultaci\u00f3n"},"content":{"rendered":"\n\t<section class=\"section\" id=\"section_365127466\">\n\t\t<div class=\"section-bg fill\" >\n\t\t\t\t\t\t\t\t\t\n\t\t\t\n\n\t\t<\/div>\n\n\t\t\n\n\t\t<div class=\"section-content relative\">\n\t\t\t\n\t<div class=\"img has-hover x md-x lg-x y md-y lg-y\" id=\"image_179332423\">\n\t\t\t\t\t\t\t\t<div class=\"img-inner image-cover dark\" style=\"padding-top:56.25%;\">\n\t\t\t<img loading=\"lazy\" decoding=\"async\" width=\"1020\" height=\"758\" src=\"https:\/\/settopsurvey.com\/settop_website\/wp-content\/uploads\/KIT-Settop-Solar-Panel-System-photo-1076x800.jpg\" class=\"attachment-large size-large\" alt=\"\" srcset=\"https:\/\/settopsurvey.com\/settop_website\/wp-content\/uploads\/KIT-Settop-Solar-Panel-System-photo-1076x800.jpg 1076w, https:\/\/settopsurvey.com\/settop_website\/wp-content\/uploads\/KIT-Settop-Solar-Panel-System-photo-538x400.jpg 538w, https:\/\/settopsurvey.com\/settop_website\/wp-content\/uploads\/KIT-Settop-Solar-Panel-System-photo-768x571.jpg 768w, https:\/\/settopsurvey.com\/settop_website\/wp-content\/uploads\/KIT-Settop-Solar-Panel-System-photo-1536x1142.jpg 1536w, https:\/\/settopsurvey.com\/settop_website\/wp-content\/uploads\/KIT-Settop-Solar-Panel-System-photo-600x446.jpg 600w, https:\/\/settopsurvey.com\/settop_website\/wp-content\/uploads\/KIT-Settop-Solar-Panel-System-photo.jpg 1920w\" sizes=\"auto, (max-width: 1020px) 100vw, 1020px\" \/>\t\t\t\t\t\t\n\t\t\t\t\t<\/div>\n\t\t\t\t\t\t\t\t\n<style>\n#image_179332423 {\n  width: 100%;\n}\n<\/style>\n\t<\/div>\n\t\n\t<div id=\"gap-756838491\" class=\"gap-element clearfix\" style=\"display:block; height:auto;\">\n\t\t\n<style>\n#gap-756838491 {\n  padding-top: 30px;\n}\n<\/style>\n\t<\/div>\n\t\n\t<div class=\"img has-hover x md-x lg-x y md-y lg-y\" id=\"image_571252573\">\n\t\t\t\t\t\t\t\t<div class=\"img-inner dark\" >\n\t\t\t<img loading=\"lazy\" decoding=\"async\" width=\"966\" height=\"800\" src=\"https:\/\/settopsurvey.com\/settop_website\/wp-content\/uploads\/KIT-Settop-Solar-Panel-System-Graphic-es-966x800.png\" class=\"attachment-large size-large\" alt=\"\" srcset=\"https:\/\/settopsurvey.com\/settop_website\/wp-content\/uploads\/KIT-Settop-Solar-Panel-System-Graphic-es-966x800.png 966w, https:\/\/settopsurvey.com\/settop_website\/wp-content\/uploads\/KIT-Settop-Solar-Panel-System-Graphic-es-483x400.png 483w, https:\/\/settopsurvey.com\/settop_website\/wp-content\/uploads\/KIT-Settop-Solar-Panel-System-Graphic-es-768x636.png 768w, https:\/\/settopsurvey.com\/settop_website\/wp-content\/uploads\/KIT-Settop-Solar-Panel-System-Graphic-es-600x497.png 600w, https:\/\/settopsurvey.com\/settop_website\/wp-content\/uploads\/KIT-Settop-Solar-Panel-System-Graphic-es.png 1064w\" sizes=\"auto, (max-width: 966px) 100vw, 966px\" \/>\t\t\t\t\t\t\n\t\t\t\t\t<\/div>\n\t\t\t\t\t\t\t\t\n<style>\n#image_571252573 {\n  width: 100%;\n}\n<\/style>\n\t<\/div>\n\t\n\t\t<\/div>\n\n\t\t\n<style>\n#section_365127466 {\n  padding-top: 30px;\n  padding-bottom: 30px;\n  background-color: rgb(243, 243, 247);\n}\n<\/style>\n\t<\/section>\n\t\n<h4 class=\"block-title no-subtitle\">Settop Solar System Downloads<\/h4>\r\n<ul>\r\n \t<li class=\"bullet-star\"><a href=\"https:\/\/drive.google.com\/drive\/folders\/1oGtTYvGtdLzsRHMiT8gXqQWOBdSdewfS?usp=sharing\" target=\"_blank\" rel=\"noopener noreferrer\">Product information &amp; Documentation<\/a><\/li>\r\n<\/ul>\n","protected":false},"excerpt":{"rendered":"<p>El sistema de alimentaci\u00f3n para auscultaci\u00f3n, ofrece la seguridad necesaria para alimentar las instalaciones de monitorizaci\u00f3n permanentes, en lugares remotos en donde no sea posible conectarse a la corriente o bien como sistema auxiliar de alimentaci\u00f3n.\u00a0El sistema est\u00e1 compuesto por:<\/p>\n<ul>\n<li>Estructura de pilar y soporte para placa solar<\/li>\n<li>Caja de almacenamiento de los controladores Settop Solar Cabinet<\/li>\n<li>Caja de alojamiento para la bater\u00eda Battery Box<\/li>\n<\/ul>\n<h4 class=\"block-title no-subtitle\">Settop Solar System Downloads<\/h4>\r\n<ul>\r\n \t<li class=\"bullet-star\"><a href=\"https:\/\/drive.google.com\/drive\/folders\/1oGtTYvGtdLzsRHMiT8gXqQWOBdSdewfS?usp=sharing\" target=\"_blank\" rel=\"noopener noreferrer\">Product information &amp; Documentation<\/a><\/li>\r\n<\/ul>\n","protected":false},"featured_media":3831,"template":"","meta":[],"product_brand":[],"product_cat":[317,319,198],"product_tag":[],"class_list":{"0":"post-3832","1":"product","2":"type-product","3":"status-publish","4":"has-post-thumbnail","6":"product_cat-comunicaciones-para-auscultacion","7":"product_cat-baterias-cargadores-y-cables-para-auscultacion","8":"product_cat-baterias-y-alimentacion","10":"first","11":"instock","12":"shipping-taxable","13":"product-type-simple"},"yoast_head":"<!-- This site is optimized with the Yoast SEO plugin v26.7 - https:\/\/yoast.com\/wordpress\/plugins\/seo\/ -->\n<title>Settop Solar para auscultaci\u00f3n - Settop<\/title>\n<meta name=\"description\" content=\"Settop Solar para auscultaci\u00f3n. El sistema de alimentaci\u00f3n para auscultaci\u00f3n, ofrece la seguridad necesaria para alimentar las instalaciones de monitorizaci\u00f3n permanentes, en lugares remotos en donde no sea posible conectarse a la corriente o bien como sistema auxiliar de alimentaci\u00f3n.\u00a0El sistema est\u00e1 compuesto por:Estructura de pilar y soporte para placa solarCaja de almacenamiento de los controladores Settop Solar Cabinet Caja de alojamiento para la bater\u00eda Battery Box\" \/>\n<meta name=\"robots\" content=\"index, follow, max-snippet:-1, max-image-preview:large, max-video-preview:-1\" \/>\n<link rel=\"canonical\" href=\"https:\/\/settopsurvey.com\/settop_website\/es\/product\/settop-solar-para-auscultacion\/\" \/>\n<meta property=\"og:locale\" content=\"es_ES\" \/>\n<meta property=\"og:type\" content=\"article\" \/>\n<meta property=\"og:title\" content=\"Settop Solar para auscultaci\u00f3n - Settop\" \/>\n<meta property=\"og:description\" content=\"Settop Solar para auscultaci\u00f3n. El sistema de alimentaci\u00f3n para auscultaci\u00f3n, ofrece la seguridad necesaria para alimentar las instalaciones de monitorizaci\u00f3n permanentes, en lugares remotos en donde no sea posible conectarse a la corriente o bien como sistema auxiliar de alimentaci\u00f3n.\u00a0El sistema est\u00e1 compuesto por:Estructura de pilar y soporte para placa solarCaja de almacenamiento de los controladores Settop Solar Cabinet Caja de alojamiento para la bater\u00eda Battery Box\" \/>\n<meta property=\"og:url\" content=\"https:\/\/settopsurvey.com\/settop_website\/es\/product\/settop-solar-para-auscultacion\/\" \/>\n<meta property=\"og:site_name\" content=\"Settop\" \/>\n<meta property=\"article:modified_time\" content=\"2023-04-17T07:25:52+00:00\" \/>\n<meta property=\"og:image\" content=\"https:\/\/settopsurvey.com\/settop_website\/wp-content\/uploads\/KIT-Settop-Solar-Panel-System.png\" \/>\n\t<meta property=\"og:image:width\" content=\"425\" \/>\n\t<meta property=\"og:image:height\" content=\"425\" \/>\n\t<meta property=\"og:image:type\" content=\"image\/png\" \/>\n<meta name=\"twitter:card\" content=\"summary_large_image\" \/>\n<meta name=\"twitter:label1\" content=\"Tiempo de lectura\" \/>\n\t<meta name=\"twitter:data1\" content=\"1 minuto\" \/>\n<script type=\"application\/ld+json\" class=\"yoast-schema-graph\">{\"@context\":\"https:\/\/schema.org\",\"@graph\":[{\"@type\":\"WebPage\",\"@id\":\"https:\/\/settopsurvey.com\/settop_website\/es\/product\/settop-solar-para-auscultacion\/\",\"url\":\"https:\/\/settopsurvey.com\/settop_website\/es\/product\/settop-solar-para-auscultacion\/\",\"name\":\"Settop Solar para auscultaci\u00f3n - Settop\",\"isPartOf\":{\"@id\":\"https:\/\/settopsurvey.com\/settop_website\/#website\"},\"primaryImageOfPage\":{\"@id\":\"https:\/\/settopsurvey.com\/settop_website\/es\/product\/settop-solar-para-auscultacion\/#primaryimage\"},\"image\":{\"@id\":\"https:\/\/settopsurvey.com\/settop_website\/es\/product\/settop-solar-para-auscultacion\/#primaryimage\"},\"thumbnailUrl\":\"https:\/\/settopsurvey.com\/settop_website\/wp-content\/uploads\/KIT-Settop-Solar-Panel-System.png\",\"datePublished\":\"2023-02-09T16:56:25+00:00\",\"dateModified\":\"2023-04-17T07:25:52+00:00\",\"description\":\"Settop Solar para auscultaci\u00f3n. El sistema de alimentaci\u00f3n para auscultaci\u00f3n, ofrece la seguridad necesaria para alimentar las instalaciones de monitorizaci\u00f3n permanentes, en lugares remotos en donde no sea posible conectarse a la corriente o bien como sistema auxiliar de alimentaci\u00f3n.\u00a0El sistema est\u00e1 compuesto por:Estructura de pilar y soporte para placa solarCaja de almacenamiento de los controladores Settop Solar Cabinet Caja de alojamiento para la bater\u00eda Battery Box\",\"breadcrumb\":{\"@id\":\"https:\/\/settopsurvey.com\/settop_website\/es\/product\/settop-solar-para-auscultacion\/#breadcrumb\"},\"inLanguage\":\"es\",\"potentialAction\":[{\"@type\":\"ReadAction\",\"target\":[\"https:\/\/settopsurvey.com\/settop_website\/es\/product\/settop-solar-para-auscultacion\/\"]}]},{\"@type\":\"ImageObject\",\"inLanguage\":\"es\",\"@id\":\"https:\/\/settopsurvey.com\/settop_website\/es\/product\/settop-solar-para-auscultacion\/#primaryimage\",\"url\":\"https:\/\/settopsurvey.com\/settop_website\/wp-content\/uploads\/KIT-Settop-Solar-Panel-System.png\",\"contentUrl\":\"https:\/\/settopsurvey.com\/settop_website\/wp-content\/uploads\/KIT-Settop-Solar-Panel-System.png\",\"width\":425,\"height\":425},{\"@type\":\"BreadcrumbList\",\"@id\":\"https:\/\/settopsurvey.com\/settop_website\/es\/product\/settop-solar-para-auscultacion\/#breadcrumb\",\"itemListElement\":[{\"@type\":\"ListItem\",\"position\":1,\"name\":\"Portada\",\"item\":\"https:\/\/settopsurvey.com\/settop_website\/\"},{\"@type\":\"ListItem\",\"position\":2,\"name\":\"Shop\",\"item\":\"https:\/\/settopsurvey.com\/settop_website\/shop\/\"},{\"@type\":\"ListItem\",\"position\":3,\"name\":\"Settop Solar para auscultaci\u00f3n\"}]},{\"@type\":\"WebSite\",\"@id\":\"https:\/\/settopsurvey.com\/settop_website\/#website\",\"url\":\"https:\/\/settopsurvey.com\/settop_website\/\",\"name\":\"Settop\",\"description\":\"Advanced technology in surveying instruments\",\"potentialAction\":[{\"@type\":\"SearchAction\",\"target\":{\"@type\":\"EntryPoint\",\"urlTemplate\":\"https:\/\/settopsurvey.com\/settop_website\/?s={search_term_string}\"},\"query-input\":{\"@type\":\"PropertyValueSpecification\",\"valueRequired\":true,\"valueName\":\"search_term_string\"}}],\"inLanguage\":\"es\"}]}<\/script>\n<!-- \/ Yoast SEO plugin. -->","yoast_head_json":{"title":"Settop Solar para auscultaci\u00f3n - Settop","description":"Settop Solar para auscultaci\u00f3n. El sistema de alimentaci\u00f3n para auscultaci\u00f3n, ofrece la seguridad necesaria para alimentar las instalaciones de monitorizaci\u00f3n permanentes, en lugares remotos en donde no sea posible conectarse a la corriente o bien como sistema auxiliar de alimentaci\u00f3n.\u00a0El sistema est\u00e1 compuesto por:Estructura de pilar y soporte para placa solarCaja de almacenamiento de los controladores Settop Solar Cabinet Caja de alojamiento para la bater\u00eda Battery Box","robots":{"index":"index","follow":"follow","max-snippet":"max-snippet:-1","max-image-preview":"max-image-preview:large","max-video-preview":"max-video-preview:-1"},"canonical":"https:\/\/settopsurvey.com\/settop_website\/es\/product\/settop-solar-para-auscultacion\/","og_locale":"es_ES","og_type":"article","og_title":"Settop Solar para auscultaci\u00f3n - Settop","og_description":"Settop Solar para auscultaci\u00f3n. El sistema de alimentaci\u00f3n para auscultaci\u00f3n, ofrece la seguridad necesaria para alimentar las instalaciones de monitorizaci\u00f3n permanentes, en lugares remotos en donde no sea posible conectarse a la corriente o bien como sistema auxiliar de alimentaci\u00f3n.\u00a0El sistema est\u00e1 compuesto por:Estructura de pilar y soporte para placa solarCaja de almacenamiento de los controladores Settop Solar Cabinet Caja de alojamiento para la bater\u00eda Battery Box","og_url":"https:\/\/settopsurvey.com\/settop_website\/es\/product\/settop-solar-para-auscultacion\/","og_site_name":"Settop","article_modified_time":"2023-04-17T07:25:52+00:00","og_image":[{"width":425,"height":425,"url":"https:\/\/settopsurvey.com\/settop_website\/wp-content\/uploads\/KIT-Settop-Solar-Panel-System.png","type":"image\/png"}],"twitter_card":"summary_large_image","twitter_misc":{"Tiempo de lectura":"1 minuto"},"schema":{"@context":"https:\/\/schema.org","@graph":[{"@type":"WebPage","@id":"https:\/\/settopsurvey.com\/settop_website\/es\/product\/settop-solar-para-auscultacion\/","url":"https:\/\/settopsurvey.com\/settop_website\/es\/product\/settop-solar-para-auscultacion\/","name":"Settop Solar para auscultaci\u00f3n - Settop","isPartOf":{"@id":"https:\/\/settopsurvey.com\/settop_website\/#website"},"primaryImageOfPage":{"@id":"https:\/\/settopsurvey.com\/settop_website\/es\/product\/settop-solar-para-auscultacion\/#primaryimage"},"image":{"@id":"https:\/\/settopsurvey.com\/settop_website\/es\/product\/settop-solar-para-auscultacion\/#primaryimage"},"thumbnailUrl":"https:\/\/settopsurvey.com\/settop_website\/wp-content\/uploads\/KIT-Settop-Solar-Panel-System.png","datePublished":"2023-02-09T16:56:25+00:00","dateModified":"2023-04-17T07:25:52+00:00","description":"Settop Solar para auscultaci\u00f3n. El sistema de alimentaci\u00f3n para auscultaci\u00f3n, ofrece la seguridad necesaria para alimentar las instalaciones de monitorizaci\u00f3n permanentes, en lugares remotos en donde no sea posible conectarse a la corriente o bien como sistema auxiliar de alimentaci\u00f3n.\u00a0El sistema est\u00e1 compuesto por:Estructura de pilar y soporte para placa solarCaja de almacenamiento de los controladores Settop Solar Cabinet Caja de alojamiento para la bater\u00eda Battery Box","breadcrumb":{"@id":"https:\/\/settopsurvey.com\/settop_website\/es\/product\/settop-solar-para-auscultacion\/#breadcrumb"},"inLanguage":"es","potentialAction":[{"@type":"ReadAction","target":["https:\/\/settopsurvey.com\/settop_website\/es\/product\/settop-solar-para-auscultacion\/"]}]},{"@type":"ImageObject","inLanguage":"es","@id":"https:\/\/settopsurvey.com\/settop_website\/es\/product\/settop-solar-para-auscultacion\/#primaryimage","url":"https:\/\/settopsurvey.com\/settop_website\/wp-content\/uploads\/KIT-Settop-Solar-Panel-System.png","contentUrl":"https:\/\/settopsurvey.com\/settop_website\/wp-content\/uploads\/KIT-Settop-Solar-Panel-System.png","width":425,"height":425},{"@type":"BreadcrumbList","@id":"https:\/\/settopsurvey.com\/settop_website\/es\/product\/settop-solar-para-auscultacion\/#breadcrumb","itemListElement":[{"@type":"ListItem","position":1,"name":"Portada","item":"https:\/\/settopsurvey.com\/settop_website\/"},{"@type":"ListItem","position":2,"name":"Shop","item":"https:\/\/settopsurvey.com\/settop_website\/shop\/"},{"@type":"ListItem","position":3,"name":"Settop Solar para auscultaci\u00f3n"}]},{"@type":"WebSite","@id":"https:\/\/settopsurvey.com\/settop_website\/#website","url":"https:\/\/settopsurvey.com\/settop_website\/","name":"Settop","description":"Advanced technology in surveying instruments","potentialAction":[{"@type":"SearchAction","target":{"@type":"EntryPoint","urlTemplate":"https:\/\/settopsurvey.com\/settop_website\/?s={search_term_string}"},"query-input":{"@type":"PropertyValueSpecification","valueRequired":true,"valueName":"search_term_string"}}],"inLanguage":"es"}]}},"_links":{"self":[{"href":"https:\/\/settopsurvey.com\/settop_website\/wp-json\/wp\/v2\/product\/3832","targetHints":{"allow":["GET"]}}],"collection":[{"href":"https:\/\/settopsurvey.com\/settop_website\/wp-json\/wp\/v2\/product"}],"about":[{"href":"https:\/\/settopsurvey.com\/settop_website\/wp-json\/wp\/v2\/types\/product"}],"wp:featuredmedia":[{"embeddable":true,"href":"https:\/\/settopsurvey.com\/settop_website\/wp-json\/wp\/v2\/media\/3831"}],"wp:attachment":[{"href":"https:\/\/settopsurvey.com\/settop_website\/wp-json\/wp\/v2\/media?parent=3832"}],"wp:term":[{"taxonomy":"product_brand","embeddable":true,"href":"https:\/\/settopsurvey.com\/settop_website\/wp-json\/wp\/v2\/product_brand?post=3832"},{"taxonomy":"product_cat","embeddable":true,"href":"https:\/\/settopsurvey.com\/settop_website\/wp-json\/wp\/v2\/product_cat?post=3832"},{"taxonomy":"product_tag","embeddable":true,"href":"https:\/\/settopsurvey.com\/settop_website\/wp-json\/wp\/v2\/product_tag?post=3832"}],"curies":[{"name":"wp","href":"https:\/\/api.w.org\/{rel}","templated":true}]}}