{"id":3587,"date":"2022-07-18T19:15:00","date_gmt":"2022-07-18T17:15:00","guid":{"rendered":"https:\/\/settopsurvey.com\/settop_website\/?post_type=product&#038;p=3587"},"modified":"2022-08-30T07:28:49","modified_gmt":"2022-08-30T05:28:49","slug":"settop-battery-ii-lpo4-2","status":"publish","type":"product","link":"https:\/\/settopsurvey.com\/settop_website\/es\/product\/settop-battery-ii-lpo4-2\/","title":{"rendered":"Settop Battery II-LPO4"},"content":{"rendered":"\n\t<section class=\"section\" id=\"section_786130508\">\n\t\t<div class=\"section-bg fill\" >\n\t\t\t\t\t\t\t\t\t\n\t\t\t\n\n\t\t<\/div>\n\n\t\t\n\n\t\t<div class=\"section-content relative\">\n\t\t\t\r\n\r\n<div class=\"row\"  id=\"row-261037767\">\r\n\r\n\n\t<div id=\"col-815734673\" class=\"col medium-6 small-12 large-6\"  >\n\t\t\t\t<div class=\"col-inner\"  >\n\t\t\t\n\t\t\t\r\n\r\n\t<div class=\"img has-hover x md-x lg-x y md-y lg-y\" id=\"image_1588234218\">\n\t\t\t\t\t\t\t\t<div class=\"img-inner dark\" >\n\t\t\t<img loading=\"lazy\" decoding=\"async\" width=\"425\" height=\"425\" src=\"https:\/\/settopsurvey.com\/settop_website\/wp-content\/uploads\/Settop-Battery-II-9-es.png\" class=\"attachment-large size-large\" alt=\"\" srcset=\"https:\/\/settopsurvey.com\/settop_website\/wp-content\/uploads\/Settop-Battery-II-9-es.png 425w, https:\/\/settopsurvey.com\/settop_website\/wp-content\/uploads\/Settop-Battery-II-9-es-280x280.png 280w, https:\/\/settopsurvey.com\/settop_website\/wp-content\/uploads\/Settop-Battery-II-9-es-400x400.png 400w, https:\/\/settopsurvey.com\/settop_website\/wp-content\/uploads\/Settop-Battery-II-9-es-300x300.png 300w, https:\/\/settopsurvey.com\/settop_website\/wp-content\/uploads\/Settop-Battery-II-9-es-100x100.png 100w\" sizes=\"auto, (max-width: 425px) 100vw, 425px\" \/>\t\t\t\t\t\t\n\t\t\t\t\t<\/div>\n\t\t\t\t\t\t\t\t\n<style>\n#image_1588234218 {\n  width: 100%;\n}\n<\/style>\n\t<\/div>\n\t\r\n\r\n\r\n\t\t<\/div>\n\t\t\t\t\t<\/div>\n\n\t\r\n\n\t<div id=\"col-306340363\" class=\"col medium-6 small-12 large-6\"  >\n\t\t\t\t<div class=\"col-inner\"  >\n\t\t\t\n\t\t\t\r\n\r\n\t<div class=\"img has-hover x md-x lg-x y md-y lg-y\" id=\"image_805574773\">\n\t\t\t\t\t\t\t\t<div class=\"img-inner dark\" >\n\t\t\t<img loading=\"lazy\" decoding=\"async\" width=\"425\" height=\"425\" src=\"https:\/\/settopsurvey.com\/settop_website\/wp-content\/uploads\/Settop-Battery-II-es.png\" class=\"attachment-large size-large\" alt=\"\" srcset=\"https:\/\/settopsurvey.com\/settop_website\/wp-content\/uploads\/Settop-Battery-II-es.png 425w, https:\/\/settopsurvey.com\/settop_website\/wp-content\/uploads\/Settop-Battery-II-es-280x280.png 280w, https:\/\/settopsurvey.com\/settop_website\/wp-content\/uploads\/Settop-Battery-II-es-400x400.png 400w, https:\/\/settopsurvey.com\/settop_website\/wp-content\/uploads\/Settop-Battery-II-es-300x300.png 300w, https:\/\/settopsurvey.com\/settop_website\/wp-content\/uploads\/Settop-Battery-II-es-100x100.png 100w\" sizes=\"auto, (max-width: 425px) 100vw, 425px\" \/>\t\t\t\t\t\t\n\t\t\t\t\t<\/div>\n\t\t\t\t\t\t\t\t\n<style>\n#image_805574773 {\n  width: 100%;\n}\n<\/style>\n\t<\/div>\n\t\r\n\r\n\r\n\t\t<\/div>\n\t\t\t\t\t<\/div>\n\n\t\r\n\r\n<\/div>\r\n<div class=\"row\"  id=\"row-925943963\">\r\n\r\n\n\t<div id=\"col-569980454\" class=\"col medium-6 small-12 large-6\"  >\n\t\t\t\t<div class=\"col-inner\"  >\n\t\t\t\n\t\t\t\r\n\r\n\t<div class=\"img has-hover x md-x lg-x y md-y lg-y\" id=\"image_439820831\">\n\t\t\t\t\t\t\t\t<div class=\"img-inner dark\" >\n\t\t\t<img loading=\"lazy\" decoding=\"async\" width=\"394\" height=\"312\" src=\"https:\/\/settopsurvey.com\/settop_website\/wp-content\/uploads\/Settop-External-Battery-II-ABS-icon.jpg\" class=\"attachment-large size-large\" alt=\"\" \/>\t\t\t\t\t\t\n\t\t\t\t\t<\/div>\n\t\t\t\t\t\t\t\t\n<style>\n#image_439820831 {\n  width: 100%;\n}\n<\/style>\n\t<\/div>\n\t\r\n\r\n\r\n\t\t<\/div>\n\t\t\t\t\t<\/div>\n\n\t\r\n\n\t<div id=\"col-2064529561\" class=\"col medium-6 small-12 large-6\"  >\n\t\t\t\t<div class=\"col-inner\"  >\n\t\t\t\n\t\t\t\r\n\r\n\t<div class=\"img has-hover x md-x lg-x y md-y lg-y\" id=\"image_1634078799\">\n\t\t\t\t\t\t\t\t<div class=\"img-inner dark\" >\n\t\t\t<img loading=\"lazy\" decoding=\"async\" width=\"160\" height=\"88\" src=\"https:\/\/settopsurvey.com\/settop_website\/wp-content\/uploads\/Settop-External-Battery-2.png\" class=\"attachment-large size-large\" alt=\"\" \/>\t\t\t\t\t\t\n\t\t\t\t\t<\/div>\n\t\t\t\t\t\t\t\t\n<style>\n#image_1634078799 {\n  width: 100%;\n}\n<\/style>\n\t<\/div>\n\t\r\n\r\n\r\n\t\t<\/div>\n\t\t\t\t\t<\/div>\n\n\t\r\n\r\n<\/div>\r\n\r\n\t\t<\/div>\n\n\t\t\n<style>\n#section_786130508 {\n  padding-top: 30px;\n  padding-bottom: 30px;\n  background-color: rgb(243, 243, 247);\n}\n<\/style>\n\t<\/section>\n\t\n","protected":false},"excerpt":{"rendered":"<p>Settop Bater\u00eda II es una bater\u00eda de alta capacidad para instrumentos topogr\u00e1ficos. Le permitir\u00e1 trabajar por periodos m\u00e1s largos con su receptor GNSS, esc\u00e1ner o estaci\u00f3n total. Ha sido dise\u00f1ada para uso exterior y construida con componentes de alta calidad.<\/p>\n<p class=\"p1\"><b>SETTOP BATTERY II-LPO4 LiFePO4 12.8V-5Ah (2xhrs). <\/b>Para Trimble 5600\/600 y cualquier instrumento 12V. Cargador 12V &#8211; 310644 LifePo4 para Settop Battery II-LPO4<\/p>\n<ul>\n<li class=\"bullet-star\"><a href=\"https:\/\/drive.google.com\/drive\/folders\/1Bf9cHyT8WQxZMnXMOLF_WcuLYViUxaIq?usp=sharing\" target=\"_blank\" rel=\"noopener noreferrer\">Informaci\u00f3n de producto y Descargas<\/a><\/li>\n<\/ul>\n","protected":false},"featured_media":3494,"template":"","meta":[],"product_brand":[],"product_cat":[319,198],"product_tag":[],"class_list":{"0":"post-3587","1":"product","2":"type-product","3":"status-publish","4":"has-post-thumbnail","6":"product_cat-baterias-cargadores-y-cables-para-auscultacion","7":"product_cat-baterias-y-alimentacion","9":"first","10":"instock","11":"shipping-taxable","12":"product-type-simple"},"yoast_head":"<!-- This site is optimized with the Yoast SEO plugin v26.7 - https:\/\/yoast.com\/wordpress\/plugins\/seo\/ -->\n<title>Settop Battery II-LPO4 - Settop<\/title>\n<meta name=\"robots\" content=\"index, follow, max-snippet:-1, max-image-preview:large, max-video-preview:-1\" \/>\n<link rel=\"canonical\" href=\"https:\/\/settopsurvey.com\/settop_website\/es\/product\/settop-battery-ii-lpo4-2\/\" \/>\n<meta property=\"og:locale\" content=\"es_ES\" \/>\n<meta property=\"og:type\" content=\"article\" \/>\n<meta property=\"og:title\" content=\"Settop Battery II-LPO4 - Settop\" \/>\n<meta property=\"og:description\" content=\"Settop Bater\u00eda II es una bater\u00eda de alta capacidad para instrumentos topogr\u00e1ficos. Le permitir\u00e1 trabajar por periodos m\u00e1s largos con su receptor GNSS, esc\u00e1ner o estaci\u00f3n total. Ha sido dise\u00f1ada para uso exterior y construida con componentes de alta calidad. SETTOP BATTERY II-LPO4 LiFePO4 12.8V-5Ah (2xhrs). Para Trimble 5600\/600 y cualquier instrumento 12V. Cargador 12V - 310644 LifePo4 para Settop Battery II-LPO4    Informaci\u00f3n de producto y Descargas\" \/>\n<meta property=\"og:url\" content=\"https:\/\/settopsurvey.com\/settop_website\/es\/product\/settop-battery-ii-lpo4-2\/\" \/>\n<meta property=\"og:site_name\" content=\"Settop\" \/>\n<meta property=\"article:modified_time\" content=\"2022-08-30T05:28:49+00:00\" \/>\n<meta property=\"og:image\" content=\"https:\/\/settopsurvey.com\/settop_website\/wp-content\/uploads\/310644-LifePo4-BATTERY-II-1_RED-1.png\" \/>\n\t<meta property=\"og:image:width\" content=\"425\" \/>\n\t<meta property=\"og:image:height\" content=\"425\" \/>\n\t<meta property=\"og:image:type\" content=\"image\/png\" \/>\n<meta name=\"twitter:card\" content=\"summary_large_image\" \/>\n<meta name=\"twitter:label1\" content=\"Tiempo de lectura\" \/>\n\t<meta name=\"twitter:data1\" content=\"1 minuto\" \/>\n<script type=\"application\/ld+json\" class=\"yoast-schema-graph\">{\"@context\":\"https:\/\/schema.org\",\"@graph\":[{\"@type\":\"WebPage\",\"@id\":\"https:\/\/settopsurvey.com\/settop_website\/es\/product\/settop-battery-ii-lpo4-2\/\",\"url\":\"https:\/\/settopsurvey.com\/settop_website\/es\/product\/settop-battery-ii-lpo4-2\/\",\"name\":\"Settop Battery II-LPO4 - Settop\",\"isPartOf\":{\"@id\":\"https:\/\/settopsurvey.com\/settop_website\/#website\"},\"primaryImageOfPage\":{\"@id\":\"https:\/\/settopsurvey.com\/settop_website\/es\/product\/settop-battery-ii-lpo4-2\/#primaryimage\"},\"image\":{\"@id\":\"https:\/\/settopsurvey.com\/settop_website\/es\/product\/settop-battery-ii-lpo4-2\/#primaryimage\"},\"thumbnailUrl\":\"https:\/\/settopsurvey.com\/settop_website\/wp-content\/uploads\/310644-LifePo4-BATTERY-II-1_RED-1.png\",\"datePublished\":\"2022-07-18T17:15:00+00:00\",\"dateModified\":\"2022-08-30T05:28:49+00:00\",\"breadcrumb\":{\"@id\":\"https:\/\/settopsurvey.com\/settop_website\/es\/product\/settop-battery-ii-lpo4-2\/#breadcrumb\"},\"inLanguage\":\"es\",\"potentialAction\":[{\"@type\":\"ReadAction\",\"target\":[\"https:\/\/settopsurvey.com\/settop_website\/es\/product\/settop-battery-ii-lpo4-2\/\"]}]},{\"@type\":\"ImageObject\",\"inLanguage\":\"es\",\"@id\":\"https:\/\/settopsurvey.com\/settop_website\/es\/product\/settop-battery-ii-lpo4-2\/#primaryimage\",\"url\":\"https:\/\/settopsurvey.com\/settop_website\/wp-content\/uploads\/310644-LifePo4-BATTERY-II-1_RED-1.png\",\"contentUrl\":\"https:\/\/settopsurvey.com\/settop_website\/wp-content\/uploads\/310644-LifePo4-BATTERY-II-1_RED-1.png\",\"width\":425,\"height\":425},{\"@type\":\"BreadcrumbList\",\"@id\":\"https:\/\/settopsurvey.com\/settop_website\/es\/product\/settop-battery-ii-lpo4-2\/#breadcrumb\",\"itemListElement\":[{\"@type\":\"ListItem\",\"position\":1,\"name\":\"Portada\",\"item\":\"https:\/\/settopsurvey.com\/settop_website\/\"},{\"@type\":\"ListItem\",\"position\":2,\"name\":\"Shop\",\"item\":\"https:\/\/settopsurvey.com\/settop_website\/shop\/\"},{\"@type\":\"ListItem\",\"position\":3,\"name\":\"Settop Battery II-LPO4\"}]},{\"@type\":\"WebSite\",\"@id\":\"https:\/\/settopsurvey.com\/settop_website\/#website\",\"url\":\"https:\/\/settopsurvey.com\/settop_website\/\",\"name\":\"Settop\",\"description\":\"Advanced technology in surveying instruments\",\"potentialAction\":[{\"@type\":\"SearchAction\",\"target\":{\"@type\":\"EntryPoint\",\"urlTemplate\":\"https:\/\/settopsurvey.com\/settop_website\/?s={search_term_string}\"},\"query-input\":{\"@type\":\"PropertyValueSpecification\",\"valueRequired\":true,\"valueName\":\"search_term_string\"}}],\"inLanguage\":\"es\"}]}<\/script>\n<!-- \/ Yoast SEO plugin. -->","yoast_head_json":{"title":"Settop Battery II-LPO4 - Settop","robots":{"index":"index","follow":"follow","max-snippet":"max-snippet:-1","max-image-preview":"max-image-preview:large","max-video-preview":"max-video-preview:-1"},"canonical":"https:\/\/settopsurvey.com\/settop_website\/es\/product\/settop-battery-ii-lpo4-2\/","og_locale":"es_ES","og_type":"article","og_title":"Settop Battery II-LPO4 - Settop","og_description":"Settop Bater\u00eda II es una bater\u00eda de alta capacidad para instrumentos topogr\u00e1ficos. Le permitir\u00e1 trabajar por periodos m\u00e1s largos con su receptor GNSS, esc\u00e1ner o estaci\u00f3n total. Ha sido dise\u00f1ada para uso exterior y construida con componentes de alta calidad. SETTOP BATTERY II-LPO4 LiFePO4 12.8V-5Ah (2xhrs). Para Trimble 5600\/600 y cualquier instrumento 12V. Cargador 12V - 310644 LifePo4 para Settop Battery II-LPO4    Informaci\u00f3n de producto y Descargas","og_url":"https:\/\/settopsurvey.com\/settop_website\/es\/product\/settop-battery-ii-lpo4-2\/","og_site_name":"Settop","article_modified_time":"2022-08-30T05:28:49+00:00","og_image":[{"width":425,"height":425,"url":"https:\/\/settopsurvey.com\/settop_website\/wp-content\/uploads\/310644-LifePo4-BATTERY-II-1_RED-1.png","type":"image\/png"}],"twitter_card":"summary_large_image","twitter_misc":{"Tiempo de lectura":"1 minuto"},"schema":{"@context":"https:\/\/schema.org","@graph":[{"@type":"WebPage","@id":"https:\/\/settopsurvey.com\/settop_website\/es\/product\/settop-battery-ii-lpo4-2\/","url":"https:\/\/settopsurvey.com\/settop_website\/es\/product\/settop-battery-ii-lpo4-2\/","name":"Settop Battery II-LPO4 - Settop","isPartOf":{"@id":"https:\/\/settopsurvey.com\/settop_website\/#website"},"primaryImageOfPage":{"@id":"https:\/\/settopsurvey.com\/settop_website\/es\/product\/settop-battery-ii-lpo4-2\/#primaryimage"},"image":{"@id":"https:\/\/settopsurvey.com\/settop_website\/es\/product\/settop-battery-ii-lpo4-2\/#primaryimage"},"thumbnailUrl":"https:\/\/settopsurvey.com\/settop_website\/wp-content\/uploads\/310644-LifePo4-BATTERY-II-1_RED-1.png","datePublished":"2022-07-18T17:15:00+00:00","dateModified":"2022-08-30T05:28:49+00:00","breadcrumb":{"@id":"https:\/\/settopsurvey.com\/settop_website\/es\/product\/settop-battery-ii-lpo4-2\/#breadcrumb"},"inLanguage":"es","potentialAction":[{"@type":"ReadAction","target":["https:\/\/settopsurvey.com\/settop_website\/es\/product\/settop-battery-ii-lpo4-2\/"]}]},{"@type":"ImageObject","inLanguage":"es","@id":"https:\/\/settopsurvey.com\/settop_website\/es\/product\/settop-battery-ii-lpo4-2\/#primaryimage","url":"https:\/\/settopsurvey.com\/settop_website\/wp-content\/uploads\/310644-LifePo4-BATTERY-II-1_RED-1.png","contentUrl":"https:\/\/settopsurvey.com\/settop_website\/wp-content\/uploads\/310644-LifePo4-BATTERY-II-1_RED-1.png","width":425,"height":425},{"@type":"BreadcrumbList","@id":"https:\/\/settopsurvey.com\/settop_website\/es\/product\/settop-battery-ii-lpo4-2\/#breadcrumb","itemListElement":[{"@type":"ListItem","position":1,"name":"Portada","item":"https:\/\/settopsurvey.com\/settop_website\/"},{"@type":"ListItem","position":2,"name":"Shop","item":"https:\/\/settopsurvey.com\/settop_website\/shop\/"},{"@type":"ListItem","position":3,"name":"Settop Battery II-LPO4"}]},{"@type":"WebSite","@id":"https:\/\/settopsurvey.com\/settop_website\/#website","url":"https:\/\/settopsurvey.com\/settop_website\/","name":"Settop","description":"Advanced technology in surveying instruments","potentialAction":[{"@type":"SearchAction","target":{"@type":"EntryPoint","urlTemplate":"https:\/\/settopsurvey.com\/settop_website\/?s={search_term_string}"},"query-input":{"@type":"PropertyValueSpecification","valueRequired":true,"valueName":"search_term_string"}}],"inLanguage":"es"}]}},"_links":{"self":[{"href":"https:\/\/settopsurvey.com\/settop_website\/wp-json\/wp\/v2\/product\/3587","targetHints":{"allow":["GET"]}}],"collection":[{"href":"https:\/\/settopsurvey.com\/settop_website\/wp-json\/wp\/v2\/product"}],"about":[{"href":"https:\/\/settopsurvey.com\/settop_website\/wp-json\/wp\/v2\/types\/product"}],"wp:featuredmedia":[{"embeddable":true,"href":"https:\/\/settopsurvey.com\/settop_website\/wp-json\/wp\/v2\/media\/3494"}],"wp:attachment":[{"href":"https:\/\/settopsurvey.com\/settop_website\/wp-json\/wp\/v2\/media?parent=3587"}],"wp:term":[{"taxonomy":"product_brand","embeddable":true,"href":"https:\/\/settopsurvey.com\/settop_website\/wp-json\/wp\/v2\/product_brand?post=3587"},{"taxonomy":"product_cat","embeddable":true,"href":"https:\/\/settopsurvey.com\/settop_website\/wp-json\/wp\/v2\/product_cat?post=3587"},{"taxonomy":"product_tag","embeddable":true,"href":"https:\/\/settopsurvey.com\/settop_website\/wp-json\/wp\/v2\/product_tag?post=3587"}],"curies":[{"name":"wp","href":"https:\/\/api.w.org\/{rel}","templated":true}]}}