{"id":3466,"date":"2022-07-18T19:08:06","date_gmt":"2022-07-18T17:08:06","guid":{"rendered":"https:\/\/settopsurvey.com\/settop_website\/product\/settop-cabinet-standard\/"},"modified":"2023-04-17T12:30:10","modified_gmt":"2023-04-17T10:30:10","slug":"settop-cabinet-standard","status":"publish","type":"product","link":"https:\/\/settopsurvey.com\/settop_website\/es\/product\/settop-cabinet-standard\/","title":{"rendered":"Settop Cabinet Standard"},"content":{"rendered":"","protected":false},"excerpt":{"rendered":"<p>Caja de monitoring para instalaci\u00f3n de <a href=\"https:\/\/www.al-top.com\/producto\/settop-m1-monitoring\/\">Settop M1<\/a> con UPS y cargador. Settop Cabinet es el complemento perfecto para la instalaci\u00f3n de una monitorizaci\u00f3n. En una peque\u00f1a caja estanca caben todos los accesorios del Settop M1 para tener un r\u00e1pido, \u00e1gil y c\u00f3modo acceso a todos ellos. Con dos tama\u00f1os a elegir para adaptarse a sus necesidades. Incluye soportes para albergar hasta 2 bater\u00edas (seg\u00fan modelo) para una mayor autonom\u00eda con su cargador y soportes para el Settop M1 y un receptor GNSS.<\/p>\n<div class=\"row\"  id=\"row-901116738\">\n\n\t<div id=\"col-1501785995\" class=\"col medium-1\/2 large-6\"  >\n\t\t\t\t<div class=\"col-inner\"  >\n\t\t\t\n\t\t\t\n<p><strong>M1 CABINET EXTENDED<\/strong><\/p>\n<ul>\n<li>1x Soporte Settop M1<\/li>\n<li>1x Soporte receptor GNSS<\/li>\n<li>2x Soporte Bater\u00eda<\/li>\n<li>2x Soporte Alimentaci\u00f3n<\/li>\n<li>2x Antenas magn\u00e9ticas 4G<\/li>\n<li>Dimensiones: 500 x 300 x 200 mm<\/li>\n<li>Peso: 8.5Kg<\/li>\n<\/ul>\n\t\t<\/div>\n\t\t\t\t\t<\/div>\n\n\t\n\n\t<div id=\"col-297513288\" class=\"col medium-1\/2 large-6\"  >\n\t\t\t\t<div class=\"col-inner\"  >\n\t\t\t\n\t\t\t\n<p><strong>M1 CABINET STANDARD<\/strong><\/p>\n<ul>\n<li>1x Soporte Settop M1<\/li>\n<li>1x Soporte Bater\u00eda<\/li>\n<li>1x Soporte Alimentaci\u00f3n<\/li>\n<li>2x Antenas magn\u00e9ticas 4G<\/li>\n<li>Dimensiones: 300 x 200 x 150 mm<\/li>\n<li>Peso: 3.5Kg<\/li>\n<\/ul>\n\t\t<\/div>\n\t\t\t\t\t<\/div>\n\n\t\n<\/div>\n<h4>Settop Cabinet Downloads<\/h4>\r\n<ul>\r\n \t<li class=\"bullet-star\"><a href=\"https:\/\/drive.google.com\/drive\/folders\/1NmPtLvHHb5uj8BEy31ZYzVfMAE9N1z6v?usp=sharing\" target=\"_blank\" rel=\"noopener noreferrer\">Product information &amp; Documentation<\/a><\/li>\r\n<\/ul>\n","protected":false},"featured_media":3315,"template":"","meta":[],"product_brand":[],"product_cat":[321],"product_tag":[],"class_list":{"0":"post-3466","1":"product","2":"type-product","3":"status-publish","4":"has-post-thumbnail","6":"product_cat-bases-y-cabinets-para-auscultacion","8":"first","9":"instock","10":"shipping-taxable","11":"product-type-simple"},"yoast_head":"<!-- This site is optimized with the Yoast SEO plugin v27.3 - https:\/\/yoast.com\/product\/yoast-seo-wordpress\/ -->\n<title>Settop Cabinet Standard - Settop<\/title>\n<meta name=\"robots\" content=\"index, follow, max-snippet:-1, max-image-preview:large, max-video-preview:-1\" \/>\n<link rel=\"canonical\" href=\"https:\/\/settopsurvey.com\/settop_website\/es\/product\/settop-cabinet-standard\/\" \/>\n<meta property=\"og:locale\" content=\"es_ES\" \/>\n<meta property=\"og:type\" content=\"article\" \/>\n<meta property=\"og:title\" content=\"Settop Cabinet Standard - Settop\" \/>\n<meta property=\"og:description\" content=\"Caja de monitoring para instalaci\u00f3n de Settop M1 con UPS y cargador. Settop Cabinet es el complemento perfecto para la instalaci\u00f3n de una monitorizaci\u00f3n. En una peque\u00f1a caja estanca caben todos los accesorios del Settop M1 para tener un r\u00e1pido, \u00e1gil y c\u00f3modo acceso a todos ellos. Con dos tama\u00f1os a elegir para adaptarse a sus necesidades. Incluye soportes para albergar hasta 2 bater\u00edas (seg\u00fan modelo) para una mayor autonom\u00eda con su cargador y soportes para el Settop M1 y un receptor GNSS.\" \/>\n<meta property=\"og:url\" content=\"https:\/\/settopsurvey.com\/settop_website\/es\/product\/settop-cabinet-standard\/\" \/>\n<meta property=\"og:site_name\" content=\"Settop\" \/>\n<meta property=\"article:modified_time\" content=\"2023-04-17T10:30:10+00:00\" \/>\n<meta property=\"og:image\" content=\"https:\/\/settopsurvey.com\/settop_website\/wp-content\/uploads\/Settop-Cabinet-1.png\" \/>\n\t<meta property=\"og:image:width\" content=\"425\" \/>\n\t<meta property=\"og:image:height\" content=\"425\" \/>\n\t<meta property=\"og:image:type\" content=\"image\/png\" \/>\n<meta name=\"twitter:card\" content=\"summary_large_image\" \/>\n<script type=\"application\/ld+json\" class=\"yoast-schema-graph\">{\"@context\":\"https:\\\/\\\/schema.org\",\"@graph\":[{\"@type\":\"WebPage\",\"@id\":\"https:\\\/\\\/settopsurvey.com\\\/settop_website\\\/es\\\/product\\\/settop-cabinet-standard\\\/\",\"url\":\"https:\\\/\\\/settopsurvey.com\\\/settop_website\\\/es\\\/product\\\/settop-cabinet-standard\\\/\",\"name\":\"Settop Cabinet Standard - Settop\",\"isPartOf\":{\"@id\":\"https:\\\/\\\/settopsurvey.com\\\/settop_website\\\/#website\"},\"primaryImageOfPage\":{\"@id\":\"https:\\\/\\\/settopsurvey.com\\\/settop_website\\\/es\\\/product\\\/settop-cabinet-standard\\\/#primaryimage\"},\"image\":{\"@id\":\"https:\\\/\\\/settopsurvey.com\\\/settop_website\\\/es\\\/product\\\/settop-cabinet-standard\\\/#primaryimage\"},\"thumbnailUrl\":\"https:\\\/\\\/settopsurvey.com\\\/settop_website\\\/wp-content\\\/uploads\\\/Settop-Cabinet-1.png\",\"datePublished\":\"2022-07-18T17:08:06+00:00\",\"dateModified\":\"2023-04-17T10:30:10+00:00\",\"breadcrumb\":{\"@id\":\"https:\\\/\\\/settopsurvey.com\\\/settop_website\\\/es\\\/product\\\/settop-cabinet-standard\\\/#breadcrumb\"},\"inLanguage\":\"es\",\"potentialAction\":[{\"@type\":\"ReadAction\",\"target\":[\"https:\\\/\\\/settopsurvey.com\\\/settop_website\\\/es\\\/product\\\/settop-cabinet-standard\\\/\"]}]},{\"@type\":\"ImageObject\",\"inLanguage\":\"es\",\"@id\":\"https:\\\/\\\/settopsurvey.com\\\/settop_website\\\/es\\\/product\\\/settop-cabinet-standard\\\/#primaryimage\",\"url\":\"https:\\\/\\\/settopsurvey.com\\\/settop_website\\\/wp-content\\\/uploads\\\/Settop-Cabinet-1.png\",\"contentUrl\":\"https:\\\/\\\/settopsurvey.com\\\/settop_website\\\/wp-content\\\/uploads\\\/Settop-Cabinet-1.png\",\"width\":425,\"height\":425},{\"@type\":\"BreadcrumbList\",\"@id\":\"https:\\\/\\\/settopsurvey.com\\\/settop_website\\\/es\\\/product\\\/settop-cabinet-standard\\\/#breadcrumb\",\"itemListElement\":[{\"@type\":\"ListItem\",\"position\":1,\"name\":\"Portada\",\"item\":\"https:\\\/\\\/settopsurvey.com\\\/settop_website\\\/\"},{\"@type\":\"ListItem\",\"position\":2,\"name\":\"Shop\",\"item\":\"https:\\\/\\\/settopsurvey.com\\\/settop_website\\\/shop\\\/\"},{\"@type\":\"ListItem\",\"position\":3,\"name\":\"Settop Cabinet Standard\"}]},{\"@type\":\"WebSite\",\"@id\":\"https:\\\/\\\/settopsurvey.com\\\/settop_website\\\/#website\",\"url\":\"https:\\\/\\\/settopsurvey.com\\\/settop_website\\\/\",\"name\":\"Settop\",\"description\":\"Advanced technology in surveying instruments\",\"potentialAction\":[{\"@type\":\"SearchAction\",\"target\":{\"@type\":\"EntryPoint\",\"urlTemplate\":\"https:\\\/\\\/settopsurvey.com\\\/settop_website\\\/?s={search_term_string}\"},\"query-input\":{\"@type\":\"PropertyValueSpecification\",\"valueRequired\":true,\"valueName\":\"search_term_string\"}}],\"inLanguage\":\"es\"}]}<\/script>\n<!-- \/ Yoast SEO plugin. -->","yoast_head_json":{"title":"Settop Cabinet Standard - Settop","robots":{"index":"index","follow":"follow","max-snippet":"max-snippet:-1","max-image-preview":"max-image-preview:large","max-video-preview":"max-video-preview:-1"},"canonical":"https:\/\/settopsurvey.com\/settop_website\/es\/product\/settop-cabinet-standard\/","og_locale":"es_ES","og_type":"article","og_title":"Settop Cabinet Standard - Settop","og_description":"Caja de monitoring para instalaci\u00f3n de Settop M1 con UPS y cargador. Settop Cabinet es el complemento perfecto para la instalaci\u00f3n de una monitorizaci\u00f3n. En una peque\u00f1a caja estanca caben todos los accesorios del Settop M1 para tener un r\u00e1pido, \u00e1gil y c\u00f3modo acceso a todos ellos. Con dos tama\u00f1os a elegir para adaptarse a sus necesidades. Incluye soportes para albergar hasta 2 bater\u00edas (seg\u00fan modelo) para una mayor autonom\u00eda con su cargador y soportes para el Settop M1 y un receptor GNSS.","og_url":"https:\/\/settopsurvey.com\/settop_website\/es\/product\/settop-cabinet-standard\/","og_site_name":"Settop","article_modified_time":"2023-04-17T10:30:10+00:00","og_image":[{"width":425,"height":425,"url":"https:\/\/settopsurvey.com\/settop_website\/wp-content\/uploads\/Settop-Cabinet-1.png","type":"image\/png"}],"twitter_card":"summary_large_image","schema":{"@context":"https:\/\/schema.org","@graph":[{"@type":"WebPage","@id":"https:\/\/settopsurvey.com\/settop_website\/es\/product\/settop-cabinet-standard\/","url":"https:\/\/settopsurvey.com\/settop_website\/es\/product\/settop-cabinet-standard\/","name":"Settop Cabinet Standard - Settop","isPartOf":{"@id":"https:\/\/settopsurvey.com\/settop_website\/#website"},"primaryImageOfPage":{"@id":"https:\/\/settopsurvey.com\/settop_website\/es\/product\/settop-cabinet-standard\/#primaryimage"},"image":{"@id":"https:\/\/settopsurvey.com\/settop_website\/es\/product\/settop-cabinet-standard\/#primaryimage"},"thumbnailUrl":"https:\/\/settopsurvey.com\/settop_website\/wp-content\/uploads\/Settop-Cabinet-1.png","datePublished":"2022-07-18T17:08:06+00:00","dateModified":"2023-04-17T10:30:10+00:00","breadcrumb":{"@id":"https:\/\/settopsurvey.com\/settop_website\/es\/product\/settop-cabinet-standard\/#breadcrumb"},"inLanguage":"es","potentialAction":[{"@type":"ReadAction","target":["https:\/\/settopsurvey.com\/settop_website\/es\/product\/settop-cabinet-standard\/"]}]},{"@type":"ImageObject","inLanguage":"es","@id":"https:\/\/settopsurvey.com\/settop_website\/es\/product\/settop-cabinet-standard\/#primaryimage","url":"https:\/\/settopsurvey.com\/settop_website\/wp-content\/uploads\/Settop-Cabinet-1.png","contentUrl":"https:\/\/settopsurvey.com\/settop_website\/wp-content\/uploads\/Settop-Cabinet-1.png","width":425,"height":425},{"@type":"BreadcrumbList","@id":"https:\/\/settopsurvey.com\/settop_website\/es\/product\/settop-cabinet-standard\/#breadcrumb","itemListElement":[{"@type":"ListItem","position":1,"name":"Portada","item":"https:\/\/settopsurvey.com\/settop_website\/"},{"@type":"ListItem","position":2,"name":"Shop","item":"https:\/\/settopsurvey.com\/settop_website\/shop\/"},{"@type":"ListItem","position":3,"name":"Settop Cabinet Standard"}]},{"@type":"WebSite","@id":"https:\/\/settopsurvey.com\/settop_website\/#website","url":"https:\/\/settopsurvey.com\/settop_website\/","name":"Settop","description":"Advanced technology in surveying instruments","potentialAction":[{"@type":"SearchAction","target":{"@type":"EntryPoint","urlTemplate":"https:\/\/settopsurvey.com\/settop_website\/?s={search_term_string}"},"query-input":{"@type":"PropertyValueSpecification","valueRequired":true,"valueName":"search_term_string"}}],"inLanguage":"es"}]}},"_links":{"self":[{"href":"https:\/\/settopsurvey.com\/settop_website\/wp-json\/wp\/v2\/product\/3466","targetHints":{"allow":["GET"]}}],"collection":[{"href":"https:\/\/settopsurvey.com\/settop_website\/wp-json\/wp\/v2\/product"}],"about":[{"href":"https:\/\/settopsurvey.com\/settop_website\/wp-json\/wp\/v2\/types\/product"}],"wp:featuredmedia":[{"embeddable":true,"href":"https:\/\/settopsurvey.com\/settop_website\/wp-json\/wp\/v2\/media\/3315"}],"wp:attachment":[{"href":"https:\/\/settopsurvey.com\/settop_website\/wp-json\/wp\/v2\/media?parent=3466"}],"wp:term":[{"taxonomy":"product_brand","embeddable":true,"href":"https:\/\/settopsurvey.com\/settop_website\/wp-json\/wp\/v2\/product_brand?post=3466"},{"taxonomy":"product_cat","embeddable":true,"href":"https:\/\/settopsurvey.com\/settop_website\/wp-json\/wp\/v2\/product_cat?post=3466"},{"taxonomy":"product_tag","embeddable":true,"href":"https:\/\/settopsurvey.com\/settop_website\/wp-json\/wp\/v2\/product_tag?post=3466"}],"curies":[{"name":"wp","href":"https:\/\/api.w.org\/{rel}","templated":true}]}}