{"id":3460,"date":"2022-07-18T19:08:05","date_gmt":"2022-07-18T17:08:05","guid":{"rendered":"https:\/\/settopsurvey.com\/settop_website\/product\/plataforma-de-pilar-para-estacion-total\/"},"modified":"2022-11-02T18:39:20","modified_gmt":"2022-11-02T17:39:20","slug":"plataforma-de-pilar-para-estacion-total","status":"publish","type":"product","link":"https:\/\/settopsurvey.com\/settop_website\/es\/product\/plataforma-de-pilar-para-estacion-total\/","title":{"rendered":"Plataforma de pilar para estaci\u00f3n total"},"content":{"rendered":"","protected":false},"excerpt":{"rendered":"<p>Plataforma de pilar para estaci\u00f3n total. Plataforma de pilar y cubierta de pilar de hormig\u00f3n. Ideal para instalar estaciones totales o antenas GNSS. El conjunto consta de:<\/p>\n<ul>\n<li>1 base de lat\u00f3n \/ cobre (149 \u00d7 10 mm de di\u00e1metro)<\/li>\n<li>3 tornillos de lat\u00f3n de 5\/8 \u00abx 20.<\/li>\n<li>1 cubierta de PVC (160 \u00d7 38 mm de di\u00e1metro) con un orificio roscado de 5\/8 \u00ab<\/li>\n<\/ul>\n","protected":false},"featured_media":3301,"template":"","meta":[],"product_brand":[],"product_cat":[321],"product_tag":[],"class_list":{"0":"post-3460","1":"product","2":"type-product","3":"status-publish","4":"has-post-thumbnail","6":"product_cat-bases-y-cabinets-para-auscultacion","8":"first","9":"instock","10":"shipping-taxable","11":"product-type-simple"},"yoast_head":"<!-- This site is optimized with the Yoast SEO plugin v27.3 - https:\/\/yoast.com\/product\/yoast-seo-wordpress\/ -->\n<title>Plataforma de pilar para estaci\u00f3n total - Settop<\/title>\n<meta name=\"robots\" content=\"index, follow, max-snippet:-1, max-image-preview:large, max-video-preview:-1\" \/>\n<link rel=\"canonical\" href=\"https:\/\/settopsurvey.com\/settop_website\/es\/product\/plataforma-de-pilar-para-estacion-total\/\" \/>\n<meta property=\"og:locale\" content=\"es_ES\" \/>\n<meta property=\"og:type\" content=\"article\" \/>\n<meta property=\"og:title\" content=\"Plataforma de pilar para estaci\u00f3n total - Settop\" \/>\n<meta property=\"og:description\" content=\"Plataforma de pilar para estaci\u00f3n total. Plataforma de pilar y cubierta de pilar de hormig\u00f3n. Ideal para instalar estaciones totales o antenas GNSS. El conjunto consta de:   1 base de lat\u00f3n \/ cobre (149 \u00d7 10 mm de di\u00e1metro)  3 tornillos de lat\u00f3n de 5\/8 &quot;x 20.  1 cubierta de PVC (160 \u00d7 38 mm de di\u00e1metro) con un orificio roscado de 5\/8 &quot;\" \/>\n<meta property=\"og:url\" content=\"https:\/\/settopsurvey.com\/settop_website\/es\/product\/plataforma-de-pilar-para-estacion-total\/\" \/>\n<meta property=\"og:site_name\" content=\"Settop\" \/>\n<meta property=\"article:modified_time\" content=\"2022-11-02T17:39:20+00:00\" \/>\n<meta property=\"og:image\" content=\"https:\/\/settopsurvey.com\/settop_website\/wp-content\/uploads\/Consumibles-auscultacion-890305.png\" \/>\n\t<meta property=\"og:image:width\" content=\"425\" \/>\n\t<meta property=\"og:image:height\" content=\"425\" \/>\n\t<meta property=\"og:image:type\" content=\"image\/png\" \/>\n<meta name=\"twitter:card\" content=\"summary_large_image\" \/>\n<script type=\"application\/ld+json\" class=\"yoast-schema-graph\">{\"@context\":\"https:\\\/\\\/schema.org\",\"@graph\":[{\"@type\":\"WebPage\",\"@id\":\"https:\\\/\\\/settopsurvey.com\\\/settop_website\\\/es\\\/product\\\/plataforma-de-pilar-para-estacion-total\\\/\",\"url\":\"https:\\\/\\\/settopsurvey.com\\\/settop_website\\\/es\\\/product\\\/plataforma-de-pilar-para-estacion-total\\\/\",\"name\":\"Plataforma de pilar para estaci\u00f3n total - Settop\",\"isPartOf\":{\"@id\":\"https:\\\/\\\/settopsurvey.com\\\/settop_website\\\/#website\"},\"primaryImageOfPage\":{\"@id\":\"https:\\\/\\\/settopsurvey.com\\\/settop_website\\\/es\\\/product\\\/plataforma-de-pilar-para-estacion-total\\\/#primaryimage\"},\"image\":{\"@id\":\"https:\\\/\\\/settopsurvey.com\\\/settop_website\\\/es\\\/product\\\/plataforma-de-pilar-para-estacion-total\\\/#primaryimage\"},\"thumbnailUrl\":\"https:\\\/\\\/settopsurvey.com\\\/settop_website\\\/wp-content\\\/uploads\\\/Consumibles-auscultacion-890305.png\",\"datePublished\":\"2022-07-18T17:08:05+00:00\",\"dateModified\":\"2022-11-02T17:39:20+00:00\",\"breadcrumb\":{\"@id\":\"https:\\\/\\\/settopsurvey.com\\\/settop_website\\\/es\\\/product\\\/plataforma-de-pilar-para-estacion-total\\\/#breadcrumb\"},\"inLanguage\":\"es\",\"potentialAction\":[{\"@type\":\"ReadAction\",\"target\":[\"https:\\\/\\\/settopsurvey.com\\\/settop_website\\\/es\\\/product\\\/plataforma-de-pilar-para-estacion-total\\\/\"]}]},{\"@type\":\"ImageObject\",\"inLanguage\":\"es\",\"@id\":\"https:\\\/\\\/settopsurvey.com\\\/settop_website\\\/es\\\/product\\\/plataforma-de-pilar-para-estacion-total\\\/#primaryimage\",\"url\":\"https:\\\/\\\/settopsurvey.com\\\/settop_website\\\/wp-content\\\/uploads\\\/Consumibles-auscultacion-890305.png\",\"contentUrl\":\"https:\\\/\\\/settopsurvey.com\\\/settop_website\\\/wp-content\\\/uploads\\\/Consumibles-auscultacion-890305.png\",\"width\":425,\"height\":425},{\"@type\":\"BreadcrumbList\",\"@id\":\"https:\\\/\\\/settopsurvey.com\\\/settop_website\\\/es\\\/product\\\/plataforma-de-pilar-para-estacion-total\\\/#breadcrumb\",\"itemListElement\":[{\"@type\":\"ListItem\",\"position\":1,\"name\":\"Portada\",\"item\":\"https:\\\/\\\/settopsurvey.com\\\/settop_website\\\/\"},{\"@type\":\"ListItem\",\"position\":2,\"name\":\"Shop\",\"item\":\"https:\\\/\\\/settopsurvey.com\\\/settop_website\\\/shop\\\/\"},{\"@type\":\"ListItem\",\"position\":3,\"name\":\"Plataforma de pilar para estaci\u00f3n total\"}]},{\"@type\":\"WebSite\",\"@id\":\"https:\\\/\\\/settopsurvey.com\\\/settop_website\\\/#website\",\"url\":\"https:\\\/\\\/settopsurvey.com\\\/settop_website\\\/\",\"name\":\"Settop\",\"description\":\"Advanced technology in surveying instruments\",\"potentialAction\":[{\"@type\":\"SearchAction\",\"target\":{\"@type\":\"EntryPoint\",\"urlTemplate\":\"https:\\\/\\\/settopsurvey.com\\\/settop_website\\\/?s={search_term_string}\"},\"query-input\":{\"@type\":\"PropertyValueSpecification\",\"valueRequired\":true,\"valueName\":\"search_term_string\"}}],\"inLanguage\":\"es\"}]}<\/script>\n<!-- \/ Yoast SEO plugin. -->","yoast_head_json":{"title":"Plataforma de pilar para estaci\u00f3n total - Settop","robots":{"index":"index","follow":"follow","max-snippet":"max-snippet:-1","max-image-preview":"max-image-preview:large","max-video-preview":"max-video-preview:-1"},"canonical":"https:\/\/settopsurvey.com\/settop_website\/es\/product\/plataforma-de-pilar-para-estacion-total\/","og_locale":"es_ES","og_type":"article","og_title":"Plataforma de pilar para estaci\u00f3n total - Settop","og_description":"Plataforma de pilar para estaci\u00f3n total. Plataforma de pilar y cubierta de pilar de hormig\u00f3n. Ideal para instalar estaciones totales o antenas GNSS. El conjunto consta de:   1 base de lat\u00f3n \/ cobre (149 \u00d7 10 mm de di\u00e1metro)  3 tornillos de lat\u00f3n de 5\/8 \"x 20.  1 cubierta de PVC (160 \u00d7 38 mm de di\u00e1metro) con un orificio roscado de 5\/8 \"","og_url":"https:\/\/settopsurvey.com\/settop_website\/es\/product\/plataforma-de-pilar-para-estacion-total\/","og_site_name":"Settop","article_modified_time":"2022-11-02T17:39:20+00:00","og_image":[{"width":425,"height":425,"url":"https:\/\/settopsurvey.com\/settop_website\/wp-content\/uploads\/Consumibles-auscultacion-890305.png","type":"image\/png"}],"twitter_card":"summary_large_image","schema":{"@context":"https:\/\/schema.org","@graph":[{"@type":"WebPage","@id":"https:\/\/settopsurvey.com\/settop_website\/es\/product\/plataforma-de-pilar-para-estacion-total\/","url":"https:\/\/settopsurvey.com\/settop_website\/es\/product\/plataforma-de-pilar-para-estacion-total\/","name":"Plataforma de pilar para estaci\u00f3n total - Settop","isPartOf":{"@id":"https:\/\/settopsurvey.com\/settop_website\/#website"},"primaryImageOfPage":{"@id":"https:\/\/settopsurvey.com\/settop_website\/es\/product\/plataforma-de-pilar-para-estacion-total\/#primaryimage"},"image":{"@id":"https:\/\/settopsurvey.com\/settop_website\/es\/product\/plataforma-de-pilar-para-estacion-total\/#primaryimage"},"thumbnailUrl":"https:\/\/settopsurvey.com\/settop_website\/wp-content\/uploads\/Consumibles-auscultacion-890305.png","datePublished":"2022-07-18T17:08:05+00:00","dateModified":"2022-11-02T17:39:20+00:00","breadcrumb":{"@id":"https:\/\/settopsurvey.com\/settop_website\/es\/product\/plataforma-de-pilar-para-estacion-total\/#breadcrumb"},"inLanguage":"es","potentialAction":[{"@type":"ReadAction","target":["https:\/\/settopsurvey.com\/settop_website\/es\/product\/plataforma-de-pilar-para-estacion-total\/"]}]},{"@type":"ImageObject","inLanguage":"es","@id":"https:\/\/settopsurvey.com\/settop_website\/es\/product\/plataforma-de-pilar-para-estacion-total\/#primaryimage","url":"https:\/\/settopsurvey.com\/settop_website\/wp-content\/uploads\/Consumibles-auscultacion-890305.png","contentUrl":"https:\/\/settopsurvey.com\/settop_website\/wp-content\/uploads\/Consumibles-auscultacion-890305.png","width":425,"height":425},{"@type":"BreadcrumbList","@id":"https:\/\/settopsurvey.com\/settop_website\/es\/product\/plataforma-de-pilar-para-estacion-total\/#breadcrumb","itemListElement":[{"@type":"ListItem","position":1,"name":"Portada","item":"https:\/\/settopsurvey.com\/settop_website\/"},{"@type":"ListItem","position":2,"name":"Shop","item":"https:\/\/settopsurvey.com\/settop_website\/shop\/"},{"@type":"ListItem","position":3,"name":"Plataforma de pilar para estaci\u00f3n total"}]},{"@type":"WebSite","@id":"https:\/\/settopsurvey.com\/settop_website\/#website","url":"https:\/\/settopsurvey.com\/settop_website\/","name":"Settop","description":"Advanced technology in surveying instruments","potentialAction":[{"@type":"SearchAction","target":{"@type":"EntryPoint","urlTemplate":"https:\/\/settopsurvey.com\/settop_website\/?s={search_term_string}"},"query-input":{"@type":"PropertyValueSpecification","valueRequired":true,"valueName":"search_term_string"}}],"inLanguage":"es"}]}},"_links":{"self":[{"href":"https:\/\/settopsurvey.com\/settop_website\/wp-json\/wp\/v2\/product\/3460","targetHints":{"allow":["GET"]}}],"collection":[{"href":"https:\/\/settopsurvey.com\/settop_website\/wp-json\/wp\/v2\/product"}],"about":[{"href":"https:\/\/settopsurvey.com\/settop_website\/wp-json\/wp\/v2\/types\/product"}],"wp:featuredmedia":[{"embeddable":true,"href":"https:\/\/settopsurvey.com\/settop_website\/wp-json\/wp\/v2\/media\/3301"}],"wp:attachment":[{"href":"https:\/\/settopsurvey.com\/settop_website\/wp-json\/wp\/v2\/media?parent=3460"}],"wp:term":[{"taxonomy":"product_brand","embeddable":true,"href":"https:\/\/settopsurvey.com\/settop_website\/wp-json\/wp\/v2\/product_brand?post=3460"},{"taxonomy":"product_cat","embeddable":true,"href":"https:\/\/settopsurvey.com\/settop_website\/wp-json\/wp\/v2\/product_cat?post=3460"},{"taxonomy":"product_tag","embeddable":true,"href":"https:\/\/settopsurvey.com\/settop_website\/wp-json\/wp\/v2\/product_tag?post=3460"}],"curies":[{"name":"wp","href":"https:\/\/api.w.org\/{rel}","templated":true}]}}