{"id":3446,"date":"2022-07-18T19:03:10","date_gmt":"2022-07-18T17:03:10","guid":{"rendered":"https:\/\/settopsurvey.com\/settop_website\/product\/prisma-reflectante-myzox-z220p\/"},"modified":"2022-07-19T09:42:08","modified_gmt":"2022-07-19T07:42:08","slug":"prisma-reflectante-myzox-z220p","status":"publish","type":"product","link":"https:\/\/settopsurvey.com\/settop_website\/es\/product\/prisma-reflectante-myzox-z220p\/","title":{"rendered":"Prisma reflectante Myzox Z220P"},"content":{"rendered":"","protected":false},"excerpt":{"rendered":"<p>Prisma MYZOX Z-220P reflectante de gran angular. Miniprisma adaptable a jal\u00f3n 5\/8&#8243; y varillas. Incluye br\u00fajula y adaptador a 5\/8&#8243;.<\/p>\n<ul>\n<li class=\"bullet-checkmark\">Constante de prisma de 0 mm que evita errores de medida.<\/li>\n<li class=\"bullet-checkmark\">Para una medici\u00f3n m\u00e1s precisa, el centro del prisma se puede comprobar desde detr\u00e1s.<\/li>\n<li class=\"bullet-checkmark\">Posicionamiento perfecto del prisma para proporcionar una medici\u00f3n estable y precisa.<\/li>\n<li class=\"bullet-checkmark\">Recubrimiento espec\u00edfico para una reflexi\u00f3n anti difusa.<\/li>\n<li class=\"bullet-checkmark\">Nivel circular integrado 40&#8242; \/ 2mm para comprobaci\u00f3n durante la medici\u00f3n.<\/li>\n<li class=\"bullet-checkmark\">Cada prisma es independiente y reparable en caso de rotura.<\/li>\n<li class=\"bullet-checkmark\">Disponible bast\u00f3n de 9 mm de di\u00e1metro.<\/li>\n<\/ul>\n<p>Especificaciones<\/p>\n<ul>\n<li>Constante del prisma: 0mm<\/li>\n<li>Medida: 45x65x50<\/li>\n<li>Peso: 137 g<\/li>\n<li>Nivel circular: 40\u00b4\/ 2mm<\/li>\n<\/ul>\n","protected":false},"featured_media":3403,"template":"","meta":[],"product_brand":[],"product_cat":[323],"product_tag":[],"class_list":{"0":"post-3446","1":"product","2":"type-product","3":"status-publish","4":"has-post-thumbnail","6":"product_cat-prismas-y-objetivos-para-auscultacion","8":"first","9":"instock","10":"shipping-taxable","11":"product-type-simple"},"yoast_head":"<!-- This site is optimized with the Yoast SEO plugin v27.3 - https:\/\/yoast.com\/product\/yoast-seo-wordpress\/ -->\n<title>Prisma reflectante Myzox Z220P - Settop<\/title>\n<meta name=\"robots\" content=\"index, follow, max-snippet:-1, max-image-preview:large, max-video-preview:-1\" \/>\n<link rel=\"canonical\" href=\"https:\/\/settopsurvey.com\/settop_website\/es\/product\/prisma-reflectante-myzox-z220p\/\" \/>\n<meta property=\"og:locale\" content=\"es_ES\" \/>\n<meta property=\"og:type\" content=\"article\" \/>\n<meta property=\"og:title\" content=\"Prisma reflectante Myzox Z220P - Settop\" \/>\n<meta property=\"og:description\" content=\"Prisma MYZOX Z-220P reflectante de gran angular. Miniprisma adaptable a jal\u00f3n 5\/8&quot; y varillas. Incluye br\u00fajula y adaptador a 5\/8&quot;.   Constante de prisma de 0 mm que evita errores de medida.  Para una medici\u00f3n m\u00e1s precisa, el centro del prisma se puede comprobar desde detr\u00e1s.  Posicionamiento perfecto del prisma para proporcionar una medici\u00f3n estable y precisa.  Recubrimiento espec\u00edfico para una reflexi\u00f3n anti difusa.  Nivel circular integrado 40&#039; \/ 2mm para comprobaci\u00f3n durante la medici\u00f3n.  Cada prisma es independiente y reparable en caso de rotura.  Disponible bast\u00f3n de 9 mm de di\u00e1metro.  Especificaciones   Constante del prisma: 0mm  Medida: 45x65x50  Peso: 137 g  Nivel circular: 40\u00b4\/ 2mm\" \/>\n<meta property=\"og:url\" content=\"https:\/\/settopsurvey.com\/settop_website\/es\/product\/prisma-reflectante-myzox-z220p\/\" \/>\n<meta property=\"og:site_name\" content=\"Settop\" \/>\n<meta property=\"article:modified_time\" content=\"2022-07-19T07:42:08+00:00\" \/>\n<meta property=\"og:image\" content=\"https:\/\/settopsurvey.com\/settop_website\/wp-content\/uploads\/Z-220P-1.png\" \/>\n\t<meta property=\"og:image:width\" content=\"425\" \/>\n\t<meta property=\"og:image:height\" content=\"425\" \/>\n\t<meta property=\"og:image:type\" content=\"image\/png\" \/>\n<meta name=\"twitter:card\" content=\"summary_large_image\" \/>\n<script type=\"application\/ld+json\" class=\"yoast-schema-graph\">{\"@context\":\"https:\\\/\\\/schema.org\",\"@graph\":[{\"@type\":\"WebPage\",\"@id\":\"https:\\\/\\\/settopsurvey.com\\\/settop_website\\\/es\\\/product\\\/prisma-reflectante-myzox-z220p\\\/\",\"url\":\"https:\\\/\\\/settopsurvey.com\\\/settop_website\\\/es\\\/product\\\/prisma-reflectante-myzox-z220p\\\/\",\"name\":\"Prisma reflectante Myzox Z220P - Settop\",\"isPartOf\":{\"@id\":\"https:\\\/\\\/settopsurvey.com\\\/settop_website\\\/#website\"},\"primaryImageOfPage\":{\"@id\":\"https:\\\/\\\/settopsurvey.com\\\/settop_website\\\/es\\\/product\\\/prisma-reflectante-myzox-z220p\\\/#primaryimage\"},\"image\":{\"@id\":\"https:\\\/\\\/settopsurvey.com\\\/settop_website\\\/es\\\/product\\\/prisma-reflectante-myzox-z220p\\\/#primaryimage\"},\"thumbnailUrl\":\"https:\\\/\\\/settopsurvey.com\\\/settop_website\\\/wp-content\\\/uploads\\\/Z-220P-1.png\",\"datePublished\":\"2022-07-18T17:03:10+00:00\",\"dateModified\":\"2022-07-19T07:42:08+00:00\",\"breadcrumb\":{\"@id\":\"https:\\\/\\\/settopsurvey.com\\\/settop_website\\\/es\\\/product\\\/prisma-reflectante-myzox-z220p\\\/#breadcrumb\"},\"inLanguage\":\"es\",\"potentialAction\":[{\"@type\":\"ReadAction\",\"target\":[\"https:\\\/\\\/settopsurvey.com\\\/settop_website\\\/es\\\/product\\\/prisma-reflectante-myzox-z220p\\\/\"]}]},{\"@type\":\"ImageObject\",\"inLanguage\":\"es\",\"@id\":\"https:\\\/\\\/settopsurvey.com\\\/settop_website\\\/es\\\/product\\\/prisma-reflectante-myzox-z220p\\\/#primaryimage\",\"url\":\"https:\\\/\\\/settopsurvey.com\\\/settop_website\\\/wp-content\\\/uploads\\\/Z-220P-1.png\",\"contentUrl\":\"https:\\\/\\\/settopsurvey.com\\\/settop_website\\\/wp-content\\\/uploads\\\/Z-220P-1.png\",\"width\":425,\"height\":425},{\"@type\":\"BreadcrumbList\",\"@id\":\"https:\\\/\\\/settopsurvey.com\\\/settop_website\\\/es\\\/product\\\/prisma-reflectante-myzox-z220p\\\/#breadcrumb\",\"itemListElement\":[{\"@type\":\"ListItem\",\"position\":1,\"name\":\"Portada\",\"item\":\"https:\\\/\\\/settopsurvey.com\\\/settop_website\\\/\"},{\"@type\":\"ListItem\",\"position\":2,\"name\":\"Shop\",\"item\":\"https:\\\/\\\/settopsurvey.com\\\/settop_website\\\/shop\\\/\"},{\"@type\":\"ListItem\",\"position\":3,\"name\":\"Prisma reflectante Myzox Z220P\"}]},{\"@type\":\"WebSite\",\"@id\":\"https:\\\/\\\/settopsurvey.com\\\/settop_website\\\/#website\",\"url\":\"https:\\\/\\\/settopsurvey.com\\\/settop_website\\\/\",\"name\":\"Settop\",\"description\":\"Advanced technology in surveying instruments\",\"potentialAction\":[{\"@type\":\"SearchAction\",\"target\":{\"@type\":\"EntryPoint\",\"urlTemplate\":\"https:\\\/\\\/settopsurvey.com\\\/settop_website\\\/?s={search_term_string}\"},\"query-input\":{\"@type\":\"PropertyValueSpecification\",\"valueRequired\":true,\"valueName\":\"search_term_string\"}}],\"inLanguage\":\"es\"}]}<\/script>\n<!-- \/ Yoast SEO plugin. -->","yoast_head_json":{"title":"Prisma reflectante Myzox Z220P - Settop","robots":{"index":"index","follow":"follow","max-snippet":"max-snippet:-1","max-image-preview":"max-image-preview:large","max-video-preview":"max-video-preview:-1"},"canonical":"https:\/\/settopsurvey.com\/settop_website\/es\/product\/prisma-reflectante-myzox-z220p\/","og_locale":"es_ES","og_type":"article","og_title":"Prisma reflectante Myzox Z220P - Settop","og_description":"Prisma MYZOX Z-220P reflectante de gran angular. Miniprisma adaptable a jal\u00f3n 5\/8\" y varillas. Incluye br\u00fajula y adaptador a 5\/8\".   Constante de prisma de 0 mm que evita errores de medida.  Para una medici\u00f3n m\u00e1s precisa, el centro del prisma se puede comprobar desde detr\u00e1s.  Posicionamiento perfecto del prisma para proporcionar una medici\u00f3n estable y precisa.  Recubrimiento espec\u00edfico para una reflexi\u00f3n anti difusa.  Nivel circular integrado 40' \/ 2mm para comprobaci\u00f3n durante la medici\u00f3n.  Cada prisma es independiente y reparable en caso de rotura.  Disponible bast\u00f3n de 9 mm de di\u00e1metro.  Especificaciones   Constante del prisma: 0mm  Medida: 45x65x50  Peso: 137 g  Nivel circular: 40\u00b4\/ 2mm","og_url":"https:\/\/settopsurvey.com\/settop_website\/es\/product\/prisma-reflectante-myzox-z220p\/","og_site_name":"Settop","article_modified_time":"2022-07-19T07:42:08+00:00","og_image":[{"width":425,"height":425,"url":"https:\/\/settopsurvey.com\/settop_website\/wp-content\/uploads\/Z-220P-1.png","type":"image\/png"}],"twitter_card":"summary_large_image","schema":{"@context":"https:\/\/schema.org","@graph":[{"@type":"WebPage","@id":"https:\/\/settopsurvey.com\/settop_website\/es\/product\/prisma-reflectante-myzox-z220p\/","url":"https:\/\/settopsurvey.com\/settop_website\/es\/product\/prisma-reflectante-myzox-z220p\/","name":"Prisma reflectante Myzox Z220P - Settop","isPartOf":{"@id":"https:\/\/settopsurvey.com\/settop_website\/#website"},"primaryImageOfPage":{"@id":"https:\/\/settopsurvey.com\/settop_website\/es\/product\/prisma-reflectante-myzox-z220p\/#primaryimage"},"image":{"@id":"https:\/\/settopsurvey.com\/settop_website\/es\/product\/prisma-reflectante-myzox-z220p\/#primaryimage"},"thumbnailUrl":"https:\/\/settopsurvey.com\/settop_website\/wp-content\/uploads\/Z-220P-1.png","datePublished":"2022-07-18T17:03:10+00:00","dateModified":"2022-07-19T07:42:08+00:00","breadcrumb":{"@id":"https:\/\/settopsurvey.com\/settop_website\/es\/product\/prisma-reflectante-myzox-z220p\/#breadcrumb"},"inLanguage":"es","potentialAction":[{"@type":"ReadAction","target":["https:\/\/settopsurvey.com\/settop_website\/es\/product\/prisma-reflectante-myzox-z220p\/"]}]},{"@type":"ImageObject","inLanguage":"es","@id":"https:\/\/settopsurvey.com\/settop_website\/es\/product\/prisma-reflectante-myzox-z220p\/#primaryimage","url":"https:\/\/settopsurvey.com\/settop_website\/wp-content\/uploads\/Z-220P-1.png","contentUrl":"https:\/\/settopsurvey.com\/settop_website\/wp-content\/uploads\/Z-220P-1.png","width":425,"height":425},{"@type":"BreadcrumbList","@id":"https:\/\/settopsurvey.com\/settop_website\/es\/product\/prisma-reflectante-myzox-z220p\/#breadcrumb","itemListElement":[{"@type":"ListItem","position":1,"name":"Portada","item":"https:\/\/settopsurvey.com\/settop_website\/"},{"@type":"ListItem","position":2,"name":"Shop","item":"https:\/\/settopsurvey.com\/settop_website\/shop\/"},{"@type":"ListItem","position":3,"name":"Prisma reflectante Myzox Z220P"}]},{"@type":"WebSite","@id":"https:\/\/settopsurvey.com\/settop_website\/#website","url":"https:\/\/settopsurvey.com\/settop_website\/","name":"Settop","description":"Advanced technology in surveying instruments","potentialAction":[{"@type":"SearchAction","target":{"@type":"EntryPoint","urlTemplate":"https:\/\/settopsurvey.com\/settop_website\/?s={search_term_string}"},"query-input":{"@type":"PropertyValueSpecification","valueRequired":true,"valueName":"search_term_string"}}],"inLanguage":"es"}]}},"_links":{"self":[{"href":"https:\/\/settopsurvey.com\/settop_website\/wp-json\/wp\/v2\/product\/3446","targetHints":{"allow":["GET"]}}],"collection":[{"href":"https:\/\/settopsurvey.com\/settop_website\/wp-json\/wp\/v2\/product"}],"about":[{"href":"https:\/\/settopsurvey.com\/settop_website\/wp-json\/wp\/v2\/types\/product"}],"wp:featuredmedia":[{"embeddable":true,"href":"https:\/\/settopsurvey.com\/settop_website\/wp-json\/wp\/v2\/media\/3403"}],"wp:attachment":[{"href":"https:\/\/settopsurvey.com\/settop_website\/wp-json\/wp\/v2\/media?parent=3446"}],"wp:term":[{"taxonomy":"product_brand","embeddable":true,"href":"https:\/\/settopsurvey.com\/settop_website\/wp-json\/wp\/v2\/product_brand?post=3446"},{"taxonomy":"product_cat","embeddable":true,"href":"https:\/\/settopsurvey.com\/settop_website\/wp-json\/wp\/v2\/product_cat?post=3446"},{"taxonomy":"product_tag","embeddable":true,"href":"https:\/\/settopsurvey.com\/settop_website\/wp-json\/wp\/v2\/product_tag?post=3446"}],"curies":[{"name":"wp","href":"https:\/\/api.w.org\/{rel}","templated":true}]}}