{"id":2897,"date":"2021-03-29T08:38:28","date_gmt":"2021-03-29T06:38:28","guid":{"rendered":"https:\/\/settopsurvey.com\/settop_website\/?post_type=product&#038;p=2897"},"modified":"2022-08-28T06:36:04","modified_gmt":"2022-08-28T04:36:04","slug":"settop-octohub-v2-es","status":"publish","type":"product","link":"https:\/\/settopsurvey.com\/settop_website\/es\/product\/settop-octohub-v2-es\/","title":{"rendered":"Settop OctoHub v2"},"content":{"rendered":"<h4>Settop Octohub Downloads<\/h4>\r\n<ul>\r\n \t<li class=\"bullet-star\"><a href=\"https:\/\/drive.google.com\/drive\/folders\/1XFVDc3XAW3RoxmyBn3BwU1t408Wfubkf?usp=sharing\" target=\"_blank\" rel=\"noopener noreferrer\">Product information &amp; Documentation<\/a><\/li>\r\n<\/ul>\n","protected":false},"excerpt":{"rendered":"<p>Settop OctoHub v2 accesorio para auscultaci\u00f3n. Aumente las posibilidades de settop m1 con el multiplicador de conexiones Settop Octohub v2. Accesorio multiplicador de puertos Con Settop OctoHub v2 se abre un abanico de posibilidades de conexi\u00f3n a diversos sensores y dispositivos a trav\u00e9s de el Settop M1. Con los m\u00faltiples puertos de comunicaciones existentes concentrados en un \u00fanico dispositivo, olv\u00eddese de problemas de organizaci\u00f3n de cables en espacios reducidos, quedarse sin el dato de un sensor espec\u00edfico para poder ser analizado. T\u00e9ngalo todo controlado al alcance de la mano.<\/p>\n<div class=\"row\"  id=\"row-1733846466\">\n\n\t<div id=\"col-66036323\" class=\"col medium-1\/2 large-6\"  >\n\t\t\t\t<div class=\"col-inner\"  >\n\t\t\t\n\t\t\t\n<strong>Ventajas<\/strong><\/p>\n<ul>\n<li>Dispositivo compacto<\/li>\n<li>Conexi\u00f3n a trav\u00e9s de un \u00fanico cable<\/li>\n<li>Organizaci\u00f3n de cables<\/li>\n<li>Control de la energ\u00eda de la estaci\u00f3n total y sensores conectados<\/li>\n<\/ul>\n\t\t<\/div>\n\t\t\t\t\t<\/div>\n\n\t\n\n\t<div id=\"col-1305547506\" class=\"col medium-1\/2 large-6\"  >\n\t\t\t\t<div class=\"col-inner\"  >\n\t\t\t\n\t\t\t\n<img loading=\"lazy\" decoding=\"async\" class=\"alignnone size-full wp-image-2896\" src=\"https:\/\/settopsurvey.com\/settop_website\/wp-content\/uploads\/Settop-OctoHub-v2-esquema.png\" alt=\"\" width=\"571\" height=\"449\" srcset=\"https:\/\/settopsurvey.com\/settop_website\/wp-content\/uploads\/Settop-OctoHub-v2-esquema.png 571w, https:\/\/settopsurvey.com\/settop_website\/wp-content\/uploads\/Settop-OctoHub-v2-esquema-509x400.png 509w\" sizes=\"auto, (max-width: 571px) 100vw, 571px\" \/><\/p>\n\t\t<\/div>\n\t\t\t\t\t<\/div>\n\n\t\n<\/div>\n","protected":false},"featured_media":2895,"template":"","meta":[],"product_brand":[],"product_cat":[203,317],"product_tag":[],"class_list":{"0":"post-2897","1":"product","2":"type-product","3":"status-publish","4":"has-post-thumbnail","6":"product_cat-accesorios-de-auscultacion-es","7":"product_cat-comunicaciones-para-auscultacion","9":"first","10":"instock","11":"shipping-taxable","12":"product-type-simple"},"yoast_head":"<!-- This site is optimized with the Yoast SEO plugin v26.7 - https:\/\/yoast.com\/wordpress\/plugins\/seo\/ -->\n<title>Settop OctoHub v2 - Settop<\/title>\n<meta name=\"description\" content=\"Settop OctoHub v2 accesorio para auscultaci\u00f3n. Aumente las posibilidades de settop m1 con el multiplicador de conexiones Settop Octohub v2. Accesorio multiplicador de puertos Con Settop OctoHub v2 se abre un abanico de posibilidades de conexi\u00f3n a diversos sensores y dispositivos a trav\u00e9s de el Settop M1. Con los m\u00faltiples puertos de comunicaciones existentes concentrados en un \u00fanico dispositivo, olv\u00eddese de problemas de organizaci\u00f3n de cables en espacios reducidos, quedarse sin el dato de un sensor espec\u00edfico para poder ser analizado. T\u00e9ngalo todo controlado al alcance de la mano.\" \/>\n<meta name=\"robots\" content=\"index, follow, max-snippet:-1, max-image-preview:large, max-video-preview:-1\" \/>\n<link rel=\"canonical\" href=\"https:\/\/settopsurvey.com\/settop_website\/es\/product\/settop-octohub-v2-es\/\" \/>\n<meta property=\"og:locale\" content=\"es_ES\" \/>\n<meta property=\"og:type\" content=\"article\" \/>\n<meta property=\"og:title\" content=\"Settop OctoHub v2 - Settop\" \/>\n<meta property=\"og:description\" content=\"Settop OctoHub v2 accesorio para auscultaci\u00f3n. Aumente las posibilidades de settop m1 con el multiplicador de conexiones Settop Octohub v2. Accesorio multiplicador de puertos Con Settop OctoHub v2 se abre un abanico de posibilidades de conexi\u00f3n a diversos sensores y dispositivos a trav\u00e9s de el Settop M1. Con los m\u00faltiples puertos de comunicaciones existentes concentrados en un \u00fanico dispositivo, olv\u00eddese de problemas de organizaci\u00f3n de cables en espacios reducidos, quedarse sin el dato de un sensor espec\u00edfico para poder ser analizado. T\u00e9ngalo todo controlado al alcance de la mano.\" \/>\n<meta property=\"og:url\" content=\"https:\/\/settopsurvey.com\/settop_website\/es\/product\/settop-octohub-v2-es\/\" \/>\n<meta property=\"og:site_name\" content=\"Settop\" \/>\n<meta property=\"article:modified_time\" content=\"2022-08-28T04:36:04+00:00\" \/>\n<meta property=\"og:image\" content=\"https:\/\/settopsurvey.com\/settop_website\/wp-content\/uploads\/Settop-Octohub-v2.png\" \/>\n\t<meta property=\"og:image:width\" content=\"425\" \/>\n\t<meta property=\"og:image:height\" content=\"425\" \/>\n\t<meta property=\"og:image:type\" content=\"image\/png\" \/>\n<meta name=\"twitter:card\" content=\"summary_large_image\" \/>\n<meta name=\"twitter:label1\" content=\"Tiempo de lectura\" \/>\n\t<meta name=\"twitter:data1\" content=\"1 minuto\" \/>\n<script type=\"application\/ld+json\" class=\"yoast-schema-graph\">{\"@context\":\"https:\/\/schema.org\",\"@graph\":[{\"@type\":\"WebPage\",\"@id\":\"https:\/\/settopsurvey.com\/settop_website\/es\/product\/settop-octohub-v2-es\/\",\"url\":\"https:\/\/settopsurvey.com\/settop_website\/es\/product\/settop-octohub-v2-es\/\",\"name\":\"Settop OctoHub v2 - Settop\",\"isPartOf\":{\"@id\":\"https:\/\/settopsurvey.com\/settop_website\/#website\"},\"primaryImageOfPage\":{\"@id\":\"https:\/\/settopsurvey.com\/settop_website\/es\/product\/settop-octohub-v2-es\/#primaryimage\"},\"image\":{\"@id\":\"https:\/\/settopsurvey.com\/settop_website\/es\/product\/settop-octohub-v2-es\/#primaryimage\"},\"thumbnailUrl\":\"https:\/\/settopsurvey.com\/settop_website\/wp-content\/uploads\/Settop-Octohub-v2.png\",\"datePublished\":\"2021-03-29T06:38:28+00:00\",\"dateModified\":\"2022-08-28T04:36:04+00:00\",\"description\":\"Settop OctoHub v2 accesorio para auscultaci\u00f3n. Aumente las posibilidades de settop m1 con el multiplicador de conexiones Settop Octohub v2. Accesorio multiplicador de puertos Con Settop OctoHub v2 se abre un abanico de posibilidades de conexi\u00f3n a diversos sensores y dispositivos a trav\u00e9s de el Settop M1. Con los m\u00faltiples puertos de comunicaciones existentes concentrados en un \u00fanico dispositivo, olv\u00eddese de problemas de organizaci\u00f3n de cables en espacios reducidos, quedarse sin el dato de un sensor espec\u00edfico para poder ser analizado. T\u00e9ngalo todo controlado al alcance de la mano.\",\"breadcrumb\":{\"@id\":\"https:\/\/settopsurvey.com\/settop_website\/es\/product\/settop-octohub-v2-es\/#breadcrumb\"},\"inLanguage\":\"es\",\"potentialAction\":[{\"@type\":\"ReadAction\",\"target\":[\"https:\/\/settopsurvey.com\/settop_website\/es\/product\/settop-octohub-v2-es\/\"]}]},{\"@type\":\"ImageObject\",\"inLanguage\":\"es\",\"@id\":\"https:\/\/settopsurvey.com\/settop_website\/es\/product\/settop-octohub-v2-es\/#primaryimage\",\"url\":\"https:\/\/settopsurvey.com\/settop_website\/wp-content\/uploads\/Settop-Octohub-v2.png\",\"contentUrl\":\"https:\/\/settopsurvey.com\/settop_website\/wp-content\/uploads\/Settop-Octohub-v2.png\",\"width\":425,\"height\":425},{\"@type\":\"BreadcrumbList\",\"@id\":\"https:\/\/settopsurvey.com\/settop_website\/es\/product\/settop-octohub-v2-es\/#breadcrumb\",\"itemListElement\":[{\"@type\":\"ListItem\",\"position\":1,\"name\":\"Portada\",\"item\":\"https:\/\/settopsurvey.com\/settop_website\/\"},{\"@type\":\"ListItem\",\"position\":2,\"name\":\"Shop\",\"item\":\"https:\/\/settopsurvey.com\/settop_website\/shop\/\"},{\"@type\":\"ListItem\",\"position\":3,\"name\":\"Settop OctoHub v2\"}]},{\"@type\":\"WebSite\",\"@id\":\"https:\/\/settopsurvey.com\/settop_website\/#website\",\"url\":\"https:\/\/settopsurvey.com\/settop_website\/\",\"name\":\"Settop\",\"description\":\"Advanced technology in surveying instruments\",\"potentialAction\":[{\"@type\":\"SearchAction\",\"target\":{\"@type\":\"EntryPoint\",\"urlTemplate\":\"https:\/\/settopsurvey.com\/settop_website\/?s={search_term_string}\"},\"query-input\":{\"@type\":\"PropertyValueSpecification\",\"valueRequired\":true,\"valueName\":\"search_term_string\"}}],\"inLanguage\":\"es\"}]}<\/script>\n<!-- \/ Yoast SEO plugin. -->","yoast_head_json":{"title":"Settop OctoHub v2 - Settop","description":"Settop OctoHub v2 accesorio para auscultaci\u00f3n. Aumente las posibilidades de settop m1 con el multiplicador de conexiones Settop Octohub v2. Accesorio multiplicador de puertos Con Settop OctoHub v2 se abre un abanico de posibilidades de conexi\u00f3n a diversos sensores y dispositivos a trav\u00e9s de el Settop M1. Con los m\u00faltiples puertos de comunicaciones existentes concentrados en un \u00fanico dispositivo, olv\u00eddese de problemas de organizaci\u00f3n de cables en espacios reducidos, quedarse sin el dato de un sensor espec\u00edfico para poder ser analizado. T\u00e9ngalo todo controlado al alcance de la mano.","robots":{"index":"index","follow":"follow","max-snippet":"max-snippet:-1","max-image-preview":"max-image-preview:large","max-video-preview":"max-video-preview:-1"},"canonical":"https:\/\/settopsurvey.com\/settop_website\/es\/product\/settop-octohub-v2-es\/","og_locale":"es_ES","og_type":"article","og_title":"Settop OctoHub v2 - Settop","og_description":"Settop OctoHub v2 accesorio para auscultaci\u00f3n. Aumente las posibilidades de settop m1 con el multiplicador de conexiones Settop Octohub v2. Accesorio multiplicador de puertos Con Settop OctoHub v2 se abre un abanico de posibilidades de conexi\u00f3n a diversos sensores y dispositivos a trav\u00e9s de el Settop M1. Con los m\u00faltiples puertos de comunicaciones existentes concentrados en un \u00fanico dispositivo, olv\u00eddese de problemas de organizaci\u00f3n de cables en espacios reducidos, quedarse sin el dato de un sensor espec\u00edfico para poder ser analizado. T\u00e9ngalo todo controlado al alcance de la mano.","og_url":"https:\/\/settopsurvey.com\/settop_website\/es\/product\/settop-octohub-v2-es\/","og_site_name":"Settop","article_modified_time":"2022-08-28T04:36:04+00:00","og_image":[{"width":425,"height":425,"url":"https:\/\/settopsurvey.com\/settop_website\/wp-content\/uploads\/Settop-Octohub-v2.png","type":"image\/png"}],"twitter_card":"summary_large_image","twitter_misc":{"Tiempo de lectura":"1 minuto"},"schema":{"@context":"https:\/\/schema.org","@graph":[{"@type":"WebPage","@id":"https:\/\/settopsurvey.com\/settop_website\/es\/product\/settop-octohub-v2-es\/","url":"https:\/\/settopsurvey.com\/settop_website\/es\/product\/settop-octohub-v2-es\/","name":"Settop OctoHub v2 - Settop","isPartOf":{"@id":"https:\/\/settopsurvey.com\/settop_website\/#website"},"primaryImageOfPage":{"@id":"https:\/\/settopsurvey.com\/settop_website\/es\/product\/settop-octohub-v2-es\/#primaryimage"},"image":{"@id":"https:\/\/settopsurvey.com\/settop_website\/es\/product\/settop-octohub-v2-es\/#primaryimage"},"thumbnailUrl":"https:\/\/settopsurvey.com\/settop_website\/wp-content\/uploads\/Settop-Octohub-v2.png","datePublished":"2021-03-29T06:38:28+00:00","dateModified":"2022-08-28T04:36:04+00:00","description":"Settop OctoHub v2 accesorio para auscultaci\u00f3n. Aumente las posibilidades de settop m1 con el multiplicador de conexiones Settop Octohub v2. Accesorio multiplicador de puertos Con Settop OctoHub v2 se abre un abanico de posibilidades de conexi\u00f3n a diversos sensores y dispositivos a trav\u00e9s de el Settop M1. Con los m\u00faltiples puertos de comunicaciones existentes concentrados en un \u00fanico dispositivo, olv\u00eddese de problemas de organizaci\u00f3n de cables en espacios reducidos, quedarse sin el dato de un sensor espec\u00edfico para poder ser analizado. T\u00e9ngalo todo controlado al alcance de la mano.","breadcrumb":{"@id":"https:\/\/settopsurvey.com\/settop_website\/es\/product\/settop-octohub-v2-es\/#breadcrumb"},"inLanguage":"es","potentialAction":[{"@type":"ReadAction","target":["https:\/\/settopsurvey.com\/settop_website\/es\/product\/settop-octohub-v2-es\/"]}]},{"@type":"ImageObject","inLanguage":"es","@id":"https:\/\/settopsurvey.com\/settop_website\/es\/product\/settop-octohub-v2-es\/#primaryimage","url":"https:\/\/settopsurvey.com\/settop_website\/wp-content\/uploads\/Settop-Octohub-v2.png","contentUrl":"https:\/\/settopsurvey.com\/settop_website\/wp-content\/uploads\/Settop-Octohub-v2.png","width":425,"height":425},{"@type":"BreadcrumbList","@id":"https:\/\/settopsurvey.com\/settop_website\/es\/product\/settop-octohub-v2-es\/#breadcrumb","itemListElement":[{"@type":"ListItem","position":1,"name":"Portada","item":"https:\/\/settopsurvey.com\/settop_website\/"},{"@type":"ListItem","position":2,"name":"Shop","item":"https:\/\/settopsurvey.com\/settop_website\/shop\/"},{"@type":"ListItem","position":3,"name":"Settop OctoHub v2"}]},{"@type":"WebSite","@id":"https:\/\/settopsurvey.com\/settop_website\/#website","url":"https:\/\/settopsurvey.com\/settop_website\/","name":"Settop","description":"Advanced technology in surveying instruments","potentialAction":[{"@type":"SearchAction","target":{"@type":"EntryPoint","urlTemplate":"https:\/\/settopsurvey.com\/settop_website\/?s={search_term_string}"},"query-input":{"@type":"PropertyValueSpecification","valueRequired":true,"valueName":"search_term_string"}}],"inLanguage":"es"}]}},"_links":{"self":[{"href":"https:\/\/settopsurvey.com\/settop_website\/wp-json\/wp\/v2\/product\/2897","targetHints":{"allow":["GET"]}}],"collection":[{"href":"https:\/\/settopsurvey.com\/settop_website\/wp-json\/wp\/v2\/product"}],"about":[{"href":"https:\/\/settopsurvey.com\/settop_website\/wp-json\/wp\/v2\/types\/product"}],"wp:featuredmedia":[{"embeddable":true,"href":"https:\/\/settopsurvey.com\/settop_website\/wp-json\/wp\/v2\/media\/2895"}],"wp:attachment":[{"href":"https:\/\/settopsurvey.com\/settop_website\/wp-json\/wp\/v2\/media?parent=2897"}],"wp:term":[{"taxonomy":"product_brand","embeddable":true,"href":"https:\/\/settopsurvey.com\/settop_website\/wp-json\/wp\/v2\/product_brand?post=2897"},{"taxonomy":"product_cat","embeddable":true,"href":"https:\/\/settopsurvey.com\/settop_website\/wp-json\/wp\/v2\/product_cat?post=2897"},{"taxonomy":"product_tag","embeddable":true,"href":"https:\/\/settopsurvey.com\/settop_website\/wp-json\/wp\/v2\/product_tag?post=2897"}],"curies":[{"name":"wp","href":"https:\/\/api.w.org\/{rel}","templated":true}]}}