{"id":2859,"date":"2021-03-24T16:16:29","date_gmt":"2021-03-24T15:16:29","guid":{"rendered":"https:\/\/settopsurvey.com\/settop_website\/?post_type=product&#038;p=2859"},"modified":"2023-12-28T13:07:54","modified_gmt":"2023-12-28T12:07:54","slug":"settop-dynamics-es","status":"publish","type":"product","link":"https:\/\/settopsurvey.com\/settop_website\/es\/product\/settop-dynamics-es\/","title":{"rendered":"Settop Dynamics"},"content":{"rendered":"","protected":false},"excerpt":{"rendered":"<p><strong>Software de posicionamiento de estructuras prefabricadas con precisi\u00f3n centim\u00e9trica. <\/strong>La soluci\u00f3n Settop Dynamics es un software de posicionamiento de estructuras prefabricadas en 3D que implementa la recepci\u00f3n de los datos de 3 receptores GNSS con el que se controla la ubicaci\u00f3n de la estructura para su correcta ubicaci\u00f3n y nivelado. El sistema Settop Dynamics permite guiarle de una manera f\u00e1cil y sencilla en el proceso de nivelado, posicionamiento exacto en relaci\u00f3n al proyecto y el chequeo de \u00e9stos una vez ubicados. La colocaci\u00f3n de muros pantalla, vigas de grandes dimensiones, precast-shells (plantillas de hormig\u00f3n prefabricadas) con precisi\u00f3n centim\u00e9trica puede resultar sencilla con la aplicaci\u00f3n Settop Dynamics.<\/p>\n<h4>Settop Neptune Dynamics Downloads<\/h4>\r\n<ul>\r\n \t<li class=\"bullet-star\"><a href=\"https:\/\/drive.google.com\/drive\/folders\/1PpA_l_kYB75i_omabP9pBu24Cry5kKvJ?usp=sharing\" target=\"_blank\" rel=\"noopener\">Product information and Documentation<\/a><\/li>\r\n \t<li class=\"bullet-star\"><a href=\"https:\/\/drive.google.com\/drive\/folders\/12yqsCcdUBPZRd9wUGJL7fuew_GjFe7B3?usp=sharing\" target=\"_blank\" rel=\"noopener\">Downloads<\/a><\/li>\r\n \t<li class=\"bullet-star\"><a href=\"https:\/\/drive.google.com\/drive\/folders\/1aaGRDEr3K04uk9-lDEHwkn6WGY0t6Cfr?usp=sharing\" target=\"_blank\" rel=\"noopener\">Brochure Settop Neptune<\/a><\/li>\r\n<\/ul>\n","protected":false},"featured_media":2839,"template":"","meta":[],"product_brand":[],"product_cat":[495],"product_tag":[],"class_list":{"0":"post-2859","1":"product","2":"type-product","3":"status-publish","4":"has-post-thumbnail","6":"product_cat-settop-dynamics-es","8":"first","9":"instock","10":"shipping-taxable","11":"product-type-simple"},"yoast_head":"<!-- This site is optimized with the Yoast SEO plugin v27.3 - https:\/\/yoast.com\/product\/yoast-seo-wordpress\/ -->\n<title>Settop Dynamics - Settop<\/title>\n<meta name=\"description\" content=\"Software de posicionamiento de estructuras prefabricadas con precisi\u00f3n centim\u00e9trica. La soluci\u00f3n Settop Dynamics es un software de posicionamiento de estructuras prefabricadas en 3D que implementa la recepci\u00f3n de los datos de 3 receptores GNSS con el que se controla la ubicaci\u00f3n de la estructura para su correcta ubicaci\u00f3n y nivelado. El sistema Settop Dynamics permite guiarle de una manera f\u00e1cil y sencilla en el proceso de nivelado, posicionamiento exacto en relaci\u00f3n al proyecto y el chequeo de \u00e9stos una vez ubicados. La colocaci\u00f3n de muros pantalla, vigas de grandes dimensiones, precast-shells (plantillas de hormig\u00f3n prefabricadas) con precisi\u00f3n centim\u00e9trica puede resultar sencilla con la aplicaci\u00f3n Settop Dynamics.\" \/>\n<meta name=\"robots\" content=\"index, follow, max-snippet:-1, max-image-preview:large, max-video-preview:-1\" \/>\n<link rel=\"canonical\" href=\"https:\/\/settopsurvey.com\/settop_website\/es\/product\/settop-dynamics-es\/\" \/>\n<meta property=\"og:locale\" content=\"es_ES\" \/>\n<meta property=\"og:type\" content=\"article\" \/>\n<meta property=\"og:title\" content=\"Settop Dynamics - Settop\" \/>\n<meta property=\"og:description\" content=\"Software de posicionamiento de estructuras prefabricadas con precisi\u00f3n centim\u00e9trica. La soluci\u00f3n Settop Dynamics es un software de posicionamiento de estructuras prefabricadas en 3D que implementa la recepci\u00f3n de los datos de 3 receptores GNSS con el que se controla la ubicaci\u00f3n de la estructura para su correcta ubicaci\u00f3n y nivelado. El sistema Settop Dynamics permite guiarle de una manera f\u00e1cil y sencilla en el proceso de nivelado, posicionamiento exacto en relaci\u00f3n al proyecto y el chequeo de \u00e9stos una vez ubicados. La colocaci\u00f3n de muros pantalla, vigas de grandes dimensiones, precast-shells (plantillas de hormig\u00f3n prefabricadas) con precisi\u00f3n centim\u00e9trica puede resultar sencilla con la aplicaci\u00f3n Settop Dynamics.\" \/>\n<meta property=\"og:url\" content=\"https:\/\/settopsurvey.com\/settop_website\/es\/product\/settop-dynamics-es\/\" \/>\n<meta property=\"og:site_name\" content=\"Settop\" \/>\n<meta property=\"article:modified_time\" content=\"2023-12-28T12:07:54+00:00\" \/>\n<meta property=\"og:image\" content=\"https:\/\/settopsurvey.com\/settop_website\/wp-content\/uploads\/Settop-Dynamics.png\" \/>\n\t<meta property=\"og:image:width\" content=\"425\" \/>\n\t<meta property=\"og:image:height\" content=\"425\" \/>\n\t<meta property=\"og:image:type\" content=\"image\/png\" \/>\n<meta name=\"twitter:card\" content=\"summary_large_image\" \/>\n<script type=\"application\/ld+json\" class=\"yoast-schema-graph\">{\"@context\":\"https:\\\/\\\/schema.org\",\"@graph\":[{\"@type\":\"WebPage\",\"@id\":\"https:\\\/\\\/settopsurvey.com\\\/settop_website\\\/es\\\/product\\\/settop-dynamics-es\\\/\",\"url\":\"https:\\\/\\\/settopsurvey.com\\\/settop_website\\\/es\\\/product\\\/settop-dynamics-es\\\/\",\"name\":\"Settop Dynamics - Settop\",\"isPartOf\":{\"@id\":\"https:\\\/\\\/settopsurvey.com\\\/settop_website\\\/#website\"},\"primaryImageOfPage\":{\"@id\":\"https:\\\/\\\/settopsurvey.com\\\/settop_website\\\/es\\\/product\\\/settop-dynamics-es\\\/#primaryimage\"},\"image\":{\"@id\":\"https:\\\/\\\/settopsurvey.com\\\/settop_website\\\/es\\\/product\\\/settop-dynamics-es\\\/#primaryimage\"},\"thumbnailUrl\":\"https:\\\/\\\/settopsurvey.com\\\/settop_website\\\/wp-content\\\/uploads\\\/Settop-Dynamics.png\",\"datePublished\":\"2021-03-24T15:16:29+00:00\",\"dateModified\":\"2023-12-28T12:07:54+00:00\",\"description\":\"Software de posicionamiento de estructuras prefabricadas con precisi\u00f3n centim\u00e9trica. La soluci\u00f3n Settop Dynamics es un software de posicionamiento de estructuras prefabricadas en 3D que implementa la recepci\u00f3n de los datos de 3 receptores GNSS con el que se controla la ubicaci\u00f3n de la estructura para su correcta ubicaci\u00f3n y nivelado. El sistema Settop Dynamics permite guiarle de una manera f\u00e1cil y sencilla en el proceso de nivelado, posicionamiento exacto en relaci\u00f3n al proyecto y el chequeo de \u00e9stos una vez ubicados. La colocaci\u00f3n de muros pantalla, vigas de grandes dimensiones, precast-shells (plantillas de hormig\u00f3n prefabricadas) con precisi\u00f3n centim\u00e9trica puede resultar sencilla con la aplicaci\u00f3n Settop Dynamics.\",\"breadcrumb\":{\"@id\":\"https:\\\/\\\/settopsurvey.com\\\/settop_website\\\/es\\\/product\\\/settop-dynamics-es\\\/#breadcrumb\"},\"inLanguage\":\"es\",\"potentialAction\":[{\"@type\":\"ReadAction\",\"target\":[\"https:\\\/\\\/settopsurvey.com\\\/settop_website\\\/es\\\/product\\\/settop-dynamics-es\\\/\"]}]},{\"@type\":\"ImageObject\",\"inLanguage\":\"es\",\"@id\":\"https:\\\/\\\/settopsurvey.com\\\/settop_website\\\/es\\\/product\\\/settop-dynamics-es\\\/#primaryimage\",\"url\":\"https:\\\/\\\/settopsurvey.com\\\/settop_website\\\/wp-content\\\/uploads\\\/Settop-Dynamics.png\",\"contentUrl\":\"https:\\\/\\\/settopsurvey.com\\\/settop_website\\\/wp-content\\\/uploads\\\/Settop-Dynamics.png\",\"width\":425,\"height\":425},{\"@type\":\"BreadcrumbList\",\"@id\":\"https:\\\/\\\/settopsurvey.com\\\/settop_website\\\/es\\\/product\\\/settop-dynamics-es\\\/#breadcrumb\",\"itemListElement\":[{\"@type\":\"ListItem\",\"position\":1,\"name\":\"Portada\",\"item\":\"https:\\\/\\\/settopsurvey.com\\\/settop_website\\\/\"},{\"@type\":\"ListItem\",\"position\":2,\"name\":\"Shop\",\"item\":\"https:\\\/\\\/settopsurvey.com\\\/settop_website\\\/shop\\\/\"},{\"@type\":\"ListItem\",\"position\":3,\"name\":\"Settop Dynamics\"}]},{\"@type\":\"WebSite\",\"@id\":\"https:\\\/\\\/settopsurvey.com\\\/settop_website\\\/#website\",\"url\":\"https:\\\/\\\/settopsurvey.com\\\/settop_website\\\/\",\"name\":\"Settop\",\"description\":\"Advanced technology in surveying instruments\",\"potentialAction\":[{\"@type\":\"SearchAction\",\"target\":{\"@type\":\"EntryPoint\",\"urlTemplate\":\"https:\\\/\\\/settopsurvey.com\\\/settop_website\\\/?s={search_term_string}\"},\"query-input\":{\"@type\":\"PropertyValueSpecification\",\"valueRequired\":true,\"valueName\":\"search_term_string\"}}],\"inLanguage\":\"es\"}]}<\/script>\n<!-- \/ Yoast SEO plugin. -->","yoast_head_json":{"title":"Settop Dynamics - Settop","description":"Software de posicionamiento de estructuras prefabricadas con precisi\u00f3n centim\u00e9trica. La soluci\u00f3n Settop Dynamics es un software de posicionamiento de estructuras prefabricadas en 3D que implementa la recepci\u00f3n de los datos de 3 receptores GNSS con el que se controla la ubicaci\u00f3n de la estructura para su correcta ubicaci\u00f3n y nivelado. El sistema Settop Dynamics permite guiarle de una manera f\u00e1cil y sencilla en el proceso de nivelado, posicionamiento exacto en relaci\u00f3n al proyecto y el chequeo de \u00e9stos una vez ubicados. La colocaci\u00f3n de muros pantalla, vigas de grandes dimensiones, precast-shells (plantillas de hormig\u00f3n prefabricadas) con precisi\u00f3n centim\u00e9trica puede resultar sencilla con la aplicaci\u00f3n Settop Dynamics.","robots":{"index":"index","follow":"follow","max-snippet":"max-snippet:-1","max-image-preview":"max-image-preview:large","max-video-preview":"max-video-preview:-1"},"canonical":"https:\/\/settopsurvey.com\/settop_website\/es\/product\/settop-dynamics-es\/","og_locale":"es_ES","og_type":"article","og_title":"Settop Dynamics - Settop","og_description":"Software de posicionamiento de estructuras prefabricadas con precisi\u00f3n centim\u00e9trica. La soluci\u00f3n Settop Dynamics es un software de posicionamiento de estructuras prefabricadas en 3D que implementa la recepci\u00f3n de los datos de 3 receptores GNSS con el que se controla la ubicaci\u00f3n de la estructura para su correcta ubicaci\u00f3n y nivelado. El sistema Settop Dynamics permite guiarle de una manera f\u00e1cil y sencilla en el proceso de nivelado, posicionamiento exacto en relaci\u00f3n al proyecto y el chequeo de \u00e9stos una vez ubicados. La colocaci\u00f3n de muros pantalla, vigas de grandes dimensiones, precast-shells (plantillas de hormig\u00f3n prefabricadas) con precisi\u00f3n centim\u00e9trica puede resultar sencilla con la aplicaci\u00f3n Settop Dynamics.","og_url":"https:\/\/settopsurvey.com\/settop_website\/es\/product\/settop-dynamics-es\/","og_site_name":"Settop","article_modified_time":"2023-12-28T12:07:54+00:00","og_image":[{"width":425,"height":425,"url":"https:\/\/settopsurvey.com\/settop_website\/wp-content\/uploads\/Settop-Dynamics.png","type":"image\/png"}],"twitter_card":"summary_large_image","schema":{"@context":"https:\/\/schema.org","@graph":[{"@type":"WebPage","@id":"https:\/\/settopsurvey.com\/settop_website\/es\/product\/settop-dynamics-es\/","url":"https:\/\/settopsurvey.com\/settop_website\/es\/product\/settop-dynamics-es\/","name":"Settop Dynamics - Settop","isPartOf":{"@id":"https:\/\/settopsurvey.com\/settop_website\/#website"},"primaryImageOfPage":{"@id":"https:\/\/settopsurvey.com\/settop_website\/es\/product\/settop-dynamics-es\/#primaryimage"},"image":{"@id":"https:\/\/settopsurvey.com\/settop_website\/es\/product\/settop-dynamics-es\/#primaryimage"},"thumbnailUrl":"https:\/\/settopsurvey.com\/settop_website\/wp-content\/uploads\/Settop-Dynamics.png","datePublished":"2021-03-24T15:16:29+00:00","dateModified":"2023-12-28T12:07:54+00:00","description":"Software de posicionamiento de estructuras prefabricadas con precisi\u00f3n centim\u00e9trica. La soluci\u00f3n Settop Dynamics es un software de posicionamiento de estructuras prefabricadas en 3D que implementa la recepci\u00f3n de los datos de 3 receptores GNSS con el que se controla la ubicaci\u00f3n de la estructura para su correcta ubicaci\u00f3n y nivelado. El sistema Settop Dynamics permite guiarle de una manera f\u00e1cil y sencilla en el proceso de nivelado, posicionamiento exacto en relaci\u00f3n al proyecto y el chequeo de \u00e9stos una vez ubicados. La colocaci\u00f3n de muros pantalla, vigas de grandes dimensiones, precast-shells (plantillas de hormig\u00f3n prefabricadas) con precisi\u00f3n centim\u00e9trica puede resultar sencilla con la aplicaci\u00f3n Settop Dynamics.","breadcrumb":{"@id":"https:\/\/settopsurvey.com\/settop_website\/es\/product\/settop-dynamics-es\/#breadcrumb"},"inLanguage":"es","potentialAction":[{"@type":"ReadAction","target":["https:\/\/settopsurvey.com\/settop_website\/es\/product\/settop-dynamics-es\/"]}]},{"@type":"ImageObject","inLanguage":"es","@id":"https:\/\/settopsurvey.com\/settop_website\/es\/product\/settop-dynamics-es\/#primaryimage","url":"https:\/\/settopsurvey.com\/settop_website\/wp-content\/uploads\/Settop-Dynamics.png","contentUrl":"https:\/\/settopsurvey.com\/settop_website\/wp-content\/uploads\/Settop-Dynamics.png","width":425,"height":425},{"@type":"BreadcrumbList","@id":"https:\/\/settopsurvey.com\/settop_website\/es\/product\/settop-dynamics-es\/#breadcrumb","itemListElement":[{"@type":"ListItem","position":1,"name":"Portada","item":"https:\/\/settopsurvey.com\/settop_website\/"},{"@type":"ListItem","position":2,"name":"Shop","item":"https:\/\/settopsurvey.com\/settop_website\/shop\/"},{"@type":"ListItem","position":3,"name":"Settop Dynamics"}]},{"@type":"WebSite","@id":"https:\/\/settopsurvey.com\/settop_website\/#website","url":"https:\/\/settopsurvey.com\/settop_website\/","name":"Settop","description":"Advanced technology in surveying instruments","potentialAction":[{"@type":"SearchAction","target":{"@type":"EntryPoint","urlTemplate":"https:\/\/settopsurvey.com\/settop_website\/?s={search_term_string}"},"query-input":{"@type":"PropertyValueSpecification","valueRequired":true,"valueName":"search_term_string"}}],"inLanguage":"es"}]}},"_links":{"self":[{"href":"https:\/\/settopsurvey.com\/settop_website\/wp-json\/wp\/v2\/product\/2859","targetHints":{"allow":["GET"]}}],"collection":[{"href":"https:\/\/settopsurvey.com\/settop_website\/wp-json\/wp\/v2\/product"}],"about":[{"href":"https:\/\/settopsurvey.com\/settop_website\/wp-json\/wp\/v2\/types\/product"}],"wp:featuredmedia":[{"embeddable":true,"href":"https:\/\/settopsurvey.com\/settop_website\/wp-json\/wp\/v2\/media\/2839"}],"wp:attachment":[{"href":"https:\/\/settopsurvey.com\/settop_website\/wp-json\/wp\/v2\/media?parent=2859"}],"wp:term":[{"taxonomy":"product_brand","embeddable":true,"href":"https:\/\/settopsurvey.com\/settop_website\/wp-json\/wp\/v2\/product_brand?post=2859"},{"taxonomy":"product_cat","embeddable":true,"href":"https:\/\/settopsurvey.com\/settop_website\/wp-json\/wp\/v2\/product_cat?post=2859"},{"taxonomy":"product_tag","embeddable":true,"href":"https:\/\/settopsurvey.com\/settop_website\/wp-json\/wp\/v2\/product_tag?post=2859"}],"curies":[{"name":"wp","href":"https:\/\/api.w.org\/{rel}","templated":true}]}}