{"id":2390,"date":"2019-09-27T17:23:34","date_gmt":"2019-09-27T15:23:34","guid":{"rendered":"http:\/\/settopsurvey.com\/settop_website\/?post_type=product&#038;p=2390"},"modified":"2023-04-17T12:12:10","modified_gmt":"2023-04-17T10:12:10","slug":"settop-drone-es","status":"publish","type":"product","link":"https:\/\/settopsurvey.com\/settop_website\/es\/product\/settop-drone-es\/","title":{"rendered":"Settop Drone"},"content":{"rendered":"<div class=\"row\"  id=\"row-234880214\">\n\n\t<div id=\"col-1682586077\" class=\"col medium-6 small-12 large-6\"  >\n\t\t\t\t<div class=\"col-inner\"  >\n\t\t\t\n\t\t\t\n<h4>Vuelo cinem\u00e1tico DJI Phantom 4RTK + D-RTK2 Base<\/h4>\n<div class=\"video video-fit mb\" style=\"padding-top:56.25%;\"><p><iframe loading=\"lazy\" title=\"Settop Drone: Vuelo cinem\u00e1tico DJI Phantom 4RTK + D-RTK2 Base\" width=\"1020\" height=\"574\" src=\"https:\/\/www.youtube.com\/embed\/0HVIBcC-xo0?feature=oembed\" frameborder=\"0\" allow=\"accelerometer; autoplay; encrypted-media; gyroscope; picture-in-picture\" allowfullscreen><\/iframe><\/p>\n<\/div>\n\t\t<\/div>\n\t\t\t\t\t<\/div>\n\n\t\n\n\t<div id=\"col-1834431475\" class=\"col medium-6 small-12 large-6\"  >\n\t\t\t\t<div class=\"col-inner\"  >\n\t\t\t\n\t\t\t\n<h4>Vuelo RTK DJI Phantom 4RTK + Postproceso D-RTK2 Base<\/h4>\n<div class=\"video video-fit mb\" style=\"padding-top:56.25%;\"><p><iframe loading=\"lazy\" title=\"Settop Drone: Vuelo RTK DJI Phantom 4RTK + Postproceso D-RTK2 Base\" width=\"1020\" height=\"574\" src=\"https:\/\/www.youtube.com\/embed\/z4Nt8STXN0A?feature=oembed\" frameborder=\"0\" allow=\"accelerometer; autoplay; encrypted-media; gyroscope; picture-in-picture\" allowfullscreen><\/iframe><\/p>\n<\/div>\n\t\t<\/div>\n\t\t\t\t\t<\/div>\n\n\t\n<\/div>\n","protected":false},"excerpt":{"rendered":"<p class=\"p1\">Software de utilidades UAV, postproceso y c\u00e1lculos geod\u00e9sico. Settop Drone es un software de utilidades para facilitar la transferencia de los datos de vuelo de su drone a su software de fotogrametr\u00eda. De una manera f\u00e1cil podr\u00e1 trasladar todo el vuelo a unas coordenadas reales seleccionandolas de una base de datos, aplicar un geoide, a\u00f1adir desplazamientos en tres dimensiones a ese vuelo, modificar los metadatos de la fotograf\u00eda (EXIF) o incluso postprocesar la trayectoria de vuelo o de la base. La exportaci\u00f3n de datos modifcar\u00e1 los metadatos de cada fotograf\u00eda con las nuevas coordenadas calculadas y un fichero ASCII listo para ser importado en el software de fotogrametr\u00eda.<\/p>\n<ul>\n<li class=\"p1\">Facilidad de uso<\/li>\n<li class=\"p1\">Aplicaci\u00f3n del Geoide<\/li>\n<li class=\"p1\">Selecci\u00f3n de un sistema de coordenadas<\/li>\n<li class=\"p1\">Escritura de metadatos de la fotograf\u00eda (EXIF)<\/li>\n<li class=\"p1\">Postproceso de trayectoria<\/li>\n<li class=\"p1\">Postproceso de base de referencia<\/li>\n<li class=\"p1\">Aplicaci\u00f3n de desplazamientos<\/li>\n<li class=\"p1\">Exportaci\u00f3n del vuelo a ASCII y\/o KML<\/li>\n<\/ul>\n<h4>Settop Drone Downloads<\/h4>\r\n<ul>\r\n \t<li class=\"bullet-star\"><a href=\"https:\/\/drive.google.com\/drive\/folders\/1nM6WTTKEf_A0RNkqkL9D_4G2P26Qrqnu?usp=sharing\" target=\"_blank\" rel=\"noopener noreferrer\">Product information &amp; Documentation<\/a><\/li>\r\n<\/ul>\r\n\n","protected":false},"featured_media":2374,"template":"","meta":[],"product_brand":[],"product_cat":[209,169],"product_tag":[],"class_list":{"0":"post-2390","1":"product","2":"type-product","3":"status-publish","4":"has-post-thumbnail","6":"product_cat-programas-settop","7":"product_cat-otros","9":"first","10":"instock","11":"shipping-taxable","12":"product-type-simple"},"yoast_head":"<!-- This site is optimized with the Yoast SEO plugin v26.7 - https:\/\/yoast.com\/wordpress\/plugins\/seo\/ -->\n<title>Settop Drone - Settop<\/title>\n<meta name=\"robots\" content=\"index, follow, max-snippet:-1, max-image-preview:large, max-video-preview:-1\" \/>\n<link rel=\"canonical\" href=\"https:\/\/settopsurvey.com\/settop_website\/es\/product\/settop-drone-es\/\" \/>\n<meta property=\"og:locale\" content=\"es_ES\" \/>\n<meta property=\"og:type\" content=\"article\" \/>\n<meta property=\"og:title\" content=\"Settop Drone - Settop\" \/>\n<meta property=\"og:description\" content=\"Software de utilidades UAV, postproceso y c\u00e1lculos geod\u00e9sico. Settop Drone es un software de utilidades para facilitar la transferencia de los datos de vuelo de su drone a su software de fotogrametr\u00eda. De una manera f\u00e1cil podr\u00e1 trasladar todo el vuelo a unas coordenadas reales seleccionandolas de una base de datos, aplicar un geoide, a\u00f1adir desplazamientos en tres dimensiones a ese vuelo, modificar los metadatos de la fotograf\u00eda (EXIF) o incluso postprocesar la trayectoria de vuelo o de la base. La exportaci\u00f3n de datos modifcar\u00e1 los metadatos de cada fotograf\u00eda con las nuevas coordenadas calculadas y un fichero ASCII listo para ser importado en el software de fotogrametr\u00eda.    Facilidad de uso  Aplicaci\u00f3n del Geoide  Selecci\u00f3n de un sistema de coordenadas  Escritura de metadatos de la fotograf\u00eda (EXIF)  Postproceso de trayectoria  Postproceso de base de referencia  Aplicaci\u00f3n de desplazamientos  Exportaci\u00f3n del vuelo a ASCII y\/o KML\" \/>\n<meta property=\"og:url\" content=\"https:\/\/settopsurvey.com\/settop_website\/es\/product\/settop-drone-es\/\" \/>\n<meta property=\"og:site_name\" content=\"Settop\" \/>\n<meta property=\"article:modified_time\" content=\"2023-04-17T10:12:10+00:00\" \/>\n<meta property=\"og:image\" content=\"https:\/\/settopsurvey.com\/settop_website\/wp-content\/uploads\/settop-drone.png\" \/>\n\t<meta property=\"og:image:width\" content=\"425\" \/>\n\t<meta property=\"og:image:height\" content=\"425\" \/>\n\t<meta property=\"og:image:type\" content=\"image\/png\" \/>\n<meta name=\"twitter:card\" content=\"summary_large_image\" \/>\n<meta name=\"twitter:label1\" content=\"Tiempo de lectura\" \/>\n\t<meta name=\"twitter:data1\" content=\"1 minuto\" \/>\n<script type=\"application\/ld+json\" class=\"yoast-schema-graph\">{\"@context\":\"https:\/\/schema.org\",\"@graph\":[{\"@type\":\"WebPage\",\"@id\":\"https:\/\/settopsurvey.com\/settop_website\/es\/product\/settop-drone-es\/\",\"url\":\"https:\/\/settopsurvey.com\/settop_website\/es\/product\/settop-drone-es\/\",\"name\":\"Settop Drone - Settop\",\"isPartOf\":{\"@id\":\"https:\/\/settopsurvey.com\/settop_website\/#website\"},\"primaryImageOfPage\":{\"@id\":\"https:\/\/settopsurvey.com\/settop_website\/es\/product\/settop-drone-es\/#primaryimage\"},\"image\":{\"@id\":\"https:\/\/settopsurvey.com\/settop_website\/es\/product\/settop-drone-es\/#primaryimage\"},\"thumbnailUrl\":\"https:\/\/settopsurvey.com\/settop_website\/wp-content\/uploads\/settop-drone.png\",\"datePublished\":\"2019-09-27T15:23:34+00:00\",\"dateModified\":\"2023-04-17T10:12:10+00:00\",\"breadcrumb\":{\"@id\":\"https:\/\/settopsurvey.com\/settop_website\/es\/product\/settop-drone-es\/#breadcrumb\"},\"inLanguage\":\"es\",\"potentialAction\":[{\"@type\":\"ReadAction\",\"target\":[\"https:\/\/settopsurvey.com\/settop_website\/es\/product\/settop-drone-es\/\"]}]},{\"@type\":\"ImageObject\",\"inLanguage\":\"es\",\"@id\":\"https:\/\/settopsurvey.com\/settop_website\/es\/product\/settop-drone-es\/#primaryimage\",\"url\":\"https:\/\/settopsurvey.com\/settop_website\/wp-content\/uploads\/settop-drone.png\",\"contentUrl\":\"https:\/\/settopsurvey.com\/settop_website\/wp-content\/uploads\/settop-drone.png\",\"width\":425,\"height\":425},{\"@type\":\"BreadcrumbList\",\"@id\":\"https:\/\/settopsurvey.com\/settop_website\/es\/product\/settop-drone-es\/#breadcrumb\",\"itemListElement\":[{\"@type\":\"ListItem\",\"position\":1,\"name\":\"Portada\",\"item\":\"https:\/\/settopsurvey.com\/settop_website\/\"},{\"@type\":\"ListItem\",\"position\":2,\"name\":\"Shop\",\"item\":\"https:\/\/settopsurvey.com\/settop_website\/shop\/\"},{\"@type\":\"ListItem\",\"position\":3,\"name\":\"Settop Drone\"}]},{\"@type\":\"WebSite\",\"@id\":\"https:\/\/settopsurvey.com\/settop_website\/#website\",\"url\":\"https:\/\/settopsurvey.com\/settop_website\/\",\"name\":\"Settop\",\"description\":\"Advanced technology in surveying instruments\",\"potentialAction\":[{\"@type\":\"SearchAction\",\"target\":{\"@type\":\"EntryPoint\",\"urlTemplate\":\"https:\/\/settopsurvey.com\/settop_website\/?s={search_term_string}\"},\"query-input\":{\"@type\":\"PropertyValueSpecification\",\"valueRequired\":true,\"valueName\":\"search_term_string\"}}],\"inLanguage\":\"es\"}]}<\/script>\n<!-- \/ Yoast SEO plugin. -->","yoast_head_json":{"title":"Settop Drone - Settop","robots":{"index":"index","follow":"follow","max-snippet":"max-snippet:-1","max-image-preview":"max-image-preview:large","max-video-preview":"max-video-preview:-1"},"canonical":"https:\/\/settopsurvey.com\/settop_website\/es\/product\/settop-drone-es\/","og_locale":"es_ES","og_type":"article","og_title":"Settop Drone - Settop","og_description":"Software de utilidades UAV, postproceso y c\u00e1lculos geod\u00e9sico. Settop Drone es un software de utilidades para facilitar la transferencia de los datos de vuelo de su drone a su software de fotogrametr\u00eda. De una manera f\u00e1cil podr\u00e1 trasladar todo el vuelo a unas coordenadas reales seleccionandolas de una base de datos, aplicar un geoide, a\u00f1adir desplazamientos en tres dimensiones a ese vuelo, modificar los metadatos de la fotograf\u00eda (EXIF) o incluso postprocesar la trayectoria de vuelo o de la base. La exportaci\u00f3n de datos modifcar\u00e1 los metadatos de cada fotograf\u00eda con las nuevas coordenadas calculadas y un fichero ASCII listo para ser importado en el software de fotogrametr\u00eda.    Facilidad de uso  Aplicaci\u00f3n del Geoide  Selecci\u00f3n de un sistema de coordenadas  Escritura de metadatos de la fotograf\u00eda (EXIF)  Postproceso de trayectoria  Postproceso de base de referencia  Aplicaci\u00f3n de desplazamientos  Exportaci\u00f3n del vuelo a ASCII y\/o KML","og_url":"https:\/\/settopsurvey.com\/settop_website\/es\/product\/settop-drone-es\/","og_site_name":"Settop","article_modified_time":"2023-04-17T10:12:10+00:00","og_image":[{"width":425,"height":425,"url":"https:\/\/settopsurvey.com\/settop_website\/wp-content\/uploads\/settop-drone.png","type":"image\/png"}],"twitter_card":"summary_large_image","twitter_misc":{"Tiempo de lectura":"1 minuto"},"schema":{"@context":"https:\/\/schema.org","@graph":[{"@type":"WebPage","@id":"https:\/\/settopsurvey.com\/settop_website\/es\/product\/settop-drone-es\/","url":"https:\/\/settopsurvey.com\/settop_website\/es\/product\/settop-drone-es\/","name":"Settop Drone - Settop","isPartOf":{"@id":"https:\/\/settopsurvey.com\/settop_website\/#website"},"primaryImageOfPage":{"@id":"https:\/\/settopsurvey.com\/settop_website\/es\/product\/settop-drone-es\/#primaryimage"},"image":{"@id":"https:\/\/settopsurvey.com\/settop_website\/es\/product\/settop-drone-es\/#primaryimage"},"thumbnailUrl":"https:\/\/settopsurvey.com\/settop_website\/wp-content\/uploads\/settop-drone.png","datePublished":"2019-09-27T15:23:34+00:00","dateModified":"2023-04-17T10:12:10+00:00","breadcrumb":{"@id":"https:\/\/settopsurvey.com\/settop_website\/es\/product\/settop-drone-es\/#breadcrumb"},"inLanguage":"es","potentialAction":[{"@type":"ReadAction","target":["https:\/\/settopsurvey.com\/settop_website\/es\/product\/settop-drone-es\/"]}]},{"@type":"ImageObject","inLanguage":"es","@id":"https:\/\/settopsurvey.com\/settop_website\/es\/product\/settop-drone-es\/#primaryimage","url":"https:\/\/settopsurvey.com\/settop_website\/wp-content\/uploads\/settop-drone.png","contentUrl":"https:\/\/settopsurvey.com\/settop_website\/wp-content\/uploads\/settop-drone.png","width":425,"height":425},{"@type":"BreadcrumbList","@id":"https:\/\/settopsurvey.com\/settop_website\/es\/product\/settop-drone-es\/#breadcrumb","itemListElement":[{"@type":"ListItem","position":1,"name":"Portada","item":"https:\/\/settopsurvey.com\/settop_website\/"},{"@type":"ListItem","position":2,"name":"Shop","item":"https:\/\/settopsurvey.com\/settop_website\/shop\/"},{"@type":"ListItem","position":3,"name":"Settop Drone"}]},{"@type":"WebSite","@id":"https:\/\/settopsurvey.com\/settop_website\/#website","url":"https:\/\/settopsurvey.com\/settop_website\/","name":"Settop","description":"Advanced technology in surveying instruments","potentialAction":[{"@type":"SearchAction","target":{"@type":"EntryPoint","urlTemplate":"https:\/\/settopsurvey.com\/settop_website\/?s={search_term_string}"},"query-input":{"@type":"PropertyValueSpecification","valueRequired":true,"valueName":"search_term_string"}}],"inLanguage":"es"}]}},"_links":{"self":[{"href":"https:\/\/settopsurvey.com\/settop_website\/wp-json\/wp\/v2\/product\/2390","targetHints":{"allow":["GET"]}}],"collection":[{"href":"https:\/\/settopsurvey.com\/settop_website\/wp-json\/wp\/v2\/product"}],"about":[{"href":"https:\/\/settopsurvey.com\/settop_website\/wp-json\/wp\/v2\/types\/product"}],"wp:featuredmedia":[{"embeddable":true,"href":"https:\/\/settopsurvey.com\/settop_website\/wp-json\/wp\/v2\/media\/2374"}],"wp:attachment":[{"href":"https:\/\/settopsurvey.com\/settop_website\/wp-json\/wp\/v2\/media?parent=2390"}],"wp:term":[{"taxonomy":"product_brand","embeddable":true,"href":"https:\/\/settopsurvey.com\/settop_website\/wp-json\/wp\/v2\/product_brand?post=2390"},{"taxonomy":"product_cat","embeddable":true,"href":"https:\/\/settopsurvey.com\/settop_website\/wp-json\/wp\/v2\/product_cat?post=2390"},{"taxonomy":"product_tag","embeddable":true,"href":"https:\/\/settopsurvey.com\/settop_website\/wp-json\/wp\/v2\/product_tag?post=2390"}],"curies":[{"name":"wp","href":"https:\/\/api.w.org\/{rel}","templated":true}]}}