{"id":2274,"date":"2019-06-19T12:53:04","date_gmt":"2019-06-19T10:53:04","guid":{"rendered":"http:\/\/settopsurvey.com\/settop_website\/?post_type=product&#038;p=2274"},"modified":"2023-04-17T12:09:10","modified_gmt":"2023-04-17T10:09:10","slug":"settop-adl-tdl-battery-es","status":"publish","type":"product","link":"https:\/\/settopsurvey.com\/settop_website\/es\/product\/settop-adl-tdl-battery-es\/","title":{"rendered":"Settop ADL\/TDL Battery"},"content":{"rendered":"","protected":false},"excerpt":{"rendered":"<p class=\"p1\"><span class=\"s1\">Bater\u00eda de fibra de carbono recargable de Ion litio <\/span>11.1V \/ 10.4AH.\u00a0Settop Bater\u00eda ADL es un accesorio para radios ADL que hace posible alimentar la radio para correcciones de base o repetidor. La alta capacidad de la Settop Bater\u00eda ADL le permite trabajar con su radio durante m\u00e1s tiempo. Settop Bater\u00eda ADL ha sido dise\u00f1ada para uso exterior con fibra de carbono y componentes de la mayor calidad.<\/p>\n<ul>\n<li class=\"p1\"><span class=\"s1\">Integrado en la radio\u00a0<\/span><\/li>\n<li class=\"p1\"><span class=\"s1\">Sin cables\u00a0<\/span><\/li>\n<li class=\"p1\"><span class=\"s1\">Dise\u00f1o ligero\u00a0<\/span><\/li>\n<li class=\"p1\"><span class=\"s1\">Alto rendimiento\u00a0<\/span><\/li>\n<li class=\"p1\"><span class=\"s1\">Simplifica el trabajo de campo<\/span><\/li>\n<\/ul>\n<h4>Settop ADL\/TDL Battery Downloads<\/h4>\r\n<ul>\r\n \t<li class=\"bullet-star\"><a href=\"https:\/\/drive.google.com\/drive\/folders\/1ZTQeRQX-UBGXAVNxHk2zEa-O6BOHCsyz?usp=sharing\" target=\"_blank\" rel=\"noopener noreferrer\">Product information &amp; Documentation<\/a><\/li>\r\n<\/ul>\n","protected":false},"featured_media":463,"template":"","meta":[],"product_brand":[],"product_cat":[198],"product_tag":[],"class_list":{"0":"post-2274","1":"product","2":"type-product","3":"status-publish","4":"has-post-thumbnail","6":"product_cat-baterias-y-alimentacion","8":"first","9":"instock","10":"shipping-taxable","11":"product-type-simple"},"yoast_head":"<!-- This site is optimized with the Yoast SEO plugin v26.7 - https:\/\/yoast.com\/wordpress\/plugins\/seo\/ -->\n<title>Settop ADL\/TDL Battery - Settop<\/title>\n<meta name=\"robots\" content=\"index, follow, max-snippet:-1, max-image-preview:large, max-video-preview:-1\" \/>\n<link rel=\"canonical\" href=\"https:\/\/settopsurvey.com\/settop_website\/es\/product\/settop-adl-tdl-battery-es\/\" \/>\n<meta property=\"og:locale\" content=\"es_ES\" \/>\n<meta property=\"og:type\" content=\"article\" \/>\n<meta property=\"og:title\" content=\"Settop ADL\/TDL Battery - Settop\" \/>\n<meta property=\"og:description\" content=\"Bater\u00eda de fibra de carbono recargable de Ion litio 11.1V \/ 10.4AH.\u00a0Settop Bater\u00eda ADL es un accesorio para radios ADL que hace posible alimentar la radio para correcciones de base o repetidor. La alta capacidad de la Settop Bater\u00eda ADL le permite trabajar con su radio durante m\u00e1s tiempo. Settop Bater\u00eda ADL ha sido dise\u00f1ada para uso exterior con fibra de carbono y componentes de la mayor calidad.    Integrado en la radio\u00a0  Sin cables\u00a0  Dise\u00f1o ligero\u00a0  Alto rendimiento\u00a0  Simplifica el trabajo de campo\" \/>\n<meta property=\"og:url\" content=\"https:\/\/settopsurvey.com\/settop_website\/es\/product\/settop-adl-tdl-battery-es\/\" \/>\n<meta property=\"og:site_name\" content=\"Settop\" \/>\n<meta property=\"article:modified_time\" content=\"2023-04-17T10:09:10+00:00\" \/>\n<meta property=\"og:image\" content=\"https:\/\/settopsurvey.com\/settop_website\/wp-content\/uploads\/Settop-Battery-ADL-2.png\" \/>\n\t<meta property=\"og:image:width\" content=\"425\" \/>\n\t<meta property=\"og:image:height\" content=\"425\" \/>\n\t<meta property=\"og:image:type\" content=\"image\/png\" \/>\n<meta name=\"twitter:card\" content=\"summary_large_image\" \/>\n<script type=\"application\/ld+json\" class=\"yoast-schema-graph\">{\"@context\":\"https:\/\/schema.org\",\"@graph\":[{\"@type\":\"WebPage\",\"@id\":\"https:\/\/settopsurvey.com\/settop_website\/es\/product\/settop-adl-tdl-battery-es\/\",\"url\":\"https:\/\/settopsurvey.com\/settop_website\/es\/product\/settop-adl-tdl-battery-es\/\",\"name\":\"Settop ADL\/TDL Battery - Settop\",\"isPartOf\":{\"@id\":\"https:\/\/settopsurvey.com\/settop_website\/#website\"},\"primaryImageOfPage\":{\"@id\":\"https:\/\/settopsurvey.com\/settop_website\/es\/product\/settop-adl-tdl-battery-es\/#primaryimage\"},\"image\":{\"@id\":\"https:\/\/settopsurvey.com\/settop_website\/es\/product\/settop-adl-tdl-battery-es\/#primaryimage\"},\"thumbnailUrl\":\"https:\/\/settopsurvey.com\/settop_website\/wp-content\/uploads\/Settop-Battery-ADL-2.png\",\"datePublished\":\"2019-06-19T10:53:04+00:00\",\"dateModified\":\"2023-04-17T10:09:10+00:00\",\"breadcrumb\":{\"@id\":\"https:\/\/settopsurvey.com\/settop_website\/es\/product\/settop-adl-tdl-battery-es\/#breadcrumb\"},\"inLanguage\":\"es\",\"potentialAction\":[{\"@type\":\"ReadAction\",\"target\":[\"https:\/\/settopsurvey.com\/settop_website\/es\/product\/settop-adl-tdl-battery-es\/\"]}]},{\"@type\":\"ImageObject\",\"inLanguage\":\"es\",\"@id\":\"https:\/\/settopsurvey.com\/settop_website\/es\/product\/settop-adl-tdl-battery-es\/#primaryimage\",\"url\":\"https:\/\/settopsurvey.com\/settop_website\/wp-content\/uploads\/Settop-Battery-ADL-2.png\",\"contentUrl\":\"https:\/\/settopsurvey.com\/settop_website\/wp-content\/uploads\/Settop-Battery-ADL-2.png\",\"width\":425,\"height\":425},{\"@type\":\"BreadcrumbList\",\"@id\":\"https:\/\/settopsurvey.com\/settop_website\/es\/product\/settop-adl-tdl-battery-es\/#breadcrumb\",\"itemListElement\":[{\"@type\":\"ListItem\",\"position\":1,\"name\":\"Portada\",\"item\":\"https:\/\/settopsurvey.com\/settop_website\/\"},{\"@type\":\"ListItem\",\"position\":2,\"name\":\"Shop\",\"item\":\"https:\/\/settopsurvey.com\/settop_website\/shop\/\"},{\"@type\":\"ListItem\",\"position\":3,\"name\":\"Settop ADL\/TDL Battery\"}]},{\"@type\":\"WebSite\",\"@id\":\"https:\/\/settopsurvey.com\/settop_website\/#website\",\"url\":\"https:\/\/settopsurvey.com\/settop_website\/\",\"name\":\"Settop\",\"description\":\"Advanced technology in surveying instruments\",\"potentialAction\":[{\"@type\":\"SearchAction\",\"target\":{\"@type\":\"EntryPoint\",\"urlTemplate\":\"https:\/\/settopsurvey.com\/settop_website\/?s={search_term_string}\"},\"query-input\":{\"@type\":\"PropertyValueSpecification\",\"valueRequired\":true,\"valueName\":\"search_term_string\"}}],\"inLanguage\":\"es\"}]}<\/script>\n<!-- \/ Yoast SEO plugin. -->","yoast_head_json":{"title":"Settop ADL\/TDL Battery - Settop","robots":{"index":"index","follow":"follow","max-snippet":"max-snippet:-1","max-image-preview":"max-image-preview:large","max-video-preview":"max-video-preview:-1"},"canonical":"https:\/\/settopsurvey.com\/settop_website\/es\/product\/settop-adl-tdl-battery-es\/","og_locale":"es_ES","og_type":"article","og_title":"Settop ADL\/TDL Battery - Settop","og_description":"Bater\u00eda de fibra de carbono recargable de Ion litio 11.1V \/ 10.4AH.\u00a0Settop Bater\u00eda ADL es un accesorio para radios ADL que hace posible alimentar la radio para correcciones de base o repetidor. La alta capacidad de la Settop Bater\u00eda ADL le permite trabajar con su radio durante m\u00e1s tiempo. Settop Bater\u00eda ADL ha sido dise\u00f1ada para uso exterior con fibra de carbono y componentes de la mayor calidad.    Integrado en la radio\u00a0  Sin cables\u00a0  Dise\u00f1o ligero\u00a0  Alto rendimiento\u00a0  Simplifica el trabajo de campo","og_url":"https:\/\/settopsurvey.com\/settop_website\/es\/product\/settop-adl-tdl-battery-es\/","og_site_name":"Settop","article_modified_time":"2023-04-17T10:09:10+00:00","og_image":[{"width":425,"height":425,"url":"https:\/\/settopsurvey.com\/settop_website\/wp-content\/uploads\/Settop-Battery-ADL-2.png","type":"image\/png"}],"twitter_card":"summary_large_image","schema":{"@context":"https:\/\/schema.org","@graph":[{"@type":"WebPage","@id":"https:\/\/settopsurvey.com\/settop_website\/es\/product\/settop-adl-tdl-battery-es\/","url":"https:\/\/settopsurvey.com\/settop_website\/es\/product\/settop-adl-tdl-battery-es\/","name":"Settop ADL\/TDL Battery - Settop","isPartOf":{"@id":"https:\/\/settopsurvey.com\/settop_website\/#website"},"primaryImageOfPage":{"@id":"https:\/\/settopsurvey.com\/settop_website\/es\/product\/settop-adl-tdl-battery-es\/#primaryimage"},"image":{"@id":"https:\/\/settopsurvey.com\/settop_website\/es\/product\/settop-adl-tdl-battery-es\/#primaryimage"},"thumbnailUrl":"https:\/\/settopsurvey.com\/settop_website\/wp-content\/uploads\/Settop-Battery-ADL-2.png","datePublished":"2019-06-19T10:53:04+00:00","dateModified":"2023-04-17T10:09:10+00:00","breadcrumb":{"@id":"https:\/\/settopsurvey.com\/settop_website\/es\/product\/settop-adl-tdl-battery-es\/#breadcrumb"},"inLanguage":"es","potentialAction":[{"@type":"ReadAction","target":["https:\/\/settopsurvey.com\/settop_website\/es\/product\/settop-adl-tdl-battery-es\/"]}]},{"@type":"ImageObject","inLanguage":"es","@id":"https:\/\/settopsurvey.com\/settop_website\/es\/product\/settop-adl-tdl-battery-es\/#primaryimage","url":"https:\/\/settopsurvey.com\/settop_website\/wp-content\/uploads\/Settop-Battery-ADL-2.png","contentUrl":"https:\/\/settopsurvey.com\/settop_website\/wp-content\/uploads\/Settop-Battery-ADL-2.png","width":425,"height":425},{"@type":"BreadcrumbList","@id":"https:\/\/settopsurvey.com\/settop_website\/es\/product\/settop-adl-tdl-battery-es\/#breadcrumb","itemListElement":[{"@type":"ListItem","position":1,"name":"Portada","item":"https:\/\/settopsurvey.com\/settop_website\/"},{"@type":"ListItem","position":2,"name":"Shop","item":"https:\/\/settopsurvey.com\/settop_website\/shop\/"},{"@type":"ListItem","position":3,"name":"Settop ADL\/TDL Battery"}]},{"@type":"WebSite","@id":"https:\/\/settopsurvey.com\/settop_website\/#website","url":"https:\/\/settopsurvey.com\/settop_website\/","name":"Settop","description":"Advanced technology in surveying instruments","potentialAction":[{"@type":"SearchAction","target":{"@type":"EntryPoint","urlTemplate":"https:\/\/settopsurvey.com\/settop_website\/?s={search_term_string}"},"query-input":{"@type":"PropertyValueSpecification","valueRequired":true,"valueName":"search_term_string"}}],"inLanguage":"es"}]}},"_links":{"self":[{"href":"https:\/\/settopsurvey.com\/settop_website\/wp-json\/wp\/v2\/product\/2274","targetHints":{"allow":["GET"]}}],"collection":[{"href":"https:\/\/settopsurvey.com\/settop_website\/wp-json\/wp\/v2\/product"}],"about":[{"href":"https:\/\/settopsurvey.com\/settop_website\/wp-json\/wp\/v2\/types\/product"}],"wp:featuredmedia":[{"embeddable":true,"href":"https:\/\/settopsurvey.com\/settop_website\/wp-json\/wp\/v2\/media\/463"}],"wp:attachment":[{"href":"https:\/\/settopsurvey.com\/settop_website\/wp-json\/wp\/v2\/media?parent=2274"}],"wp:term":[{"taxonomy":"product_brand","embeddable":true,"href":"https:\/\/settopsurvey.com\/settop_website\/wp-json\/wp\/v2\/product_brand?post=2274"},{"taxonomy":"product_cat","embeddable":true,"href":"https:\/\/settopsurvey.com\/settop_website\/wp-json\/wp\/v2\/product_cat?post=2274"},{"taxonomy":"product_tag","embeddable":true,"href":"https:\/\/settopsurvey.com\/settop_website\/wp-json\/wp\/v2\/product_tag?post=2274"}],"curies":[{"name":"wp","href":"https:\/\/api.w.org\/{rel}","templated":true}]}}