{"id":2269,"date":"2019-06-19T12:52:27","date_gmt":"2019-06-19T10:52:27","guid":{"rendered":"http:\/\/settopsurvey.com\/settop_website\/?post_type=product&#038;p=2269"},"modified":"2023-04-17T12:04:56","modified_gmt":"2023-04-17T10:04:56","slug":"settop-rm3d-light-es","status":"publish","type":"product","link":"https:\/\/settopsurvey.com\/settop_website\/es\/product\/settop-rm3d-light-es\/","title":{"rendered":"Settop RM3D Light"},"content":{"rendered":"<div class=\"row\"  id=\"row-70515027\">\n\n\t<div id=\"col-1722037633\" class=\"col medium-4 small-12 large-4\"  >\n\t\t\t\t<div class=\"col-inner\"  >\n\t\t\t\n\t\t\t\n<h3>Caracter\u00edsticas<\/h3>\n<ul>\n<li>Desmontable y transportable<\/li>\n<li>Suministrable en diferentes anchos: Standard: 1000\/1435 mm. Opci\u00f3n: 1668 mm<\/li>\n<li>Aislamiento el\u00e9ctrico entre los carriles.<\/li>\n<li>Portaprisma y prisma para la medici\u00f3n de distancias con estaci\u00f3n total de precisi\u00f3n.<\/li>\n<li>Estaciones Robotizadas con reconocimiento y seguimiento autom\u00e1tico de prisma (precisi\u00f3n angular de 1\u201d y de 1mm \u00b1 1ppm en distancia).<\/li>\n<li>Od\u00f3metro, Sensor de Anchura y de Medici\u00f3n de Peralte.<\/li>\n<li>Barra de empuje.<\/li>\n<li>Ordenador de Control con pantalla t\u00e1ctil.<\/li>\n<li>Peso: 25 kg.<\/li>\n<li class=\"p1\">Dimensiones dependiendo del modelo: Ancho m\u00ednimo: 1000 mm Ancho m\u00e1ximo: 1668 mm<\/li>\n<\/ul>\n\t\t<\/div>\n\t\t\t\t\t<\/div>\n\n\t\n\n\t<div id=\"col-1275423718\" class=\"col medium-4 small-12 large-4\"  >\n\t\t\t\t<div class=\"col-inner\"  >\n\t\t\t\n\t\t\t\n<h3>M\u00e9todo de trabajo<\/h3>\n<p>Modo de trabajo: Se escoge entre trabajar con equipo externo (Estaci\u00f3n Total o GPS) o sensores. Equipo: Se escoge el equipo externo con el que se va a realizar el trabajo: Estaci\u00f3n Total o GPS. Sistema de Coordenadas: En caso de la elecci\u00f3n de GPS, permite seleccionar la transformaci\u00f3n de Datum pertinente. Si se presiona en (&#8230;), se observan los par\u00e1metros de transformaci\u00f3n indicados.<\/p>\n<p><img loading=\"lazy\" decoding=\"async\" class=\"alignnone size-full wp-image-604\" src=\"http:\/\/settopsurvey.com\/settop_website\/wp-content\/uploads\/Settop-RM3D-screen4.png\" alt=\"\" width=\"237\" height=\"293\" \/><\/p>\n\t\t<\/div>\n\t\t\t\t\t<\/div>\n\n\t\n\n\t<div id=\"col-1877037368\" class=\"col medium-4 small-12 large-4\"  >\n\t\t\t\t<div class=\"col-inner\"  >\n\t\t\t\n\t\t\t\n<h3>Inicio de la Medici\u00f3n (Replanteo Absoluto)<\/h3>\n<p>El recuadro de texto en la Aceptaci\u00f3n del Punto se debe introducir en metros. Cuando los valores del replanteo est\u00e9n dentro del margen indicado, las flechas se sustituir\u00e1n por una se\u00f1al de estabilidad. En la l\u00ednea superior aparecen las coordenadas recibidas de la estaci\u00f3n directamente, sin ning\u00fan tipo de ajuste. Otros datos que se muestran son: El PK proyectado, as\u00ed como la distancia al eje (ya con coordenadas corregidas), siendo negativa la distancia a la izquierda del eje. El peralte medio por los sensores y el peralte te\u00f3rico (se visualiza en rojo o verde en funci\u00f3n de las Tolerancias de montaje). Indicando el valor negativo, que el hilo bajo es el lado opuesto de las dos ruedas. El ancho medido por los sensores y el sobreancho te\u00f3rico (se visualiza en rojo o verde en funci\u00f3n de las Tolerancias de montaje). Pendiente del sensor y pendiente te\u00f3rica.<\/p>\n<p><img loading=\"lazy\" decoding=\"async\" class=\"alignnone size-full wp-image-605\" src=\"http:\/\/settopsurvey.com\/settop_website\/wp-content\/uploads\/Settop-RM3D-screen5.png\" alt=\"\" width=\"425\" height=\"309\" \/><\/p>\n\t\t<\/div>\n\t\t\t\t\t<\/div>\n\n\t\n<\/div>\n","protected":false},"excerpt":{"rendered":"<p>Sistema avanzado de medici\u00f3n de par\u00e1metros de v\u00eda y topogr\u00e1ficos.<\/p>\n<ul>\n<li>Toma de Datos: Se utiliza para realizar levantamientos de la v\u00eda y saber el estado actual de \u00e9sta. Puede tomarse en modo Absoluto (necesario Estaci\u00f3n Total) o Relativo (\u00fanicamente con el \u00fatil).<\/li>\n<li>Replanteo: Se utiliza para la situaci\u00f3n f\u00edsica y montaje de la v\u00eda. Es necesario la carga de ficheros de eje, rasante, peralte y sobreancho.<\/li>\n<li>Auscultaci\u00f3n: Se utiliza para el control de asentamientos de la v\u00eda, comparando la toma de datos de diversos d\u00edas sucesivos, tomando un valor inicial 0.<\/li>\n<li>Comprobaci\u00f3n: Se utiliza para el control del montaje de la v\u00eda, indicando las diferencias existentes entre el resultado te\u00f3rico y el real. En ambos casos hay salidas num\u00e9ricas, gr\u00e1ficas y a ficheros de texto adaptables al formato deseado. Para un mayor control, en modo Absoluto, se utilizan las estaciones de \u00faltima generaci\u00f3n Trimble S8.<\/li>\n<\/ul>\n<h4>Settop RM3D Light Downloads<\/h4>\r\n<ul>\r\n \t<li class=\"bullet-star\"><a href=\"https:\/\/drive.google.com\/drive\/folders\/1AyaLLMAsFSQ_BpepHRLInPky8cRkuUEd?usp=sharing\" target=\"_blank\" rel=\"noopener noreferrer\">Product information &amp; Documentation<\/a><\/li>\r\n<\/ul>\r\n\n","protected":false},"featured_media":607,"template":"","meta":[],"product_brand":[],"product_cat":[217,219],"product_tag":[],"class_list":{"0":"post-2269","1":"product","2":"type-product","3":"status-publish","4":"has-post-thumbnail","6":"product_cat-sistema-ferroviario","7":"product_cat-sistemas-ferroviarios","9":"first","10":"instock","11":"shipping-taxable","12":"product-type-simple"},"yoast_head":"<!-- This site is optimized with the Yoast SEO plugin v27.3 - https:\/\/yoast.com\/product\/yoast-seo-wordpress\/ -->\n<title>Settop RM3D Light - Settop<\/title>\n<meta name=\"robots\" content=\"index, follow, max-snippet:-1, max-image-preview:large, max-video-preview:-1\" \/>\n<link rel=\"canonical\" href=\"https:\/\/settopsurvey.com\/settop_website\/es\/product\/settop-rm3d-light-es\/\" \/>\n<meta property=\"og:locale\" content=\"es_ES\" \/>\n<meta property=\"og:type\" content=\"article\" \/>\n<meta property=\"og:title\" content=\"Settop RM3D Light - Settop\" \/>\n<meta property=\"og:description\" content=\"Sistema avanzado de medici\u00f3n de par\u00e1metros de v\u00eda y topogr\u00e1ficos.   Toma de Datos: Se utiliza para realizar levantamientos de la v\u00eda y saber el estado actual de \u00e9sta. Puede tomarse en modo Absoluto (necesario Estaci\u00f3n Total) o Relativo (\u00fanicamente con el \u00fatil).  Replanteo: Se utiliza para la situaci\u00f3n f\u00edsica y montaje de la v\u00eda. Es necesario la carga de ficheros de eje, rasante, peralte y sobreancho.  Auscultaci\u00f3n: Se utiliza para el control de asentamientos de la v\u00eda, comparando la toma de datos de diversos d\u00edas sucesivos, tomando un valor inicial 0.  Comprobaci\u00f3n: Se utiliza para el control del montaje de la v\u00eda, indicando las diferencias existentes entre el resultado te\u00f3rico y el real. En ambos casos hay salidas num\u00e9ricas, gr\u00e1ficas y a ficheros de texto adaptables al formato deseado. Para un mayor control, en modo Absoluto, se utilizan las estaciones de \u00faltima generaci\u00f3n Trimble S8.\" \/>\n<meta property=\"og:url\" content=\"https:\/\/settopsurvey.com\/settop_website\/es\/product\/settop-rm3d-light-es\/\" \/>\n<meta property=\"og:site_name\" content=\"Settop\" \/>\n<meta property=\"article:modified_time\" content=\"2023-04-17T10:04:56+00:00\" \/>\n<meta property=\"og:image\" content=\"https:\/\/settopsurvey.com\/settop_website\/wp-content\/uploads\/Settop-RM3D.png\" \/>\n\t<meta property=\"og:image:width\" content=\"425\" \/>\n\t<meta property=\"og:image:height\" content=\"425\" \/>\n\t<meta property=\"og:image:type\" content=\"image\/png\" \/>\n<meta name=\"twitter:card\" content=\"summary_large_image\" \/>\n<meta name=\"twitter:label1\" content=\"Tiempo de lectura\" \/>\n\t<meta name=\"twitter:data1\" content=\"2 minutos\" \/>\n<script type=\"application\/ld+json\" class=\"yoast-schema-graph\">{\"@context\":\"https:\\\/\\\/schema.org\",\"@graph\":[{\"@type\":\"WebPage\",\"@id\":\"https:\\\/\\\/settopsurvey.com\\\/settop_website\\\/es\\\/product\\\/settop-rm3d-light-es\\\/\",\"url\":\"https:\\\/\\\/settopsurvey.com\\\/settop_website\\\/es\\\/product\\\/settop-rm3d-light-es\\\/\",\"name\":\"Settop RM3D Light - Settop\",\"isPartOf\":{\"@id\":\"https:\\\/\\\/settopsurvey.com\\\/settop_website\\\/#website\"},\"primaryImageOfPage\":{\"@id\":\"https:\\\/\\\/settopsurvey.com\\\/settop_website\\\/es\\\/product\\\/settop-rm3d-light-es\\\/#primaryimage\"},\"image\":{\"@id\":\"https:\\\/\\\/settopsurvey.com\\\/settop_website\\\/es\\\/product\\\/settop-rm3d-light-es\\\/#primaryimage\"},\"thumbnailUrl\":\"https:\\\/\\\/settopsurvey.com\\\/settop_website\\\/wp-content\\\/uploads\\\/Settop-RM3D.png\",\"datePublished\":\"2019-06-19T10:52:27+00:00\",\"dateModified\":\"2023-04-17T10:04:56+00:00\",\"breadcrumb\":{\"@id\":\"https:\\\/\\\/settopsurvey.com\\\/settop_website\\\/es\\\/product\\\/settop-rm3d-light-es\\\/#breadcrumb\"},\"inLanguage\":\"es\",\"potentialAction\":[{\"@type\":\"ReadAction\",\"target\":[\"https:\\\/\\\/settopsurvey.com\\\/settop_website\\\/es\\\/product\\\/settop-rm3d-light-es\\\/\"]}]},{\"@type\":\"ImageObject\",\"inLanguage\":\"es\",\"@id\":\"https:\\\/\\\/settopsurvey.com\\\/settop_website\\\/es\\\/product\\\/settop-rm3d-light-es\\\/#primaryimage\",\"url\":\"https:\\\/\\\/settopsurvey.com\\\/settop_website\\\/wp-content\\\/uploads\\\/Settop-RM3D.png\",\"contentUrl\":\"https:\\\/\\\/settopsurvey.com\\\/settop_website\\\/wp-content\\\/uploads\\\/Settop-RM3D.png\",\"width\":425,\"height\":425},{\"@type\":\"BreadcrumbList\",\"@id\":\"https:\\\/\\\/settopsurvey.com\\\/settop_website\\\/es\\\/product\\\/settop-rm3d-light-es\\\/#breadcrumb\",\"itemListElement\":[{\"@type\":\"ListItem\",\"position\":1,\"name\":\"Portada\",\"item\":\"https:\\\/\\\/settopsurvey.com\\\/settop_website\\\/\"},{\"@type\":\"ListItem\",\"position\":2,\"name\":\"Shop\",\"item\":\"https:\\\/\\\/settopsurvey.com\\\/settop_website\\\/shop\\\/\"},{\"@type\":\"ListItem\",\"position\":3,\"name\":\"Settop RM3D Light\"}]},{\"@type\":\"WebSite\",\"@id\":\"https:\\\/\\\/settopsurvey.com\\\/settop_website\\\/#website\",\"url\":\"https:\\\/\\\/settopsurvey.com\\\/settop_website\\\/\",\"name\":\"Settop\",\"description\":\"Advanced technology in surveying instruments\",\"potentialAction\":[{\"@type\":\"SearchAction\",\"target\":{\"@type\":\"EntryPoint\",\"urlTemplate\":\"https:\\\/\\\/settopsurvey.com\\\/settop_website\\\/?s={search_term_string}\"},\"query-input\":{\"@type\":\"PropertyValueSpecification\",\"valueRequired\":true,\"valueName\":\"search_term_string\"}}],\"inLanguage\":\"es\"}]}<\/script>\n<!-- \/ Yoast SEO plugin. -->","yoast_head_json":{"title":"Settop RM3D Light - Settop","robots":{"index":"index","follow":"follow","max-snippet":"max-snippet:-1","max-image-preview":"max-image-preview:large","max-video-preview":"max-video-preview:-1"},"canonical":"https:\/\/settopsurvey.com\/settop_website\/es\/product\/settop-rm3d-light-es\/","og_locale":"es_ES","og_type":"article","og_title":"Settop RM3D Light - Settop","og_description":"Sistema avanzado de medici\u00f3n de par\u00e1metros de v\u00eda y topogr\u00e1ficos.   Toma de Datos: Se utiliza para realizar levantamientos de la v\u00eda y saber el estado actual de \u00e9sta. Puede tomarse en modo Absoluto (necesario Estaci\u00f3n Total) o Relativo (\u00fanicamente con el \u00fatil).  Replanteo: Se utiliza para la situaci\u00f3n f\u00edsica y montaje de la v\u00eda. Es necesario la carga de ficheros de eje, rasante, peralte y sobreancho.  Auscultaci\u00f3n: Se utiliza para el control de asentamientos de la v\u00eda, comparando la toma de datos de diversos d\u00edas sucesivos, tomando un valor inicial 0.  Comprobaci\u00f3n: Se utiliza para el control del montaje de la v\u00eda, indicando las diferencias existentes entre el resultado te\u00f3rico y el real. En ambos casos hay salidas num\u00e9ricas, gr\u00e1ficas y a ficheros de texto adaptables al formato deseado. Para un mayor control, en modo Absoluto, se utilizan las estaciones de \u00faltima generaci\u00f3n Trimble S8.","og_url":"https:\/\/settopsurvey.com\/settop_website\/es\/product\/settop-rm3d-light-es\/","og_site_name":"Settop","article_modified_time":"2023-04-17T10:04:56+00:00","og_image":[{"width":425,"height":425,"url":"https:\/\/settopsurvey.com\/settop_website\/wp-content\/uploads\/Settop-RM3D.png","type":"image\/png"}],"twitter_card":"summary_large_image","twitter_misc":{"Tiempo de lectura":"2 minutos"},"schema":{"@context":"https:\/\/schema.org","@graph":[{"@type":"WebPage","@id":"https:\/\/settopsurvey.com\/settop_website\/es\/product\/settop-rm3d-light-es\/","url":"https:\/\/settopsurvey.com\/settop_website\/es\/product\/settop-rm3d-light-es\/","name":"Settop RM3D Light - Settop","isPartOf":{"@id":"https:\/\/settopsurvey.com\/settop_website\/#website"},"primaryImageOfPage":{"@id":"https:\/\/settopsurvey.com\/settop_website\/es\/product\/settop-rm3d-light-es\/#primaryimage"},"image":{"@id":"https:\/\/settopsurvey.com\/settop_website\/es\/product\/settop-rm3d-light-es\/#primaryimage"},"thumbnailUrl":"https:\/\/settopsurvey.com\/settop_website\/wp-content\/uploads\/Settop-RM3D.png","datePublished":"2019-06-19T10:52:27+00:00","dateModified":"2023-04-17T10:04:56+00:00","breadcrumb":{"@id":"https:\/\/settopsurvey.com\/settop_website\/es\/product\/settop-rm3d-light-es\/#breadcrumb"},"inLanguage":"es","potentialAction":[{"@type":"ReadAction","target":["https:\/\/settopsurvey.com\/settop_website\/es\/product\/settop-rm3d-light-es\/"]}]},{"@type":"ImageObject","inLanguage":"es","@id":"https:\/\/settopsurvey.com\/settop_website\/es\/product\/settop-rm3d-light-es\/#primaryimage","url":"https:\/\/settopsurvey.com\/settop_website\/wp-content\/uploads\/Settop-RM3D.png","contentUrl":"https:\/\/settopsurvey.com\/settop_website\/wp-content\/uploads\/Settop-RM3D.png","width":425,"height":425},{"@type":"BreadcrumbList","@id":"https:\/\/settopsurvey.com\/settop_website\/es\/product\/settop-rm3d-light-es\/#breadcrumb","itemListElement":[{"@type":"ListItem","position":1,"name":"Portada","item":"https:\/\/settopsurvey.com\/settop_website\/"},{"@type":"ListItem","position":2,"name":"Shop","item":"https:\/\/settopsurvey.com\/settop_website\/shop\/"},{"@type":"ListItem","position":3,"name":"Settop RM3D Light"}]},{"@type":"WebSite","@id":"https:\/\/settopsurvey.com\/settop_website\/#website","url":"https:\/\/settopsurvey.com\/settop_website\/","name":"Settop","description":"Advanced technology in surveying instruments","potentialAction":[{"@type":"SearchAction","target":{"@type":"EntryPoint","urlTemplate":"https:\/\/settopsurvey.com\/settop_website\/?s={search_term_string}"},"query-input":{"@type":"PropertyValueSpecification","valueRequired":true,"valueName":"search_term_string"}}],"inLanguage":"es"}]}},"_links":{"self":[{"href":"https:\/\/settopsurvey.com\/settop_website\/wp-json\/wp\/v2\/product\/2269","targetHints":{"allow":["GET"]}}],"collection":[{"href":"https:\/\/settopsurvey.com\/settop_website\/wp-json\/wp\/v2\/product"}],"about":[{"href":"https:\/\/settopsurvey.com\/settop_website\/wp-json\/wp\/v2\/types\/product"}],"wp:featuredmedia":[{"embeddable":true,"href":"https:\/\/settopsurvey.com\/settop_website\/wp-json\/wp\/v2\/media\/607"}],"wp:attachment":[{"href":"https:\/\/settopsurvey.com\/settop_website\/wp-json\/wp\/v2\/media?parent=2269"}],"wp:term":[{"taxonomy":"product_brand","embeddable":true,"href":"https:\/\/settopsurvey.com\/settop_website\/wp-json\/wp\/v2\/product_brand?post=2269"},{"taxonomy":"product_cat","embeddable":true,"href":"https:\/\/settopsurvey.com\/settop_website\/wp-json\/wp\/v2\/product_cat?post=2269"},{"taxonomy":"product_tag","embeddable":true,"href":"https:\/\/settopsurvey.com\/settop_website\/wp-json\/wp\/v2\/product_tag?post=2269"}],"curies":[{"name":"wp","href":"https:\/\/api.w.org\/{rel}","templated":true}]}}