{"id":2268,"date":"2019-06-19T12:52:48","date_gmt":"2019-06-19T10:52:48","guid":{"rendered":"http:\/\/settopsurvey.com\/settop_website\/?post_type=product&#038;p=2268"},"modified":"2023-04-17T12:05:48","modified_gmt":"2023-04-17T10:05:48","slug":"settop-m3d-es","status":"publish","type":"product","link":"https:\/\/settopsurvey.com\/settop_website\/es\/product\/settop-m3d-es\/","title":{"rendered":"Settop M3D"},"content":{"rendered":"","protected":false},"excerpt":{"rendered":"<p>Sistema de medici\u00f3n electr\u00f3nica de v\u00eda de alta precisi\u00f3n. La soluci\u00f3n para el montaje de v\u00eda de carril embebido. En los casos que no sea posible deslizar un carro de medici\u00f3n para proceder con el montaje, utilice la regla Settop M3D. \u00a1Benef\u00edciese de todas las ventajas del carro en esta regla de medici\u00f3n 3D! La regla de medici\u00f3n Settop M3D, incorpora sensores digitales de alta precisi\u00f3n y un m\u00f3dulo bluetooth para la comunicaci\u00f3n con la controladora de campo. Realice una toma de datos exhaustiva de la v\u00eda o sit\u00faela en coordenadas absolutas gracias a la Estaci\u00f3n Total Trimble S8. Posibilidad de cargar el eje del proyecto en los formatos de los programas m\u00e1s comunes (*.rxl, *.xml, Inroads, Clip, Ispol, etc) y posibilidad de exportaci\u00f3n a ficheros ASCII personalizables (*.txt) o gr\u00e1ficos (*.dxf).<\/p>\n<ul>\n<li>Sensores de Alta Precisi\u00f3n<\/li>\n<li>Ancho fijo 1435mm (otros anchos opcionales)<\/li>\n<li>Conexi\u00f3n inal\u00e1mbrica Bluetooth<\/li>\n<li>Bater\u00edas de larga duraci\u00f3n<\/li>\n<li>Carga de ficheros te\u00f3ricos (*.rxl, *.xml, etc)<\/li>\n<li>Medici\u00f3n relativa<\/li>\n<li>Medici\u00f3n absoluta junto a Estaci\u00f3n Total<\/li>\n<li>Exportaci\u00f3n de datos ASCII personalizable<\/li>\n<li>Exportaci\u00f3n de gr\u00e1ficos a *.dxf<\/li>\n<\/ul>\n<h4>Settop M3D Downloads<\/h4>\r\n<ul>\r\n \t<li class=\"bullet-star\"><a href=\"https:\/\/drive.google.com\/drive\/folders\/1Og8DvGB4nOCzV26ABZaMDAlgjsF0A8W7?usp=sharing\" target=\"_blank\" rel=\"noopener noreferrer\">Product information &amp; Documentation<\/a><\/li>\r\n<\/ul>\n","protected":false},"featured_media":559,"template":"","meta":[],"product_brand":[],"product_cat":[219],"product_tag":[],"class_list":{"0":"post-2268","1":"product","2":"type-product","3":"status-publish","4":"has-post-thumbnail","6":"product_cat-sistemas-ferroviarios","8":"first","9":"instock","10":"shipping-taxable","11":"product-type-simple"},"yoast_head":"<!-- This site is optimized with the Yoast SEO plugin v27.3 - https:\/\/yoast.com\/product\/yoast-seo-wordpress\/ -->\n<title>Settop M3D - Settop<\/title>\n<meta name=\"robots\" content=\"index, follow, max-snippet:-1, max-image-preview:large, max-video-preview:-1\" \/>\n<link rel=\"canonical\" href=\"https:\/\/settopsurvey.com\/settop_website\/es\/product\/settop-m3d-es\/\" \/>\n<meta property=\"og:locale\" content=\"es_ES\" \/>\n<meta property=\"og:type\" content=\"article\" \/>\n<meta property=\"og:title\" content=\"Settop M3D - Settop\" \/>\n<meta property=\"og:description\" content=\"Sistema de medici\u00f3n electr\u00f3nica de v\u00eda de alta precisi\u00f3n. La soluci\u00f3n para el montaje de v\u00eda de carril embebido. En los casos que no sea posible deslizar un carro de medici\u00f3n para proceder con el montaje, utilice la regla Settop M3D. \u00a1Benef\u00edciese de todas las ventajas del carro en esta regla de medici\u00f3n 3D! La regla de medici\u00f3n Settop M3D, incorpora sensores digitales de alta precisi\u00f3n y un m\u00f3dulo bluetooth para la comunicaci\u00f3n con la controladora de campo. Realice una toma de datos exhaustiva de la v\u00eda o sit\u00faela en coordenadas absolutas gracias a la Estaci\u00f3n Total Trimble S8. Posibilidad de cargar el eje del proyecto en los formatos de los programas m\u00e1s comunes (*.rxl, *.xml, Inroads, Clip, Ispol, etc) y posibilidad de exportaci\u00f3n a ficheros ASCII personalizables (*.txt) o gr\u00e1ficos (*.dxf).   Sensores de Alta Precisi\u00f3n  Ancho fijo 1435mm (otros anchos opcionales)  Conexi\u00f3n inal\u00e1mbrica Bluetooth  Bater\u00edas de larga duraci\u00f3n  Carga de ficheros te\u00f3ricos (*.rxl, *.xml, etc)  Medici\u00f3n relativa  Medici\u00f3n absoluta junto a Estaci\u00f3n Total  Exportaci\u00f3n de datos ASCII personalizable  Exportaci\u00f3n de gr\u00e1ficos a *.dxf\" \/>\n<meta property=\"og:url\" content=\"https:\/\/settopsurvey.com\/settop_website\/es\/product\/settop-m3d-es\/\" \/>\n<meta property=\"og:site_name\" content=\"Settop\" \/>\n<meta property=\"article:modified_time\" content=\"2023-04-17T10:05:48+00:00\" \/>\n<meta property=\"og:image\" content=\"https:\/\/settopsurvey.com\/settop_website\/wp-content\/uploads\/Settop-M3D.png\" \/>\n\t<meta property=\"og:image:width\" content=\"425\" \/>\n\t<meta property=\"og:image:height\" content=\"425\" \/>\n\t<meta property=\"og:image:type\" content=\"image\/png\" \/>\n<meta name=\"twitter:card\" content=\"summary_large_image\" \/>\n<script type=\"application\/ld+json\" class=\"yoast-schema-graph\">{\"@context\":\"https:\\\/\\\/schema.org\",\"@graph\":[{\"@type\":\"WebPage\",\"@id\":\"https:\\\/\\\/settopsurvey.com\\\/settop_website\\\/es\\\/product\\\/settop-m3d-es\\\/\",\"url\":\"https:\\\/\\\/settopsurvey.com\\\/settop_website\\\/es\\\/product\\\/settop-m3d-es\\\/\",\"name\":\"Settop M3D - Settop\",\"isPartOf\":{\"@id\":\"https:\\\/\\\/settopsurvey.com\\\/settop_website\\\/#website\"},\"primaryImageOfPage\":{\"@id\":\"https:\\\/\\\/settopsurvey.com\\\/settop_website\\\/es\\\/product\\\/settop-m3d-es\\\/#primaryimage\"},\"image\":{\"@id\":\"https:\\\/\\\/settopsurvey.com\\\/settop_website\\\/es\\\/product\\\/settop-m3d-es\\\/#primaryimage\"},\"thumbnailUrl\":\"https:\\\/\\\/settopsurvey.com\\\/settop_website\\\/wp-content\\\/uploads\\\/Settop-M3D.png\",\"datePublished\":\"2019-06-19T10:52:48+00:00\",\"dateModified\":\"2023-04-17T10:05:48+00:00\",\"breadcrumb\":{\"@id\":\"https:\\\/\\\/settopsurvey.com\\\/settop_website\\\/es\\\/product\\\/settop-m3d-es\\\/#breadcrumb\"},\"inLanguage\":\"es\",\"potentialAction\":[{\"@type\":\"ReadAction\",\"target\":[\"https:\\\/\\\/settopsurvey.com\\\/settop_website\\\/es\\\/product\\\/settop-m3d-es\\\/\"]}]},{\"@type\":\"ImageObject\",\"inLanguage\":\"es\",\"@id\":\"https:\\\/\\\/settopsurvey.com\\\/settop_website\\\/es\\\/product\\\/settop-m3d-es\\\/#primaryimage\",\"url\":\"https:\\\/\\\/settopsurvey.com\\\/settop_website\\\/wp-content\\\/uploads\\\/Settop-M3D.png\",\"contentUrl\":\"https:\\\/\\\/settopsurvey.com\\\/settop_website\\\/wp-content\\\/uploads\\\/Settop-M3D.png\",\"width\":425,\"height\":425},{\"@type\":\"BreadcrumbList\",\"@id\":\"https:\\\/\\\/settopsurvey.com\\\/settop_website\\\/es\\\/product\\\/settop-m3d-es\\\/#breadcrumb\",\"itemListElement\":[{\"@type\":\"ListItem\",\"position\":1,\"name\":\"Portada\",\"item\":\"https:\\\/\\\/settopsurvey.com\\\/settop_website\\\/\"},{\"@type\":\"ListItem\",\"position\":2,\"name\":\"Shop\",\"item\":\"https:\\\/\\\/settopsurvey.com\\\/settop_website\\\/shop\\\/\"},{\"@type\":\"ListItem\",\"position\":3,\"name\":\"Settop M3D\"}]},{\"@type\":\"WebSite\",\"@id\":\"https:\\\/\\\/settopsurvey.com\\\/settop_website\\\/#website\",\"url\":\"https:\\\/\\\/settopsurvey.com\\\/settop_website\\\/\",\"name\":\"Settop\",\"description\":\"Advanced technology in surveying instruments\",\"potentialAction\":[{\"@type\":\"SearchAction\",\"target\":{\"@type\":\"EntryPoint\",\"urlTemplate\":\"https:\\\/\\\/settopsurvey.com\\\/settop_website\\\/?s={search_term_string}\"},\"query-input\":{\"@type\":\"PropertyValueSpecification\",\"valueRequired\":true,\"valueName\":\"search_term_string\"}}],\"inLanguage\":\"es\"}]}<\/script>\n<!-- \/ Yoast SEO plugin. -->","yoast_head_json":{"title":"Settop M3D - Settop","robots":{"index":"index","follow":"follow","max-snippet":"max-snippet:-1","max-image-preview":"max-image-preview:large","max-video-preview":"max-video-preview:-1"},"canonical":"https:\/\/settopsurvey.com\/settop_website\/es\/product\/settop-m3d-es\/","og_locale":"es_ES","og_type":"article","og_title":"Settop M3D - Settop","og_description":"Sistema de medici\u00f3n electr\u00f3nica de v\u00eda de alta precisi\u00f3n. La soluci\u00f3n para el montaje de v\u00eda de carril embebido. En los casos que no sea posible deslizar un carro de medici\u00f3n para proceder con el montaje, utilice la regla Settop M3D. \u00a1Benef\u00edciese de todas las ventajas del carro en esta regla de medici\u00f3n 3D! La regla de medici\u00f3n Settop M3D, incorpora sensores digitales de alta precisi\u00f3n y un m\u00f3dulo bluetooth para la comunicaci\u00f3n con la controladora de campo. Realice una toma de datos exhaustiva de la v\u00eda o sit\u00faela en coordenadas absolutas gracias a la Estaci\u00f3n Total Trimble S8. Posibilidad de cargar el eje del proyecto en los formatos de los programas m\u00e1s comunes (*.rxl, *.xml, Inroads, Clip, Ispol, etc) y posibilidad de exportaci\u00f3n a ficheros ASCII personalizables (*.txt) o gr\u00e1ficos (*.dxf).   Sensores de Alta Precisi\u00f3n  Ancho fijo 1435mm (otros anchos opcionales)  Conexi\u00f3n inal\u00e1mbrica Bluetooth  Bater\u00edas de larga duraci\u00f3n  Carga de ficheros te\u00f3ricos (*.rxl, *.xml, etc)  Medici\u00f3n relativa  Medici\u00f3n absoluta junto a Estaci\u00f3n Total  Exportaci\u00f3n de datos ASCII personalizable  Exportaci\u00f3n de gr\u00e1ficos a *.dxf","og_url":"https:\/\/settopsurvey.com\/settop_website\/es\/product\/settop-m3d-es\/","og_site_name":"Settop","article_modified_time":"2023-04-17T10:05:48+00:00","og_image":[{"width":425,"height":425,"url":"https:\/\/settopsurvey.com\/settop_website\/wp-content\/uploads\/Settop-M3D.png","type":"image\/png"}],"twitter_card":"summary_large_image","schema":{"@context":"https:\/\/schema.org","@graph":[{"@type":"WebPage","@id":"https:\/\/settopsurvey.com\/settop_website\/es\/product\/settop-m3d-es\/","url":"https:\/\/settopsurvey.com\/settop_website\/es\/product\/settop-m3d-es\/","name":"Settop M3D - Settop","isPartOf":{"@id":"https:\/\/settopsurvey.com\/settop_website\/#website"},"primaryImageOfPage":{"@id":"https:\/\/settopsurvey.com\/settop_website\/es\/product\/settop-m3d-es\/#primaryimage"},"image":{"@id":"https:\/\/settopsurvey.com\/settop_website\/es\/product\/settop-m3d-es\/#primaryimage"},"thumbnailUrl":"https:\/\/settopsurvey.com\/settop_website\/wp-content\/uploads\/Settop-M3D.png","datePublished":"2019-06-19T10:52:48+00:00","dateModified":"2023-04-17T10:05:48+00:00","breadcrumb":{"@id":"https:\/\/settopsurvey.com\/settop_website\/es\/product\/settop-m3d-es\/#breadcrumb"},"inLanguage":"es","potentialAction":[{"@type":"ReadAction","target":["https:\/\/settopsurvey.com\/settop_website\/es\/product\/settop-m3d-es\/"]}]},{"@type":"ImageObject","inLanguage":"es","@id":"https:\/\/settopsurvey.com\/settop_website\/es\/product\/settop-m3d-es\/#primaryimage","url":"https:\/\/settopsurvey.com\/settop_website\/wp-content\/uploads\/Settop-M3D.png","contentUrl":"https:\/\/settopsurvey.com\/settop_website\/wp-content\/uploads\/Settop-M3D.png","width":425,"height":425},{"@type":"BreadcrumbList","@id":"https:\/\/settopsurvey.com\/settop_website\/es\/product\/settop-m3d-es\/#breadcrumb","itemListElement":[{"@type":"ListItem","position":1,"name":"Portada","item":"https:\/\/settopsurvey.com\/settop_website\/"},{"@type":"ListItem","position":2,"name":"Shop","item":"https:\/\/settopsurvey.com\/settop_website\/shop\/"},{"@type":"ListItem","position":3,"name":"Settop M3D"}]},{"@type":"WebSite","@id":"https:\/\/settopsurvey.com\/settop_website\/#website","url":"https:\/\/settopsurvey.com\/settop_website\/","name":"Settop","description":"Advanced technology in surveying instruments","potentialAction":[{"@type":"SearchAction","target":{"@type":"EntryPoint","urlTemplate":"https:\/\/settopsurvey.com\/settop_website\/?s={search_term_string}"},"query-input":{"@type":"PropertyValueSpecification","valueRequired":true,"valueName":"search_term_string"}}],"inLanguage":"es"}]}},"_links":{"self":[{"href":"https:\/\/settopsurvey.com\/settop_website\/wp-json\/wp\/v2\/product\/2268","targetHints":{"allow":["GET"]}}],"collection":[{"href":"https:\/\/settopsurvey.com\/settop_website\/wp-json\/wp\/v2\/product"}],"about":[{"href":"https:\/\/settopsurvey.com\/settop_website\/wp-json\/wp\/v2\/types\/product"}],"wp:featuredmedia":[{"embeddable":true,"href":"https:\/\/settopsurvey.com\/settop_website\/wp-json\/wp\/v2\/media\/559"}],"wp:attachment":[{"href":"https:\/\/settopsurvey.com\/settop_website\/wp-json\/wp\/v2\/media?parent=2268"}],"wp:term":[{"taxonomy":"product_brand","embeddable":true,"href":"https:\/\/settopsurvey.com\/settop_website\/wp-json\/wp\/v2\/product_brand?post=2268"},{"taxonomy":"product_cat","embeddable":true,"href":"https:\/\/settopsurvey.com\/settop_website\/wp-json\/wp\/v2\/product_cat?post=2268"},{"taxonomy":"product_tag","embeddable":true,"href":"https:\/\/settopsurvey.com\/settop_website\/wp-json\/wp\/v2\/product_tag?post=2268"}],"curies":[{"name":"wp","href":"https:\/\/api.w.org\/{rel}","templated":true}]}}