{"id":2266,"date":"2019-06-19T12:51:35","date_gmt":"2019-06-19T10:51:35","guid":{"rendered":"http:\/\/settopsurvey.com\/settop_website\/?post_type=product&#038;p=2266"},"modified":"2023-04-17T12:00:08","modified_gmt":"2023-04-17T10:00:08","slug":"settop-radiolink-es","status":"publish","type":"product","link":"https:\/\/settopsurvey.com\/settop_website\/es\/product\/settop-radiolink-es\/","title":{"rendered":"Settop RadioLink"},"content":{"rendered":"","protected":false},"excerpt":{"rendered":"<p>Settop RadioLink es una soluci\u00f3n de radio enlace vers\u00e1til que funciona como radio base y radio repetidora. Es\u00a0compatible con la mayor\u00eda de receptores base del mercado\u00a0y con un\u00a0amplio abanico de protocolos de transmisi\u00f3n, lo hace una soluci\u00f3n perfecta para su radio enlace, por ejemplo combinado con Settop Repeater. Sus dimensiones y peso reducidos, sus bater\u00edas integradas extra\u00edbles y sus f\u00e1cil configuraci\u00f3n, lo convierten en una soluci\u00f3n de radio vers\u00e1til y c\u00f3moda.<\/p>\n<ul>\n<li>Radio base<\/li>\n<li>Radio repetidora<\/li>\n<li>Bater\u00edas integradas extra\u00edbles<\/li>\n<li>Compatible con la mayor\u00eda de receptores base del mercado<\/li>\n<li>Amplio abanico de protocolos de transmisi\u00f3n<\/li>\n<li>Dimensiones y peso reducidos<\/li>\n<li>F\u00e1cil configuraci\u00f3n<\/li>\n<\/ul>\n<h4>Settop RadioLink Donwloads<\/h4>\r\n<ul>\r\n \t<li class=\"bullet-star\"><a href=\"https:\/\/drive.google.com\/drive\/folders\/1IsAgbJVJr1bZBwFDR6w2_Wn9yju0J8XI?usp=sharing\" target=\"_blank\" rel=\"noopener noreferrer\">Product information &amp; Documentation<\/a><\/li>\r\n<\/ul>\n","protected":false},"featured_media":582,"template":"","meta":[],"product_brand":[],"product_cat":[177,169,192],"product_tag":[],"class_list":{"0":"post-2266","1":"product","2":"type-product","3":"status-publish","4":"has-post-thumbnail","6":"product_cat-agricultura-de-precision","7":"product_cat-otros","8":"product_cat-repeaters-y-modems","10":"first","11":"instock","12":"shipping-taxable","13":"product-type-simple"},"yoast_head":"<!-- This site is optimized with the Yoast SEO plugin v27.3 - https:\/\/yoast.com\/product\/yoast-seo-wordpress\/ -->\n<title>Settop RadioLink - Settop<\/title>\n<meta name=\"robots\" content=\"index, follow, max-snippet:-1, max-image-preview:large, max-video-preview:-1\" \/>\n<link rel=\"canonical\" href=\"https:\/\/settopsurvey.com\/settop_website\/es\/product\/settop-radiolink-es\/\" \/>\n<meta property=\"og:locale\" content=\"es_ES\" \/>\n<meta property=\"og:type\" content=\"article\" \/>\n<meta property=\"og:title\" content=\"Settop RadioLink - Settop\" \/>\n<meta property=\"og:description\" content=\"Settop RadioLink es una soluci\u00f3n de radio enlace vers\u00e1til que funciona como radio base y radio repetidora. Es\u00a0compatible con la mayor\u00eda de receptores base del mercado\u00a0y con un\u00a0amplio abanico de protocolos de transmisi\u00f3n, lo hace una soluci\u00f3n perfecta para su radio enlace, por ejemplo combinado con Settop Repeater. Sus dimensiones y peso reducidos, sus bater\u00edas integradas extra\u00edbles y sus f\u00e1cil configuraci\u00f3n, lo convierten en una soluci\u00f3n de radio vers\u00e1til y c\u00f3moda.   Radio base  Radio repetidora  Bater\u00edas integradas extra\u00edbles  Compatible con la mayor\u00eda de receptores base del mercado  Amplio abanico de protocolos de transmisi\u00f3n  Dimensiones y peso reducidos  F\u00e1cil configuraci\u00f3n\" \/>\n<meta property=\"og:url\" content=\"https:\/\/settopsurvey.com\/settop_website\/es\/product\/settop-radiolink-es\/\" \/>\n<meta property=\"og:site_name\" content=\"Settop\" \/>\n<meta property=\"article:modified_time\" content=\"2023-04-17T10:00:08+00:00\" \/>\n<meta property=\"og:image\" content=\"https:\/\/settopsurvey.com\/settop_website\/wp-content\/uploads\/Settop-radiolink.png\" \/>\n\t<meta property=\"og:image:width\" content=\"425\" \/>\n\t<meta property=\"og:image:height\" content=\"425\" \/>\n\t<meta property=\"og:image:type\" content=\"image\/png\" \/>\n<meta name=\"twitter:card\" content=\"summary_large_image\" \/>\n<script type=\"application\/ld+json\" class=\"yoast-schema-graph\">{\"@context\":\"https:\\\/\\\/schema.org\",\"@graph\":[{\"@type\":\"WebPage\",\"@id\":\"https:\\\/\\\/settopsurvey.com\\\/settop_website\\\/es\\\/product\\\/settop-radiolink-es\\\/\",\"url\":\"https:\\\/\\\/settopsurvey.com\\\/settop_website\\\/es\\\/product\\\/settop-radiolink-es\\\/\",\"name\":\"Settop RadioLink - Settop\",\"isPartOf\":{\"@id\":\"https:\\\/\\\/settopsurvey.com\\\/settop_website\\\/#website\"},\"primaryImageOfPage\":{\"@id\":\"https:\\\/\\\/settopsurvey.com\\\/settop_website\\\/es\\\/product\\\/settop-radiolink-es\\\/#primaryimage\"},\"image\":{\"@id\":\"https:\\\/\\\/settopsurvey.com\\\/settop_website\\\/es\\\/product\\\/settop-radiolink-es\\\/#primaryimage\"},\"thumbnailUrl\":\"https:\\\/\\\/settopsurvey.com\\\/settop_website\\\/wp-content\\\/uploads\\\/Settop-radiolink.png\",\"datePublished\":\"2019-06-19T10:51:35+00:00\",\"dateModified\":\"2023-04-17T10:00:08+00:00\",\"breadcrumb\":{\"@id\":\"https:\\\/\\\/settopsurvey.com\\\/settop_website\\\/es\\\/product\\\/settop-radiolink-es\\\/#breadcrumb\"},\"inLanguage\":\"es\",\"potentialAction\":[{\"@type\":\"ReadAction\",\"target\":[\"https:\\\/\\\/settopsurvey.com\\\/settop_website\\\/es\\\/product\\\/settop-radiolink-es\\\/\"]}]},{\"@type\":\"ImageObject\",\"inLanguage\":\"es\",\"@id\":\"https:\\\/\\\/settopsurvey.com\\\/settop_website\\\/es\\\/product\\\/settop-radiolink-es\\\/#primaryimage\",\"url\":\"https:\\\/\\\/settopsurvey.com\\\/settop_website\\\/wp-content\\\/uploads\\\/Settop-radiolink.png\",\"contentUrl\":\"https:\\\/\\\/settopsurvey.com\\\/settop_website\\\/wp-content\\\/uploads\\\/Settop-radiolink.png\",\"width\":425,\"height\":425},{\"@type\":\"BreadcrumbList\",\"@id\":\"https:\\\/\\\/settopsurvey.com\\\/settop_website\\\/es\\\/product\\\/settop-radiolink-es\\\/#breadcrumb\",\"itemListElement\":[{\"@type\":\"ListItem\",\"position\":1,\"name\":\"Portada\",\"item\":\"https:\\\/\\\/settopsurvey.com\\\/settop_website\\\/\"},{\"@type\":\"ListItem\",\"position\":2,\"name\":\"Shop\",\"item\":\"https:\\\/\\\/settopsurvey.com\\\/settop_website\\\/shop\\\/\"},{\"@type\":\"ListItem\",\"position\":3,\"name\":\"Settop RadioLink\"}]},{\"@type\":\"WebSite\",\"@id\":\"https:\\\/\\\/settopsurvey.com\\\/settop_website\\\/#website\",\"url\":\"https:\\\/\\\/settopsurvey.com\\\/settop_website\\\/\",\"name\":\"Settop\",\"description\":\"Advanced technology in surveying instruments\",\"potentialAction\":[{\"@type\":\"SearchAction\",\"target\":{\"@type\":\"EntryPoint\",\"urlTemplate\":\"https:\\\/\\\/settopsurvey.com\\\/settop_website\\\/?s={search_term_string}\"},\"query-input\":{\"@type\":\"PropertyValueSpecification\",\"valueRequired\":true,\"valueName\":\"search_term_string\"}}],\"inLanguage\":\"es\"}]}<\/script>\n<!-- \/ Yoast SEO plugin. -->","yoast_head_json":{"title":"Settop RadioLink - Settop","robots":{"index":"index","follow":"follow","max-snippet":"max-snippet:-1","max-image-preview":"max-image-preview:large","max-video-preview":"max-video-preview:-1"},"canonical":"https:\/\/settopsurvey.com\/settop_website\/es\/product\/settop-radiolink-es\/","og_locale":"es_ES","og_type":"article","og_title":"Settop RadioLink - Settop","og_description":"Settop RadioLink es una soluci\u00f3n de radio enlace vers\u00e1til que funciona como radio base y radio repetidora. Es\u00a0compatible con la mayor\u00eda de receptores base del mercado\u00a0y con un\u00a0amplio abanico de protocolos de transmisi\u00f3n, lo hace una soluci\u00f3n perfecta para su radio enlace, por ejemplo combinado con Settop Repeater. Sus dimensiones y peso reducidos, sus bater\u00edas integradas extra\u00edbles y sus f\u00e1cil configuraci\u00f3n, lo convierten en una soluci\u00f3n de radio vers\u00e1til y c\u00f3moda.   Radio base  Radio repetidora  Bater\u00edas integradas extra\u00edbles  Compatible con la mayor\u00eda de receptores base del mercado  Amplio abanico de protocolos de transmisi\u00f3n  Dimensiones y peso reducidos  F\u00e1cil configuraci\u00f3n","og_url":"https:\/\/settopsurvey.com\/settop_website\/es\/product\/settop-radiolink-es\/","og_site_name":"Settop","article_modified_time":"2023-04-17T10:00:08+00:00","og_image":[{"width":425,"height":425,"url":"https:\/\/settopsurvey.com\/settop_website\/wp-content\/uploads\/Settop-radiolink.png","type":"image\/png"}],"twitter_card":"summary_large_image","schema":{"@context":"https:\/\/schema.org","@graph":[{"@type":"WebPage","@id":"https:\/\/settopsurvey.com\/settop_website\/es\/product\/settop-radiolink-es\/","url":"https:\/\/settopsurvey.com\/settop_website\/es\/product\/settop-radiolink-es\/","name":"Settop RadioLink - Settop","isPartOf":{"@id":"https:\/\/settopsurvey.com\/settop_website\/#website"},"primaryImageOfPage":{"@id":"https:\/\/settopsurvey.com\/settop_website\/es\/product\/settop-radiolink-es\/#primaryimage"},"image":{"@id":"https:\/\/settopsurvey.com\/settop_website\/es\/product\/settop-radiolink-es\/#primaryimage"},"thumbnailUrl":"https:\/\/settopsurvey.com\/settop_website\/wp-content\/uploads\/Settop-radiolink.png","datePublished":"2019-06-19T10:51:35+00:00","dateModified":"2023-04-17T10:00:08+00:00","breadcrumb":{"@id":"https:\/\/settopsurvey.com\/settop_website\/es\/product\/settop-radiolink-es\/#breadcrumb"},"inLanguage":"es","potentialAction":[{"@type":"ReadAction","target":["https:\/\/settopsurvey.com\/settop_website\/es\/product\/settop-radiolink-es\/"]}]},{"@type":"ImageObject","inLanguage":"es","@id":"https:\/\/settopsurvey.com\/settop_website\/es\/product\/settop-radiolink-es\/#primaryimage","url":"https:\/\/settopsurvey.com\/settop_website\/wp-content\/uploads\/Settop-radiolink.png","contentUrl":"https:\/\/settopsurvey.com\/settop_website\/wp-content\/uploads\/Settop-radiolink.png","width":425,"height":425},{"@type":"BreadcrumbList","@id":"https:\/\/settopsurvey.com\/settop_website\/es\/product\/settop-radiolink-es\/#breadcrumb","itemListElement":[{"@type":"ListItem","position":1,"name":"Portada","item":"https:\/\/settopsurvey.com\/settop_website\/"},{"@type":"ListItem","position":2,"name":"Shop","item":"https:\/\/settopsurvey.com\/settop_website\/shop\/"},{"@type":"ListItem","position":3,"name":"Settop RadioLink"}]},{"@type":"WebSite","@id":"https:\/\/settopsurvey.com\/settop_website\/#website","url":"https:\/\/settopsurvey.com\/settop_website\/","name":"Settop","description":"Advanced technology in surveying instruments","potentialAction":[{"@type":"SearchAction","target":{"@type":"EntryPoint","urlTemplate":"https:\/\/settopsurvey.com\/settop_website\/?s={search_term_string}"},"query-input":{"@type":"PropertyValueSpecification","valueRequired":true,"valueName":"search_term_string"}}],"inLanguage":"es"}]}},"_links":{"self":[{"href":"https:\/\/settopsurvey.com\/settop_website\/wp-json\/wp\/v2\/product\/2266","targetHints":{"allow":["GET"]}}],"collection":[{"href":"https:\/\/settopsurvey.com\/settop_website\/wp-json\/wp\/v2\/product"}],"about":[{"href":"https:\/\/settopsurvey.com\/settop_website\/wp-json\/wp\/v2\/types\/product"}],"wp:featuredmedia":[{"embeddable":true,"href":"https:\/\/settopsurvey.com\/settop_website\/wp-json\/wp\/v2\/media\/582"}],"wp:attachment":[{"href":"https:\/\/settopsurvey.com\/settop_website\/wp-json\/wp\/v2\/media?parent=2266"}],"wp:term":[{"taxonomy":"product_brand","embeddable":true,"href":"https:\/\/settopsurvey.com\/settop_website\/wp-json\/wp\/v2\/product_brand?post=2266"},{"taxonomy":"product_cat","embeddable":true,"href":"https:\/\/settopsurvey.com\/settop_website\/wp-json\/wp\/v2\/product_cat?post=2266"},{"taxonomy":"product_tag","embeddable":true,"href":"https:\/\/settopsurvey.com\/settop_website\/wp-json\/wp\/v2\/product_tag?post=2266"}],"curies":[{"name":"wp","href":"https:\/\/api.w.org\/{rel}","templated":true}]}}