{"id":2263,"date":"2019-06-19T12:56:01","date_gmt":"2019-06-19T10:56:01","guid":{"rendered":"http:\/\/settopsurvey.com\/settop_website\/?post_type=product&#038;p=2263"},"modified":"2023-04-17T12:13:34","modified_gmt":"2023-04-17T10:13:34","slug":"settop-dataconvert-es","status":"publish","type":"product","link":"https:\/\/settopsurvey.com\/settop_website\/es\/product\/settop-dataconvert-es\/","title":{"rendered":"Settop DataConvert"},"content":{"rendered":"<h2>Opciones<\/h2>\n<p><img loading=\"lazy\" decoding=\"async\" class=\"alignnone wp-image-497 size-medium\" src=\"http:\/\/settopsurvey.com\/settop_website\/wp-content\/uploads\/Settop-DataConvert-opciones_esp-516x400.png\" alt=\"\" width=\"516\" height=\"400\" \/><\/p>\n<hr \/>\n<p>&nbsp;<\/p>\n<p>&nbsp;<\/p>\n","protected":false},"excerpt":{"rendered":"<p>El complemento perfecto para sus trabajos topogr\u00e1ficos.\u00a0Imagine un software de conversi\u00f3n que englobe tambi\u00e9n las operaciones b\u00e1sicas que pueda realizar cualquier profesional de la topograf\u00eda y geodesia. Con la nueva versi\u00f3n del Data Convert se ha implementado un conjunto de Utilidades que abarcan una gran variedad de todas aquellas tareas que pueda realizar durante su jornada.<\/p>\n<p>Data Convert se ha convertido en un software de referencia en lo que a conversiones se refiere. Su m\u00f3dulo de trasformaci\u00f3n de puntos y de ejes de trazado a otros formatos representa una herramienta clave para migrar sus trabajos de gabinete a campo y de campo a gabinete. Con Data Convert tendr\u00e1 la mayor variedad de trasformaciones que engloban 15 software de trazado diferentes y m\u00e1s 100 tipos de ficheros. Adicionalmente se incluye la posibilidad de convertir no solo a las colectoras de las marcas m\u00e1s representativas del mercado (Trimble, Topcon, Settop, TCP, LandXML) sino que tambi\u00e9n transforma entre softwares de topograf\u00eda, de modo que, si usted recibe el trazado en alg\u00fan programa espec\u00edfico lo podr\u00e1 transformar al sistema que maneje normalmente (Istram, Clip, MDT, Inroads, Civil\u2026).<\/p>\n<ul>\n<li>Realice todo tipo de conversiones de puntos y ejes a multitud de formatos.<\/li>\n<li>Trabaje con el editor de trazado y genere sus ejes de manera r\u00e1pida e intuitiva.<\/li>\n<li>Dise\u00f1e sus t\u00faneles y c\u00e1rguelos a sus equipos Trimble.<\/li>\n<li>Utilice la Calculadora Geod\u00e9sica con m\u00e1s de 70 pa\u00edses y 1200 d\u00e1tums.<\/li>\n<\/ul>\n<h4>Settop DataConvert Downloads<\/h4>\r\n<ul>\r\n \t<li class=\"bullet-star\"><a href=\"https:\/\/drive.google.com\/drive\/folders\/1uPBOLGisNYm-aT5EeVYTiDf2CxbiT4_Y?usp=sharing\" target=\"_blank\" rel=\"noopener noreferrer\">Product information &amp; Documentation<\/a><\/li>\r\n<\/ul>\n","protected":false},"featured_media":499,"template":"","meta":[],"product_brand":[],"product_cat":[209],"product_tag":[],"class_list":{"0":"post-2263","1":"product","2":"type-product","3":"status-publish","4":"has-post-thumbnail","6":"product_cat-programas-settop","8":"first","9":"instock","10":"shipping-taxable","11":"product-type-simple"},"yoast_head":"<!-- This site is optimized with the Yoast SEO plugin v27.3 - https:\/\/yoast.com\/product\/yoast-seo-wordpress\/ -->\n<title>Settop DataConvert - Settop<\/title>\n<meta name=\"robots\" content=\"index, follow, max-snippet:-1, max-image-preview:large, max-video-preview:-1\" \/>\n<link rel=\"canonical\" href=\"https:\/\/settopsurvey.com\/settop_website\/es\/product\/settop-dataconvert-es\/\" \/>\n<meta property=\"og:locale\" content=\"es_ES\" \/>\n<meta property=\"og:type\" content=\"article\" \/>\n<meta property=\"og:title\" content=\"Settop DataConvert - Settop\" \/>\n<meta property=\"og:description\" content=\"El complemento perfecto para sus trabajos topogr\u00e1ficos.\u00a0Imagine un software de conversi\u00f3n que englobe tambi\u00e9n las operaciones b\u00e1sicas que pueda realizar cualquier profesional de la topograf\u00eda y geodesia. Con la nueva versi\u00f3n del Data Convert se ha implementado un conjunto de Utilidades que abarcan una gran variedad de todas aquellas tareas que pueda realizar durante su jornada.  Data Convert se ha convertido en un software de referencia en lo que a conversiones se refiere. Su m\u00f3dulo de trasformaci\u00f3n de puntos y de ejes de trazado a otros formatos representa una herramienta clave para migrar sus trabajos de gabinete a campo y de campo a gabinete. Con Data Convert tendr\u00e1 la mayor variedad de trasformaciones que engloban 15 software de trazado diferentes y m\u00e1s 100 tipos de ficheros. Adicionalmente se incluye la posibilidad de convertir no solo a las colectoras de las marcas m\u00e1s representativas del mercado (Trimble, Topcon, Settop, TCP, LandXML) sino que tambi\u00e9n transforma entre softwares de topograf\u00eda, de modo que, si usted recibe el trazado en alg\u00fan programa espec\u00edfico lo podr\u00e1 transformar al sistema que maneje normalmente (Istram, Clip, MDT, Inroads, Civil\u2026).   Realice todo tipo de conversiones de puntos y ejes a multitud de formatos.  Trabaje con el editor de trazado y genere sus ejes de manera r\u00e1pida e intuitiva.  Dise\u00f1e sus t\u00faneles y c\u00e1rguelos a sus equipos Trimble.  Utilice la Calculadora Geod\u00e9sica con m\u00e1s de 70 pa\u00edses y 1200 d\u00e1tums.\" \/>\n<meta property=\"og:url\" content=\"https:\/\/settopsurvey.com\/settop_website\/es\/product\/settop-dataconvert-es\/\" \/>\n<meta property=\"og:site_name\" content=\"Settop\" \/>\n<meta property=\"article:modified_time\" content=\"2023-04-17T10:13:34+00:00\" \/>\n<meta property=\"og:image\" content=\"https:\/\/settopsurvey.com\/settop_website\/wp-content\/uploads\/Settop-DataConvert.png\" \/>\n\t<meta property=\"og:image:width\" content=\"425\" \/>\n\t<meta property=\"og:image:height\" content=\"425\" \/>\n\t<meta property=\"og:image:type\" content=\"image\/png\" \/>\n<meta name=\"twitter:card\" content=\"summary_large_image\" \/>\n<meta name=\"twitter:label1\" content=\"Tiempo de lectura\" \/>\n\t<meta name=\"twitter:data1\" content=\"1 minuto\" \/>\n<script type=\"application\/ld+json\" class=\"yoast-schema-graph\">{\"@context\":\"https:\\\/\\\/schema.org\",\"@graph\":[{\"@type\":\"WebPage\",\"@id\":\"https:\\\/\\\/settopsurvey.com\\\/settop_website\\\/es\\\/product\\\/settop-dataconvert-es\\\/\",\"url\":\"https:\\\/\\\/settopsurvey.com\\\/settop_website\\\/es\\\/product\\\/settop-dataconvert-es\\\/\",\"name\":\"Settop DataConvert - Settop\",\"isPartOf\":{\"@id\":\"https:\\\/\\\/settopsurvey.com\\\/settop_website\\\/#website\"},\"primaryImageOfPage\":{\"@id\":\"https:\\\/\\\/settopsurvey.com\\\/settop_website\\\/es\\\/product\\\/settop-dataconvert-es\\\/#primaryimage\"},\"image\":{\"@id\":\"https:\\\/\\\/settopsurvey.com\\\/settop_website\\\/es\\\/product\\\/settop-dataconvert-es\\\/#primaryimage\"},\"thumbnailUrl\":\"https:\\\/\\\/settopsurvey.com\\\/settop_website\\\/wp-content\\\/uploads\\\/Settop-DataConvert.png\",\"datePublished\":\"2019-06-19T10:56:01+00:00\",\"dateModified\":\"2023-04-17T10:13:34+00:00\",\"breadcrumb\":{\"@id\":\"https:\\\/\\\/settopsurvey.com\\\/settop_website\\\/es\\\/product\\\/settop-dataconvert-es\\\/#breadcrumb\"},\"inLanguage\":\"es\",\"potentialAction\":[{\"@type\":\"ReadAction\",\"target\":[\"https:\\\/\\\/settopsurvey.com\\\/settop_website\\\/es\\\/product\\\/settop-dataconvert-es\\\/\"]}]},{\"@type\":\"ImageObject\",\"inLanguage\":\"es\",\"@id\":\"https:\\\/\\\/settopsurvey.com\\\/settop_website\\\/es\\\/product\\\/settop-dataconvert-es\\\/#primaryimage\",\"url\":\"https:\\\/\\\/settopsurvey.com\\\/settop_website\\\/wp-content\\\/uploads\\\/Settop-DataConvert.png\",\"contentUrl\":\"https:\\\/\\\/settopsurvey.com\\\/settop_website\\\/wp-content\\\/uploads\\\/Settop-DataConvert.png\",\"width\":425,\"height\":425},{\"@type\":\"BreadcrumbList\",\"@id\":\"https:\\\/\\\/settopsurvey.com\\\/settop_website\\\/es\\\/product\\\/settop-dataconvert-es\\\/#breadcrumb\",\"itemListElement\":[{\"@type\":\"ListItem\",\"position\":1,\"name\":\"Portada\",\"item\":\"https:\\\/\\\/settopsurvey.com\\\/settop_website\\\/\"},{\"@type\":\"ListItem\",\"position\":2,\"name\":\"Shop\",\"item\":\"https:\\\/\\\/settopsurvey.com\\\/settop_website\\\/shop\\\/\"},{\"@type\":\"ListItem\",\"position\":3,\"name\":\"Settop DataConvert\"}]},{\"@type\":\"WebSite\",\"@id\":\"https:\\\/\\\/settopsurvey.com\\\/settop_website\\\/#website\",\"url\":\"https:\\\/\\\/settopsurvey.com\\\/settop_website\\\/\",\"name\":\"Settop\",\"description\":\"Advanced technology in surveying instruments\",\"potentialAction\":[{\"@type\":\"SearchAction\",\"target\":{\"@type\":\"EntryPoint\",\"urlTemplate\":\"https:\\\/\\\/settopsurvey.com\\\/settop_website\\\/?s={search_term_string}\"},\"query-input\":{\"@type\":\"PropertyValueSpecification\",\"valueRequired\":true,\"valueName\":\"search_term_string\"}}],\"inLanguage\":\"es\"}]}<\/script>\n<!-- \/ Yoast SEO plugin. -->","yoast_head_json":{"title":"Settop DataConvert - Settop","robots":{"index":"index","follow":"follow","max-snippet":"max-snippet:-1","max-image-preview":"max-image-preview:large","max-video-preview":"max-video-preview:-1"},"canonical":"https:\/\/settopsurvey.com\/settop_website\/es\/product\/settop-dataconvert-es\/","og_locale":"es_ES","og_type":"article","og_title":"Settop DataConvert - Settop","og_description":"El complemento perfecto para sus trabajos topogr\u00e1ficos.\u00a0Imagine un software de conversi\u00f3n que englobe tambi\u00e9n las operaciones b\u00e1sicas que pueda realizar cualquier profesional de la topograf\u00eda y geodesia. Con la nueva versi\u00f3n del Data Convert se ha implementado un conjunto de Utilidades que abarcan una gran variedad de todas aquellas tareas que pueda realizar durante su jornada.  Data Convert se ha convertido en un software de referencia en lo que a conversiones se refiere. Su m\u00f3dulo de trasformaci\u00f3n de puntos y de ejes de trazado a otros formatos representa una herramienta clave para migrar sus trabajos de gabinete a campo y de campo a gabinete. Con Data Convert tendr\u00e1 la mayor variedad de trasformaciones que engloban 15 software de trazado diferentes y m\u00e1s 100 tipos de ficheros. Adicionalmente se incluye la posibilidad de convertir no solo a las colectoras de las marcas m\u00e1s representativas del mercado (Trimble, Topcon, Settop, TCP, LandXML) sino que tambi\u00e9n transforma entre softwares de topograf\u00eda, de modo que, si usted recibe el trazado en alg\u00fan programa espec\u00edfico lo podr\u00e1 transformar al sistema que maneje normalmente (Istram, Clip, MDT, Inroads, Civil\u2026).   Realice todo tipo de conversiones de puntos y ejes a multitud de formatos.  Trabaje con el editor de trazado y genere sus ejes de manera r\u00e1pida e intuitiva.  Dise\u00f1e sus t\u00faneles y c\u00e1rguelos a sus equipos Trimble.  Utilice la Calculadora Geod\u00e9sica con m\u00e1s de 70 pa\u00edses y 1200 d\u00e1tums.","og_url":"https:\/\/settopsurvey.com\/settop_website\/es\/product\/settop-dataconvert-es\/","og_site_name":"Settop","article_modified_time":"2023-04-17T10:13:34+00:00","og_image":[{"width":425,"height":425,"url":"https:\/\/settopsurvey.com\/settop_website\/wp-content\/uploads\/Settop-DataConvert.png","type":"image\/png"}],"twitter_card":"summary_large_image","twitter_misc":{"Tiempo de lectura":"1 minuto"},"schema":{"@context":"https:\/\/schema.org","@graph":[{"@type":"WebPage","@id":"https:\/\/settopsurvey.com\/settop_website\/es\/product\/settop-dataconvert-es\/","url":"https:\/\/settopsurvey.com\/settop_website\/es\/product\/settop-dataconvert-es\/","name":"Settop DataConvert - Settop","isPartOf":{"@id":"https:\/\/settopsurvey.com\/settop_website\/#website"},"primaryImageOfPage":{"@id":"https:\/\/settopsurvey.com\/settop_website\/es\/product\/settop-dataconvert-es\/#primaryimage"},"image":{"@id":"https:\/\/settopsurvey.com\/settop_website\/es\/product\/settop-dataconvert-es\/#primaryimage"},"thumbnailUrl":"https:\/\/settopsurvey.com\/settop_website\/wp-content\/uploads\/Settop-DataConvert.png","datePublished":"2019-06-19T10:56:01+00:00","dateModified":"2023-04-17T10:13:34+00:00","breadcrumb":{"@id":"https:\/\/settopsurvey.com\/settop_website\/es\/product\/settop-dataconvert-es\/#breadcrumb"},"inLanguage":"es","potentialAction":[{"@type":"ReadAction","target":["https:\/\/settopsurvey.com\/settop_website\/es\/product\/settop-dataconvert-es\/"]}]},{"@type":"ImageObject","inLanguage":"es","@id":"https:\/\/settopsurvey.com\/settop_website\/es\/product\/settop-dataconvert-es\/#primaryimage","url":"https:\/\/settopsurvey.com\/settop_website\/wp-content\/uploads\/Settop-DataConvert.png","contentUrl":"https:\/\/settopsurvey.com\/settop_website\/wp-content\/uploads\/Settop-DataConvert.png","width":425,"height":425},{"@type":"BreadcrumbList","@id":"https:\/\/settopsurvey.com\/settop_website\/es\/product\/settop-dataconvert-es\/#breadcrumb","itemListElement":[{"@type":"ListItem","position":1,"name":"Portada","item":"https:\/\/settopsurvey.com\/settop_website\/"},{"@type":"ListItem","position":2,"name":"Shop","item":"https:\/\/settopsurvey.com\/settop_website\/shop\/"},{"@type":"ListItem","position":3,"name":"Settop DataConvert"}]},{"@type":"WebSite","@id":"https:\/\/settopsurvey.com\/settop_website\/#website","url":"https:\/\/settopsurvey.com\/settop_website\/","name":"Settop","description":"Advanced technology in surveying instruments","potentialAction":[{"@type":"SearchAction","target":{"@type":"EntryPoint","urlTemplate":"https:\/\/settopsurvey.com\/settop_website\/?s={search_term_string}"},"query-input":{"@type":"PropertyValueSpecification","valueRequired":true,"valueName":"search_term_string"}}],"inLanguage":"es"}]}},"_links":{"self":[{"href":"https:\/\/settopsurvey.com\/settop_website\/wp-json\/wp\/v2\/product\/2263","targetHints":{"allow":["GET"]}}],"collection":[{"href":"https:\/\/settopsurvey.com\/settop_website\/wp-json\/wp\/v2\/product"}],"about":[{"href":"https:\/\/settopsurvey.com\/settop_website\/wp-json\/wp\/v2\/types\/product"}],"wp:featuredmedia":[{"embeddable":true,"href":"https:\/\/settopsurvey.com\/settop_website\/wp-json\/wp\/v2\/media\/499"}],"wp:attachment":[{"href":"https:\/\/settopsurvey.com\/settop_website\/wp-json\/wp\/v2\/media?parent=2263"}],"wp:term":[{"taxonomy":"product_brand","embeddable":true,"href":"https:\/\/settopsurvey.com\/settop_website\/wp-json\/wp\/v2\/product_brand?post=2263"},{"taxonomy":"product_cat","embeddable":true,"href":"https:\/\/settopsurvey.com\/settop_website\/wp-json\/wp\/v2\/product_cat?post=2263"},{"taxonomy":"product_tag","embeddable":true,"href":"https:\/\/settopsurvey.com\/settop_website\/wp-json\/wp\/v2\/product_tag?post=2263"}],"curies":[{"name":"wp","href":"https:\/\/api.w.org\/{rel}","templated":true}]}}