{"id":2262,"date":"2019-06-19T12:56:11","date_gmt":"2019-06-19T10:56:11","guid":{"rendered":"http:\/\/settopsurvey.com\/settop_website\/?post_type=product&#038;p=2262"},"modified":"2023-04-17T12:24:12","modified_gmt":"2023-04-17T10:24:12","slug":"settop-regression-axis-es","status":"publish","type":"product","link":"https:\/\/settopsurvey.com\/settop_website\/es\/product\/settop-regression-axis-es\/","title":{"rendered":"Settop Regression Axis"},"content":{"rendered":"","protected":false},"excerpt":{"rendered":"<p>Settop Eje de regresi\u00f3n es un software capaz de analizar mediante ingenier\u00eda inversa cualquier eje para el estudio de trazado de carreteras y ferrocarriles existentes. Gracias a un potente algoritmo de c\u00e1lculo, Settop Eje de regresi\u00f3n realizar\u00e1 el an\u00e1lisis, sin l\u00edmite de kilometraje, de cualquier v\u00eda obteniendo resultados s\u00f3lo comparables al trabajo de un especialista de trazado. Esta nueva aplicaci\u00f3n es el nuevo m\u00f3dulo que se incorpora al software de conversi\u00f3n de ejes Data Convert.<\/p>\n<ul>\n<li class=\"p1\">An\u00e1lisis de trazados existentes de todo tipo de v\u00edas.<\/li>\n<li class=\"p1\">Obtenci\u00f3n del eje de proyecto con un solo clic.<\/li>\n<li class=\"p1\">Determinaci\u00f3n de todos los par\u00e1metros del estado de alineaciones.<\/li>\n<li class=\"p1\">Generaci\u00f3n de trazado y exportaci\u00f3n a m\u00faltiples formatos.\u200b<\/li>\n<\/ul>\n<h4>Settop Regression Axis Downloads<\/h4>\r\n<ul>\r\n \t<li class=\"bullet-star\"><a href=\"https:\/\/drive.google.com\/drive\/folders\/1uPBOLGisNYm-aT5EeVYTiDf2CxbiT4_Y?usp=sharing\" target=\"_blank\" rel=\"noopener noreferrer\">Product information &amp; Documentation<\/a><\/li>\r\n<\/ul>\n","protected":false},"featured_media":501,"template":"","meta":[],"product_brand":[],"product_cat":[209],"product_tag":[],"class_list":{"0":"post-2262","1":"product","2":"type-product","3":"status-publish","4":"has-post-thumbnail","6":"product_cat-programas-settop","8":"first","9":"instock","10":"shipping-taxable","11":"product-type-simple"},"yoast_head":"<!-- This site is optimized with the Yoast SEO plugin v27.3 - https:\/\/yoast.com\/product\/yoast-seo-wordpress\/ -->\n<title>Settop Regression Axis - Settop<\/title>\n<meta name=\"robots\" content=\"index, follow, max-snippet:-1, max-image-preview:large, max-video-preview:-1\" \/>\n<link rel=\"canonical\" href=\"https:\/\/settopsurvey.com\/settop_website\/es\/product\/settop-regression-axis-es\/\" \/>\n<meta property=\"og:locale\" content=\"es_ES\" \/>\n<meta property=\"og:type\" content=\"article\" \/>\n<meta property=\"og:title\" content=\"Settop Regression Axis - Settop\" \/>\n<meta property=\"og:description\" content=\"Settop Eje de regresi\u00f3n es un software capaz de analizar mediante ingenier\u00eda inversa cualquier eje para el estudio de trazado de carreteras y ferrocarriles existentes. Gracias a un potente algoritmo de c\u00e1lculo, Settop Eje de regresi\u00f3n realizar\u00e1 el an\u00e1lisis, sin l\u00edmite de kilometraje, de cualquier v\u00eda obteniendo resultados s\u00f3lo comparables al trabajo de un especialista de trazado. Esta nueva aplicaci\u00f3n es el nuevo m\u00f3dulo que se incorpora al software de conversi\u00f3n de ejes Data Convert.   An\u00e1lisis de trazados existentes de todo tipo de v\u00edas.  Obtenci\u00f3n del eje de proyecto con un solo clic.  Determinaci\u00f3n de todos los par\u00e1metros del estado de alineaciones.  Generaci\u00f3n de trazado y exportaci\u00f3n a m\u00faltiples formatos.\u200b\" \/>\n<meta property=\"og:url\" content=\"https:\/\/settopsurvey.com\/settop_website\/es\/product\/settop-regression-axis-es\/\" \/>\n<meta property=\"og:site_name\" content=\"Settop\" \/>\n<meta property=\"article:modified_time\" content=\"2023-04-17T10:24:12+00:00\" \/>\n<meta property=\"og:image\" content=\"https:\/\/settopsurvey.com\/settop_website\/wp-content\/uploads\/Settop-Eje-Regresion-2.png\" \/>\n\t<meta property=\"og:image:width\" content=\"425\" \/>\n\t<meta property=\"og:image:height\" content=\"425\" \/>\n\t<meta property=\"og:image:type\" content=\"image\/png\" \/>\n<meta name=\"twitter:card\" content=\"summary_large_image\" \/>\n<script type=\"application\/ld+json\" class=\"yoast-schema-graph\">{\"@context\":\"https:\\\/\\\/schema.org\",\"@graph\":[{\"@type\":\"WebPage\",\"@id\":\"https:\\\/\\\/settopsurvey.com\\\/settop_website\\\/es\\\/product\\\/settop-regression-axis-es\\\/\",\"url\":\"https:\\\/\\\/settopsurvey.com\\\/settop_website\\\/es\\\/product\\\/settop-regression-axis-es\\\/\",\"name\":\"Settop Regression Axis - Settop\",\"isPartOf\":{\"@id\":\"https:\\\/\\\/settopsurvey.com\\\/settop_website\\\/#website\"},\"primaryImageOfPage\":{\"@id\":\"https:\\\/\\\/settopsurvey.com\\\/settop_website\\\/es\\\/product\\\/settop-regression-axis-es\\\/#primaryimage\"},\"image\":{\"@id\":\"https:\\\/\\\/settopsurvey.com\\\/settop_website\\\/es\\\/product\\\/settop-regression-axis-es\\\/#primaryimage\"},\"thumbnailUrl\":\"https:\\\/\\\/settopsurvey.com\\\/settop_website\\\/wp-content\\\/uploads\\\/Settop-Eje-Regresion-2.png\",\"datePublished\":\"2019-06-19T10:56:11+00:00\",\"dateModified\":\"2023-04-17T10:24:12+00:00\",\"breadcrumb\":{\"@id\":\"https:\\\/\\\/settopsurvey.com\\\/settop_website\\\/es\\\/product\\\/settop-regression-axis-es\\\/#breadcrumb\"},\"inLanguage\":\"es\",\"potentialAction\":[{\"@type\":\"ReadAction\",\"target\":[\"https:\\\/\\\/settopsurvey.com\\\/settop_website\\\/es\\\/product\\\/settop-regression-axis-es\\\/\"]}]},{\"@type\":\"ImageObject\",\"inLanguage\":\"es\",\"@id\":\"https:\\\/\\\/settopsurvey.com\\\/settop_website\\\/es\\\/product\\\/settop-regression-axis-es\\\/#primaryimage\",\"url\":\"https:\\\/\\\/settopsurvey.com\\\/settop_website\\\/wp-content\\\/uploads\\\/Settop-Eje-Regresion-2.png\",\"contentUrl\":\"https:\\\/\\\/settopsurvey.com\\\/settop_website\\\/wp-content\\\/uploads\\\/Settop-Eje-Regresion-2.png\",\"width\":425,\"height\":425},{\"@type\":\"BreadcrumbList\",\"@id\":\"https:\\\/\\\/settopsurvey.com\\\/settop_website\\\/es\\\/product\\\/settop-regression-axis-es\\\/#breadcrumb\",\"itemListElement\":[{\"@type\":\"ListItem\",\"position\":1,\"name\":\"Portada\",\"item\":\"https:\\\/\\\/settopsurvey.com\\\/settop_website\\\/\"},{\"@type\":\"ListItem\",\"position\":2,\"name\":\"Shop\",\"item\":\"https:\\\/\\\/settopsurvey.com\\\/settop_website\\\/shop\\\/\"},{\"@type\":\"ListItem\",\"position\":3,\"name\":\"Settop Regression Axis\"}]},{\"@type\":\"WebSite\",\"@id\":\"https:\\\/\\\/settopsurvey.com\\\/settop_website\\\/#website\",\"url\":\"https:\\\/\\\/settopsurvey.com\\\/settop_website\\\/\",\"name\":\"Settop\",\"description\":\"Advanced technology in surveying instruments\",\"potentialAction\":[{\"@type\":\"SearchAction\",\"target\":{\"@type\":\"EntryPoint\",\"urlTemplate\":\"https:\\\/\\\/settopsurvey.com\\\/settop_website\\\/?s={search_term_string}\"},\"query-input\":{\"@type\":\"PropertyValueSpecification\",\"valueRequired\":true,\"valueName\":\"search_term_string\"}}],\"inLanguage\":\"es\"}]}<\/script>\n<!-- \/ Yoast SEO plugin. -->","yoast_head_json":{"title":"Settop Regression Axis - Settop","robots":{"index":"index","follow":"follow","max-snippet":"max-snippet:-1","max-image-preview":"max-image-preview:large","max-video-preview":"max-video-preview:-1"},"canonical":"https:\/\/settopsurvey.com\/settop_website\/es\/product\/settop-regression-axis-es\/","og_locale":"es_ES","og_type":"article","og_title":"Settop Regression Axis - Settop","og_description":"Settop Eje de regresi\u00f3n es un software capaz de analizar mediante ingenier\u00eda inversa cualquier eje para el estudio de trazado de carreteras y ferrocarriles existentes. Gracias a un potente algoritmo de c\u00e1lculo, Settop Eje de regresi\u00f3n realizar\u00e1 el an\u00e1lisis, sin l\u00edmite de kilometraje, de cualquier v\u00eda obteniendo resultados s\u00f3lo comparables al trabajo de un especialista de trazado. Esta nueva aplicaci\u00f3n es el nuevo m\u00f3dulo que se incorpora al software de conversi\u00f3n de ejes Data Convert.   An\u00e1lisis de trazados existentes de todo tipo de v\u00edas.  Obtenci\u00f3n del eje de proyecto con un solo clic.  Determinaci\u00f3n de todos los par\u00e1metros del estado de alineaciones.  Generaci\u00f3n de trazado y exportaci\u00f3n a m\u00faltiples formatos.\u200b","og_url":"https:\/\/settopsurvey.com\/settop_website\/es\/product\/settop-regression-axis-es\/","og_site_name":"Settop","article_modified_time":"2023-04-17T10:24:12+00:00","og_image":[{"width":425,"height":425,"url":"https:\/\/settopsurvey.com\/settop_website\/wp-content\/uploads\/Settop-Eje-Regresion-2.png","type":"image\/png"}],"twitter_card":"summary_large_image","schema":{"@context":"https:\/\/schema.org","@graph":[{"@type":"WebPage","@id":"https:\/\/settopsurvey.com\/settop_website\/es\/product\/settop-regression-axis-es\/","url":"https:\/\/settopsurvey.com\/settop_website\/es\/product\/settop-regression-axis-es\/","name":"Settop Regression Axis - Settop","isPartOf":{"@id":"https:\/\/settopsurvey.com\/settop_website\/#website"},"primaryImageOfPage":{"@id":"https:\/\/settopsurvey.com\/settop_website\/es\/product\/settop-regression-axis-es\/#primaryimage"},"image":{"@id":"https:\/\/settopsurvey.com\/settop_website\/es\/product\/settop-regression-axis-es\/#primaryimage"},"thumbnailUrl":"https:\/\/settopsurvey.com\/settop_website\/wp-content\/uploads\/Settop-Eje-Regresion-2.png","datePublished":"2019-06-19T10:56:11+00:00","dateModified":"2023-04-17T10:24:12+00:00","breadcrumb":{"@id":"https:\/\/settopsurvey.com\/settop_website\/es\/product\/settop-regression-axis-es\/#breadcrumb"},"inLanguage":"es","potentialAction":[{"@type":"ReadAction","target":["https:\/\/settopsurvey.com\/settop_website\/es\/product\/settop-regression-axis-es\/"]}]},{"@type":"ImageObject","inLanguage":"es","@id":"https:\/\/settopsurvey.com\/settop_website\/es\/product\/settop-regression-axis-es\/#primaryimage","url":"https:\/\/settopsurvey.com\/settop_website\/wp-content\/uploads\/Settop-Eje-Regresion-2.png","contentUrl":"https:\/\/settopsurvey.com\/settop_website\/wp-content\/uploads\/Settop-Eje-Regresion-2.png","width":425,"height":425},{"@type":"BreadcrumbList","@id":"https:\/\/settopsurvey.com\/settop_website\/es\/product\/settop-regression-axis-es\/#breadcrumb","itemListElement":[{"@type":"ListItem","position":1,"name":"Portada","item":"https:\/\/settopsurvey.com\/settop_website\/"},{"@type":"ListItem","position":2,"name":"Shop","item":"https:\/\/settopsurvey.com\/settop_website\/shop\/"},{"@type":"ListItem","position":3,"name":"Settop Regression Axis"}]},{"@type":"WebSite","@id":"https:\/\/settopsurvey.com\/settop_website\/#website","url":"https:\/\/settopsurvey.com\/settop_website\/","name":"Settop","description":"Advanced technology in surveying instruments","potentialAction":[{"@type":"SearchAction","target":{"@type":"EntryPoint","urlTemplate":"https:\/\/settopsurvey.com\/settop_website\/?s={search_term_string}"},"query-input":{"@type":"PropertyValueSpecification","valueRequired":true,"valueName":"search_term_string"}}],"inLanguage":"es"}]}},"_links":{"self":[{"href":"https:\/\/settopsurvey.com\/settop_website\/wp-json\/wp\/v2\/product\/2262","targetHints":{"allow":["GET"]}}],"collection":[{"href":"https:\/\/settopsurvey.com\/settop_website\/wp-json\/wp\/v2\/product"}],"about":[{"href":"https:\/\/settopsurvey.com\/settop_website\/wp-json\/wp\/v2\/types\/product"}],"wp:featuredmedia":[{"embeddable":true,"href":"https:\/\/settopsurvey.com\/settop_website\/wp-json\/wp\/v2\/media\/501"}],"wp:attachment":[{"href":"https:\/\/settopsurvey.com\/settop_website\/wp-json\/wp\/v2\/media?parent=2262"}],"wp:term":[{"taxonomy":"product_brand","embeddable":true,"href":"https:\/\/settopsurvey.com\/settop_website\/wp-json\/wp\/v2\/product_brand?post=2262"},{"taxonomy":"product_cat","embeddable":true,"href":"https:\/\/settopsurvey.com\/settop_website\/wp-json\/wp\/v2\/product_cat?post=2262"},{"taxonomy":"product_tag","embeddable":true,"href":"https:\/\/settopsurvey.com\/settop_website\/wp-json\/wp\/v2\/product_tag?post=2262"}],"curies":[{"name":"wp","href":"https:\/\/api.w.org\/{rel}","templated":true}]}}