{"id":2242,"date":"2019-06-19T12:51:00","date_gmt":"2019-06-19T10:51:00","guid":{"rendered":"http:\/\/settopsurvey.com\/settop_website\/?post_type=product&#038;p=2242"},"modified":"2023-04-17T09:32:12","modified_gmt":"2023-04-17T07:32:12","slug":"settop-m13-es","status":"publish","type":"product","link":"https:\/\/settopsurvey.com\/settop_website\/es\/product\/settop-m13-es\/","title":{"rendered":"Settop M1+3"},"content":{"rendered":"","protected":false},"excerpt":{"rendered":"<p>Amplie las posibilidades de Settop M1 con posicionamiento 2D y 3D.\u00a0Settop M1+3 es un potente accesorio para Settop M1 que amplia las posibilidades en diferentes tipos de aplicaciones (control de m\u00e1quina, orientaci\u00f3n, dragado, g\u00e1nguil (barcos), posicionamiento de plataformas, etc). Settop M1+3 CAN BUS le permite la sincronizaci\u00f3n de sensores externos, el uso de hasta 3 antenas GNSS e incrementa 6 veces el n\u00famero de puertos COM (RS232, USB) Ethernet y control de alimentaci\u00f3n . Settop M1+3 puede ser configurado v\u00eda internet.<\/p>\n<h4>Settop M1+3 Downloads<\/h4>\r\n<ul>\r\n \t<li class=\"bullet-star\"><a href=\"https:\/\/drive.google.com\/drive\/folders\/1TNVlCyluqlRgtmhq8UR8ZT82vQNe7FPZ?usp=sharing\" target=\"_blank\" rel=\"noopener noreferrer\">Product information &amp; Documentation<\/a><\/li>\r\n<\/ul>\n<h4>Settop M1 Downloads<\/h4>\r\n<ul>\r\n \t<li class=\"bullet-star\"><a href=\"https:\/\/drive.google.com\/drive\/folders\/1MiAqpM5iKO_8JcWLb56xdWkRK4Fm408A?usp=sharing\" target=\"_blank\" rel=\"noopener noreferrer\">Settop M1 GNSS DUAL ANTENNA INERTIAL<\/a><\/li>\r\n \t<li class=\"bullet-star\"><a href=\"https:\/\/drive.google.com\/drive\/folders\/1SH5GmvzCfa64llZ1clpbbIA74igpfutN?usp=sharing\" target=\"_blank\" rel=\"noopener noreferrer\">Settop M1 Monitoring Solution<\/a><\/li>\r\n \t<li class=\"bullet-star\"><a href=\"https:\/\/drive.google.com\/drive\/folders\/1YrgCFhrw3lNEJ9DIWy5nRCX1r62oQkzi?usp=sharing\" target=\"_blank\" rel=\"noopener noreferrer\">Settop M1 Maritime Works<\/a><\/li>\r\n<\/ul>\n","protected":false},"featured_media":529,"template":"","meta":[],"product_brand":[],"product_cat":[201,187,173],"product_tag":[],"class_list":{"0":"post-2242","1":"product","2":"type-product","3":"status-publish","4":"has-post-thumbnail","6":"product_cat-auscultacion-es","7":"product_cat-rtk-y-gps","8":"product_cat-obras-maritimas","10":"first","11":"instock","12":"shipping-taxable","13":"product-type-simple"},"yoast_head":"<!-- This site is optimized with the Yoast SEO plugin v27.3 - https:\/\/yoast.com\/product\/yoast-seo-wordpress\/ -->\n<title>Settop M1+3 - Settop<\/title>\n<meta name=\"robots\" content=\"index, follow, max-snippet:-1, max-image-preview:large, max-video-preview:-1\" \/>\n<link rel=\"canonical\" href=\"https:\/\/settopsurvey.com\/settop_website\/es\/product\/settop-m13-es\/\" \/>\n<meta property=\"og:locale\" content=\"es_ES\" \/>\n<meta property=\"og:type\" content=\"article\" \/>\n<meta property=\"og:title\" content=\"Settop M1+3 - Settop\" \/>\n<meta property=\"og:description\" content=\"Amplie las posibilidades de Settop M1 con posicionamiento 2D y 3D.\u00a0Settop M1+3 es un potente accesorio para Settop M1 que amplia las posibilidades en diferentes tipos de aplicaciones (control de m\u00e1quina, orientaci\u00f3n, dragado, g\u00e1nguil (barcos), posicionamiento de plataformas, etc). Settop M1+3 CAN BUS le permite la sincronizaci\u00f3n de sensores externos, el uso de hasta 3 antenas GNSS e incrementa 6 veces el n\u00famero de puertos COM (RS232, USB) Ethernet y control de alimentaci\u00f3n . Settop M1+3 puede ser configurado v\u00eda internet.\" \/>\n<meta property=\"og:url\" content=\"https:\/\/settopsurvey.com\/settop_website\/es\/product\/settop-m13-es\/\" \/>\n<meta property=\"og:site_name\" content=\"Settop\" \/>\n<meta property=\"article:modified_time\" content=\"2023-04-17T07:32:12+00:00\" \/>\n<meta property=\"og:image\" content=\"https:\/\/settopsurvey.com\/settop_website\/wp-content\/uploads\/Settop-M1-3.png\" \/>\n\t<meta property=\"og:image:width\" content=\"425\" \/>\n\t<meta property=\"og:image:height\" content=\"425\" \/>\n\t<meta property=\"og:image:type\" content=\"image\/png\" \/>\n<meta name=\"twitter:card\" content=\"summary_large_image\" \/>\n<script type=\"application\/ld+json\" class=\"yoast-schema-graph\">{\"@context\":\"https:\\\/\\\/schema.org\",\"@graph\":[{\"@type\":\"WebPage\",\"@id\":\"https:\\\/\\\/settopsurvey.com\\\/settop_website\\\/es\\\/product\\\/settop-m13-es\\\/\",\"url\":\"https:\\\/\\\/settopsurvey.com\\\/settop_website\\\/es\\\/product\\\/settop-m13-es\\\/\",\"name\":\"Settop M1+3 - Settop\",\"isPartOf\":{\"@id\":\"https:\\\/\\\/settopsurvey.com\\\/settop_website\\\/#website\"},\"primaryImageOfPage\":{\"@id\":\"https:\\\/\\\/settopsurvey.com\\\/settop_website\\\/es\\\/product\\\/settop-m13-es\\\/#primaryimage\"},\"image\":{\"@id\":\"https:\\\/\\\/settopsurvey.com\\\/settop_website\\\/es\\\/product\\\/settop-m13-es\\\/#primaryimage\"},\"thumbnailUrl\":\"https:\\\/\\\/settopsurvey.com\\\/settop_website\\\/wp-content\\\/uploads\\\/Settop-M1-3.png\",\"datePublished\":\"2019-06-19T10:51:00+00:00\",\"dateModified\":\"2023-04-17T07:32:12+00:00\",\"breadcrumb\":{\"@id\":\"https:\\\/\\\/settopsurvey.com\\\/settop_website\\\/es\\\/product\\\/settop-m13-es\\\/#breadcrumb\"},\"inLanguage\":\"es\",\"potentialAction\":[{\"@type\":\"ReadAction\",\"target\":[\"https:\\\/\\\/settopsurvey.com\\\/settop_website\\\/es\\\/product\\\/settop-m13-es\\\/\"]}]},{\"@type\":\"ImageObject\",\"inLanguage\":\"es\",\"@id\":\"https:\\\/\\\/settopsurvey.com\\\/settop_website\\\/es\\\/product\\\/settop-m13-es\\\/#primaryimage\",\"url\":\"https:\\\/\\\/settopsurvey.com\\\/settop_website\\\/wp-content\\\/uploads\\\/Settop-M1-3.png\",\"contentUrl\":\"https:\\\/\\\/settopsurvey.com\\\/settop_website\\\/wp-content\\\/uploads\\\/Settop-M1-3.png\",\"width\":425,\"height\":425},{\"@type\":\"BreadcrumbList\",\"@id\":\"https:\\\/\\\/settopsurvey.com\\\/settop_website\\\/es\\\/product\\\/settop-m13-es\\\/#breadcrumb\",\"itemListElement\":[{\"@type\":\"ListItem\",\"position\":1,\"name\":\"Portada\",\"item\":\"https:\\\/\\\/settopsurvey.com\\\/settop_website\\\/\"},{\"@type\":\"ListItem\",\"position\":2,\"name\":\"Shop\",\"item\":\"https:\\\/\\\/settopsurvey.com\\\/settop_website\\\/shop\\\/\"},{\"@type\":\"ListItem\",\"position\":3,\"name\":\"Settop M1+3\"}]},{\"@type\":\"WebSite\",\"@id\":\"https:\\\/\\\/settopsurvey.com\\\/settop_website\\\/#website\",\"url\":\"https:\\\/\\\/settopsurvey.com\\\/settop_website\\\/\",\"name\":\"Settop\",\"description\":\"Advanced technology in surveying instruments\",\"potentialAction\":[{\"@type\":\"SearchAction\",\"target\":{\"@type\":\"EntryPoint\",\"urlTemplate\":\"https:\\\/\\\/settopsurvey.com\\\/settop_website\\\/?s={search_term_string}\"},\"query-input\":{\"@type\":\"PropertyValueSpecification\",\"valueRequired\":true,\"valueName\":\"search_term_string\"}}],\"inLanguage\":\"es\"}]}<\/script>\n<!-- \/ Yoast SEO plugin. -->","yoast_head_json":{"title":"Settop M1+3 - Settop","robots":{"index":"index","follow":"follow","max-snippet":"max-snippet:-1","max-image-preview":"max-image-preview:large","max-video-preview":"max-video-preview:-1"},"canonical":"https:\/\/settopsurvey.com\/settop_website\/es\/product\/settop-m13-es\/","og_locale":"es_ES","og_type":"article","og_title":"Settop M1+3 - Settop","og_description":"Amplie las posibilidades de Settop M1 con posicionamiento 2D y 3D.\u00a0Settop M1+3 es un potente accesorio para Settop M1 que amplia las posibilidades en diferentes tipos de aplicaciones (control de m\u00e1quina, orientaci\u00f3n, dragado, g\u00e1nguil (barcos), posicionamiento de plataformas, etc). Settop M1+3 CAN BUS le permite la sincronizaci\u00f3n de sensores externos, el uso de hasta 3 antenas GNSS e incrementa 6 veces el n\u00famero de puertos COM (RS232, USB) Ethernet y control de alimentaci\u00f3n . Settop M1+3 puede ser configurado v\u00eda internet.","og_url":"https:\/\/settopsurvey.com\/settop_website\/es\/product\/settop-m13-es\/","og_site_name":"Settop","article_modified_time":"2023-04-17T07:32:12+00:00","og_image":[{"width":425,"height":425,"url":"https:\/\/settopsurvey.com\/settop_website\/wp-content\/uploads\/Settop-M1-3.png","type":"image\/png"}],"twitter_card":"summary_large_image","schema":{"@context":"https:\/\/schema.org","@graph":[{"@type":"WebPage","@id":"https:\/\/settopsurvey.com\/settop_website\/es\/product\/settop-m13-es\/","url":"https:\/\/settopsurvey.com\/settop_website\/es\/product\/settop-m13-es\/","name":"Settop M1+3 - Settop","isPartOf":{"@id":"https:\/\/settopsurvey.com\/settop_website\/#website"},"primaryImageOfPage":{"@id":"https:\/\/settopsurvey.com\/settop_website\/es\/product\/settop-m13-es\/#primaryimage"},"image":{"@id":"https:\/\/settopsurvey.com\/settop_website\/es\/product\/settop-m13-es\/#primaryimage"},"thumbnailUrl":"https:\/\/settopsurvey.com\/settop_website\/wp-content\/uploads\/Settop-M1-3.png","datePublished":"2019-06-19T10:51:00+00:00","dateModified":"2023-04-17T07:32:12+00:00","breadcrumb":{"@id":"https:\/\/settopsurvey.com\/settop_website\/es\/product\/settop-m13-es\/#breadcrumb"},"inLanguage":"es","potentialAction":[{"@type":"ReadAction","target":["https:\/\/settopsurvey.com\/settop_website\/es\/product\/settop-m13-es\/"]}]},{"@type":"ImageObject","inLanguage":"es","@id":"https:\/\/settopsurvey.com\/settop_website\/es\/product\/settop-m13-es\/#primaryimage","url":"https:\/\/settopsurvey.com\/settop_website\/wp-content\/uploads\/Settop-M1-3.png","contentUrl":"https:\/\/settopsurvey.com\/settop_website\/wp-content\/uploads\/Settop-M1-3.png","width":425,"height":425},{"@type":"BreadcrumbList","@id":"https:\/\/settopsurvey.com\/settop_website\/es\/product\/settop-m13-es\/#breadcrumb","itemListElement":[{"@type":"ListItem","position":1,"name":"Portada","item":"https:\/\/settopsurvey.com\/settop_website\/"},{"@type":"ListItem","position":2,"name":"Shop","item":"https:\/\/settopsurvey.com\/settop_website\/shop\/"},{"@type":"ListItem","position":3,"name":"Settop M1+3"}]},{"@type":"WebSite","@id":"https:\/\/settopsurvey.com\/settop_website\/#website","url":"https:\/\/settopsurvey.com\/settop_website\/","name":"Settop","description":"Advanced technology in surveying instruments","potentialAction":[{"@type":"SearchAction","target":{"@type":"EntryPoint","urlTemplate":"https:\/\/settopsurvey.com\/settop_website\/?s={search_term_string}"},"query-input":{"@type":"PropertyValueSpecification","valueRequired":true,"valueName":"search_term_string"}}],"inLanguage":"es"}]}},"_links":{"self":[{"href":"https:\/\/settopsurvey.com\/settop_website\/wp-json\/wp\/v2\/product\/2242","targetHints":{"allow":["GET"]}}],"collection":[{"href":"https:\/\/settopsurvey.com\/settop_website\/wp-json\/wp\/v2\/product"}],"about":[{"href":"https:\/\/settopsurvey.com\/settop_website\/wp-json\/wp\/v2\/types\/product"}],"wp:featuredmedia":[{"embeddable":true,"href":"https:\/\/settopsurvey.com\/settop_website\/wp-json\/wp\/v2\/media\/529"}],"wp:attachment":[{"href":"https:\/\/settopsurvey.com\/settop_website\/wp-json\/wp\/v2\/media?parent=2242"}],"wp:term":[{"taxonomy":"product_brand","embeddable":true,"href":"https:\/\/settopsurvey.com\/settop_website\/wp-json\/wp\/v2\/product_brand?post=2242"},{"taxonomy":"product_cat","embeddable":true,"href":"https:\/\/settopsurvey.com\/settop_website\/wp-json\/wp\/v2\/product_cat?post=2242"},{"taxonomy":"product_tag","embeddable":true,"href":"https:\/\/settopsurvey.com\/settop_website\/wp-json\/wp\/v2\/product_tag?post=2242"}],"curies":[{"name":"wp","href":"https:\/\/api.w.org\/{rel}","templated":true}]}}