{"id":2187,"date":"2019-07-09T08:14:42","date_gmt":"2019-07-09T06:14:42","guid":{"rendered":"http:\/\/settopsurvey.com\/settop_website\/?post_type=product&#038;p=2187"},"modified":"2023-04-17T12:23:22","modified_gmt":"2023-04-17T10:23:22","slug":"settop-level-me-es","status":"publish","type":"product","link":"https:\/\/settopsurvey.com\/settop_website\/es\/product\/settop-level-me-es\/","title":{"rendered":"Settop Level Me"},"content":{"rendered":"<div class=\"row\"  id=\"row-1220846643\">\n\n\t<div id=\"col-358097037\" class=\"col small-12 large-12\"  >\n\t\t\t\t<div class=\"col-inner\"  >\n\t\t\t\n\t\t\t\n<h2>Nivelaci\u00f3n Trigonom\u00e9trica de precisi\u00f3n<\/h2>\n<div class=\"video video-fit mb\" style=\"padding-top:56.25%;\"><p><iframe loading=\"lazy\" title=\"Settop LevelMe. Nivelaci\u00f3n Trigonom\u00e9trica de precisi\u00f3n\" width=\"1020\" height=\"574\" src=\"https:\/\/www.youtube.com\/embed\/6n87vwWTxG8?feature=oembed\" frameborder=\"0\" allow=\"accelerometer; autoplay; encrypted-media; gyroscope; picture-in-picture\" allowfullscreen><\/iframe><\/p>\n<\/div>\n\t\t<\/div>\n\t\t\t\t\t<\/div>\n\n\t\n\n\t<div id=\"col-1339072806\" class=\"col small-12 large-12\"  >\n\t\t\t\t<div class=\"col-inner\"  >\n\t\t\t\n\t\t\t\n<h2>Caracter\u00edsticas<\/h2>\n\t\t<\/div>\n\t\t\t\t\n<style>\n#col-1339072806 > .col-inner {\n  margin: 0px 0px -42px 0px;\n}\n<\/style>\n\t<\/div>\n\n\t\n\n\t<div id=\"col-1858159945\" class=\"col medium-3 small-6 large-3\"  >\n\t\t\t\t<div class=\"col-inner\"  >\n\t\t\t\n\t\t\t\n<p><strong>La distancia y los desniveles ya no son un problema.<\/strong><br \/>\nUna de las grandes ventajas se debe a que, como las visuales son inclinadas, no hay una distancia y un desnivel limitantes tal y como ocurre con el uso de los niveles y las miras. De ello se deriva que Level Me sea la aplicaci\u00f3n perfecta para incrementar rendimientos en longitud de nivelaci\u00f3n en terrenos monta\u00f1osos. Seleccione adicionalmente la opci\u00f3n de doble nivelaci\u00f3n para multiplicar su productividad y hacer durante el trayecto de ida las mediciones de la vuelta del anillo.<\/p>\n\t\t<\/div>\n\t\t\t\t\t<\/div>\n\n\t\n\n\t<div id=\"col-1494956141\" class=\"col medium-3 small-6 large-3\"  >\n\t\t\t\t<div class=\"col-inner\"  >\n\t\t\t\n\t\t\t\n<p><strong>Nivelaciones de Alta Precisi\u00f3n.<\/strong><br \/>\n\u00bfQu\u00e9 precisiones se obtienen? Como es l\u00f3gico, las precisiones depender\u00e1n de las caracter\u00edsticas f\u00edsicas de la medici\u00f3n\u00a0 junto con la precisi\u00f3n angular y distanciom\u00e9trica del instrumento. En t\u00e9rmino medio, con el uso de\u00a0 equipos de la serie S de Trimble, con visuales de hasta 100m -lo que supone niveladas de 200m- situados aproximadamente en el punto medio y en terrenos incluso monta\u00f1oso, se consiguen cumplir las especificaciones de Nivelaci\u00f3n de Primer Orden de Clase II, es decir, precisiones que logran los 4mm \u221aKm. Si se incrementa la precisi\u00f3n angular con un intrumento de 1\u201d o de 0.5\u201d se obtienen resultados\u00a0 que pueden alcanzar los 2mm \u221aKm.<\/p>\n\t\t<\/div>\n\t\t\t\t\t<\/div>\n\n\t\n\n\t<div id=\"col-992143991\" class=\"col medium-3 small-6 large-3\"  >\n\t\t\t\t<div class=\"col-inner\"  >\n\t\t\t\n\t\t\t\n<p><strong>Opciones de Configuraci\u00f3n y Levantamiento.<\/strong><br \/>\nCon la opci\u00f3n de configuraci\u00f3n defina si quiere tomar lectura en c\u00edrculo directo e inverso y el n\u00famero de repeticiones y ciclos de cada uno de los puntos tomados. Tambi\u00e9n seleccione aquellas medidas que desee usar en un conjunto de lecturas. Escoja el modo de trabajar entre sistema est\u00e1ndar o doble nivelaci\u00f3n. Utilice el modo de levantamiento para tomar puntos radiados alrededor de la l\u00ednea de nivelaci\u00f3n.\u00a0 Consulte y gestione en todo momento los resultados obtenidos tanto en la nivelaci\u00f3n principal como en los puntos radiados.<\/p>\n\t\t<\/div>\n\t\t\t\t\t<\/div>\n\n\t\n\n\t<div id=\"col-101118016\" class=\"col medium-3 small-6 large-3\"  >\n\t\t\t\t<div class=\"col-inner\"  >\n\t\t\t\n\t\t\t\n<p><strong>Generaci\u00f3n de informes directos en campo.<\/strong><br \/>\nUna vez realizada una l\u00ednea o un anillo de nivelaci\u00f3n el software mostrar\u00e1 el cierre de la nivelaci\u00f3n y la compensaci\u00f3n detallada de cada una de los tramos agilizando extraordinariamente el procesado de los datos. Durante el cierre de una nivelaci\u00f3n, gracias al reconocimiento autom\u00e1tico de subanillos internos, podr\u00e1 observar parcialmente la calidad de cada uno de los subanillos que conforman el anillo de nivelaci\u00f3n.<\/p>\n\t\t<\/div>\n\t\t\t\t\t<\/div>\n\n\t\n\n\t<div id=\"col-157550687\" class=\"col small-12 large-12\"  >\n\t\t\t\t<div class=\"col-inner\"  >\n\t\t\t\n\t\t\t\n<h2>FAQ<\/h2>\n<div>\n<ul>\n<li><strong>\u00bfRealizando una nivelaci\u00f3n trigonom\u00e9trica, puedo llegar a obtener una Alta Precisi\u00f3n?<\/strong> S\u00ed, utilizando una estaci\u00f3n de gama alta puede obtener unos resultados muy satisfactorios. Puede ver el estudio comparativo de errores esperados seg\u00fan la estaci\u00f3 utilizada en el apartado descargas.<\/li>\n<li id=\"dexp-accordion-item-1559724913\"><strong>\u00bfPuedo realizar una nivelaci\u00f3n, empezando en un punto y terminando en otro distinto?<\/strong> S\u00ed, el programa SETTOP Level Me, detecta autom\u00e1ticamente si el nombre del punto es el mismo o no, para considerarlo una l\u00ednea o un anillo.<\/li>\n<li><strong>\u00bfLas observaciones realizadas, puedo exportarlas a algun formato?<\/strong> S\u00ed, todas las observaciones pueden exportarse a un formato ASCII completo o a un formato Trimble M5 y los puntos almacenados, se pueden copiar al trabajo (*.job) actual.<\/li>\n<li><strong>\u00bfPuedo cargar estas observaciones en el Trimble Busines Center?<\/strong> S\u00ed, el formato Trimble M5 es un formato ASCII que se puede abrir en el Trimble Business Center.<\/li>\n<li><strong>\u00bfPuedo usar Settop Level Me con mi Trimble 5600?<\/strong> No, s\u00f3lo se pueden usar estaciones de la gama Trimble S Series.<\/li>\n<li><strong>\u00bfPuedo instalar Settop Level Me en todos los controladores Trimble?<\/strong> No, los modelos soportados son: Trimble CU Modelo 3, TSC2, TSC3, Trimble Tablet.<\/li>\n<li><strong>\u00bfMe interesa adquirir el Settop Level Me, qu\u00e9 debo hacer?<\/strong> P\u00f3ngase en contacto con su distribuidor Trimble m\u00e1s cercano, \u00e9l le indicar\u00e1 c\u00f3mo proceder.<\/li>\n<li><strong>\u00bfSettop Level Me, est\u00e1 s\u00f3lo en ingl\u00e9s?<\/strong> No, Settop Level Me est\u00e1 ahora disponible en ingl\u00e9s, espa\u00f1ol, polaco, alem\u00e1n, checo, finland\u00e9s y dan\u00e9s. Si est\u00e1 interesado en otros idiomas, contacte con nosotros.<\/li>\n<\/ul>\n<\/div>\n<div id=\"dexp-accordion-item-1559725777\">\n<div id=\"dexp-accordion-item-1559725777--2\">\n<div><\/div>\n<\/div>\n<\/div>\n\t\t<\/div>\n\t\t\t\t\n<style>\n#col-157550687 > .col-inner {\n  margin: 0px 0px -42px 0px;\n}\n<\/style>\n\t<\/div>\n\n\t\n\n<style>\n#row-1220846643 > .col > .col-inner {\n  padding: 15px 0px 0px 0px;\n}\n<\/style>\n<\/div>\n","protected":false},"excerpt":{"rendered":"<h2><strong>Nueva versi\u00f3n de Settop Level Me 2023 actualizada para Android<\/strong><\/h2>\n<p>Trimble AccessTM developments 3rd party application.<\/p>\n<ul>\n<li>Realice Nivelaciones Trigonom\u00e9tricas de Alta Precisi\u00f3n con su Estaci\u00f3n Total.<\/li>\n<li>Manejo r\u00e1pido y de alta productividad.<\/li>\n<li>Generaci\u00f3n de informes directos en campo y exportaci\u00f3n de ficheros de resultados.<\/li>\n<\/ul>\n<p>Level Me, su mejor nivel.\u00a0La posibilidad de realizar nivelaciones de precisi\u00f3n con su estaci\u00f3n total ya est\u00e1 a su alcance. Ahora es m\u00e1s f\u00e1cil que nunca con el nuevo m\u00f3dulo Level Me para Trimble Access.\u00a0Alta Precisi\u00f3n en la Nivelaci\u00f3n Trigonom\u00e9trica.\u00a0Aprovechando las capacidades de las estaciones Trimble Serie S se establece un programa de campo de f\u00e1cil manejo dise\u00f1ado para realizar Nivelaciones Trigonom\u00e9tricas con unos resultados comparables a una Nivelaci\u00f3n Geom\u00e9trica est\u00e1ndar. El m\u00f3dulo de nivelaci\u00f3n permite realizar nivelaciones, como si de una Nivelaci\u00f3n Geom\u00e9trica se tratara, usando el m\u00e9todo del Punto Medio. Ahora utilizando el jal\u00f3n a una altura conocida y midiendo el prisma, en modo Autolock en Espalda y Frente, alcanzar\u00e1 el desnivel resultante con unas precisiones sorprendentes.<\/p>\n<h4>Settop LevelMe Downloads<\/h4>\r\n<ul>\r\n \t<li class=\"bullet-star\"><a href=\"https:\/\/drive.google.com\/drive\/folders\/1PiOybRd4YzzST2YLJCFpVPBRCNsJHYA3?usp=sharing\" target=\"_blank\" rel=\"noopener noreferrer\">Product information &amp; Documentation<\/a><\/li>\r\n<\/ul>\n","protected":false},"featured_media":3809,"template":"","meta":[],"product_brand":[],"product_cat":[201,215],"product_tag":[],"class_list":{"0":"post-2187","1":"product","2":"type-product","3":"status-publish","4":"has-post-thumbnail","6":"product_cat-auscultacion-es","7":"product_cat-programas-sdk","9":"first","10":"instock","11":"shipping-taxable","12":"product-type-simple"},"yoast_head":"<!-- This site is optimized with the Yoast SEO plugin v27.3 - https:\/\/yoast.com\/product\/yoast-seo-wordpress\/ -->\n<title>Settop Level Me - Settop<\/title>\n<meta name=\"robots\" content=\"index, follow, max-snippet:-1, max-image-preview:large, max-video-preview:-1\" \/>\n<link rel=\"canonical\" href=\"https:\/\/settopsurvey.com\/settop_website\/es\/product\/settop-level-me-es\/\" \/>\n<meta property=\"og:locale\" content=\"es_ES\" \/>\n<meta property=\"og:type\" content=\"article\" \/>\n<meta property=\"og:title\" content=\"Settop Level Me - Settop\" \/>\n<meta property=\"og:description\" content=\"Nueva versi\u00f3n de Settop Level Me 2023 actualizada para Android Trimble AccessTM developments 3rd party application.   Realice Nivelaciones Trigonom\u00e9tricas de Alta Precisi\u00f3n con su Estaci\u00f3n Total.  Manejo r\u00e1pido y de alta productividad.  Generaci\u00f3n de informes directos en campo y exportaci\u00f3n de ficheros de resultados.  Level Me, su mejor nivel.\u00a0La posibilidad de realizar nivelaciones de precisi\u00f3n con su estaci\u00f3n total ya est\u00e1 a su alcance. Ahora es m\u00e1s f\u00e1cil que nunca con el nuevo m\u00f3dulo Level Me para Trimble Access.\u00a0Alta Precisi\u00f3n en la Nivelaci\u00f3n Trigonom\u00e9trica.\u00a0Aprovechando las capacidades de las estaciones Trimble Serie S se establece un programa de campo de f\u00e1cil manejo dise\u00f1ado para realizar Nivelaciones Trigonom\u00e9tricas con unos resultados comparables a una Nivelaci\u00f3n Geom\u00e9trica est\u00e1ndar. El m\u00f3dulo de nivelaci\u00f3n permite realizar nivelaciones, como si de una Nivelaci\u00f3n Geom\u00e9trica se tratara, usando el m\u00e9todo del Punto Medio. Ahora utilizando el jal\u00f3n a una altura conocida y midiendo el prisma, en modo Autolock en Espalda y Frente, alcanzar\u00e1 el desnivel resultante con unas precisiones sorprendentes.\" \/>\n<meta property=\"og:url\" content=\"https:\/\/settopsurvey.com\/settop_website\/es\/product\/settop-level-me-es\/\" \/>\n<meta property=\"og:site_name\" content=\"Settop\" \/>\n<meta property=\"article:modified_time\" content=\"2023-04-17T10:23:22+00:00\" \/>\n<meta property=\"og:image\" content=\"https:\/\/settopsurvey.com\/settop_website\/wp-content\/uploads\/Settop-Level-Me-2023-screeen-1.png\" \/>\n\t<meta property=\"og:image:width\" content=\"425\" \/>\n\t<meta property=\"og:image:height\" content=\"425\" \/>\n\t<meta property=\"og:image:type\" content=\"image\/png\" \/>\n<meta name=\"twitter:card\" content=\"summary_large_image\" \/>\n<meta name=\"twitter:label1\" content=\"Tiempo de lectura\" \/>\n\t<meta name=\"twitter:data1\" content=\"3 minutos\" \/>\n<script type=\"application\/ld+json\" class=\"yoast-schema-graph\">{\"@context\":\"https:\\\/\\\/schema.org\",\"@graph\":[{\"@type\":\"WebPage\",\"@id\":\"https:\\\/\\\/settopsurvey.com\\\/settop_website\\\/es\\\/product\\\/settop-level-me-es\\\/\",\"url\":\"https:\\\/\\\/settopsurvey.com\\\/settop_website\\\/es\\\/product\\\/settop-level-me-es\\\/\",\"name\":\"Settop Level Me - Settop\",\"isPartOf\":{\"@id\":\"https:\\\/\\\/settopsurvey.com\\\/settop_website\\\/#website\"},\"primaryImageOfPage\":{\"@id\":\"https:\\\/\\\/settopsurvey.com\\\/settop_website\\\/es\\\/product\\\/settop-level-me-es\\\/#primaryimage\"},\"image\":{\"@id\":\"https:\\\/\\\/settopsurvey.com\\\/settop_website\\\/es\\\/product\\\/settop-level-me-es\\\/#primaryimage\"},\"thumbnailUrl\":\"https:\\\/\\\/settopsurvey.com\\\/settop_website\\\/wp-content\\\/uploads\\\/Settop-Level-Me-2023-screeen-1.png\",\"datePublished\":\"2019-07-09T06:14:42+00:00\",\"dateModified\":\"2023-04-17T10:23:22+00:00\",\"breadcrumb\":{\"@id\":\"https:\\\/\\\/settopsurvey.com\\\/settop_website\\\/es\\\/product\\\/settop-level-me-es\\\/#breadcrumb\"},\"inLanguage\":\"es\",\"potentialAction\":[{\"@type\":\"ReadAction\",\"target\":[\"https:\\\/\\\/settopsurvey.com\\\/settop_website\\\/es\\\/product\\\/settop-level-me-es\\\/\"]}]},{\"@type\":\"ImageObject\",\"inLanguage\":\"es\",\"@id\":\"https:\\\/\\\/settopsurvey.com\\\/settop_website\\\/es\\\/product\\\/settop-level-me-es\\\/#primaryimage\",\"url\":\"https:\\\/\\\/settopsurvey.com\\\/settop_website\\\/wp-content\\\/uploads\\\/Settop-Level-Me-2023-screeen-1.png\",\"contentUrl\":\"https:\\\/\\\/settopsurvey.com\\\/settop_website\\\/wp-content\\\/uploads\\\/Settop-Level-Me-2023-screeen-1.png\",\"width\":425,\"height\":425},{\"@type\":\"BreadcrumbList\",\"@id\":\"https:\\\/\\\/settopsurvey.com\\\/settop_website\\\/es\\\/product\\\/settop-level-me-es\\\/#breadcrumb\",\"itemListElement\":[{\"@type\":\"ListItem\",\"position\":1,\"name\":\"Portada\",\"item\":\"https:\\\/\\\/settopsurvey.com\\\/settop_website\\\/\"},{\"@type\":\"ListItem\",\"position\":2,\"name\":\"Shop\",\"item\":\"https:\\\/\\\/settopsurvey.com\\\/settop_website\\\/shop\\\/\"},{\"@type\":\"ListItem\",\"position\":3,\"name\":\"Settop Level Me\"}]},{\"@type\":\"WebSite\",\"@id\":\"https:\\\/\\\/settopsurvey.com\\\/settop_website\\\/#website\",\"url\":\"https:\\\/\\\/settopsurvey.com\\\/settop_website\\\/\",\"name\":\"Settop\",\"description\":\"Advanced technology in surveying instruments\",\"potentialAction\":[{\"@type\":\"SearchAction\",\"target\":{\"@type\":\"EntryPoint\",\"urlTemplate\":\"https:\\\/\\\/settopsurvey.com\\\/settop_website\\\/?s={search_term_string}\"},\"query-input\":{\"@type\":\"PropertyValueSpecification\",\"valueRequired\":true,\"valueName\":\"search_term_string\"}}],\"inLanguage\":\"es\"}]}<\/script>\n<!-- \/ Yoast SEO plugin. -->","yoast_head_json":{"title":"Settop Level Me - Settop","robots":{"index":"index","follow":"follow","max-snippet":"max-snippet:-1","max-image-preview":"max-image-preview:large","max-video-preview":"max-video-preview:-1"},"canonical":"https:\/\/settopsurvey.com\/settop_website\/es\/product\/settop-level-me-es\/","og_locale":"es_ES","og_type":"article","og_title":"Settop Level Me - Settop","og_description":"Nueva versi\u00f3n de Settop Level Me 2023 actualizada para Android Trimble AccessTM developments 3rd party application.   Realice Nivelaciones Trigonom\u00e9tricas de Alta Precisi\u00f3n con su Estaci\u00f3n Total.  Manejo r\u00e1pido y de alta productividad.  Generaci\u00f3n de informes directos en campo y exportaci\u00f3n de ficheros de resultados.  Level Me, su mejor nivel.\u00a0La posibilidad de realizar nivelaciones de precisi\u00f3n con su estaci\u00f3n total ya est\u00e1 a su alcance. Ahora es m\u00e1s f\u00e1cil que nunca con el nuevo m\u00f3dulo Level Me para Trimble Access.\u00a0Alta Precisi\u00f3n en la Nivelaci\u00f3n Trigonom\u00e9trica.\u00a0Aprovechando las capacidades de las estaciones Trimble Serie S se establece un programa de campo de f\u00e1cil manejo dise\u00f1ado para realizar Nivelaciones Trigonom\u00e9tricas con unos resultados comparables a una Nivelaci\u00f3n Geom\u00e9trica est\u00e1ndar. El m\u00f3dulo de nivelaci\u00f3n permite realizar nivelaciones, como si de una Nivelaci\u00f3n Geom\u00e9trica se tratara, usando el m\u00e9todo del Punto Medio. Ahora utilizando el jal\u00f3n a una altura conocida y midiendo el prisma, en modo Autolock en Espalda y Frente, alcanzar\u00e1 el desnivel resultante con unas precisiones sorprendentes.","og_url":"https:\/\/settopsurvey.com\/settop_website\/es\/product\/settop-level-me-es\/","og_site_name":"Settop","article_modified_time":"2023-04-17T10:23:22+00:00","og_image":[{"width":425,"height":425,"url":"https:\/\/settopsurvey.com\/settop_website\/wp-content\/uploads\/Settop-Level-Me-2023-screeen-1.png","type":"image\/png"}],"twitter_card":"summary_large_image","twitter_misc":{"Tiempo de lectura":"3 minutos"},"schema":{"@context":"https:\/\/schema.org","@graph":[{"@type":"WebPage","@id":"https:\/\/settopsurvey.com\/settop_website\/es\/product\/settop-level-me-es\/","url":"https:\/\/settopsurvey.com\/settop_website\/es\/product\/settop-level-me-es\/","name":"Settop Level Me - Settop","isPartOf":{"@id":"https:\/\/settopsurvey.com\/settop_website\/#website"},"primaryImageOfPage":{"@id":"https:\/\/settopsurvey.com\/settop_website\/es\/product\/settop-level-me-es\/#primaryimage"},"image":{"@id":"https:\/\/settopsurvey.com\/settop_website\/es\/product\/settop-level-me-es\/#primaryimage"},"thumbnailUrl":"https:\/\/settopsurvey.com\/settop_website\/wp-content\/uploads\/Settop-Level-Me-2023-screeen-1.png","datePublished":"2019-07-09T06:14:42+00:00","dateModified":"2023-04-17T10:23:22+00:00","breadcrumb":{"@id":"https:\/\/settopsurvey.com\/settop_website\/es\/product\/settop-level-me-es\/#breadcrumb"},"inLanguage":"es","potentialAction":[{"@type":"ReadAction","target":["https:\/\/settopsurvey.com\/settop_website\/es\/product\/settop-level-me-es\/"]}]},{"@type":"ImageObject","inLanguage":"es","@id":"https:\/\/settopsurvey.com\/settop_website\/es\/product\/settop-level-me-es\/#primaryimage","url":"https:\/\/settopsurvey.com\/settop_website\/wp-content\/uploads\/Settop-Level-Me-2023-screeen-1.png","contentUrl":"https:\/\/settopsurvey.com\/settop_website\/wp-content\/uploads\/Settop-Level-Me-2023-screeen-1.png","width":425,"height":425},{"@type":"BreadcrumbList","@id":"https:\/\/settopsurvey.com\/settop_website\/es\/product\/settop-level-me-es\/#breadcrumb","itemListElement":[{"@type":"ListItem","position":1,"name":"Portada","item":"https:\/\/settopsurvey.com\/settop_website\/"},{"@type":"ListItem","position":2,"name":"Shop","item":"https:\/\/settopsurvey.com\/settop_website\/shop\/"},{"@type":"ListItem","position":3,"name":"Settop Level Me"}]},{"@type":"WebSite","@id":"https:\/\/settopsurvey.com\/settop_website\/#website","url":"https:\/\/settopsurvey.com\/settop_website\/","name":"Settop","description":"Advanced technology in surveying instruments","potentialAction":[{"@type":"SearchAction","target":{"@type":"EntryPoint","urlTemplate":"https:\/\/settopsurvey.com\/settop_website\/?s={search_term_string}"},"query-input":{"@type":"PropertyValueSpecification","valueRequired":true,"valueName":"search_term_string"}}],"inLanguage":"es"}]}},"_links":{"self":[{"href":"https:\/\/settopsurvey.com\/settop_website\/wp-json\/wp\/v2\/product\/2187","targetHints":{"allow":["GET"]}}],"collection":[{"href":"https:\/\/settopsurvey.com\/settop_website\/wp-json\/wp\/v2\/product"}],"about":[{"href":"https:\/\/settopsurvey.com\/settop_website\/wp-json\/wp\/v2\/types\/product"}],"wp:featuredmedia":[{"embeddable":true,"href":"https:\/\/settopsurvey.com\/settop_website\/wp-json\/wp\/v2\/media\/3809"}],"wp:attachment":[{"href":"https:\/\/settopsurvey.com\/settop_website\/wp-json\/wp\/v2\/media?parent=2187"}],"wp:term":[{"taxonomy":"product_brand","embeddable":true,"href":"https:\/\/settopsurvey.com\/settop_website\/wp-json\/wp\/v2\/product_brand?post=2187"},{"taxonomy":"product_cat","embeddable":true,"href":"https:\/\/settopsurvey.com\/settop_website\/wp-json\/wp\/v2\/product_cat?post=2187"},{"taxonomy":"product_tag","embeddable":true,"href":"https:\/\/settopsurvey.com\/settop_website\/wp-json\/wp\/v2\/product_tag?post=2187"}],"curies":[{"name":"wp","href":"https:\/\/api.w.org\/{rel}","templated":true}]}}