{"id":2186,"date":"2019-07-09T08:04:48","date_gmt":"2019-07-09T06:04:48","guid":{"rendered":"http:\/\/settopsurvey.com\/settop_website\/?post_type=product&#038;p=2186"},"modified":"2023-04-17T12:17:10","modified_gmt":"2023-04-17T10:17:10","slug":"settop-athletics-es","status":"publish","type":"product","link":"https:\/\/settopsurvey.com\/settop_website\/es\/product\/settop-athletics-es\/","title":{"rendered":"Settop Athletics"},"content":{"rendered":"<div class=\"row\"  id=\"row-352129057\">\n\n\t<div id=\"col-1721424430\" class=\"col small-12 large-12\"  >\n\t\t\t\t<div class=\"col-inner\"  >\n\t\t\t\n\t\t\t\n<h2>Caracter\u00edsticas<\/h2>\n\t\t<\/div>\n\t\t\t\t\t<\/div>\n\n\t\n\n\t<div id=\"col-1461788003\" class=\"col medium-6 small-12 large-6\"  >\n\t\t\t\t<div class=\"col-inner\"  >\n\t\t\t\n\t\t\t\n<p><strong>Configuraci\u00f3n de la competici\u00f3n.<\/strong><br \/>\nAbra un trabajo y seleccione el tipo de competici\u00f3n y el g\u00e9nero de los participantes (hombres\/mujeres). Edite el record de la competici\u00f3n y una vez finalizado el evento grabe las mejores marcas.Determine el centro de lanzamiento seg\u00fan un punto de referencia o tres puntos que conforman el radio de tiro. Compare los radios establecidos con respecto la normativa de la IAAF (International Association of Athletics Federation). En los saltos de longitud establezca la l\u00ednea de referencia como origen ortogonal de mediciones. Establezca el n\u00famero de intentos y a\u00f1ada en cada competici\u00f3n tantos deportistas como desee.Visualizaci\u00f3n de los datos seg\u00fan los criterios de la federaci\u00f3n (truncados al cm) y en caso de desempate consulte los mil\u00edmetros de cada salto.Determine la calidad del lanzamiento grabando la marca, invalidando el intento con un Nulo o saltando la ronda a criterio del deportista.Ordenaci\u00f3n autom\u00e1tica de los resultados de la competici\u00f3n seg\u00fan orden cronol\u00f3gico o marcas deportivas.<\/p>\n\t\t<\/div>\n\t\t\t\t\t<\/div>\n\n\t\n\n\t<div id=\"col-128518487\" class=\"col medium-6 small-12 large-6\"  >\n\t\t\t\t<div class=\"col-inner\"  >\n\t\t\t\n\t\t\t\n<p><strong>Env\u00edo inmediato de los registros.<\/strong><br \/>\nEnv\u00ede los registros de la competici\u00f3n en formato totalmente editable y comun\u00edquese al centro de control mediante conexi\u00f3n RS232.<\/p>\n<p><strong>Puntos de control.<\/strong><br \/>\nCompruebe en todo momento los or\u00edgenes de mediciones de cada deporte y realice verificaciones de estacionamiento del aparato con la determinaci\u00f3n de puntos externos.\u00a0En caso de cambio de estaci\u00f3n puede extraer el panel o transferir la informaci\u00f3n mediante puerto USB.<\/p>\n<p><strong>Generaci\u00f3n de informes directos en campo.<\/strong><br \/>\nEn todo momento podr\u00e1 consultar los resultados de la competici\u00f3n y generar un informe final del evento deportivo.\u00a0Exporte los resultados en cualquier momento de la competici\u00f3n en formato *.csv interpretable por ASCII y Excel.<\/p>\n\t\t<\/div>\n\t\t\t\t\t<\/div>\n\n\t\n\n\t<div id=\"col-553098402\" class=\"col small-12 large-12\"  >\n\t\t\t\t<div class=\"col-inner\"  >\n\t\t\t\n\t\t\t\n<h3 class=\"accordion_title\">FAQ<\/h3><div class=\"accordion\">\n\t<div id=\"accordion-817917505\" class=\"accordion-item\">\n\t\t<a id=\"accordion-817917505-label\" class=\"accordion-title plain\" href=\"#accordion-item-settop-athletics-faq\" aria-expanded=\"false\" aria-controls=\"accordion-817917505-content\">\n\t\t\t<button class=\"toggle\" aria-label=\"Toggle\"><i class=\"icon-angle-down\" aria-hidden=\"true\"><\/i><\/button>\n\t\t\t<span>Settop Athletics FAQ<\/span>\n\t\t<\/a>\n\t\t<div id=\"accordion-817917505-content\" class=\"accordion-inner\" aria-labelledby=\"accordion-817917505-label\">\n\t\t\t\n<ul>\n<li><strong>\u00bfSon necesarios conocimientos previos de Topograf\u00eda?<\/strong> No, con Settop Athletics no requerir\u00e1 conocimientos previos de topograf\u00eda, solo ser\u00e1 necesario tener unas nociones b\u00e1sicas del funcionamiento del instrumento y del software.<\/li>\n<li><strong>\u00bfCu\u00e1ntos deportes dispone? <\/strong>Dispone de 6 deportes diferentes. Los deportes incluidos son: Lanzamiento de peso, de disco, de martillo, de jabalina, salto de longitud y triple salto.<\/li>\n<li><strong>\u00bfQu\u00e9 criterios sigue para hacer las mediciones? <\/strong>Los criterios que sigue son los est\u00e1ndares marcados por la IAAF (International Association of Athletics Federation).<\/li>\n<li><strong>\u00bfPuedo enviar los datos al centro de control durante una competici\u00f3n?<\/strong> S\u00ed, puede enviar los registros de la competici\u00f3n en formato totalmente editable al centro de control mediante conexi\u00f3n RS232<\/li>\n<li><strong>\u00bfPuedo verificar las mediciones realizadas?<\/strong> S\u00ed, se pueden comprobar los or\u00edgenes de mediciones de cada deporte (l\u00edneas de referencia y centros de tiro) y puntos externos para verificar el estacionamiento.<\/li>\n<li><strong>\u00bfPuedo verificar las mediciones realizadas?<\/strong> S\u00ed, se pueden comprobar los or\u00edgenes de mediciones de cada deporte (l\u00edneas de referencia y centros de tiro) y puntos externos para verificar el estacionamiento.<\/li>\n<li><strong>\u00bfPuedo medir varios deportes al mismo tiempo?<\/strong> No, Settop Athletics no puede alternar varios deportes al mismo tiempo.<\/li>\n<li><strong>\u00bfPuedo cargar las observaciones en el Trimble Business Center? <\/strong>No, los resultados se obtendr\u00e1n directamente en un recuadro de resultados. No es necesario procesar los datos mediante TBC.<\/li>\n<li><strong>\u00bfPuedo usar Settop Athletics con la estaci\u00f3n mec\u00e1nica M3?<\/strong> S\u00ed, el nuevo modelo M3 con Trimble Access compatible con Settop Athletics<\/li>\n<li><strong>\u00bfPuedo instalar Settop Athletics en todos los controladores Trimble?<\/strong> No, los modelos soportados son: Trimble CU(Model 3), TSC2, TSC3, Trimble Tablet.<\/li>\n<li><strong>Me interesa adquirir el Settop Athletics, \u00bfQu\u00e9 debo hacer? <\/strong>P\u00f3ngase en contacto con su distribuidor Oficial Trimble m\u00e1s cercano. \u00c9l le informar\u00e1 de c\u00f3mo adquirir el producto.<\/li>\n<li><strong>\u00bfEn cu\u00e1ntos idiomas est\u00e1 disponible Settop Athletics? <\/strong>Settop Athletics est\u00e1 disponible en espa\u00f1ol y en ingl\u00e9s. Si est\u00e1 interesado en otros idiomas, contacte con nosotros<\/li>\n<\/ul>\n\t\t<\/div>\n\t<\/div>\n\t\n<\/div>\n\t\t<\/div>\n\t\t\t\t\t<\/div>\n\n\t\n<\/div>\n","protected":false},"excerpt":{"rendered":"<p>Trimble Access<sup>TM<\/sup> developments 3rd party application.<\/p>\n<ul>\n<li>Realice mediciones de precisi\u00f3n de competiciones atl\u00e9ticas.<\/li>\n<li>Manejo r\u00e1pido y directo para cualquier usuario.<\/li>\n<li>Medici\u00f3n de 6 deportes diferentes.<\/li>\n<li>Generaci\u00f3n de informes directos en campo y salida de datos al centro de control.<\/li>\n<\/ul>\n<p><strong>Athletics, la competici\u00f3n a su alcance. <\/strong>La posibilidad de realizar mediciones de precisi\u00f3n en eventos deportivos con su estaci\u00f3n total Trimble ya es una realidad. La aplicaci\u00f3n para eventos deportivos Settop Athletics es capaz de medir de forma r\u00e1pida y precisa 6 deportes diferentes. Los deportes incluidos son: Lanzamiento de peso, de disco, de martillo, de jabalina, salto de longitud y triple salto.<\/p>\n<p><strong>Sencillez y versatilidad.<\/strong> Athletics es una aplicaci\u00f3n abierta a cualquier tipo de usuario. No es necesario que sea manejado por un top\u00f3grafo sino que una persona con conocimientos b\u00e1sicos del instrumento puede manejar a la perfecci\u00f3n todas opciones que presenta el m\u00f3dulo. Athletics ha sido dise\u00f1ado por \u00e1rbitros de la IAAF junto con personal especializado en eventos deportivos posibilitando un uso inmediato e intuitivo.<\/p>\n<h4>Settop Athletics Downloads<\/h4>\r\n<ul>\r\n \t<li class=\"bullet-star\"><a href=\"https:\/\/drive.google.com\/drive\/folders\/1GzUL5JpGq2OST0OXzBkgo6jc465qk5gU?usp=sharing\" target=\"_blank\" rel=\"noopener noreferrer\">Product information &amp; Documentation<\/a><\/li>\r\n<\/ul>\n","protected":false},"featured_media":461,"template":"","meta":[],"product_brand":[],"product_cat":[215],"product_tag":[],"class_list":{"0":"post-2186","1":"product","2":"type-product","3":"status-publish","4":"has-post-thumbnail","6":"product_cat-programas-sdk","8":"first","9":"instock","10":"shipping-taxable","11":"product-type-simple"},"yoast_head":"<!-- This site is optimized with the Yoast SEO plugin v26.7 - https:\/\/yoast.com\/wordpress\/plugins\/seo\/ -->\n<title>Settop Athletics - Settop<\/title>\n<meta name=\"robots\" content=\"index, follow, max-snippet:-1, max-image-preview:large, max-video-preview:-1\" \/>\n<link rel=\"canonical\" href=\"https:\/\/settopsurvey.com\/settop_website\/es\/product\/settop-athletics-es\/\" \/>\n<meta property=\"og:locale\" content=\"es_ES\" \/>\n<meta property=\"og:type\" content=\"article\" \/>\n<meta property=\"og:title\" content=\"Settop Athletics - Settop\" \/>\n<meta property=\"og:description\" content=\"Trimble AccessTM developments 3rd party application.   Realice mediciones de precisi\u00f3n de competiciones atl\u00e9ticas.  Manejo r\u00e1pido y directo para cualquier usuario.  Medici\u00f3n de 6 deportes diferentes.  Generaci\u00f3n de informes directos en campo y salida de datos al centro de control.  Athletics, la competici\u00f3n a su alcance. La posibilidad de realizar mediciones de precisi\u00f3n en eventos deportivos con su estaci\u00f3n total Trimble ya es una realidad. La aplicaci\u00f3n para eventos deportivos Settop Athletics es capaz de medir de forma r\u00e1pida y precisa 6 deportes diferentes. Los deportes incluidos son: Lanzamiento de peso, de disco, de martillo, de jabalina, salto de longitud y triple salto.  Sencillez y versatilidad. Athletics es una aplicaci\u00f3n abierta a cualquier tipo de usuario. No es necesario que sea manejado por un top\u00f3grafo sino que una persona con conocimientos b\u00e1sicos del instrumento puede manejar a la perfecci\u00f3n todas opciones que presenta el m\u00f3dulo. Athletics ha sido dise\u00f1ado por \u00e1rbitros de la IAAF junto con personal especializado en eventos deportivos posibilitando un uso inmediato e intuitivo.\" \/>\n<meta property=\"og:url\" content=\"https:\/\/settopsurvey.com\/settop_website\/es\/product\/settop-athletics-es\/\" \/>\n<meta property=\"og:site_name\" content=\"Settop\" \/>\n<meta property=\"article:modified_time\" content=\"2023-04-17T10:17:10+00:00\" \/>\n<meta property=\"og:image\" content=\"https:\/\/settopsurvey.com\/settop_website\/wp-content\/uploads\/Settop-Athletics.png\" \/>\n\t<meta property=\"og:image:width\" content=\"425\" \/>\n\t<meta property=\"og:image:height\" content=\"425\" \/>\n\t<meta property=\"og:image:type\" content=\"image\/png\" \/>\n<meta name=\"twitter:card\" content=\"summary_large_image\" \/>\n<meta name=\"twitter:label1\" content=\"Tiempo de lectura\" \/>\n\t<meta name=\"twitter:data1\" content=\"3 minutos\" \/>\n<script type=\"application\/ld+json\" class=\"yoast-schema-graph\">{\"@context\":\"https:\/\/schema.org\",\"@graph\":[{\"@type\":\"WebPage\",\"@id\":\"https:\/\/settopsurvey.com\/settop_website\/es\/product\/settop-athletics-es\/\",\"url\":\"https:\/\/settopsurvey.com\/settop_website\/es\/product\/settop-athletics-es\/\",\"name\":\"Settop Athletics - Settop\",\"isPartOf\":{\"@id\":\"https:\/\/settopsurvey.com\/settop_website\/#website\"},\"primaryImageOfPage\":{\"@id\":\"https:\/\/settopsurvey.com\/settop_website\/es\/product\/settop-athletics-es\/#primaryimage\"},\"image\":{\"@id\":\"https:\/\/settopsurvey.com\/settop_website\/es\/product\/settop-athletics-es\/#primaryimage\"},\"thumbnailUrl\":\"https:\/\/settopsurvey.com\/settop_website\/wp-content\/uploads\/Settop-Athletics.png\",\"datePublished\":\"2019-07-09T06:04:48+00:00\",\"dateModified\":\"2023-04-17T10:17:10+00:00\",\"breadcrumb\":{\"@id\":\"https:\/\/settopsurvey.com\/settop_website\/es\/product\/settop-athletics-es\/#breadcrumb\"},\"inLanguage\":\"es\",\"potentialAction\":[{\"@type\":\"ReadAction\",\"target\":[\"https:\/\/settopsurvey.com\/settop_website\/es\/product\/settop-athletics-es\/\"]}]},{\"@type\":\"ImageObject\",\"inLanguage\":\"es\",\"@id\":\"https:\/\/settopsurvey.com\/settop_website\/es\/product\/settop-athletics-es\/#primaryimage\",\"url\":\"https:\/\/settopsurvey.com\/settop_website\/wp-content\/uploads\/Settop-Athletics.png\",\"contentUrl\":\"https:\/\/settopsurvey.com\/settop_website\/wp-content\/uploads\/Settop-Athletics.png\",\"width\":425,\"height\":425},{\"@type\":\"BreadcrumbList\",\"@id\":\"https:\/\/settopsurvey.com\/settop_website\/es\/product\/settop-athletics-es\/#breadcrumb\",\"itemListElement\":[{\"@type\":\"ListItem\",\"position\":1,\"name\":\"Portada\",\"item\":\"https:\/\/settopsurvey.com\/settop_website\/\"},{\"@type\":\"ListItem\",\"position\":2,\"name\":\"Shop\",\"item\":\"https:\/\/settopsurvey.com\/settop_website\/shop\/\"},{\"@type\":\"ListItem\",\"position\":3,\"name\":\"Settop Athletics\"}]},{\"@type\":\"WebSite\",\"@id\":\"https:\/\/settopsurvey.com\/settop_website\/#website\",\"url\":\"https:\/\/settopsurvey.com\/settop_website\/\",\"name\":\"Settop\",\"description\":\"Advanced technology in surveying instruments\",\"potentialAction\":[{\"@type\":\"SearchAction\",\"target\":{\"@type\":\"EntryPoint\",\"urlTemplate\":\"https:\/\/settopsurvey.com\/settop_website\/?s={search_term_string}\"},\"query-input\":{\"@type\":\"PropertyValueSpecification\",\"valueRequired\":true,\"valueName\":\"search_term_string\"}}],\"inLanguage\":\"es\"}]}<\/script>\n<!-- \/ Yoast SEO plugin. -->","yoast_head_json":{"title":"Settop Athletics - Settop","robots":{"index":"index","follow":"follow","max-snippet":"max-snippet:-1","max-image-preview":"max-image-preview:large","max-video-preview":"max-video-preview:-1"},"canonical":"https:\/\/settopsurvey.com\/settop_website\/es\/product\/settop-athletics-es\/","og_locale":"es_ES","og_type":"article","og_title":"Settop Athletics - Settop","og_description":"Trimble AccessTM developments 3rd party application.   Realice mediciones de precisi\u00f3n de competiciones atl\u00e9ticas.  Manejo r\u00e1pido y directo para cualquier usuario.  Medici\u00f3n de 6 deportes diferentes.  Generaci\u00f3n de informes directos en campo y salida de datos al centro de control.  Athletics, la competici\u00f3n a su alcance. La posibilidad de realizar mediciones de precisi\u00f3n en eventos deportivos con su estaci\u00f3n total Trimble ya es una realidad. La aplicaci\u00f3n para eventos deportivos Settop Athletics es capaz de medir de forma r\u00e1pida y precisa 6 deportes diferentes. Los deportes incluidos son: Lanzamiento de peso, de disco, de martillo, de jabalina, salto de longitud y triple salto.  Sencillez y versatilidad. Athletics es una aplicaci\u00f3n abierta a cualquier tipo de usuario. No es necesario que sea manejado por un top\u00f3grafo sino que una persona con conocimientos b\u00e1sicos del instrumento puede manejar a la perfecci\u00f3n todas opciones que presenta el m\u00f3dulo. Athletics ha sido dise\u00f1ado por \u00e1rbitros de la IAAF junto con personal especializado en eventos deportivos posibilitando un uso inmediato e intuitivo.","og_url":"https:\/\/settopsurvey.com\/settop_website\/es\/product\/settop-athletics-es\/","og_site_name":"Settop","article_modified_time":"2023-04-17T10:17:10+00:00","og_image":[{"width":425,"height":425,"url":"https:\/\/settopsurvey.com\/settop_website\/wp-content\/uploads\/Settop-Athletics.png","type":"image\/png"}],"twitter_card":"summary_large_image","twitter_misc":{"Tiempo de lectura":"3 minutos"},"schema":{"@context":"https:\/\/schema.org","@graph":[{"@type":"WebPage","@id":"https:\/\/settopsurvey.com\/settop_website\/es\/product\/settop-athletics-es\/","url":"https:\/\/settopsurvey.com\/settop_website\/es\/product\/settop-athletics-es\/","name":"Settop Athletics - Settop","isPartOf":{"@id":"https:\/\/settopsurvey.com\/settop_website\/#website"},"primaryImageOfPage":{"@id":"https:\/\/settopsurvey.com\/settop_website\/es\/product\/settop-athletics-es\/#primaryimage"},"image":{"@id":"https:\/\/settopsurvey.com\/settop_website\/es\/product\/settop-athletics-es\/#primaryimage"},"thumbnailUrl":"https:\/\/settopsurvey.com\/settop_website\/wp-content\/uploads\/Settop-Athletics.png","datePublished":"2019-07-09T06:04:48+00:00","dateModified":"2023-04-17T10:17:10+00:00","breadcrumb":{"@id":"https:\/\/settopsurvey.com\/settop_website\/es\/product\/settop-athletics-es\/#breadcrumb"},"inLanguage":"es","potentialAction":[{"@type":"ReadAction","target":["https:\/\/settopsurvey.com\/settop_website\/es\/product\/settop-athletics-es\/"]}]},{"@type":"ImageObject","inLanguage":"es","@id":"https:\/\/settopsurvey.com\/settop_website\/es\/product\/settop-athletics-es\/#primaryimage","url":"https:\/\/settopsurvey.com\/settop_website\/wp-content\/uploads\/Settop-Athletics.png","contentUrl":"https:\/\/settopsurvey.com\/settop_website\/wp-content\/uploads\/Settop-Athletics.png","width":425,"height":425},{"@type":"BreadcrumbList","@id":"https:\/\/settopsurvey.com\/settop_website\/es\/product\/settop-athletics-es\/#breadcrumb","itemListElement":[{"@type":"ListItem","position":1,"name":"Portada","item":"https:\/\/settopsurvey.com\/settop_website\/"},{"@type":"ListItem","position":2,"name":"Shop","item":"https:\/\/settopsurvey.com\/settop_website\/shop\/"},{"@type":"ListItem","position":3,"name":"Settop Athletics"}]},{"@type":"WebSite","@id":"https:\/\/settopsurvey.com\/settop_website\/#website","url":"https:\/\/settopsurvey.com\/settop_website\/","name":"Settop","description":"Advanced technology in surveying instruments","potentialAction":[{"@type":"SearchAction","target":{"@type":"EntryPoint","urlTemplate":"https:\/\/settopsurvey.com\/settop_website\/?s={search_term_string}"},"query-input":{"@type":"PropertyValueSpecification","valueRequired":true,"valueName":"search_term_string"}}],"inLanguage":"es"}]}},"_links":{"self":[{"href":"https:\/\/settopsurvey.com\/settop_website\/wp-json\/wp\/v2\/product\/2186","targetHints":{"allow":["GET"]}}],"collection":[{"href":"https:\/\/settopsurvey.com\/settop_website\/wp-json\/wp\/v2\/product"}],"about":[{"href":"https:\/\/settopsurvey.com\/settop_website\/wp-json\/wp\/v2\/types\/product"}],"wp:featuredmedia":[{"embeddable":true,"href":"https:\/\/settopsurvey.com\/settop_website\/wp-json\/wp\/v2\/media\/461"}],"wp:attachment":[{"href":"https:\/\/settopsurvey.com\/settop_website\/wp-json\/wp\/v2\/media?parent=2186"}],"wp:term":[{"taxonomy":"product_brand","embeddable":true,"href":"https:\/\/settopsurvey.com\/settop_website\/wp-json\/wp\/v2\/product_brand?post=2186"},{"taxonomy":"product_cat","embeddable":true,"href":"https:\/\/settopsurvey.com\/settop_website\/wp-json\/wp\/v2\/product_cat?post=2186"},{"taxonomy":"product_tag","embeddable":true,"href":"https:\/\/settopsurvey.com\/settop_website\/wp-json\/wp\/v2\/product_tag?post=2186"}],"curies":[{"name":"wp","href":"https:\/\/api.w.org\/{rel}","templated":true}]}}