{"id":2185,"date":"2019-07-09T08:02:22","date_gmt":"2019-07-09T06:02:22","guid":{"rendered":"http:\/\/settopsurvey.com\/settop_website\/?post_type=product&#038;p=2185"},"modified":"2023-04-17T12:18:36","modified_gmt":"2023-04-17T10:18:36","slug":"settop-arch%c2%b7e-es","status":"publish","type":"product","link":"https:\/\/settopsurvey.com\/settop_website\/es\/product\/settop-arch%c2%b7e-es\/","title":{"rendered":"Settop Arch\u00b7e"},"content":{"rendered":"","protected":false},"excerpt":{"rendered":"<p>Trimble Access<sup>TM<\/sup> developments 3rd party application.<\/p>\n<ul>\n<li class=\"p1\">Informatice en campo sus levantamientos arqueol\u00f3gicos.<\/li>\n<li class=\"p1\"><span class=\"s1\">Automatice el posicionamiento y gestione de manera r\u00e1pida y eficaz sus yacimientos.<\/span><\/li>\n<li class=\"p1\">Evite errores y obtenga datos seguros. Dedique m\u00e1s tiempo al estudio y menos a la excavaci\u00f3n!<\/li>\n<\/ul>\n<p><strong>ARCH\u00b7e Fieldwork<\/strong><br \/>\nARCH\u00b7e Fieldwork es una soluci\u00f3n modular de gesti\u00f3n informatizada para la toma de datos de un yacimiento arqueol\u00f3gico. Permite documentar todos aquellos elementos para realizar el estudio, an\u00e1lisis, y establecimiento de hip\u00f3tesis de forma \u00e1gil y eficaz.<\/p>\n<p><strong>Protocolos de trabajo optimizados<\/strong><br \/>\nEn una excavaci\u00f3n paleontol\u00f3gica o prehist\u00f3rica, el establecimiento de un registro arqueol\u00f3gico preciso y exhaustivo permite obtener datos de gran valor. Para ello, es necesario realizar una serie de trabajos asociados a unos protocolos lentos y extremadamente laboriosos. \u00a0ARCH\u00b7e, permite optimizar los protocolos de trabajo incorporando la versatilidad de las nuevas tecnolog\u00edas. Como consecuencia obtenemos una mejora sustancial en la productividad, confianza en nuestros datos y rapidez para obtener los resultados.<\/p>\n<p><strong>Implementaci\u00f3n din\u00e1mica<\/strong><br \/>\nARCH\u00b7e system fieldwork se ha utilizado para el registro de datos de campo en varios de los yacimientos arqueol\u00f3gicos m\u00e1s importantes de Europa. Su integraci\u00f3n ha sido r\u00e1pida acopl\u00e1ndose al ritmo de trabajo y mejorando, en cada caso, aspectos fundamentales en la estandarizaci\u00f3n de los procesos de registro y la homogeneizaci\u00f3n de los datos. Informatizar los procesos de trabajo ya est\u00e1 al alcance de todos los arque\u00f3logos gracias a las herramientas integradas de alto rendimiento y precisi\u00f3n. Su uso, f\u00e1cil e intuitivo, acomoda el manejo de las aplicaciones a todo tipo de usuarios sin necesidad de grandes conocimientos inform\u00e1ticos.<\/p>\n<h4>Settop Arche Downloads<\/h4>\r\n<ul>\r\n \t<li class=\"bullet-star\"><a href=\"https:\/\/drive.google.com\/drive\/folders\/1-5TWX4l0ItlzIJ9FLHPaoAgin93qZHBB?usp=sharing\" target=\"_blank\" rel=\"noopener noreferrer\">Product information &amp; Documentation<\/a><\/li>\r\n<\/ul>\n","protected":false},"featured_media":456,"template":"","meta":[],"product_brand":[],"product_cat":[215],"product_tag":[],"class_list":{"0":"post-2185","1":"product","2":"type-product","3":"status-publish","4":"has-post-thumbnail","6":"product_cat-programas-sdk","8":"first","9":"instock","10":"shipping-taxable","11":"product-type-simple"},"yoast_head":"<!-- This site is optimized with the Yoast SEO plugin v27.3 - https:\/\/yoast.com\/product\/yoast-seo-wordpress\/ -->\n<title>Settop Arch\u00b7e - Settop<\/title>\n<meta name=\"robots\" content=\"index, follow, max-snippet:-1, max-image-preview:large, max-video-preview:-1\" \/>\n<link rel=\"canonical\" href=\"https:\/\/settopsurvey.com\/settop_website\/es\/product\/settop-arch\u00b7e-es\/\" \/>\n<meta property=\"og:locale\" content=\"es_ES\" \/>\n<meta property=\"og:type\" content=\"article\" \/>\n<meta property=\"og:title\" content=\"Settop Arch\u00b7e - Settop\" \/>\n<meta property=\"og:description\" content=\"Trimble AccessTM developments 3rd party application.   Informatice en campo sus levantamientos arqueol\u00f3gicos.  Automatice el posicionamiento y gestione de manera r\u00e1pida y eficaz sus yacimientos.  Evite errores y obtenga datos seguros. Dedique m\u00e1s tiempo al estudio y menos a la excavaci\u00f3n!  ARCH\u00b7e Fieldwork ARCH\u00b7e Fieldwork es una soluci\u00f3n modular de gesti\u00f3n informatizada para la toma de datos de un yacimiento arqueol\u00f3gico. Permite documentar todos aquellos elementos para realizar el estudio, an\u00e1lisis, y establecimiento de hip\u00f3tesis de forma \u00e1gil y eficaz.  Protocolos de trabajo optimizados En una excavaci\u00f3n paleontol\u00f3gica o prehist\u00f3rica, el establecimiento de un registro arqueol\u00f3gico preciso y exhaustivo permite obtener datos de gran valor. Para ello, es necesario realizar una serie de trabajos asociados a unos protocolos lentos y extremadamente laboriosos. \u00a0ARCH\u00b7e, permite optimizar los protocolos de trabajo incorporando la versatilidad de las nuevas tecnolog\u00edas. Como consecuencia obtenemos una mejora sustancial en la productividad, confianza en nuestros datos y rapidez para obtener los resultados.  Implementaci\u00f3n din\u00e1mica ARCH\u00b7e system fieldwork se ha utilizado para el registro de datos de campo en varios de los yacimientos arqueol\u00f3gicos m\u00e1s importantes de Europa. Su integraci\u00f3n ha sido r\u00e1pida acopl\u00e1ndose al ritmo de trabajo y mejorando, en cada caso, aspectos fundamentales en la estandarizaci\u00f3n de los procesos de registro y la homogeneizaci\u00f3n de los datos. Informatizar los procesos de trabajo ya est\u00e1 al alcance de todos los arque\u00f3logos gracias a las herramientas integradas de alto rendimiento y precisi\u00f3n. Su uso, f\u00e1cil e intuitivo, acomoda el manejo de las aplicaciones a todo tipo de usuarios sin necesidad de grandes conocimientos inform\u00e1ticos.\" \/>\n<meta property=\"og:url\" content=\"https:\/\/settopsurvey.com\/settop_website\/es\/product\/settop-arch\u00b7e-es\/\" \/>\n<meta property=\"og:site_name\" content=\"Settop\" \/>\n<meta property=\"article:modified_time\" content=\"2023-04-17T10:18:36+00:00\" \/>\n<meta property=\"og:image\" content=\"https:\/\/settopsurvey.com\/settop_website\/wp-content\/uploads\/Settop-Arche.png\" \/>\n\t<meta property=\"og:image:width\" content=\"425\" \/>\n\t<meta property=\"og:image:height\" content=\"425\" \/>\n\t<meta property=\"og:image:type\" content=\"image\/png\" \/>\n<meta name=\"twitter:card\" content=\"summary_large_image\" \/>\n<script type=\"application\/ld+json\" class=\"yoast-schema-graph\">{\"@context\":\"https:\\\/\\\/schema.org\",\"@graph\":[{\"@type\":\"WebPage\",\"@id\":\"https:\\\/\\\/settopsurvey.com\\\/settop_website\\\/es\\\/product\\\/settop-arch%c2%b7e-es\\\/\",\"url\":\"https:\\\/\\\/settopsurvey.com\\\/settop_website\\\/es\\\/product\\\/settop-arch%c2%b7e-es\\\/\",\"name\":\"Settop Arch\u00b7e - Settop\",\"isPartOf\":{\"@id\":\"https:\\\/\\\/settopsurvey.com\\\/settop_website\\\/#website\"},\"primaryImageOfPage\":{\"@id\":\"https:\\\/\\\/settopsurvey.com\\\/settop_website\\\/es\\\/product\\\/settop-arch%c2%b7e-es\\\/#primaryimage\"},\"image\":{\"@id\":\"https:\\\/\\\/settopsurvey.com\\\/settop_website\\\/es\\\/product\\\/settop-arch%c2%b7e-es\\\/#primaryimage\"},\"thumbnailUrl\":\"https:\\\/\\\/settopsurvey.com\\\/settop_website\\\/wp-content\\\/uploads\\\/Settop-Arche.png\",\"datePublished\":\"2019-07-09T06:02:22+00:00\",\"dateModified\":\"2023-04-17T10:18:36+00:00\",\"breadcrumb\":{\"@id\":\"https:\\\/\\\/settopsurvey.com\\\/settop_website\\\/es\\\/product\\\/settop-arch%c2%b7e-es\\\/#breadcrumb\"},\"inLanguage\":\"es\",\"potentialAction\":[{\"@type\":\"ReadAction\",\"target\":[\"https:\\\/\\\/settopsurvey.com\\\/settop_website\\\/es\\\/product\\\/settop-arch%c2%b7e-es\\\/\"]}]},{\"@type\":\"ImageObject\",\"inLanguage\":\"es\",\"@id\":\"https:\\\/\\\/settopsurvey.com\\\/settop_website\\\/es\\\/product\\\/settop-arch%c2%b7e-es\\\/#primaryimage\",\"url\":\"https:\\\/\\\/settopsurvey.com\\\/settop_website\\\/wp-content\\\/uploads\\\/Settop-Arche.png\",\"contentUrl\":\"https:\\\/\\\/settopsurvey.com\\\/settop_website\\\/wp-content\\\/uploads\\\/Settop-Arche.png\",\"width\":425,\"height\":425},{\"@type\":\"BreadcrumbList\",\"@id\":\"https:\\\/\\\/settopsurvey.com\\\/settop_website\\\/es\\\/product\\\/settop-arch%c2%b7e-es\\\/#breadcrumb\",\"itemListElement\":[{\"@type\":\"ListItem\",\"position\":1,\"name\":\"Portada\",\"item\":\"https:\\\/\\\/settopsurvey.com\\\/settop_website\\\/\"},{\"@type\":\"ListItem\",\"position\":2,\"name\":\"Shop\",\"item\":\"https:\\\/\\\/settopsurvey.com\\\/settop_website\\\/shop\\\/\"},{\"@type\":\"ListItem\",\"position\":3,\"name\":\"Settop Arch\u00b7e\"}]},{\"@type\":\"WebSite\",\"@id\":\"https:\\\/\\\/settopsurvey.com\\\/settop_website\\\/#website\",\"url\":\"https:\\\/\\\/settopsurvey.com\\\/settop_website\\\/\",\"name\":\"Settop\",\"description\":\"Advanced technology in surveying instruments\",\"potentialAction\":[{\"@type\":\"SearchAction\",\"target\":{\"@type\":\"EntryPoint\",\"urlTemplate\":\"https:\\\/\\\/settopsurvey.com\\\/settop_website\\\/?s={search_term_string}\"},\"query-input\":{\"@type\":\"PropertyValueSpecification\",\"valueRequired\":true,\"valueName\":\"search_term_string\"}}],\"inLanguage\":\"es\"}]}<\/script>\n<!-- \/ Yoast SEO plugin. -->","yoast_head_json":{"title":"Settop Arch\u00b7e - Settop","robots":{"index":"index","follow":"follow","max-snippet":"max-snippet:-1","max-image-preview":"max-image-preview:large","max-video-preview":"max-video-preview:-1"},"canonical":"https:\/\/settopsurvey.com\/settop_website\/es\/product\/settop-arch\u00b7e-es\/","og_locale":"es_ES","og_type":"article","og_title":"Settop Arch\u00b7e - Settop","og_description":"Trimble AccessTM developments 3rd party application.   Informatice en campo sus levantamientos arqueol\u00f3gicos.  Automatice el posicionamiento y gestione de manera r\u00e1pida y eficaz sus yacimientos.  Evite errores y obtenga datos seguros. Dedique m\u00e1s tiempo al estudio y menos a la excavaci\u00f3n!  ARCH\u00b7e Fieldwork ARCH\u00b7e Fieldwork es una soluci\u00f3n modular de gesti\u00f3n informatizada para la toma de datos de un yacimiento arqueol\u00f3gico. Permite documentar todos aquellos elementos para realizar el estudio, an\u00e1lisis, y establecimiento de hip\u00f3tesis de forma \u00e1gil y eficaz.  Protocolos de trabajo optimizados En una excavaci\u00f3n paleontol\u00f3gica o prehist\u00f3rica, el establecimiento de un registro arqueol\u00f3gico preciso y exhaustivo permite obtener datos de gran valor. Para ello, es necesario realizar una serie de trabajos asociados a unos protocolos lentos y extremadamente laboriosos. \u00a0ARCH\u00b7e, permite optimizar los protocolos de trabajo incorporando la versatilidad de las nuevas tecnolog\u00edas. Como consecuencia obtenemos una mejora sustancial en la productividad, confianza en nuestros datos y rapidez para obtener los resultados.  Implementaci\u00f3n din\u00e1mica ARCH\u00b7e system fieldwork se ha utilizado para el registro de datos de campo en varios de los yacimientos arqueol\u00f3gicos m\u00e1s importantes de Europa. Su integraci\u00f3n ha sido r\u00e1pida acopl\u00e1ndose al ritmo de trabajo y mejorando, en cada caso, aspectos fundamentales en la estandarizaci\u00f3n de los procesos de registro y la homogeneizaci\u00f3n de los datos. Informatizar los procesos de trabajo ya est\u00e1 al alcance de todos los arque\u00f3logos gracias a las herramientas integradas de alto rendimiento y precisi\u00f3n. Su uso, f\u00e1cil e intuitivo, acomoda el manejo de las aplicaciones a todo tipo de usuarios sin necesidad de grandes conocimientos inform\u00e1ticos.","og_url":"https:\/\/settopsurvey.com\/settop_website\/es\/product\/settop-arch\u00b7e-es\/","og_site_name":"Settop","article_modified_time":"2023-04-17T10:18:36+00:00","og_image":[{"width":425,"height":425,"url":"https:\/\/settopsurvey.com\/settop_website\/wp-content\/uploads\/Settop-Arche.png","type":"image\/png"}],"twitter_card":"summary_large_image","schema":{"@context":"https:\/\/schema.org","@graph":[{"@type":"WebPage","@id":"https:\/\/settopsurvey.com\/settop_website\/es\/product\/settop-arch%c2%b7e-es\/","url":"https:\/\/settopsurvey.com\/settop_website\/es\/product\/settop-arch%c2%b7e-es\/","name":"Settop Arch\u00b7e - Settop","isPartOf":{"@id":"https:\/\/settopsurvey.com\/settop_website\/#website"},"primaryImageOfPage":{"@id":"https:\/\/settopsurvey.com\/settop_website\/es\/product\/settop-arch%c2%b7e-es\/#primaryimage"},"image":{"@id":"https:\/\/settopsurvey.com\/settop_website\/es\/product\/settop-arch%c2%b7e-es\/#primaryimage"},"thumbnailUrl":"https:\/\/settopsurvey.com\/settop_website\/wp-content\/uploads\/Settop-Arche.png","datePublished":"2019-07-09T06:02:22+00:00","dateModified":"2023-04-17T10:18:36+00:00","breadcrumb":{"@id":"https:\/\/settopsurvey.com\/settop_website\/es\/product\/settop-arch%c2%b7e-es\/#breadcrumb"},"inLanguage":"es","potentialAction":[{"@type":"ReadAction","target":["https:\/\/settopsurvey.com\/settop_website\/es\/product\/settop-arch%c2%b7e-es\/"]}]},{"@type":"ImageObject","inLanguage":"es","@id":"https:\/\/settopsurvey.com\/settop_website\/es\/product\/settop-arch%c2%b7e-es\/#primaryimage","url":"https:\/\/settopsurvey.com\/settop_website\/wp-content\/uploads\/Settop-Arche.png","contentUrl":"https:\/\/settopsurvey.com\/settop_website\/wp-content\/uploads\/Settop-Arche.png","width":425,"height":425},{"@type":"BreadcrumbList","@id":"https:\/\/settopsurvey.com\/settop_website\/es\/product\/settop-arch%c2%b7e-es\/#breadcrumb","itemListElement":[{"@type":"ListItem","position":1,"name":"Portada","item":"https:\/\/settopsurvey.com\/settop_website\/"},{"@type":"ListItem","position":2,"name":"Shop","item":"https:\/\/settopsurvey.com\/settop_website\/shop\/"},{"@type":"ListItem","position":3,"name":"Settop Arch\u00b7e"}]},{"@type":"WebSite","@id":"https:\/\/settopsurvey.com\/settop_website\/#website","url":"https:\/\/settopsurvey.com\/settop_website\/","name":"Settop","description":"Advanced technology in surveying instruments","potentialAction":[{"@type":"SearchAction","target":{"@type":"EntryPoint","urlTemplate":"https:\/\/settopsurvey.com\/settop_website\/?s={search_term_string}"},"query-input":{"@type":"PropertyValueSpecification","valueRequired":true,"valueName":"search_term_string"}}],"inLanguage":"es"}]}},"_links":{"self":[{"href":"https:\/\/settopsurvey.com\/settop_website\/wp-json\/wp\/v2\/product\/2185","targetHints":{"allow":["GET"]}}],"collection":[{"href":"https:\/\/settopsurvey.com\/settop_website\/wp-json\/wp\/v2\/product"}],"about":[{"href":"https:\/\/settopsurvey.com\/settop_website\/wp-json\/wp\/v2\/types\/product"}],"wp:featuredmedia":[{"embeddable":true,"href":"https:\/\/settopsurvey.com\/settop_website\/wp-json\/wp\/v2\/media\/456"}],"wp:attachment":[{"href":"https:\/\/settopsurvey.com\/settop_website\/wp-json\/wp\/v2\/media?parent=2185"}],"wp:term":[{"taxonomy":"product_brand","embeddable":true,"href":"https:\/\/settopsurvey.com\/settop_website\/wp-json\/wp\/v2\/product_brand?post=2185"},{"taxonomy":"product_cat","embeddable":true,"href":"https:\/\/settopsurvey.com\/settop_website\/wp-json\/wp\/v2\/product_cat?post=2185"},{"taxonomy":"product_tag","embeddable":true,"href":"https:\/\/settopsurvey.com\/settop_website\/wp-json\/wp\/v2\/product_tag?post=2185"}],"curies":[{"name":"wp","href":"https:\/\/api.w.org\/{rel}","templated":true}]}}