{"id":2174,"date":"2019-07-08T19:55:54","date_gmt":"2019-07-08T17:55:54","guid":{"rendered":"http:\/\/settopsurvey.com\/settop_website\/?post_type=product&#038;p=2174"},"modified":"2023-04-17T11:47:19","modified_gmt":"2023-04-17T09:47:19","slug":"settop-ist-connect-es","status":"publish","type":"product","link":"https:\/\/settopsurvey.com\/settop_website\/es\/product\/settop-ist-connect-es\/","title":{"rendered":"Settop IST Connect"},"content":{"rendered":"","protected":false},"excerpt":{"rendered":"<p>INTELLIGENT SETTOP SERVICE.\u00a0Acceda, gestione y controle su instrumento v\u00eda internet.\u00a0Settop IST Connect es un servicio a trav\u00e9s la nube que le permite controlar su instrumento topogr\u00e1fico a trav\u00e9s de Internet.\u00a0Settop IST Connect, acceda, gestione y controle su instrumento desde Internet. Cada vez que se inicia un projecto de monitorizaci\u00f3n es un reto dificil. Recibir a tiempo toda la informaci\u00f3n desde su instrumento requiere una profunda experiencia en comunicaciones. No se preocupe m\u00e1s sobre una Ip est\u00e1tica, complicadas configuraciones de comunicaci\u00f3n y complejos contratos con sus proveedores de telefon\u00eda, Settop IST Connect lo hace por usted.<\/p>\n<ul>\n<li>No requiere tarjeta SIM ni router con IP est\u00e1tica<\/li>\n<li>URL propia<\/li>\n<li>Servicio Ntrip caster<\/li>\n<li>Redirecci\u00f3n de puertos para projectos de monitorizaci\u00f3n<\/li>\n<li>Servicios a medida<\/li>\n<li>Customized services<\/li>\n<\/ul>\n<h4>Settop IST Connect Downloads<\/h4>\r\n<ul>\r\n \t<li class=\"bullet-star\"><a href=\"https:\/\/drive.google.com\/drive\/folders\/1Y9HOHaYODoPOnrzCiHnA_2vmaAV__zjC?usp=sharing\" target=\"_blank\" rel=\"noopener noreferrer\">Product information &amp; Documentation<\/a><\/li>\r\n<\/ul>\n","protected":false},"featured_media":509,"template":"","meta":[],"product_brand":[],"product_cat":[169,221],"product_tag":[],"class_list":{"0":"post-2174","1":"product","2":"type-product","3":"status-publish","4":"has-post-thumbnail","6":"product_cat-otros","7":"product_cat-servicios","9":"first","10":"instock","11":"shipping-taxable","12":"product-type-simple"},"yoast_head":"<!-- This site is optimized with the Yoast SEO plugin v27.3 - https:\/\/yoast.com\/product\/yoast-seo-wordpress\/ -->\n<title>Settop IST Connect - Settop<\/title>\n<meta name=\"robots\" content=\"index, follow, max-snippet:-1, max-image-preview:large, max-video-preview:-1\" \/>\n<link rel=\"canonical\" href=\"https:\/\/settopsurvey.com\/settop_website\/es\/product\/settop-ist-connect-es\/\" \/>\n<meta property=\"og:locale\" content=\"es_ES\" \/>\n<meta property=\"og:type\" content=\"article\" \/>\n<meta property=\"og:title\" content=\"Settop IST Connect - Settop\" \/>\n<meta property=\"og:description\" content=\"INTELLIGENT SETTOP SERVICE.\u00a0Acceda, gestione y controle su instrumento v\u00eda internet.\u00a0Settop IST Connect es un servicio a trav\u00e9s la nube que le permite controlar su instrumento topogr\u00e1fico a trav\u00e9s de Internet.\u00a0Settop IST Connect, acceda, gestione y controle su instrumento desde Internet. Cada vez que se inicia un projecto de monitorizaci\u00f3n es un reto dificil. Recibir a tiempo toda la informaci\u00f3n desde su instrumento requiere una profunda experiencia en comunicaciones. No se preocupe m\u00e1s sobre una Ip est\u00e1tica, complicadas configuraciones de comunicaci\u00f3n y complejos contratos con sus proveedores de telefon\u00eda, Settop IST Connect lo hace por usted.   No requiere tarjeta SIM ni router con IP est\u00e1tica  URL propia  Servicio Ntrip caster  Redirecci\u00f3n de puertos para projectos de monitorizaci\u00f3n  Servicios a medida  Customized services\" \/>\n<meta property=\"og:url\" content=\"https:\/\/settopsurvey.com\/settop_website\/es\/product\/settop-ist-connect-es\/\" \/>\n<meta property=\"og:site_name\" content=\"Settop\" \/>\n<meta property=\"article:modified_time\" content=\"2023-04-17T09:47:19+00:00\" \/>\n<meta property=\"og:image\" content=\"https:\/\/settopsurvey.com\/settop_website\/wp-content\/uploads\/Settop-ISTConnect-1.png\" \/>\n\t<meta property=\"og:image:width\" content=\"425\" \/>\n\t<meta property=\"og:image:height\" content=\"425\" \/>\n\t<meta property=\"og:image:type\" content=\"image\/png\" \/>\n<meta name=\"twitter:card\" content=\"summary_large_image\" \/>\n<script type=\"application\/ld+json\" class=\"yoast-schema-graph\">{\"@context\":\"https:\\\/\\\/schema.org\",\"@graph\":[{\"@type\":\"WebPage\",\"@id\":\"https:\\\/\\\/settopsurvey.com\\\/settop_website\\\/es\\\/product\\\/settop-ist-connect-es\\\/\",\"url\":\"https:\\\/\\\/settopsurvey.com\\\/settop_website\\\/es\\\/product\\\/settop-ist-connect-es\\\/\",\"name\":\"Settop IST Connect - Settop\",\"isPartOf\":{\"@id\":\"https:\\\/\\\/settopsurvey.com\\\/settop_website\\\/#website\"},\"primaryImageOfPage\":{\"@id\":\"https:\\\/\\\/settopsurvey.com\\\/settop_website\\\/es\\\/product\\\/settop-ist-connect-es\\\/#primaryimage\"},\"image\":{\"@id\":\"https:\\\/\\\/settopsurvey.com\\\/settop_website\\\/es\\\/product\\\/settop-ist-connect-es\\\/#primaryimage\"},\"thumbnailUrl\":\"https:\\\/\\\/settopsurvey.com\\\/settop_website\\\/wp-content\\\/uploads\\\/Settop-ISTConnect-1.png\",\"datePublished\":\"2019-07-08T17:55:54+00:00\",\"dateModified\":\"2023-04-17T09:47:19+00:00\",\"breadcrumb\":{\"@id\":\"https:\\\/\\\/settopsurvey.com\\\/settop_website\\\/es\\\/product\\\/settop-ist-connect-es\\\/#breadcrumb\"},\"inLanguage\":\"es\",\"potentialAction\":[{\"@type\":\"ReadAction\",\"target\":[\"https:\\\/\\\/settopsurvey.com\\\/settop_website\\\/es\\\/product\\\/settop-ist-connect-es\\\/\"]}]},{\"@type\":\"ImageObject\",\"inLanguage\":\"es\",\"@id\":\"https:\\\/\\\/settopsurvey.com\\\/settop_website\\\/es\\\/product\\\/settop-ist-connect-es\\\/#primaryimage\",\"url\":\"https:\\\/\\\/settopsurvey.com\\\/settop_website\\\/wp-content\\\/uploads\\\/Settop-ISTConnect-1.png\",\"contentUrl\":\"https:\\\/\\\/settopsurvey.com\\\/settop_website\\\/wp-content\\\/uploads\\\/Settop-ISTConnect-1.png\",\"width\":425,\"height\":425},{\"@type\":\"BreadcrumbList\",\"@id\":\"https:\\\/\\\/settopsurvey.com\\\/settop_website\\\/es\\\/product\\\/settop-ist-connect-es\\\/#breadcrumb\",\"itemListElement\":[{\"@type\":\"ListItem\",\"position\":1,\"name\":\"Portada\",\"item\":\"https:\\\/\\\/settopsurvey.com\\\/settop_website\\\/\"},{\"@type\":\"ListItem\",\"position\":2,\"name\":\"Shop\",\"item\":\"https:\\\/\\\/settopsurvey.com\\\/settop_website\\\/shop\\\/\"},{\"@type\":\"ListItem\",\"position\":3,\"name\":\"Settop IST Connect\"}]},{\"@type\":\"WebSite\",\"@id\":\"https:\\\/\\\/settopsurvey.com\\\/settop_website\\\/#website\",\"url\":\"https:\\\/\\\/settopsurvey.com\\\/settop_website\\\/\",\"name\":\"Settop\",\"description\":\"Advanced technology in surveying instruments\",\"potentialAction\":[{\"@type\":\"SearchAction\",\"target\":{\"@type\":\"EntryPoint\",\"urlTemplate\":\"https:\\\/\\\/settopsurvey.com\\\/settop_website\\\/?s={search_term_string}\"},\"query-input\":{\"@type\":\"PropertyValueSpecification\",\"valueRequired\":true,\"valueName\":\"search_term_string\"}}],\"inLanguage\":\"es\"}]}<\/script>\n<!-- \/ Yoast SEO plugin. -->","yoast_head_json":{"title":"Settop IST Connect - Settop","robots":{"index":"index","follow":"follow","max-snippet":"max-snippet:-1","max-image-preview":"max-image-preview:large","max-video-preview":"max-video-preview:-1"},"canonical":"https:\/\/settopsurvey.com\/settop_website\/es\/product\/settop-ist-connect-es\/","og_locale":"es_ES","og_type":"article","og_title":"Settop IST Connect - Settop","og_description":"INTELLIGENT SETTOP SERVICE.\u00a0Acceda, gestione y controle su instrumento v\u00eda internet.\u00a0Settop IST Connect es un servicio a trav\u00e9s la nube que le permite controlar su instrumento topogr\u00e1fico a trav\u00e9s de Internet.\u00a0Settop IST Connect, acceda, gestione y controle su instrumento desde Internet. Cada vez que se inicia un projecto de monitorizaci\u00f3n es un reto dificil. Recibir a tiempo toda la informaci\u00f3n desde su instrumento requiere una profunda experiencia en comunicaciones. No se preocupe m\u00e1s sobre una Ip est\u00e1tica, complicadas configuraciones de comunicaci\u00f3n y complejos contratos con sus proveedores de telefon\u00eda, Settop IST Connect lo hace por usted.   No requiere tarjeta SIM ni router con IP est\u00e1tica  URL propia  Servicio Ntrip caster  Redirecci\u00f3n de puertos para projectos de monitorizaci\u00f3n  Servicios a medida  Customized services","og_url":"https:\/\/settopsurvey.com\/settop_website\/es\/product\/settop-ist-connect-es\/","og_site_name":"Settop","article_modified_time":"2023-04-17T09:47:19+00:00","og_image":[{"width":425,"height":425,"url":"https:\/\/settopsurvey.com\/settop_website\/wp-content\/uploads\/Settop-ISTConnect-1.png","type":"image\/png"}],"twitter_card":"summary_large_image","schema":{"@context":"https:\/\/schema.org","@graph":[{"@type":"WebPage","@id":"https:\/\/settopsurvey.com\/settop_website\/es\/product\/settop-ist-connect-es\/","url":"https:\/\/settopsurvey.com\/settop_website\/es\/product\/settop-ist-connect-es\/","name":"Settop IST Connect - Settop","isPartOf":{"@id":"https:\/\/settopsurvey.com\/settop_website\/#website"},"primaryImageOfPage":{"@id":"https:\/\/settopsurvey.com\/settop_website\/es\/product\/settop-ist-connect-es\/#primaryimage"},"image":{"@id":"https:\/\/settopsurvey.com\/settop_website\/es\/product\/settop-ist-connect-es\/#primaryimage"},"thumbnailUrl":"https:\/\/settopsurvey.com\/settop_website\/wp-content\/uploads\/Settop-ISTConnect-1.png","datePublished":"2019-07-08T17:55:54+00:00","dateModified":"2023-04-17T09:47:19+00:00","breadcrumb":{"@id":"https:\/\/settopsurvey.com\/settop_website\/es\/product\/settop-ist-connect-es\/#breadcrumb"},"inLanguage":"es","potentialAction":[{"@type":"ReadAction","target":["https:\/\/settopsurvey.com\/settop_website\/es\/product\/settop-ist-connect-es\/"]}]},{"@type":"ImageObject","inLanguage":"es","@id":"https:\/\/settopsurvey.com\/settop_website\/es\/product\/settop-ist-connect-es\/#primaryimage","url":"https:\/\/settopsurvey.com\/settop_website\/wp-content\/uploads\/Settop-ISTConnect-1.png","contentUrl":"https:\/\/settopsurvey.com\/settop_website\/wp-content\/uploads\/Settop-ISTConnect-1.png","width":425,"height":425},{"@type":"BreadcrumbList","@id":"https:\/\/settopsurvey.com\/settop_website\/es\/product\/settop-ist-connect-es\/#breadcrumb","itemListElement":[{"@type":"ListItem","position":1,"name":"Portada","item":"https:\/\/settopsurvey.com\/settop_website\/"},{"@type":"ListItem","position":2,"name":"Shop","item":"https:\/\/settopsurvey.com\/settop_website\/shop\/"},{"@type":"ListItem","position":3,"name":"Settop IST Connect"}]},{"@type":"WebSite","@id":"https:\/\/settopsurvey.com\/settop_website\/#website","url":"https:\/\/settopsurvey.com\/settop_website\/","name":"Settop","description":"Advanced technology in surveying instruments","potentialAction":[{"@type":"SearchAction","target":{"@type":"EntryPoint","urlTemplate":"https:\/\/settopsurvey.com\/settop_website\/?s={search_term_string}"},"query-input":{"@type":"PropertyValueSpecification","valueRequired":true,"valueName":"search_term_string"}}],"inLanguage":"es"}]}},"_links":{"self":[{"href":"https:\/\/settopsurvey.com\/settop_website\/wp-json\/wp\/v2\/product\/2174","targetHints":{"allow":["GET"]}}],"collection":[{"href":"https:\/\/settopsurvey.com\/settop_website\/wp-json\/wp\/v2\/product"}],"about":[{"href":"https:\/\/settopsurvey.com\/settop_website\/wp-json\/wp\/v2\/types\/product"}],"wp:featuredmedia":[{"embeddable":true,"href":"https:\/\/settopsurvey.com\/settop_website\/wp-json\/wp\/v2\/media\/509"}],"wp:attachment":[{"href":"https:\/\/settopsurvey.com\/settop_website\/wp-json\/wp\/v2\/media?parent=2174"}],"wp:term":[{"taxonomy":"product_brand","embeddable":true,"href":"https:\/\/settopsurvey.com\/settop_website\/wp-json\/wp\/v2\/product_brand?post=2174"},{"taxonomy":"product_cat","embeddable":true,"href":"https:\/\/settopsurvey.com\/settop_website\/wp-json\/wp\/v2\/product_cat?post=2174"},{"taxonomy":"product_tag","embeddable":true,"href":"https:\/\/settopsurvey.com\/settop_website\/wp-json\/wp\/v2\/product_tag?post=2174"}],"curies":[{"name":"wp","href":"https:\/\/api.w.org\/{rel}","templated":true}]}}