{"id":2173,"date":"2019-06-20T15:43:05","date_gmt":"2019-06-20T13:43:05","guid":{"rendered":"http:\/\/settopsurvey.com\/settop_website\/?post_type=product&#038;p=2173"},"modified":"2023-04-17T11:07:09","modified_gmt":"2023-04-17T09:07:09","slug":"settop-octohub-es","status":"publish","type":"product","link":"https:\/\/settopsurvey.com\/settop_website\/es\/product\/settop-octohub-es\/","title":{"rendered":"Settop OctoHub"},"content":{"rendered":"","protected":false},"excerpt":{"rendered":"<p>Aumente las posibilidades de Settop M1 con el multiplicador de conexiones SETTOP OctoHub. Accesorio multiplicador de puertos.Con Settop octoHub se abre un abanico de posibilidades de conexi\u00f3n a diversos sensores y dispositivos a trav\u00e9s de el Settop M1. Con los m\u00faltiples puertos de comunicaciones existentes concentrados en un \u00fanico dispositivo, olv\u00eddese de problemas de organizaci\u00f3n de cables en espacios reducidos, quedarse sin el dato de un sensor espec\u00edfico para poder ser analizado. Tengalo todo controlado al alcance de la mano.<\/p>\n<div class=\"row\"  id=\"row-1999312778\">\n\n\t<div id=\"col-552493670\" class=\"col medium-1\/2 large-6\"  >\n\t\t\t\t<div class=\"col-inner\"  >\n\t\t\t\n\t\t\t\n<p>VENTAJAS<\/p>\n<ul>\n<li>Multiplique por 5 las posibilidades de conectar sensores.<\/li>\n<li>Sensor de temperatura inclu\u00eddo<\/li>\n<li>Dispositivo compacto<\/li>\n<li>Conexi\u00f3n a trav\u00e9s de un \u00fanico cable<\/li>\n<li>Organizaci\u00f3n de cables<\/li>\n<li>Control de la energ\u00eda de la estaci\u00f3n total y sensores conectados<\/li>\n<li>LEDs indicativos de dispositivos conectados<\/li>\n<\/ul>\n\t\t<\/div>\n\t\t\t\t\t<\/div>\n\n\t\n\n\t<div id=\"col-1365126279\" class=\"col medium-1\/2 large-6\"  >\n\t\t\t\t<div class=\"col-inner\"  >\n\t\t\t\n\t\t\t\n<p>CARACTER\u00cdSTICAS<\/p>\n<ul>\n<li>USB Host (x2)<\/li>\n<li>RS232 (x3)<\/li>\n<li>Ethernet (x1)<\/li>\n<li>Thermometer (x1)<\/li>\n<li>Total Station (x1)<\/li>\n<li>Settop M1 (x1)<\/li>\n<li>Power (x1)<\/li>\n<\/ul>\n\t\t<\/div>\n\t\t\t\t\t<\/div>\n\n\t\n<\/div>\n<h4>Settop Octohub Downloads<\/h4>\r\n<ul>\r\n \t<li class=\"bullet-star\"><a href=\"https:\/\/drive.google.com\/drive\/folders\/15RhKwazhMAR8IcF-3KvykCmxGEnB4Fnz?usp=sharing\" target=\"_blank\" rel=\"noopener noreferrer\">Product information &amp; Documentation<\/a><\/li>\r\n<\/ul>\n","protected":false},"featured_media":569,"template":"","meta":[],"product_brand":[],"product_cat":[203,317],"product_tag":[],"class_list":{"0":"post-2173","1":"product","2":"type-product","3":"status-publish","4":"has-post-thumbnail","6":"product_cat-accesorios-de-auscultacion-es","7":"product_cat-comunicaciones-para-auscultacion","9":"first","10":"instock","11":"shipping-taxable","12":"product-type-simple"},"yoast_head":"<!-- This site is optimized with the Yoast SEO plugin v26.7 - https:\/\/yoast.com\/wordpress\/plugins\/seo\/ -->\n<title>Settop OctoHub - Settop<\/title>\n<meta name=\"robots\" content=\"index, follow, max-snippet:-1, max-image-preview:large, max-video-preview:-1\" \/>\n<link rel=\"canonical\" href=\"https:\/\/settopsurvey.com\/settop_website\/es\/product\/settop-octohub-es\/\" \/>\n<meta property=\"og:locale\" content=\"es_ES\" \/>\n<meta property=\"og:type\" content=\"article\" \/>\n<meta property=\"og:title\" content=\"Settop OctoHub - Settop\" \/>\n<meta property=\"og:description\" content=\"Aumente las posibilidades de Settop M1 con el multiplicador de conexiones SETTOP OctoHub. Accesorio multiplicador de puertos.Con Settop octoHub se abre un abanico de posibilidades de conexi\u00f3n a diversos sensores y dispositivos a trav\u00e9s de el Settop M1. Con los m\u00faltiples puertos de comunicaciones existentes concentrados en un \u00fanico dispositivo, olv\u00eddese de problemas de organizaci\u00f3n de cables en espacios reducidos, quedarse sin el dato de un sensor espec\u00edfico para poder ser analizado. Tengalo todo controlado al alcance de la mano.\" \/>\n<meta property=\"og:url\" content=\"https:\/\/settopsurvey.com\/settop_website\/es\/product\/settop-octohub-es\/\" \/>\n<meta property=\"og:site_name\" content=\"Settop\" \/>\n<meta property=\"article:modified_time\" content=\"2023-04-17T09:07:09+00:00\" \/>\n<meta property=\"og:image\" content=\"https:\/\/settopsurvey.com\/settop_website\/wp-content\/uploads\/Settop-Octohub-310662.png\" \/>\n\t<meta property=\"og:image:width\" content=\"425\" \/>\n\t<meta property=\"og:image:height\" content=\"425\" \/>\n\t<meta property=\"og:image:type\" content=\"image\/png\" \/>\n<meta name=\"twitter:card\" content=\"summary_large_image\" \/>\n<meta name=\"twitter:label1\" content=\"Tiempo de lectura\" \/>\n\t<meta name=\"twitter:data1\" content=\"1 minuto\" \/>\n<script type=\"application\/ld+json\" class=\"yoast-schema-graph\">{\"@context\":\"https:\/\/schema.org\",\"@graph\":[{\"@type\":\"WebPage\",\"@id\":\"https:\/\/settopsurvey.com\/settop_website\/es\/product\/settop-octohub-es\/\",\"url\":\"https:\/\/settopsurvey.com\/settop_website\/es\/product\/settop-octohub-es\/\",\"name\":\"Settop OctoHub - Settop\",\"isPartOf\":{\"@id\":\"https:\/\/settopsurvey.com\/settop_website\/#website\"},\"primaryImageOfPage\":{\"@id\":\"https:\/\/settopsurvey.com\/settop_website\/es\/product\/settop-octohub-es\/#primaryimage\"},\"image\":{\"@id\":\"https:\/\/settopsurvey.com\/settop_website\/es\/product\/settop-octohub-es\/#primaryimage\"},\"thumbnailUrl\":\"https:\/\/settopsurvey.com\/settop_website\/wp-content\/uploads\/Settop-Octohub-310662.png\",\"datePublished\":\"2019-06-20T13:43:05+00:00\",\"dateModified\":\"2023-04-17T09:07:09+00:00\",\"breadcrumb\":{\"@id\":\"https:\/\/settopsurvey.com\/settop_website\/es\/product\/settop-octohub-es\/#breadcrumb\"},\"inLanguage\":\"es\",\"potentialAction\":[{\"@type\":\"ReadAction\",\"target\":[\"https:\/\/settopsurvey.com\/settop_website\/es\/product\/settop-octohub-es\/\"]}]},{\"@type\":\"ImageObject\",\"inLanguage\":\"es\",\"@id\":\"https:\/\/settopsurvey.com\/settop_website\/es\/product\/settop-octohub-es\/#primaryimage\",\"url\":\"https:\/\/settopsurvey.com\/settop_website\/wp-content\/uploads\/Settop-Octohub-310662.png\",\"contentUrl\":\"https:\/\/settopsurvey.com\/settop_website\/wp-content\/uploads\/Settop-Octohub-310662.png\",\"width\":425,\"height\":425},{\"@type\":\"BreadcrumbList\",\"@id\":\"https:\/\/settopsurvey.com\/settop_website\/es\/product\/settop-octohub-es\/#breadcrumb\",\"itemListElement\":[{\"@type\":\"ListItem\",\"position\":1,\"name\":\"Portada\",\"item\":\"https:\/\/settopsurvey.com\/settop_website\/\"},{\"@type\":\"ListItem\",\"position\":2,\"name\":\"Shop\",\"item\":\"https:\/\/settopsurvey.com\/settop_website\/shop\/\"},{\"@type\":\"ListItem\",\"position\":3,\"name\":\"Settop OctoHub\"}]},{\"@type\":\"WebSite\",\"@id\":\"https:\/\/settopsurvey.com\/settop_website\/#website\",\"url\":\"https:\/\/settopsurvey.com\/settop_website\/\",\"name\":\"Settop\",\"description\":\"Advanced technology in surveying instruments\",\"potentialAction\":[{\"@type\":\"SearchAction\",\"target\":{\"@type\":\"EntryPoint\",\"urlTemplate\":\"https:\/\/settopsurvey.com\/settop_website\/?s={search_term_string}\"},\"query-input\":{\"@type\":\"PropertyValueSpecification\",\"valueRequired\":true,\"valueName\":\"search_term_string\"}}],\"inLanguage\":\"es\"}]}<\/script>\n<!-- \/ Yoast SEO plugin. -->","yoast_head_json":{"title":"Settop OctoHub - Settop","robots":{"index":"index","follow":"follow","max-snippet":"max-snippet:-1","max-image-preview":"max-image-preview:large","max-video-preview":"max-video-preview:-1"},"canonical":"https:\/\/settopsurvey.com\/settop_website\/es\/product\/settop-octohub-es\/","og_locale":"es_ES","og_type":"article","og_title":"Settop OctoHub - Settop","og_description":"Aumente las posibilidades de Settop M1 con el multiplicador de conexiones SETTOP OctoHub. Accesorio multiplicador de puertos.Con Settop octoHub se abre un abanico de posibilidades de conexi\u00f3n a diversos sensores y dispositivos a trav\u00e9s de el Settop M1. Con los m\u00faltiples puertos de comunicaciones existentes concentrados en un \u00fanico dispositivo, olv\u00eddese de problemas de organizaci\u00f3n de cables en espacios reducidos, quedarse sin el dato de un sensor espec\u00edfico para poder ser analizado. Tengalo todo controlado al alcance de la mano.","og_url":"https:\/\/settopsurvey.com\/settop_website\/es\/product\/settop-octohub-es\/","og_site_name":"Settop","article_modified_time":"2023-04-17T09:07:09+00:00","og_image":[{"width":425,"height":425,"url":"https:\/\/settopsurvey.com\/settop_website\/wp-content\/uploads\/Settop-Octohub-310662.png","type":"image\/png"}],"twitter_card":"summary_large_image","twitter_misc":{"Tiempo de lectura":"1 minuto"},"schema":{"@context":"https:\/\/schema.org","@graph":[{"@type":"WebPage","@id":"https:\/\/settopsurvey.com\/settop_website\/es\/product\/settop-octohub-es\/","url":"https:\/\/settopsurvey.com\/settop_website\/es\/product\/settop-octohub-es\/","name":"Settop OctoHub - Settop","isPartOf":{"@id":"https:\/\/settopsurvey.com\/settop_website\/#website"},"primaryImageOfPage":{"@id":"https:\/\/settopsurvey.com\/settop_website\/es\/product\/settop-octohub-es\/#primaryimage"},"image":{"@id":"https:\/\/settopsurvey.com\/settop_website\/es\/product\/settop-octohub-es\/#primaryimage"},"thumbnailUrl":"https:\/\/settopsurvey.com\/settop_website\/wp-content\/uploads\/Settop-Octohub-310662.png","datePublished":"2019-06-20T13:43:05+00:00","dateModified":"2023-04-17T09:07:09+00:00","breadcrumb":{"@id":"https:\/\/settopsurvey.com\/settop_website\/es\/product\/settop-octohub-es\/#breadcrumb"},"inLanguage":"es","potentialAction":[{"@type":"ReadAction","target":["https:\/\/settopsurvey.com\/settop_website\/es\/product\/settop-octohub-es\/"]}]},{"@type":"ImageObject","inLanguage":"es","@id":"https:\/\/settopsurvey.com\/settop_website\/es\/product\/settop-octohub-es\/#primaryimage","url":"https:\/\/settopsurvey.com\/settop_website\/wp-content\/uploads\/Settop-Octohub-310662.png","contentUrl":"https:\/\/settopsurvey.com\/settop_website\/wp-content\/uploads\/Settop-Octohub-310662.png","width":425,"height":425},{"@type":"BreadcrumbList","@id":"https:\/\/settopsurvey.com\/settop_website\/es\/product\/settop-octohub-es\/#breadcrumb","itemListElement":[{"@type":"ListItem","position":1,"name":"Portada","item":"https:\/\/settopsurvey.com\/settop_website\/"},{"@type":"ListItem","position":2,"name":"Shop","item":"https:\/\/settopsurvey.com\/settop_website\/shop\/"},{"@type":"ListItem","position":3,"name":"Settop OctoHub"}]},{"@type":"WebSite","@id":"https:\/\/settopsurvey.com\/settop_website\/#website","url":"https:\/\/settopsurvey.com\/settop_website\/","name":"Settop","description":"Advanced technology in surveying instruments","potentialAction":[{"@type":"SearchAction","target":{"@type":"EntryPoint","urlTemplate":"https:\/\/settopsurvey.com\/settop_website\/?s={search_term_string}"},"query-input":{"@type":"PropertyValueSpecification","valueRequired":true,"valueName":"search_term_string"}}],"inLanguage":"es"}]}},"_links":{"self":[{"href":"https:\/\/settopsurvey.com\/settop_website\/wp-json\/wp\/v2\/product\/2173","targetHints":{"allow":["GET"]}}],"collection":[{"href":"https:\/\/settopsurvey.com\/settop_website\/wp-json\/wp\/v2\/product"}],"about":[{"href":"https:\/\/settopsurvey.com\/settop_website\/wp-json\/wp\/v2\/types\/product"}],"wp:featuredmedia":[{"embeddable":true,"href":"https:\/\/settopsurvey.com\/settop_website\/wp-json\/wp\/v2\/media\/569"}],"wp:attachment":[{"href":"https:\/\/settopsurvey.com\/settop_website\/wp-json\/wp\/v2\/media?parent=2173"}],"wp:term":[{"taxonomy":"product_brand","embeddable":true,"href":"https:\/\/settopsurvey.com\/settop_website\/wp-json\/wp\/v2\/product_brand?post=2173"},{"taxonomy":"product_cat","embeddable":true,"href":"https:\/\/settopsurvey.com\/settop_website\/wp-json\/wp\/v2\/product_cat?post=2173"},{"taxonomy":"product_tag","embeddable":true,"href":"https:\/\/settopsurvey.com\/settop_website\/wp-json\/wp\/v2\/product_tag?post=2173"}],"curies":[{"name":"wp","href":"https:\/\/api.w.org\/{rel}","templated":true}]}}