{"id":2170,"date":"2019-06-28T11:20:19","date_gmt":"2019-06-28T09:20:19","guid":{"rendered":"http:\/\/settopsurvey.com\/settop_website\/?post_type=product&#038;p=2170"},"modified":"2022-08-29T10:23:25","modified_gmt":"2022-08-29T08:23:25","slug":"sensor-de-temperatura","status":"publish","type":"product","link":"https:\/\/settopsurvey.com\/settop_website\/es\/product\/sensor-de-temperatura\/","title":{"rendered":"Sensor de temperatura"},"content":{"rendered":"","protected":false},"excerpt":{"rendered":"<div>Cable en Y de 2 m. Term\u00f3metro, Lemo (7 pines, COM1) a Hirose (4 pines, fuente de alimentaci\u00f3n). Caracter\u00edsticas del term\u00f3metro serial simple:<\/div>\n<ul>\n<li>Mide temperaturas de -55\u00b0C a +125\u00b0C, resoluci\u00f3n de 0,5\u00b0C<\/li>\n<li>La salida est\u00e1 en formato ASCII en \u00b0C, no se necesita conversi\u00f3n.<\/li>\n<li>Se conecta a Settop M1 en COM1<\/li>\n<li>Conector HRS que alimenta term\u00f3metro y Settop M1<\/li>\n<\/ul>\n<div>Especificaciones t\u00e9cnicas:<\/div>\n<div>Rango de medici\u00f3n -55\u00b0C a +125\u00b0C<\/div>\n<div>Precisi\u00f3n \u00b10,5 \u00b0C en el rango -10\u00b0C a +85\u00b0C, de lo contrario \u00b12\u00b0C<\/div>\n<div>Resoluci\u00f3n 0,5\u00b0C<\/div>\n<div>Formato ASCII<\/div>\n<div>Tasa de medici\u00f3n Primera lectura 1s, luego 1x en 10s \u00b12%<\/div>\n<div>L\u00ednea de comunicaci\u00f3n RS232 (puerto COM; simplificado)<\/div>\n<div>Entrada de alimentaci\u00f3n 10Vcc a 30 Vcc<\/div>\n","protected":false},"featured_media":310,"template":"","meta":[],"product_brand":[],"product_cat":[319,325],"product_tag":[],"class_list":{"0":"post-2170","1":"product","2":"type-product","3":"status-publish","4":"has-post-thumbnail","6":"product_cat-baterias-cargadores-y-cables-para-auscultacion","7":"product_cat-sensores-para-auscultacion","9":"first","10":"instock","11":"shipping-taxable","12":"product-type-simple"},"yoast_head":"<!-- This site is optimized with the Yoast SEO plugin v26.7 - https:\/\/yoast.com\/wordpress\/plugins\/seo\/ -->\n<title>Sensor de temperatura - Settop<\/title>\n<meta name=\"robots\" content=\"index, follow, max-snippet:-1, max-image-preview:large, max-video-preview:-1\" \/>\n<link rel=\"canonical\" href=\"https:\/\/settopsurvey.com\/settop_website\/es\/product\/sensor-de-temperatura\/\" \/>\n<meta property=\"og:locale\" content=\"es_ES\" \/>\n<meta property=\"og:type\" content=\"article\" \/>\n<meta property=\"og:title\" content=\"Sensor de temperatura - Settop\" \/>\n<meta property=\"og:description\" content=\"Cable en Y de 2 m. Term\u00f3metro, Lemo (7 pines, COM1) a Hirose (4 pines, fuente de alimentaci\u00f3n). Caracter\u00edsticas del term\u00f3metro serial simple:   Mide temperaturas de -55\u00b0C a +125\u00b0C, resoluci\u00f3n de 0,5\u00b0C  La salida est\u00e1 en formato ASCII en \u00b0C, no se necesita conversi\u00f3n.  Se conecta a Settop M1 en COM1  Conector HRS que alimenta term\u00f3metro y Settop M1  Especificaciones t\u00e9cnicas: Rango de medici\u00f3n -55\u00b0C a +125\u00b0C Precisi\u00f3n \u00b10,5 \u00b0C en el rango -10\u00b0C a +85\u00b0C, de lo contrario \u00b12\u00b0C Resoluci\u00f3n 0,5\u00b0C Formato ASCII Tasa de medici\u00f3n Primera lectura 1s, luego 1x en 10s \u00b12% L\u00ednea de comunicaci\u00f3n RS232 (puerto COM; simplificado) Entrada de alimentaci\u00f3n 10Vcc a 30 Vcc\" \/>\n<meta property=\"og:url\" content=\"https:\/\/settopsurvey.com\/settop_website\/es\/product\/sensor-de-temperatura\/\" \/>\n<meta property=\"og:site_name\" content=\"Settop\" \/>\n<meta property=\"article:modified_time\" content=\"2022-08-29T08:23:25+00:00\" \/>\n<meta property=\"og:image\" content=\"https:\/\/settopsurvey.com\/settop_website\/wp-content\/uploads\/310655-Temperature-sensor.png\" \/>\n\t<meta property=\"og:image:width\" content=\"425\" \/>\n\t<meta property=\"og:image:height\" content=\"425\" \/>\n\t<meta property=\"og:image:type\" content=\"image\/png\" \/>\n<meta name=\"twitter:card\" content=\"summary_large_image\" \/>\n<script type=\"application\/ld+json\" class=\"yoast-schema-graph\">{\"@context\":\"https:\/\/schema.org\",\"@graph\":[{\"@type\":\"WebPage\",\"@id\":\"https:\/\/settopsurvey.com\/settop_website\/es\/product\/sensor-de-temperatura\/\",\"url\":\"https:\/\/settopsurvey.com\/settop_website\/es\/product\/sensor-de-temperatura\/\",\"name\":\"Sensor de temperatura - Settop\",\"isPartOf\":{\"@id\":\"https:\/\/settopsurvey.com\/settop_website\/#website\"},\"primaryImageOfPage\":{\"@id\":\"https:\/\/settopsurvey.com\/settop_website\/es\/product\/sensor-de-temperatura\/#primaryimage\"},\"image\":{\"@id\":\"https:\/\/settopsurvey.com\/settop_website\/es\/product\/sensor-de-temperatura\/#primaryimage\"},\"thumbnailUrl\":\"https:\/\/settopsurvey.com\/settop_website\/wp-content\/uploads\/310655-Temperature-sensor.png\",\"datePublished\":\"2019-06-28T09:20:19+00:00\",\"dateModified\":\"2022-08-29T08:23:25+00:00\",\"breadcrumb\":{\"@id\":\"https:\/\/settopsurvey.com\/settop_website\/es\/product\/sensor-de-temperatura\/#breadcrumb\"},\"inLanguage\":\"es\",\"potentialAction\":[{\"@type\":\"ReadAction\",\"target\":[\"https:\/\/settopsurvey.com\/settop_website\/es\/product\/sensor-de-temperatura\/\"]}]},{\"@type\":\"ImageObject\",\"inLanguage\":\"es\",\"@id\":\"https:\/\/settopsurvey.com\/settop_website\/es\/product\/sensor-de-temperatura\/#primaryimage\",\"url\":\"https:\/\/settopsurvey.com\/settop_website\/wp-content\/uploads\/310655-Temperature-sensor.png\",\"contentUrl\":\"https:\/\/settopsurvey.com\/settop_website\/wp-content\/uploads\/310655-Temperature-sensor.png\",\"width\":425,\"height\":425},{\"@type\":\"BreadcrumbList\",\"@id\":\"https:\/\/settopsurvey.com\/settop_website\/es\/product\/sensor-de-temperatura\/#breadcrumb\",\"itemListElement\":[{\"@type\":\"ListItem\",\"position\":1,\"name\":\"Portada\",\"item\":\"https:\/\/settopsurvey.com\/settop_website\/\"},{\"@type\":\"ListItem\",\"position\":2,\"name\":\"Shop\",\"item\":\"https:\/\/settopsurvey.com\/settop_website\/shop\/\"},{\"@type\":\"ListItem\",\"position\":3,\"name\":\"Sensor de temperatura\"}]},{\"@type\":\"WebSite\",\"@id\":\"https:\/\/settopsurvey.com\/settop_website\/#website\",\"url\":\"https:\/\/settopsurvey.com\/settop_website\/\",\"name\":\"Settop\",\"description\":\"Advanced technology in surveying instruments\",\"potentialAction\":[{\"@type\":\"SearchAction\",\"target\":{\"@type\":\"EntryPoint\",\"urlTemplate\":\"https:\/\/settopsurvey.com\/settop_website\/?s={search_term_string}\"},\"query-input\":{\"@type\":\"PropertyValueSpecification\",\"valueRequired\":true,\"valueName\":\"search_term_string\"}}],\"inLanguage\":\"es\"}]}<\/script>\n<!-- \/ Yoast SEO plugin. -->","yoast_head_json":{"title":"Sensor de temperatura - Settop","robots":{"index":"index","follow":"follow","max-snippet":"max-snippet:-1","max-image-preview":"max-image-preview:large","max-video-preview":"max-video-preview:-1"},"canonical":"https:\/\/settopsurvey.com\/settop_website\/es\/product\/sensor-de-temperatura\/","og_locale":"es_ES","og_type":"article","og_title":"Sensor de temperatura - Settop","og_description":"Cable en Y de 2 m. Term\u00f3metro, Lemo (7 pines, COM1) a Hirose (4 pines, fuente de alimentaci\u00f3n). Caracter\u00edsticas del term\u00f3metro serial simple:   Mide temperaturas de -55\u00b0C a +125\u00b0C, resoluci\u00f3n de 0,5\u00b0C  La salida est\u00e1 en formato ASCII en \u00b0C, no se necesita conversi\u00f3n.  Se conecta a Settop M1 en COM1  Conector HRS que alimenta term\u00f3metro y Settop M1  Especificaciones t\u00e9cnicas: Rango de medici\u00f3n -55\u00b0C a +125\u00b0C Precisi\u00f3n \u00b10,5 \u00b0C en el rango -10\u00b0C a +85\u00b0C, de lo contrario \u00b12\u00b0C Resoluci\u00f3n 0,5\u00b0C Formato ASCII Tasa de medici\u00f3n Primera lectura 1s, luego 1x en 10s \u00b12% L\u00ednea de comunicaci\u00f3n RS232 (puerto COM; simplificado) Entrada de alimentaci\u00f3n 10Vcc a 30 Vcc","og_url":"https:\/\/settopsurvey.com\/settop_website\/es\/product\/sensor-de-temperatura\/","og_site_name":"Settop","article_modified_time":"2022-08-29T08:23:25+00:00","og_image":[{"width":425,"height":425,"url":"https:\/\/settopsurvey.com\/settop_website\/wp-content\/uploads\/310655-Temperature-sensor.png","type":"image\/png"}],"twitter_card":"summary_large_image","schema":{"@context":"https:\/\/schema.org","@graph":[{"@type":"WebPage","@id":"https:\/\/settopsurvey.com\/settop_website\/es\/product\/sensor-de-temperatura\/","url":"https:\/\/settopsurvey.com\/settop_website\/es\/product\/sensor-de-temperatura\/","name":"Sensor de temperatura - Settop","isPartOf":{"@id":"https:\/\/settopsurvey.com\/settop_website\/#website"},"primaryImageOfPage":{"@id":"https:\/\/settopsurvey.com\/settop_website\/es\/product\/sensor-de-temperatura\/#primaryimage"},"image":{"@id":"https:\/\/settopsurvey.com\/settop_website\/es\/product\/sensor-de-temperatura\/#primaryimage"},"thumbnailUrl":"https:\/\/settopsurvey.com\/settop_website\/wp-content\/uploads\/310655-Temperature-sensor.png","datePublished":"2019-06-28T09:20:19+00:00","dateModified":"2022-08-29T08:23:25+00:00","breadcrumb":{"@id":"https:\/\/settopsurvey.com\/settop_website\/es\/product\/sensor-de-temperatura\/#breadcrumb"},"inLanguage":"es","potentialAction":[{"@type":"ReadAction","target":["https:\/\/settopsurvey.com\/settop_website\/es\/product\/sensor-de-temperatura\/"]}]},{"@type":"ImageObject","inLanguage":"es","@id":"https:\/\/settopsurvey.com\/settop_website\/es\/product\/sensor-de-temperatura\/#primaryimage","url":"https:\/\/settopsurvey.com\/settop_website\/wp-content\/uploads\/310655-Temperature-sensor.png","contentUrl":"https:\/\/settopsurvey.com\/settop_website\/wp-content\/uploads\/310655-Temperature-sensor.png","width":425,"height":425},{"@type":"BreadcrumbList","@id":"https:\/\/settopsurvey.com\/settop_website\/es\/product\/sensor-de-temperatura\/#breadcrumb","itemListElement":[{"@type":"ListItem","position":1,"name":"Portada","item":"https:\/\/settopsurvey.com\/settop_website\/"},{"@type":"ListItem","position":2,"name":"Shop","item":"https:\/\/settopsurvey.com\/settop_website\/shop\/"},{"@type":"ListItem","position":3,"name":"Sensor de temperatura"}]},{"@type":"WebSite","@id":"https:\/\/settopsurvey.com\/settop_website\/#website","url":"https:\/\/settopsurvey.com\/settop_website\/","name":"Settop","description":"Advanced technology in surveying instruments","potentialAction":[{"@type":"SearchAction","target":{"@type":"EntryPoint","urlTemplate":"https:\/\/settopsurvey.com\/settop_website\/?s={search_term_string}"},"query-input":{"@type":"PropertyValueSpecification","valueRequired":true,"valueName":"search_term_string"}}],"inLanguage":"es"}]}},"_links":{"self":[{"href":"https:\/\/settopsurvey.com\/settop_website\/wp-json\/wp\/v2\/product\/2170","targetHints":{"allow":["GET"]}}],"collection":[{"href":"https:\/\/settopsurvey.com\/settop_website\/wp-json\/wp\/v2\/product"}],"about":[{"href":"https:\/\/settopsurvey.com\/settop_website\/wp-json\/wp\/v2\/types\/product"}],"wp:featuredmedia":[{"embeddable":true,"href":"https:\/\/settopsurvey.com\/settop_website\/wp-json\/wp\/v2\/media\/310"}],"wp:attachment":[{"href":"https:\/\/settopsurvey.com\/settop_website\/wp-json\/wp\/v2\/media?parent=2170"}],"wp:term":[{"taxonomy":"product_brand","embeddable":true,"href":"https:\/\/settopsurvey.com\/settop_website\/wp-json\/wp\/v2\/product_brand?post=2170"},{"taxonomy":"product_cat","embeddable":true,"href":"https:\/\/settopsurvey.com\/settop_website\/wp-json\/wp\/v2\/product_cat?post=2170"},{"taxonomy":"product_tag","embeddable":true,"href":"https:\/\/settopsurvey.com\/settop_website\/wp-json\/wp\/v2\/product_tag?post=2170"}],"curies":[{"name":"wp","href":"https:\/\/api.w.org\/{rel}","templated":true}]}}