{"id":908,"date":"2019-06-19T17:11:31","date_gmt":"2019-06-19T15:11:31","guid":{"rendered":"http:\/\/settopsurvey.com\/settop_website\/?page_id=908"},"modified":"2019-07-04T11:56:20","modified_gmt":"2019-07-04T09:56:20","slug":"legal-es","status":"publish","type":"page","link":"https:\/\/settopsurvey.com\/settop_website\/es\/legal-es\/","title":{"rendered":"Legal"},"content":{"rendered":"<div class=\"content\">\n<div class=\"field field-name-body field-type-text-with-summary field-label-hidden\">\n<div class=\"field-items\">\n<div class=\"field-item even\">\n<p>Aviso legal<br \/>\nLa titularidad del presente sitio web corresponde a SETTOP SURVEY SL, con domicilio social en Bofarull, 14, bajos 08027 Barcelona (Espa\u00f1a) y NIF B-66266172 (VAT:ESB66266172). Inscrita en el Registro Mercantil de Barcelona, Tomo 44247, Folio 198, Hoja 450865, Inscripci\u00f3n 1\u00aa. Los datos identificativos y de contacto de la empresa son los siguientes: SETTOP SURVEY SL. NIF: B-66266172 (VAT:ESB66266172) Direcci\u00f3n: Bofarull, 14, bajos 08027 Barcelona (Espa\u00f1a) Tel: +34 93 340 05 73 email: <a href=\"mailto:info@settopsurvey.com?subject=Consulta%20desde%20la%20web%20de%20Settop\">info@settopsurvey.com<\/a>\u00a0Todas las marcas, productos, im\u00e1genes y textos aparecidos en este cat\u00e1logo, son marca registrada y\/o copyright de sus propietarios. Para cualquier aclaraci\u00f3n, no dude en contactar con nosotros. Archivo del contrato Le informamos que SETTOP SURVEY SL archivar\u00e1 el documento electr\u00f3nico en que se formalice el contrato siendo el mismo accesible previa petici\u00f3n por escrito del adquirente.<\/p>\n<p>Protecci\u00f3n de datos<br \/>\nAl enviar este formulario, su direcci\u00f3n de correo figura a partir de este momento en la base de datos de SETTOP SURVEY SL. Seg\u00fan la Ley Org\u00e1nica 15 13\/12\/1999 de Protecci\u00f3n de Datos, le comunicamos que tiene derecho de oposici\u00f3n, acceso, rectificaci\u00f3n y cancelaci\u00f3n de sus datos. En caso de no desear permanecer en dicha base de datos, env\u00ede un e-mail a : <a href=\"mailto:info@settopsurvey.com?subject=Consulta%20desde%20la%20web%20de%20Settop\">info@settopsurvey.com<\/a> con el asunto: DAR DE BAJA.<\/p>\n<p>Cookies<br \/>\nEsta p\u00e1gina puede utilizar cookies durante la prestaci\u00f3n de serv\u00edcios del sitio web. El usuario tiene la posibilidad de configurar su navegador para impedir la creaci\u00f3n de archivos cookie en su terminal.<\/p>\n<\/div>\n<\/div>\n<\/div>\n<\/div>\n","protected":false},"excerpt":{"rendered":"<p>Aviso legal La titularidad del presente sitio web corresponde a SETTOP SURVEY SL, con domicilio social en Bofarull, 14, bajos 08027 Barcelona (Espa\u00f1a) y NIF B-66266172 (VAT:ESB66266172). Inscrita en el Registro Mercantil de Barcelona, Tomo 44247, Folio 198, Hoja 450865, Inscripci\u00f3n 1\u00aa. Los datos identificativos y de contacto de la empresa son los siguientes: SETTOP [&#8230;]\n","protected":false},"author":1,"featured_media":0,"parent":0,"menu_order":0,"comment_status":"closed","ping_status":"closed","template":"","meta":{"footnotes":""},"class_list":["post-908","page","type-page","status-publish","hentry"],"yoast_head":"<!-- This site is optimized with the Yoast SEO plugin v26.7 - https:\/\/yoast.com\/wordpress\/plugins\/seo\/ -->\n<title>Legal - Settop<\/title>\n<meta name=\"robots\" content=\"index, follow, max-snippet:-1, max-image-preview:large, max-video-preview:-1\" \/>\n<link rel=\"canonical\" href=\"https:\/\/settopsurvey.com\/settop_website\/es\/legal-es\/\" \/>\n<meta property=\"og:locale\" content=\"es_ES\" \/>\n<meta property=\"og:type\" content=\"article\" \/>\n<meta property=\"og:title\" content=\"Legal - Settop\" \/>\n<meta property=\"og:description\" content=\"Aviso legal La titularidad del presente sitio web corresponde a SETTOP SURVEY SL, con domicilio social en Bofarull, 14, bajos 08027 Barcelona (Espa\u00f1a) y NIF B-66266172 (VAT:ESB66266172). Inscrita en el Registro Mercantil de Barcelona, Tomo 44247, Folio 198, Hoja 450865, Inscripci\u00f3n 1\u00aa. Los datos identificativos y de contacto de la empresa son los siguientes: SETTOP [...]\" \/>\n<meta property=\"og:url\" content=\"https:\/\/settopsurvey.com\/settop_website\/es\/legal-es\/\" \/>\n<meta property=\"og:site_name\" content=\"Settop\" \/>\n<meta property=\"article:modified_time\" content=\"2019-07-04T09:56:20+00:00\" \/>\n<meta name=\"twitter:card\" content=\"summary_large_image\" \/>\n<meta name=\"twitter:label1\" content=\"Tiempo de lectura\" \/>\n\t<meta name=\"twitter:data1\" content=\"1 minuto\" \/>\n<script type=\"application\/ld+json\" class=\"yoast-schema-graph\">{\"@context\":\"https:\/\/schema.org\",\"@graph\":[{\"@type\":\"WebPage\",\"@id\":\"https:\/\/settopsurvey.com\/settop_website\/es\/legal-es\/\",\"url\":\"https:\/\/settopsurvey.com\/settop_website\/es\/legal-es\/\",\"name\":\"Legal - Settop\",\"isPartOf\":{\"@id\":\"https:\/\/settopsurvey.com\/settop_website\/#website\"},\"datePublished\":\"2019-06-19T15:11:31+00:00\",\"dateModified\":\"2019-07-04T09:56:20+00:00\",\"breadcrumb\":{\"@id\":\"https:\/\/settopsurvey.com\/settop_website\/es\/legal-es\/#breadcrumb\"},\"inLanguage\":\"es\",\"potentialAction\":[{\"@type\":\"ReadAction\",\"target\":[\"https:\/\/settopsurvey.com\/settop_website\/es\/legal-es\/\"]}]},{\"@type\":\"BreadcrumbList\",\"@id\":\"https:\/\/settopsurvey.com\/settop_website\/es\/legal-es\/#breadcrumb\",\"itemListElement\":[{\"@type\":\"ListItem\",\"position\":1,\"name\":\"Portada\",\"item\":\"https:\/\/settopsurvey.com\/settop_website\/\"},{\"@type\":\"ListItem\",\"position\":2,\"name\":\"Legal\"}]},{\"@type\":\"WebSite\",\"@id\":\"https:\/\/settopsurvey.com\/settop_website\/#website\",\"url\":\"https:\/\/settopsurvey.com\/settop_website\/\",\"name\":\"Settop\",\"description\":\"Advanced technology in surveying instruments\",\"potentialAction\":[{\"@type\":\"SearchAction\",\"target\":{\"@type\":\"EntryPoint\",\"urlTemplate\":\"https:\/\/settopsurvey.com\/settop_website\/?s={search_term_string}\"},\"query-input\":{\"@type\":\"PropertyValueSpecification\",\"valueRequired\":true,\"valueName\":\"search_term_string\"}}],\"inLanguage\":\"es\"}]}<\/script>\n<!-- \/ Yoast SEO plugin. -->","yoast_head_json":{"title":"Legal - Settop","robots":{"index":"index","follow":"follow","max-snippet":"max-snippet:-1","max-image-preview":"max-image-preview:large","max-video-preview":"max-video-preview:-1"},"canonical":"https:\/\/settopsurvey.com\/settop_website\/es\/legal-es\/","og_locale":"es_ES","og_type":"article","og_title":"Legal - Settop","og_description":"Aviso legal La titularidad del presente sitio web corresponde a SETTOP SURVEY SL, con domicilio social en Bofarull, 14, bajos 08027 Barcelona (Espa\u00f1a) y NIF B-66266172 (VAT:ESB66266172). Inscrita en el Registro Mercantil de Barcelona, Tomo 44247, Folio 198, Hoja 450865, Inscripci\u00f3n 1\u00aa. Los datos identificativos y de contacto de la empresa son los siguientes: SETTOP [...]","og_url":"https:\/\/settopsurvey.com\/settop_website\/es\/legal-es\/","og_site_name":"Settop","article_modified_time":"2019-07-04T09:56:20+00:00","twitter_card":"summary_large_image","twitter_misc":{"Tiempo de lectura":"1 minuto"},"schema":{"@context":"https:\/\/schema.org","@graph":[{"@type":"WebPage","@id":"https:\/\/settopsurvey.com\/settop_website\/es\/legal-es\/","url":"https:\/\/settopsurvey.com\/settop_website\/es\/legal-es\/","name":"Legal - Settop","isPartOf":{"@id":"https:\/\/settopsurvey.com\/settop_website\/#website"},"datePublished":"2019-06-19T15:11:31+00:00","dateModified":"2019-07-04T09:56:20+00:00","breadcrumb":{"@id":"https:\/\/settopsurvey.com\/settop_website\/es\/legal-es\/#breadcrumb"},"inLanguage":"es","potentialAction":[{"@type":"ReadAction","target":["https:\/\/settopsurvey.com\/settop_website\/es\/legal-es\/"]}]},{"@type":"BreadcrumbList","@id":"https:\/\/settopsurvey.com\/settop_website\/es\/legal-es\/#breadcrumb","itemListElement":[{"@type":"ListItem","position":1,"name":"Portada","item":"https:\/\/settopsurvey.com\/settop_website\/"},{"@type":"ListItem","position":2,"name":"Legal"}]},{"@type":"WebSite","@id":"https:\/\/settopsurvey.com\/settop_website\/#website","url":"https:\/\/settopsurvey.com\/settop_website\/","name":"Settop","description":"Advanced technology in surveying instruments","potentialAction":[{"@type":"SearchAction","target":{"@type":"EntryPoint","urlTemplate":"https:\/\/settopsurvey.com\/settop_website\/?s={search_term_string}"},"query-input":{"@type":"PropertyValueSpecification","valueRequired":true,"valueName":"search_term_string"}}],"inLanguage":"es"}]}},"_links":{"self":[{"href":"https:\/\/settopsurvey.com\/settop_website\/wp-json\/wp\/v2\/pages\/908","targetHints":{"allow":["GET"]}}],"collection":[{"href":"https:\/\/settopsurvey.com\/settop_website\/wp-json\/wp\/v2\/pages"}],"about":[{"href":"https:\/\/settopsurvey.com\/settop_website\/wp-json\/wp\/v2\/types\/page"}],"author":[{"embeddable":true,"href":"https:\/\/settopsurvey.com\/settop_website\/wp-json\/wp\/v2\/users\/1"}],"replies":[{"embeddable":true,"href":"https:\/\/settopsurvey.com\/settop_website\/wp-json\/wp\/v2\/comments?post=908"}],"version-history":[{"count":2,"href":"https:\/\/settopsurvey.com\/settop_website\/wp-json\/wp\/v2\/pages\/908\/revisions"}],"predecessor-version":[{"id":2007,"href":"https:\/\/settopsurvey.com\/settop_website\/wp-json\/wp\/v2\/pages\/908\/revisions\/2007"}],"wp:attachment":[{"href":"https:\/\/settopsurvey.com\/settop_website\/wp-json\/wp\/v2\/media?parent=908"}],"curies":[{"name":"wp","href":"https:\/\/api.w.org\/{rel}","templated":true}]}}