{"id":904,"date":"2019-06-19T17:10:33","date_gmt":"2019-06-19T15:10:33","guid":{"rendered":"http:\/\/settopsurvey.com\/settop_website\/?page_id=904"},"modified":"2020-10-14T12:54:37","modified_gmt":"2020-10-14T10:54:37","slug":"industrias","status":"publish","type":"page","link":"https:\/\/settopsurvey.com\/settop_website\/es\/industrias\/","title":{"rendered":"Industrias"},"content":{"rendered":"\n\t<section class=\"section\" id=\"section_1283770175\">\n\t\t<div class=\"section-bg fill\" >\n\t\t\t\t\t\t\t\t\t\n\t\t\t\n\n\t\t<\/div>\n\n\t\t\n\n\t\t<div class=\"section-content relative\">\n\t\t\t\r\n\r\n<div class=\"container section-title-container\" ><h3 class=\"section-title section-title-normal\"><b aria-hidden=\"true\"><\/b><span class=\"section-title-main\" >SECTORES Y INDUSTRIAS<\/span><b aria-hidden=\"true\"><\/b><\/h3><\/div>\r\n\r\n<div class=\"row\"  id=\"row-560381482\">\r\n\r\n\n\t<div id=\"col-1675235307\" class=\"col medium-4 small-6 large-4\"  >\n\t\t\t\t<div class=\"col-inner\"  >\n\t\t\t\n\t\t\t\r\n\r\n\t<div class=\"img has-hover x md-x lg-x y md-y lg-y\" id=\"image_542535244\">\n\t\t<a class=\"\" href=\"http:\/\/settopsurvey.com\/settop_website\/es\/obras-maritimas\/\" >\t\t\t\t\t\t<div class=\"img-inner image-cover dark\" style=\"padding-top:56.25%;\">\n\t\t\t<img loading=\"lazy\" decoding=\"async\" width=\"592\" height=\"800\" src=\"https:\/\/settopsurvey.com\/settop_website\/wp-content\/uploads\/sector-maritimo-592x800.png\" class=\"attachment-large size-large\" alt=\"\" srcset=\"https:\/\/settopsurvey.com\/settop_website\/wp-content\/uploads\/sector-maritimo-592x800.png 592w, https:\/\/settopsurvey.com\/settop_website\/wp-content\/uploads\/sector-maritimo-296x400.png 296w, https:\/\/settopsurvey.com\/settop_website\/wp-content\/uploads\/sector-maritimo-600x811.png 600w, https:\/\/settopsurvey.com\/settop_website\/wp-content\/uploads\/sector-maritimo.png 758w\" sizes=\"auto, (max-width: 592px) 100vw, 592px\" \/>\t\t\t\t\t\t\n\t\t\t\t\t<\/div>\n\t\t\t\t\t\t<\/a>\t\t\n<style>\n#image_542535244 {\n  width: 100%;\n}\n<\/style>\n\t<\/div>\n\t\r\n<h4>Obras Mar\u00edtimas<\/h4>\r\nLa extrema precisi\u00f3n de los equipos de monitorizaci\u00f3n topogr\u00e1fica de SETTOP permite su aplicaci\u00f3n a labores de ingenier\u00eda civil mar\u00edtima y aplicaciones de supervisi\u00f3n hidrogr\u00e1fica como pueden ser la construcci\u00f3n de espigones o plataformas en el oc\u00e9ano.\r\n\r\n\t\t<\/div>\n\t\t\t\t\t<\/div>\n\n\t\r\n\n\t<div id=\"col-1185682763\" class=\"col medium-4 small-6 large-4\"  >\n\t\t\t\t<div class=\"col-inner\"  >\n\t\t\t\n\t\t\t\r\n\r\n\t<div class=\"img has-hover x md-x lg-x y md-y lg-y\" id=\"image_742275478\">\n\t\t<a class=\"\" href=\"http:\/\/settopsurvey.com\/settop_website\/es\/ingenieria-monitoring\/\" >\t\t\t\t\t\t<div class=\"img-inner image-cover dark\" style=\"padding-top:56.25%;\">\n\t\t\t<img loading=\"lazy\" decoding=\"async\" width=\"592\" height=\"800\" src=\"https:\/\/settopsurvey.com\/settop_website\/wp-content\/uploads\/sector-monitoring-592x800.png\" class=\"attachment-large size-large\" alt=\"\" srcset=\"https:\/\/settopsurvey.com\/settop_website\/wp-content\/uploads\/sector-monitoring-592x800.png 592w, https:\/\/settopsurvey.com\/settop_website\/wp-content\/uploads\/sector-monitoring-296x400.png 296w, https:\/\/settopsurvey.com\/settop_website\/wp-content\/uploads\/sector-monitoring-600x811.png 600w, https:\/\/settopsurvey.com\/settop_website\/wp-content\/uploads\/sector-monitoring.png 758w\" sizes=\"auto, (max-width: 592px) 100vw, 592px\" \/>\t\t\t\t\t\t\n\t\t\t\t\t<\/div>\n\t\t\t\t\t\t<\/a>\t\t\n<style>\n#image_742275478 {\n  width: 100%;\n}\n<\/style>\n\t<\/div>\n\t\r\n<h4>Construcci\u00f3n e Ingenier\u00eda - Monitoring<\/h4>\r\nEstamos especializados en proveer soluciones con equipos GPS y estaciones totales que llevan la m\u00e1s alta tecnolog\u00eda en posicionamiento para la planificaci\u00f3n y posterior monitorizaci\u00f3n de grandes obras de ingenier\u00eda civil.\r\n\r\n\t\t<\/div>\n\t\t\t\t\t<\/div>\n\n\t\r\n\n\t<div id=\"col-21441404\" class=\"col medium-4 small-6 large-4\"  >\n\t\t\t\t<div class=\"col-inner\"  >\n\t\t\t\n\t\t\t\r\n\r\n\t<div class=\"img has-hover x md-x lg-x y md-y lg-y\" id=\"image_1606610131\">\n\t\t<a class=\"\" href=\"http:\/\/settopsurvey.com\/settop_website\/es\/agricultura-de-precision\/\" >\t\t\t\t\t\t<div class=\"img-inner image-cover dark\" style=\"padding-top:56.25%;\">\n\t\t\t<img loading=\"lazy\" decoding=\"async\" width=\"628\" height=\"800\" src=\"https:\/\/settopsurvey.com\/settop_website\/wp-content\/uploads\/sector_agriculture-hr-628x800.png\" class=\"attachment-large size-large\" alt=\"\" srcset=\"https:\/\/settopsurvey.com\/settop_website\/wp-content\/uploads\/sector_agriculture-hr.png 628w, https:\/\/settopsurvey.com\/settop_website\/wp-content\/uploads\/sector_agriculture-hr-314x400.png 314w, https:\/\/settopsurvey.com\/settop_website\/wp-content\/uploads\/sector_agriculture-hr-600x764.png 600w\" sizes=\"auto, (max-width: 628px) 100vw, 628px\" \/>\t\t\t\t\t\t\n\t\t\t\t\t<\/div>\n\t\t\t\t\t\t<\/a>\t\t\n<style>\n#image_1606610131 {\n  width: 100%;\n}\n<\/style>\n\t<\/div>\n\t\r\n<h4>Agricultura de precisi\u00f3n<\/h4>\r\nNuestros instrumentos de medici\u00f3n topogr\u00e1fica permiten dise\u00f1ar soluciones integradas de guiado y posicionamiento que ayudan a maximizar la productividad agr\u00edcola gracias a los datos suministrados por los receptores GPS.\r\n\r\n\t\t<\/div>\n\t\t\t\t\t<\/div>\n\n\t\r\n\n\t<div id=\"col-150665563\" class=\"col medium-4 small-6 large-4\"  >\n\t\t\t\t<div class=\"col-inner\"  >\n\t\t\t\n\t\t\t\r\n\r\n\t<div class=\"img has-hover x md-x lg-x y md-y lg-y\" id=\"image_268144545\">\n\t\t<a class=\"\" href=\"http:\/\/settopsurvey.com\/settop_website\/es\/sistemas-ferroviarios\/\" >\t\t\t\t\t\t<div class=\"img-inner image-cover dark\" style=\"padding-top:56.25%;\">\n\t\t\t<img loading=\"lazy\" decoding=\"async\" width=\"632\" height=\"800\" src=\"https:\/\/settopsurvey.com\/settop_website\/wp-content\/uploads\/sector_railltrack-632x800.png\" class=\"attachment-large size-large\" alt=\"\" srcset=\"https:\/\/settopsurvey.com\/settop_website\/wp-content\/uploads\/sector_railltrack-632x800.png 632w, https:\/\/settopsurvey.com\/settop_website\/wp-content\/uploads\/sector_railltrack-316x400.png 316w, https:\/\/settopsurvey.com\/settop_website\/wp-content\/uploads\/sector_railltrack-768x972.png 768w, https:\/\/settopsurvey.com\/settop_website\/wp-content\/uploads\/sector_railltrack-600x759.png 600w, https:\/\/settopsurvey.com\/settop_website\/wp-content\/uploads\/sector_railltrack.png 1517w\" sizes=\"auto, (max-width: 632px) 100vw, 632px\" \/>\t\t\t\t\t\t\n\t\t\t\t\t<\/div>\n\t\t\t\t\t\t<\/a>\t\t\n<style>\n#image_268144545 {\n  width: 100%;\n}\n<\/style>\n\t<\/div>\n\t\r\n<h4>Sistemas Ferroviarios<\/h4>\r\nHemos desarrollado soluciones para llevar la m\u00e1s alta tecnolog\u00eda en equipos de monitorizaci\u00f3n topogr\u00e1fica a la construcci\u00f3n de v\u00edas de tren.\r\n\r\n\t\t<\/div>\n\t\t\t\t\t<\/div>\n\n\t\r\n\n\t<div id=\"col-2078334014\" class=\"col medium-4 small-6 large-4\"  >\n\t\t\t\t<div class=\"col-inner\"  >\n\t\t\t\n\t\t\t\r\n\r\n\t<div class=\"img has-hover x md-x lg-x y md-y lg-y\" id=\"image_675057226\">\n\t\t<a class=\"\" href=\"http:\/\/settopsurvey.com\/settop_website\/es\/obras-en-mineria-monitoring\/\" >\t\t\t\t\t\t<div class=\"img-inner image-cover dark\" style=\"padding-top:56.25%;\">\n\t\t\t<img loading=\"lazy\" decoding=\"async\" width=\"628\" height=\"800\" src=\"https:\/\/settopsurvey.com\/settop_website\/wp-content\/uploads\/sector_minas-628x800.png\" class=\"attachment-large size-large\" alt=\"\" srcset=\"https:\/\/settopsurvey.com\/settop_website\/wp-content\/uploads\/sector_minas.png 628w, https:\/\/settopsurvey.com\/settop_website\/wp-content\/uploads\/sector_minas-314x400.png 314w, https:\/\/settopsurvey.com\/settop_website\/wp-content\/uploads\/sector_minas-600x764.png 600w\" sizes=\"auto, (max-width: 628px) 100vw, 628px\" \/>\t\t\t\t\t\t\n\t\t\t\t\t<\/div>\n\t\t\t\t\t\t<\/a>\t\t\n<style>\n#image_675057226 {\n  width: 100%;\n}\n<\/style>\n\t<\/div>\n\t\r\n<h4>Obras en Miner\u00eda - Monitoring<\/h4>\r\nEn un campo de tan alta especializaci\u00f3n, las soluciones de medici\u00f3n y comunicaci\u00f3n de SETTOPSurvey facilitan los trabajos de control puntual de la infraestructura de minas y, por supuesto, tambi\u00e9n su posterior auscultaci\u00f3n de seguridad de manera permanente.\r\n\r\n\t\t<\/div>\n\t\t\t\t\t<\/div>\n\n\t\r\n\n\t<div id=\"col-598443080\" class=\"col medium-4 small-6 large-4\"  >\n\t\t\t\t<div class=\"col-inner\"  >\n\t\t\t\n\t\t\t\r\n\r\n\t<div class=\"img has-hover x md-x lg-x y md-y lg-y\" id=\"image_385074251\">\n\t\t<a class=\"\" href=\"http:\/\/settopsurvey.com\/settop_website\/es\/otros\/\" >\t\t\t\t\t\t<div class=\"img-inner image-cover dark\" style=\"padding-top:56.25%;\">\n\t\t\t<img loading=\"lazy\" decoding=\"async\" width=\"628\" height=\"800\" src=\"https:\/\/settopsurvey.com\/settop_website\/wp-content\/uploads\/sector_otros-628x800.png\" class=\"attachment-large size-large\" alt=\"\" srcset=\"https:\/\/settopsurvey.com\/settop_website\/wp-content\/uploads\/sector_otros.png 628w, https:\/\/settopsurvey.com\/settop_website\/wp-content\/uploads\/sector_otros-314x400.png 314w, https:\/\/settopsurvey.com\/settop_website\/wp-content\/uploads\/sector_otros-600x764.png 600w\" sizes=\"auto, (max-width: 628px) 100vw, 628px\" \/>\t\t\t\t\t\t\n\t\t\t\t\t<\/div>\n\t\t\t\t\t\t<\/a>\t\t\n<style>\n#image_385074251 {\n  width: 100%;\n}\n<\/style>\n\t<\/div>\n\t\r\n<h4>Otras<\/h4>\r\nPorque somos desarrolladores de instrumentos de medici\u00f3n topogr\u00e1fica y software de integraci\u00f3n, en SETTOPSurvey estamos preparados para dar respuesta a las necesidades de monitorizaci\u00f3n y posicionamiento de todos los sectores e industrias. No dudes en contactarnos para hablarnos de tus necesidades.\r\n\r\n\t\t<\/div>\n\t\t\t\t\t<\/div>\n\n\t\r\n\r\n<\/div>\r\n\r\n\t\t<\/div>\n\n\t\t\n<style>\n#section_1283770175 {\n  padding-top: 30px;\n  padding-bottom: 30px;\n  background-color: rgb(0,0,0);\n}\n<\/style>\n\t<\/section>\n\t\n","protected":false},"excerpt":{"rendered":"","protected":false},"author":1,"featured_media":0,"parent":0,"menu_order":0,"comment_status":"closed","ping_status":"closed","template":"","meta":{"footnotes":""},"class_list":["post-904","page","type-page","status-publish","hentry"],"yoast_head":"<!-- This site is optimized with the Yoast SEO plugin v27.3 - https:\/\/yoast.com\/product\/yoast-seo-wordpress\/ -->\n<title>Industrias - Settop<\/title>\n<meta name=\"robots\" content=\"index, follow, max-snippet:-1, max-image-preview:large, max-video-preview:-1\" \/>\n<link rel=\"canonical\" href=\"https:\/\/settopsurvey.com\/settop_website\/es\/industrias\/\" \/>\n<meta property=\"og:locale\" content=\"es_ES\" \/>\n<meta property=\"og:type\" content=\"article\" \/>\n<meta property=\"og:title\" content=\"Industrias - Settop\" \/>\n<meta property=\"og:url\" content=\"https:\/\/settopsurvey.com\/settop_website\/es\/industrias\/\" \/>\n<meta property=\"og:site_name\" content=\"Settop\" \/>\n<meta property=\"article:modified_time\" content=\"2020-10-14T10:54:37+00:00\" \/>\n<meta name=\"twitter:card\" content=\"summary_large_image\" \/>\n<script type=\"application\/ld+json\" class=\"yoast-schema-graph\">{\"@context\":\"https:\\\/\\\/schema.org\",\"@graph\":[{\"@type\":\"WebPage\",\"@id\":\"https:\\\/\\\/settopsurvey.com\\\/settop_website\\\/es\\\/industrias\\\/\",\"url\":\"https:\\\/\\\/settopsurvey.com\\\/settop_website\\\/es\\\/industrias\\\/\",\"name\":\"Industrias - Settop\",\"isPartOf\":{\"@id\":\"https:\\\/\\\/settopsurvey.com\\\/settop_website\\\/#website\"},\"datePublished\":\"2019-06-19T15:10:33+00:00\",\"dateModified\":\"2020-10-14T10:54:37+00:00\",\"breadcrumb\":{\"@id\":\"https:\\\/\\\/settopsurvey.com\\\/settop_website\\\/es\\\/industrias\\\/#breadcrumb\"},\"inLanguage\":\"es\",\"potentialAction\":[{\"@type\":\"ReadAction\",\"target\":[\"https:\\\/\\\/settopsurvey.com\\\/settop_website\\\/es\\\/industrias\\\/\"]}]},{\"@type\":\"BreadcrumbList\",\"@id\":\"https:\\\/\\\/settopsurvey.com\\\/settop_website\\\/es\\\/industrias\\\/#breadcrumb\",\"itemListElement\":[{\"@type\":\"ListItem\",\"position\":1,\"name\":\"Portada\",\"item\":\"https:\\\/\\\/settopsurvey.com\\\/settop_website\\\/\"},{\"@type\":\"ListItem\",\"position\":2,\"name\":\"Industrias\"}]},{\"@type\":\"WebSite\",\"@id\":\"https:\\\/\\\/settopsurvey.com\\\/settop_website\\\/#website\",\"url\":\"https:\\\/\\\/settopsurvey.com\\\/settop_website\\\/\",\"name\":\"Settop\",\"description\":\"Advanced technology in surveying instruments\",\"potentialAction\":[{\"@type\":\"SearchAction\",\"target\":{\"@type\":\"EntryPoint\",\"urlTemplate\":\"https:\\\/\\\/settopsurvey.com\\\/settop_website\\\/?s={search_term_string}\"},\"query-input\":{\"@type\":\"PropertyValueSpecification\",\"valueRequired\":true,\"valueName\":\"search_term_string\"}}],\"inLanguage\":\"es\"}]}<\/script>\n<!-- \/ Yoast SEO plugin. -->","yoast_head_json":{"title":"Industrias - Settop","robots":{"index":"index","follow":"follow","max-snippet":"max-snippet:-1","max-image-preview":"max-image-preview:large","max-video-preview":"max-video-preview:-1"},"canonical":"https:\/\/settopsurvey.com\/settop_website\/es\/industrias\/","og_locale":"es_ES","og_type":"article","og_title":"Industrias - Settop","og_url":"https:\/\/settopsurvey.com\/settop_website\/es\/industrias\/","og_site_name":"Settop","article_modified_time":"2020-10-14T10:54:37+00:00","twitter_card":"summary_large_image","schema":{"@context":"https:\/\/schema.org","@graph":[{"@type":"WebPage","@id":"https:\/\/settopsurvey.com\/settop_website\/es\/industrias\/","url":"https:\/\/settopsurvey.com\/settop_website\/es\/industrias\/","name":"Industrias - Settop","isPartOf":{"@id":"https:\/\/settopsurvey.com\/settop_website\/#website"},"datePublished":"2019-06-19T15:10:33+00:00","dateModified":"2020-10-14T10:54:37+00:00","breadcrumb":{"@id":"https:\/\/settopsurvey.com\/settop_website\/es\/industrias\/#breadcrumb"},"inLanguage":"es","potentialAction":[{"@type":"ReadAction","target":["https:\/\/settopsurvey.com\/settop_website\/es\/industrias\/"]}]},{"@type":"BreadcrumbList","@id":"https:\/\/settopsurvey.com\/settop_website\/es\/industrias\/#breadcrumb","itemListElement":[{"@type":"ListItem","position":1,"name":"Portada","item":"https:\/\/settopsurvey.com\/settop_website\/"},{"@type":"ListItem","position":2,"name":"Industrias"}]},{"@type":"WebSite","@id":"https:\/\/settopsurvey.com\/settop_website\/#website","url":"https:\/\/settopsurvey.com\/settop_website\/","name":"Settop","description":"Advanced technology in surveying instruments","potentialAction":[{"@type":"SearchAction","target":{"@type":"EntryPoint","urlTemplate":"https:\/\/settopsurvey.com\/settop_website\/?s={search_term_string}"},"query-input":{"@type":"PropertyValueSpecification","valueRequired":true,"valueName":"search_term_string"}}],"inLanguage":"es"}]}},"_links":{"self":[{"href":"https:\/\/settopsurvey.com\/settop_website\/wp-json\/wp\/v2\/pages\/904","targetHints":{"allow":["GET"]}}],"collection":[{"href":"https:\/\/settopsurvey.com\/settop_website\/wp-json\/wp\/v2\/pages"}],"about":[{"href":"https:\/\/settopsurvey.com\/settop_website\/wp-json\/wp\/v2\/types\/page"}],"author":[{"embeddable":true,"href":"https:\/\/settopsurvey.com\/settop_website\/wp-json\/wp\/v2\/users\/1"}],"replies":[{"embeddable":true,"href":"https:\/\/settopsurvey.com\/settop_website\/wp-json\/wp\/v2\/comments?post=904"}],"version-history":[{"count":2,"href":"https:\/\/settopsurvey.com\/settop_website\/wp-json\/wp\/v2\/pages\/904\/revisions"}],"predecessor-version":[{"id":2664,"href":"https:\/\/settopsurvey.com\/settop_website\/wp-json\/wp\/v2\/pages\/904\/revisions\/2664"}],"wp:attachment":[{"href":"https:\/\/settopsurvey.com\/settop_website\/wp-json\/wp\/v2\/media?parent=904"}],"curies":[{"name":"wp","href":"https:\/\/api.w.org\/{rel}","templated":true}]}}