{"id":888,"date":"2019-06-19T12:25:10","date_gmt":"2019-06-19T10:25:10","guid":{"rendered":"http:\/\/settopsurvey.com\/settop_website\/?page_id=888"},"modified":"2019-10-21T10:10:44","modified_gmt":"2019-10-21T08:10:44","slug":"contacto","status":"publish","type":"page","link":"https:\/\/settopsurvey.com\/settop_website\/es\/contacto\/","title":{"rendered":"Contacto"},"content":{"rendered":"<div class=\"content\">\n<div class=\"field field-name-body field-type-text-with-summary field-label-hidden\">\n<div class=\"field-items\">\n<div class=\"field-item even\">\n<h1>Expertos en topograf\u00eda y geoposicionamiento<\/h1>\n<h2>Cu\u00e9ntanos qu\u00e9 necesitas<\/h2>\n<p>Porque estamos acostumbrados a trabajar en numerosos pa\u00edses, en numerosos proyectos de topograf\u00eda y geoposicionamiento y en numerosos campos profesionales. Porque sabemos que no importa la dificultad del proyecto sino la creatividad para ejecutarlo, en SETTOPSurvey te invitamos a conocernos un poco m\u00e1s y confiarnos tus proyectos. D\u00e9janos tus datos y un miembro de nuestro equipo se pondr\u00e1 en contacto contigo.<\/p>\n<p>Estamos seguros de que encontraremos la soluci\u00f3n perfecta para tu empresa.<\/p>\n<\/div>\n<\/div>\n<\/div>\n<\/div>\n<div class=\"row\"  id=\"row-1559064445\">\n\n\t<div id=\"col-1314418077\" class=\"col medium-4 small-12 large-4\"  >\n\t\t\t\t<div class=\"col-inner\"  >\n\t\t\t\n\t\t\t\n<div class=\"content\">\n<p>Oficinas: Bofarull 14, 08027<br \/>\nBarcelona (Espa\u00f1a)<br \/>\nTel\u00e9fono: (+34) 93 700 44 66<br \/>\nEmail: <a href=\"mailto:info@settopsurvey.com\">info@settopsurvey.com<\/a><\/p>\n<\/div>\n\t\t<\/div>\n\t\t\t\t\t<\/div>\n\n\t\n\n<\/div>\n","protected":false},"excerpt":{"rendered":"<p>Expertos en topograf\u00eda y geoposicionamiento Cu\u00e9ntanos qu\u00e9 necesitas Porque estamos acostumbrados a trabajar en numerosos pa\u00edses, en numerosos proyectos de topograf\u00eda y geoposicionamiento y en numerosos campos profesionales. Porque sabemos que no importa la dificultad del proyecto sino la creatividad para ejecutarlo, en SETTOPSurvey te invitamos a conocernos un poco m\u00e1s y confiarnos tus proyectos. [&#8230;]\n","protected":false},"author":1,"featured_media":0,"parent":0,"menu_order":0,"comment_status":"closed","ping_status":"closed","template":"","meta":{"footnotes":""},"class_list":["post-888","page","type-page","status-publish","hentry"],"yoast_head":"<!-- This site is optimized with the Yoast SEO plugin v27.3 - https:\/\/yoast.com\/product\/yoast-seo-wordpress\/ -->\n<title>Contacto - Settop<\/title>\n<meta name=\"description\" content=\"Contacta con el equipo de SETTOPSurvey, expertos en el desarrollo a medida para la topograf\u00eda y geoposicionamiento, y conf\u00edanos tu proyecto.\" \/>\n<meta name=\"robots\" content=\"index, follow, max-snippet:-1, max-image-preview:large, max-video-preview:-1\" \/>\n<link rel=\"canonical\" href=\"https:\/\/settopsurvey.com\/settop_website\/es\/contacto\/\" \/>\n<meta property=\"og:locale\" content=\"es_ES\" \/>\n<meta property=\"og:type\" content=\"article\" \/>\n<meta property=\"og:title\" content=\"Contacto - Settop\" \/>\n<meta property=\"og:description\" content=\"Contacta con el equipo de SETTOPSurvey, expertos en el desarrollo a medida para la topograf\u00eda y geoposicionamiento, y conf\u00edanos tu proyecto.\" \/>\n<meta property=\"og:url\" content=\"https:\/\/settopsurvey.com\/settop_website\/es\/contacto\/\" \/>\n<meta property=\"og:site_name\" content=\"Settop\" \/>\n<meta property=\"article:modified_time\" content=\"2019-10-21T08:10:44+00:00\" \/>\n<meta name=\"twitter:card\" content=\"summary_large_image\" \/>\n<meta name=\"twitter:label1\" content=\"Tiempo de lectura\" \/>\n\t<meta name=\"twitter:data1\" content=\"1 minuto\" \/>\n<script type=\"application\/ld+json\" class=\"yoast-schema-graph\">{\"@context\":\"https:\\\/\\\/schema.org\",\"@graph\":[{\"@type\":\"WebPage\",\"@id\":\"https:\\\/\\\/settopsurvey.com\\\/settop_website\\\/es\\\/contacto\\\/\",\"url\":\"https:\\\/\\\/settopsurvey.com\\\/settop_website\\\/es\\\/contacto\\\/\",\"name\":\"Contacto - Settop\",\"isPartOf\":{\"@id\":\"https:\\\/\\\/settopsurvey.com\\\/settop_website\\\/#website\"},\"datePublished\":\"2019-06-19T10:25:10+00:00\",\"dateModified\":\"2019-10-21T08:10:44+00:00\",\"description\":\"Contacta con el equipo de SETTOPSurvey, expertos en el desarrollo a medida para la topograf\u00eda y geoposicionamiento, y conf\u00edanos tu proyecto.\",\"breadcrumb\":{\"@id\":\"https:\\\/\\\/settopsurvey.com\\\/settop_website\\\/es\\\/contacto\\\/#breadcrumb\"},\"inLanguage\":\"es\",\"potentialAction\":[{\"@type\":\"ReadAction\",\"target\":[\"https:\\\/\\\/settopsurvey.com\\\/settop_website\\\/es\\\/contacto\\\/\"]}]},{\"@type\":\"BreadcrumbList\",\"@id\":\"https:\\\/\\\/settopsurvey.com\\\/settop_website\\\/es\\\/contacto\\\/#breadcrumb\",\"itemListElement\":[{\"@type\":\"ListItem\",\"position\":1,\"name\":\"Portada\",\"item\":\"https:\\\/\\\/settopsurvey.com\\\/settop_website\\\/\"},{\"@type\":\"ListItem\",\"position\":2,\"name\":\"Contacto\"}]},{\"@type\":\"WebSite\",\"@id\":\"https:\\\/\\\/settopsurvey.com\\\/settop_website\\\/#website\",\"url\":\"https:\\\/\\\/settopsurvey.com\\\/settop_website\\\/\",\"name\":\"Settop\",\"description\":\"Advanced technology in surveying instruments\",\"potentialAction\":[{\"@type\":\"SearchAction\",\"target\":{\"@type\":\"EntryPoint\",\"urlTemplate\":\"https:\\\/\\\/settopsurvey.com\\\/settop_website\\\/?s={search_term_string}\"},\"query-input\":{\"@type\":\"PropertyValueSpecification\",\"valueRequired\":true,\"valueName\":\"search_term_string\"}}],\"inLanguage\":\"es\"}]}<\/script>\n<!-- \/ Yoast SEO plugin. -->","yoast_head_json":{"title":"Contacto - Settop","description":"Contacta con el equipo de SETTOPSurvey, expertos en el desarrollo a medida para la topograf\u00eda y geoposicionamiento, y conf\u00edanos tu proyecto.","robots":{"index":"index","follow":"follow","max-snippet":"max-snippet:-1","max-image-preview":"max-image-preview:large","max-video-preview":"max-video-preview:-1"},"canonical":"https:\/\/settopsurvey.com\/settop_website\/es\/contacto\/","og_locale":"es_ES","og_type":"article","og_title":"Contacto - Settop","og_description":"Contacta con el equipo de SETTOPSurvey, expertos en el desarrollo a medida para la topograf\u00eda y geoposicionamiento, y conf\u00edanos tu proyecto.","og_url":"https:\/\/settopsurvey.com\/settop_website\/es\/contacto\/","og_site_name":"Settop","article_modified_time":"2019-10-21T08:10:44+00:00","twitter_card":"summary_large_image","twitter_misc":{"Tiempo de lectura":"1 minuto"},"schema":{"@context":"https:\/\/schema.org","@graph":[{"@type":"WebPage","@id":"https:\/\/settopsurvey.com\/settop_website\/es\/contacto\/","url":"https:\/\/settopsurvey.com\/settop_website\/es\/contacto\/","name":"Contacto - Settop","isPartOf":{"@id":"https:\/\/settopsurvey.com\/settop_website\/#website"},"datePublished":"2019-06-19T10:25:10+00:00","dateModified":"2019-10-21T08:10:44+00:00","description":"Contacta con el equipo de SETTOPSurvey, expertos en el desarrollo a medida para la topograf\u00eda y geoposicionamiento, y conf\u00edanos tu proyecto.","breadcrumb":{"@id":"https:\/\/settopsurvey.com\/settop_website\/es\/contacto\/#breadcrumb"},"inLanguage":"es","potentialAction":[{"@type":"ReadAction","target":["https:\/\/settopsurvey.com\/settop_website\/es\/contacto\/"]}]},{"@type":"BreadcrumbList","@id":"https:\/\/settopsurvey.com\/settop_website\/es\/contacto\/#breadcrumb","itemListElement":[{"@type":"ListItem","position":1,"name":"Portada","item":"https:\/\/settopsurvey.com\/settop_website\/"},{"@type":"ListItem","position":2,"name":"Contacto"}]},{"@type":"WebSite","@id":"https:\/\/settopsurvey.com\/settop_website\/#website","url":"https:\/\/settopsurvey.com\/settop_website\/","name":"Settop","description":"Advanced technology in surveying instruments","potentialAction":[{"@type":"SearchAction","target":{"@type":"EntryPoint","urlTemplate":"https:\/\/settopsurvey.com\/settop_website\/?s={search_term_string}"},"query-input":{"@type":"PropertyValueSpecification","valueRequired":true,"valueName":"search_term_string"}}],"inLanguage":"es"}]}},"_links":{"self":[{"href":"https:\/\/settopsurvey.com\/settop_website\/wp-json\/wp\/v2\/pages\/888","targetHints":{"allow":["GET"]}}],"collection":[{"href":"https:\/\/settopsurvey.com\/settop_website\/wp-json\/wp\/v2\/pages"}],"about":[{"href":"https:\/\/settopsurvey.com\/settop_website\/wp-json\/wp\/v2\/types\/page"}],"author":[{"embeddable":true,"href":"https:\/\/settopsurvey.com\/settop_website\/wp-json\/wp\/v2\/users\/1"}],"replies":[{"embeddable":true,"href":"https:\/\/settopsurvey.com\/settop_website\/wp-json\/wp\/v2\/comments?post=888"}],"version-history":[{"count":4,"href":"https:\/\/settopsurvey.com\/settop_website\/wp-json\/wp\/v2\/pages\/888\/revisions"}],"predecessor-version":[{"id":2335,"href":"https:\/\/settopsurvey.com\/settop_website\/wp-json\/wp\/v2\/pages\/888\/revisions\/2335"}],"wp:attachment":[{"href":"https:\/\/settopsurvey.com\/settop_website\/wp-json\/wp\/v2\/media?parent=888"}],"curies":[{"name":"wp","href":"https:\/\/api.w.org\/{rel}","templated":true}]}}