{"id":886,"date":"2019-06-19T16:58:42","date_gmt":"2019-06-19T14:58:42","guid":{"rendered":"http:\/\/settopsurvey.com\/settop_website\/?page_id=886"},"modified":"2019-10-21T10:17:44","modified_gmt":"2019-10-21T08:17:44","slug":"quienes-somos","status":"publish","type":"page","link":"https:\/\/settopsurvey.com\/settop_website\/es\/quienes-somos\/","title":{"rendered":"Qui\u00e9nes somos"},"content":{"rendered":"<h2>Geoposicionamiento y soluciones topogr\u00e1ficas a medida<\/h2>\n<p>SETTOPSurvey es una empresa especializada en el desarrollo de tecnolog\u00edas de geoposicionamiento y soluciones topogr\u00e1ficas a medida. Desde nuestro nacimiento en 1988, la innovaci\u00f3n y el trato personalizado con nuestros clientes han estado en el centro de nuestra estrategia, desarrollando productos y aplicaciones para importantes proyectos de ingenier\u00eda y topograf\u00eda en todo el mundo.<\/p>\n<p>Creatividad, calidad y diferenciaci\u00f3n distinguen los desarrollos de SETTOPSurvey, no importa el proyecto del que formen parte. Es as\u00ed como hemos producido soluciones de hardware a medida, verdaderos sistemas \u201cllave en mano\u201d espec\u00edficamente dise\u00f1ados para solucionar retos inherentes a las obras mar\u00edtimas, ferroviarias, de ingenier\u00eda o miner\u00eda, entre las que se incluyen soluciones de batimetr\u00eda, sistemas para el guiado de cajones o aplicaciones para la colocaci\u00f3n de bloques y el control de gr\u00faas, entre otros. Adem\u00e1s, tambi\u00e9n por encargo, hemos desarrollado otros proyectos de software aplicando la \u00faltima generaci\u00f3n en electr\u00f3nica, software y redes inform\u00e1ticas y de telefon\u00eda.<\/p>\n<p>Comprometidos con la satisfacci\u00f3n de nuestros clientes y con su crecimiento y desarrollo estrat\u00e9gico, hoy por hoy las soluciones topogr\u00e1ficas de SETTOPSurvey a\u00fanan trabajos mar\u00edtimos, monitorizaci\u00f3n en construcci\u00f3n, agricultura de precisi\u00f3n, sistemas ferroviarios y desarrollos para miner\u00eda, entre otros sectores. Porque no existen proyectos dif\u00edciles sino estimulantes retos por superar, nuestro equipo de ingenieros y top\u00f3grafos persigue cada d\u00eda el siguiente desaf\u00edo. Cont\u00e1ctanos, sabremos encontrar la soluci\u00f3n que tu proyecto necesita.<\/p>\n<div class=\"row\"  id=\"row-919335793\">\n\n\t<div id=\"col-408918533\" class=\"col medium-3 small-6 large-3\"  >\n\t\t\t\t<div class=\"col-inner\"  >\n\t\t\t\n\t\t\t\n\n\t\t<div class=\"icon-box featured-box icon-box-center text-center\"  >\n\t\t\t\t\t<div class=\"icon-box-img\" style=\"width: 181px\">\n\t\t\t\t<div class=\"icon\">\n\t\t\t\t\t<div class=\"icon-inner\" >\n\t\t\t\t\t\t<img loading=\"lazy\" decoding=\"async\" width=\"400\" height=\"400\" src=\"https:\/\/settopsurvey.com\/settop_website\/wp-content\/uploads\/Settop-M1-hand-400x400.png\" class=\"attachment-medium size-medium\" alt=\"\" srcset=\"https:\/\/settopsurvey.com\/settop_website\/wp-content\/uploads\/Settop-M1-hand-400x400.png 400w, https:\/\/settopsurvey.com\/settop_website\/wp-content\/uploads\/Settop-M1-hand-280x280.png 280w, https:\/\/settopsurvey.com\/settop_website\/wp-content\/uploads\/Settop-M1-hand-300x300.png 300w, https:\/\/settopsurvey.com\/settop_website\/wp-content\/uploads\/Settop-M1-hand-100x100.png 100w, https:\/\/settopsurvey.com\/settop_website\/wp-content\/uploads\/Settop-M1-hand.png 425w\" sizes=\"auto, (max-width: 400px) 100vw, 400px\" \/>\t\t\t\t\t<\/div>\n\t\t\t\t<\/div>\n\t\t\t<\/div>\n\t\t\t\t<div class=\"icon-box-text last-reset\">\n\t\t\t\t\t\t\t\t\t\n<h3 style=\"text-align: center;\">Innovaci\u00f3n<\/h3>\n<p style=\"text-align: center;\">Tecnolog\u00edas del futuro para trabajar nuestro presente<\/p>\n\t\t<\/div>\n\t<\/div>\n\t\n\t\n\t\t<\/div>\n\t\t\t\t\t<\/div>\n\n\t\n\n\t<div id=\"col-1604459446\" class=\"col medium-3 small-6 large-3\"  >\n\t\t\t\t<div class=\"col-inner\"  >\n\t\t\t\n\t\t\t\n\n\t\t<div class=\"icon-box featured-box icon-box-center text-center\"  >\n\t\t\t\t\t<div class=\"icon-box-img\" style=\"width: 182px\">\n\t\t\t\t<div class=\"icon\">\n\t\t\t\t\t<div class=\"icon-inner\" >\n\t\t\t\t\t\t<img loading=\"lazy\" decoding=\"async\" width=\"400\" height=\"400\" src=\"https:\/\/settopsurvey.com\/settop_website\/wp-content\/uploads\/Settop-Battery-ADL-3-400x400.png\" class=\"attachment-medium size-medium\" alt=\"\" srcset=\"https:\/\/settopsurvey.com\/settop_website\/wp-content\/uploads\/Settop-Battery-ADL-3-400x400.png 400w, https:\/\/settopsurvey.com\/settop_website\/wp-content\/uploads\/Settop-Battery-ADL-3-280x280.png 280w, https:\/\/settopsurvey.com\/settop_website\/wp-content\/uploads\/Settop-Battery-ADL-3-300x300.png 300w, https:\/\/settopsurvey.com\/settop_website\/wp-content\/uploads\/Settop-Battery-ADL-3-100x100.png 100w, https:\/\/settopsurvey.com\/settop_website\/wp-content\/uploads\/Settop-Battery-ADL-3.png 425w\" sizes=\"auto, (max-width: 400px) 100vw, 400px\" \/>\t\t\t\t\t<\/div>\n\t\t\t\t<\/div>\n\t\t\t<\/div>\n\t\t\t\t<div class=\"icon-box-text last-reset\">\n\t\t\t\t\t\t\t\t\t\n<div class=\"title\">\n<h3 style=\"text-align: center;\">Diferenciaci\u00f3n<\/h3>\n<p style=\"text-align: center;\">Desarrollos y tecnolog\u00edas altamente diferenciados<\/p>\n<\/div>\n\t\t<\/div>\n\t<\/div>\n\t\n\t\n\t\t<\/div>\n\t\t\t\t\t<\/div>\n\n\t\n\n\t<div id=\"col-1182920320\" class=\"col medium-3 small-6 large-3\"  >\n\t\t\t\t<div class=\"col-inner\"  >\n\t\t\t\n\t\t\t\n\n\t\t<div class=\"icon-box featured-box icon-box-center text-center\"  >\n\t\t\t\t\t<div class=\"icon-box-img\" style=\"width: 182px\">\n\t\t\t\t<div class=\"icon\">\n\t\t\t\t\t<div class=\"icon-inner\" >\n\t\t\t\t\t\t<img loading=\"lazy\" decoding=\"async\" width=\"400\" height=\"400\" src=\"https:\/\/settopsurvey.com\/settop_website\/wp-content\/uploads\/Settop-M1-maleta-400x400.png\" class=\"attachment-medium size-medium\" alt=\"\" srcset=\"https:\/\/settopsurvey.com\/settop_website\/wp-content\/uploads\/Settop-M1-maleta-400x400.png 400w, https:\/\/settopsurvey.com\/settop_website\/wp-content\/uploads\/Settop-M1-maleta-280x280.png 280w, https:\/\/settopsurvey.com\/settop_website\/wp-content\/uploads\/Settop-M1-maleta-300x300.png 300w, https:\/\/settopsurvey.com\/settop_website\/wp-content\/uploads\/Settop-M1-maleta-100x100.png 100w, https:\/\/settopsurvey.com\/settop_website\/wp-content\/uploads\/Settop-M1-maleta.png 425w\" sizes=\"auto, (max-width: 400px) 100vw, 400px\" \/>\t\t\t\t\t<\/div>\n\t\t\t\t<\/div>\n\t\t\t<\/div>\n\t\t\t\t<div class=\"icon-box-text last-reset\">\n\t\t\t\t\t\t\t\t\t\n<div class=\"title\">\n<h3 style=\"text-align: center;\">Servicio al cliente<\/h3>\n<p style=\"text-align: center;\">Pensar diferente para encontrar soluciones diferentes<\/p>\n<\/div>\n\t\t<\/div>\n\t<\/div>\n\t\n\t\n\t\t<\/div>\n\t\t\t\t\t<\/div>\n\n\t\n\n\t<div id=\"col-1554108174\" class=\"col medium-3 small-6 large-3\"  >\n\t\t\t\t<div class=\"col-inner\"  >\n\t\t\t\n\t\t\t\n\n\t\t<div class=\"icon-box featured-box icon-box-center text-center\"  >\n\t\t\t\t\t<div class=\"icon-box-img\" style=\"width: 181px\">\n\t\t\t\t<div class=\"icon\">\n\t\t\t\t\t<div class=\"icon-inner\" >\n\t\t\t\t\t\t<img loading=\"lazy\" decoding=\"async\" width=\"400\" height=\"400\" src=\"https:\/\/settopsurvey.com\/settop_website\/wp-content\/uploads\/Settop-M1-3-2-400x400.png\" class=\"attachment-medium size-medium\" alt=\"\" srcset=\"https:\/\/settopsurvey.com\/settop_website\/wp-content\/uploads\/Settop-M1-3-2-400x400.png 400w, https:\/\/settopsurvey.com\/settop_website\/wp-content\/uploads\/Settop-M1-3-2-280x280.png 280w, https:\/\/settopsurvey.com\/settop_website\/wp-content\/uploads\/Settop-M1-3-2-300x300.png 300w, https:\/\/settopsurvey.com\/settop_website\/wp-content\/uploads\/Settop-M1-3-2-100x100.png 100w, https:\/\/settopsurvey.com\/settop_website\/wp-content\/uploads\/Settop-M1-3-2.png 425w\" sizes=\"auto, (max-width: 400px) 100vw, 400px\" \/>\t\t\t\t\t<\/div>\n\t\t\t\t<\/div>\n\t\t\t<\/div>\n\t\t\t\t<div class=\"icon-box-text last-reset\">\n\t\t\t\t\t\t\t\t\t\n<div class=\"title\">\n<h3 style=\"text-align: center;\">Creatividad<\/h3>\n<p style=\"text-align: center;\">Pensar diferente para encontrar soluciones diferentes<\/p>\n<\/div>\n\t\t<\/div>\n\t<\/div>\n\t\n\t\n\t\t<\/div>\n\t\t\t\t\t<\/div>\n\n\t\n<\/div>\n","protected":false},"excerpt":{"rendered":"<p>Geoposicionamiento y soluciones topogr\u00e1ficas a medida SETTOPSurvey es una empresa especializada en el desarrollo de tecnolog\u00edas de geoposicionamiento y soluciones topogr\u00e1ficas a medida. Desde nuestro nacimiento en 1988, la innovaci\u00f3n y el trato personalizado con nuestros clientes han estado en el centro de nuestra estrategia, desarrollando productos y aplicaciones para importantes proyectos de ingenier\u00eda y [&#8230;]\n","protected":false},"author":1,"featured_media":0,"parent":0,"menu_order":0,"comment_status":"closed","ping_status":"closed","template":"","meta":{"footnotes":""},"class_list":["post-886","page","type-page","status-publish","hentry"],"yoast_head":"<!-- This site is optimized with the Yoast SEO plugin v27.3 - https:\/\/yoast.com\/product\/yoast-seo-wordpress\/ -->\n<title>Qui\u00e9nes somos - Settop<\/title>\n<meta name=\"description\" content=\"Para saber qui\u00e9nes somos, descubre las soluciones topogr\u00e1ficas a medida que SETTOPSurvey ha desarrollado en proyectos de todo el mundo. \u00a1Cont\u00e1ctanos!\" \/>\n<meta name=\"robots\" content=\"index, follow, max-snippet:-1, max-image-preview:large, max-video-preview:-1\" \/>\n<link rel=\"canonical\" href=\"https:\/\/settopsurvey.com\/settop_website\/es\/quienes-somos\/\" \/>\n<meta property=\"og:locale\" content=\"es_ES\" \/>\n<meta property=\"og:type\" content=\"article\" \/>\n<meta property=\"og:title\" content=\"Qui\u00e9nes somos - Settop\" \/>\n<meta property=\"og:description\" content=\"Para saber qui\u00e9nes somos, descubre las soluciones topogr\u00e1ficas a medida que SETTOPSurvey ha desarrollado en proyectos de todo el mundo. \u00a1Cont\u00e1ctanos!\" \/>\n<meta property=\"og:url\" content=\"https:\/\/settopsurvey.com\/settop_website\/es\/quienes-somos\/\" \/>\n<meta property=\"og:site_name\" content=\"Settop\" \/>\n<meta property=\"article:modified_time\" content=\"2019-10-21T08:17:44+00:00\" \/>\n<meta name=\"twitter:card\" content=\"summary_large_image\" \/>\n<meta name=\"twitter:label1\" content=\"Tiempo de lectura\" \/>\n\t<meta name=\"twitter:data1\" content=\"2 minutos\" \/>\n<script type=\"application\/ld+json\" class=\"yoast-schema-graph\">{\"@context\":\"https:\\\/\\\/schema.org\",\"@graph\":[{\"@type\":\"WebPage\",\"@id\":\"https:\\\/\\\/settopsurvey.com\\\/settop_website\\\/es\\\/quienes-somos\\\/\",\"url\":\"https:\\\/\\\/settopsurvey.com\\\/settop_website\\\/es\\\/quienes-somos\\\/\",\"name\":\"Qui\u00e9nes somos - Settop\",\"isPartOf\":{\"@id\":\"https:\\\/\\\/settopsurvey.com\\\/settop_website\\\/#website\"},\"datePublished\":\"2019-06-19T14:58:42+00:00\",\"dateModified\":\"2019-10-21T08:17:44+00:00\",\"description\":\"Para saber qui\u00e9nes somos, descubre las soluciones topogr\u00e1ficas a medida que SETTOPSurvey ha desarrollado en proyectos de todo el mundo. \u00a1Cont\u00e1ctanos!\",\"breadcrumb\":{\"@id\":\"https:\\\/\\\/settopsurvey.com\\\/settop_website\\\/es\\\/quienes-somos\\\/#breadcrumb\"},\"inLanguage\":\"es\",\"potentialAction\":[{\"@type\":\"ReadAction\",\"target\":[\"https:\\\/\\\/settopsurvey.com\\\/settop_website\\\/es\\\/quienes-somos\\\/\"]}]},{\"@type\":\"BreadcrumbList\",\"@id\":\"https:\\\/\\\/settopsurvey.com\\\/settop_website\\\/es\\\/quienes-somos\\\/#breadcrumb\",\"itemListElement\":[{\"@type\":\"ListItem\",\"position\":1,\"name\":\"Portada\",\"item\":\"https:\\\/\\\/settopsurvey.com\\\/settop_website\\\/\"},{\"@type\":\"ListItem\",\"position\":2,\"name\":\"Qui\u00e9nes somos\"}]},{\"@type\":\"WebSite\",\"@id\":\"https:\\\/\\\/settopsurvey.com\\\/settop_website\\\/#website\",\"url\":\"https:\\\/\\\/settopsurvey.com\\\/settop_website\\\/\",\"name\":\"Settop\",\"description\":\"Advanced technology in surveying instruments\",\"potentialAction\":[{\"@type\":\"SearchAction\",\"target\":{\"@type\":\"EntryPoint\",\"urlTemplate\":\"https:\\\/\\\/settopsurvey.com\\\/settop_website\\\/?s={search_term_string}\"},\"query-input\":{\"@type\":\"PropertyValueSpecification\",\"valueRequired\":true,\"valueName\":\"search_term_string\"}}],\"inLanguage\":\"es\"}]}<\/script>\n<!-- \/ Yoast SEO plugin. -->","yoast_head_json":{"title":"Qui\u00e9nes somos - Settop","description":"Para saber qui\u00e9nes somos, descubre las soluciones topogr\u00e1ficas a medida que SETTOPSurvey ha desarrollado en proyectos de todo el mundo. \u00a1Cont\u00e1ctanos!","robots":{"index":"index","follow":"follow","max-snippet":"max-snippet:-1","max-image-preview":"max-image-preview:large","max-video-preview":"max-video-preview:-1"},"canonical":"https:\/\/settopsurvey.com\/settop_website\/es\/quienes-somos\/","og_locale":"es_ES","og_type":"article","og_title":"Qui\u00e9nes somos - Settop","og_description":"Para saber qui\u00e9nes somos, descubre las soluciones topogr\u00e1ficas a medida que SETTOPSurvey ha desarrollado en proyectos de todo el mundo. \u00a1Cont\u00e1ctanos!","og_url":"https:\/\/settopsurvey.com\/settop_website\/es\/quienes-somos\/","og_site_name":"Settop","article_modified_time":"2019-10-21T08:17:44+00:00","twitter_card":"summary_large_image","twitter_misc":{"Tiempo de lectura":"2 minutos"},"schema":{"@context":"https:\/\/schema.org","@graph":[{"@type":"WebPage","@id":"https:\/\/settopsurvey.com\/settop_website\/es\/quienes-somos\/","url":"https:\/\/settopsurvey.com\/settop_website\/es\/quienes-somos\/","name":"Qui\u00e9nes somos - Settop","isPartOf":{"@id":"https:\/\/settopsurvey.com\/settop_website\/#website"},"datePublished":"2019-06-19T14:58:42+00:00","dateModified":"2019-10-21T08:17:44+00:00","description":"Para saber qui\u00e9nes somos, descubre las soluciones topogr\u00e1ficas a medida que SETTOPSurvey ha desarrollado en proyectos de todo el mundo. \u00a1Cont\u00e1ctanos!","breadcrumb":{"@id":"https:\/\/settopsurvey.com\/settop_website\/es\/quienes-somos\/#breadcrumb"},"inLanguage":"es","potentialAction":[{"@type":"ReadAction","target":["https:\/\/settopsurvey.com\/settop_website\/es\/quienes-somos\/"]}]},{"@type":"BreadcrumbList","@id":"https:\/\/settopsurvey.com\/settop_website\/es\/quienes-somos\/#breadcrumb","itemListElement":[{"@type":"ListItem","position":1,"name":"Portada","item":"https:\/\/settopsurvey.com\/settop_website\/"},{"@type":"ListItem","position":2,"name":"Qui\u00e9nes somos"}]},{"@type":"WebSite","@id":"https:\/\/settopsurvey.com\/settop_website\/#website","url":"https:\/\/settopsurvey.com\/settop_website\/","name":"Settop","description":"Advanced technology in surveying instruments","potentialAction":[{"@type":"SearchAction","target":{"@type":"EntryPoint","urlTemplate":"https:\/\/settopsurvey.com\/settop_website\/?s={search_term_string}"},"query-input":{"@type":"PropertyValueSpecification","valueRequired":true,"valueName":"search_term_string"}}],"inLanguage":"es"}]}},"_links":{"self":[{"href":"https:\/\/settopsurvey.com\/settop_website\/wp-json\/wp\/v2\/pages\/886","targetHints":{"allow":["GET"]}}],"collection":[{"href":"https:\/\/settopsurvey.com\/settop_website\/wp-json\/wp\/v2\/pages"}],"about":[{"href":"https:\/\/settopsurvey.com\/settop_website\/wp-json\/wp\/v2\/types\/page"}],"author":[{"embeddable":true,"href":"https:\/\/settopsurvey.com\/settop_website\/wp-json\/wp\/v2\/users\/1"}],"replies":[{"embeddable":true,"href":"https:\/\/settopsurvey.com\/settop_website\/wp-json\/wp\/v2\/comments?post=886"}],"version-history":[{"count":5,"href":"https:\/\/settopsurvey.com\/settop_website\/wp-json\/wp\/v2\/pages\/886\/revisions"}],"predecessor-version":[{"id":1980,"href":"https:\/\/settopsurvey.com\/settop_website\/wp-json\/wp\/v2\/pages\/886\/revisions\/1980"}],"wp:attachment":[{"href":"https:\/\/settopsurvey.com\/settop_website\/wp-json\/wp\/v2\/media?parent=886"}],"curies":[{"name":"wp","href":"https:\/\/api.w.org\/{rel}","templated":true}]}}