{"id":884,"date":"2019-06-19T16:57:50","date_gmt":"2019-06-19T14:57:50","guid":{"rendered":"http:\/\/settopsurvey.com\/settop_website\/?page_id=884"},"modified":"2019-10-21T09:52:57","modified_gmt":"2019-10-21T07:52:57","slug":"agricultura-de-precision","status":"publish","type":"page","link":"https:\/\/settopsurvey.com\/settop_website\/es\/agricultura-de-precision\/","title":{"rendered":"Agricultura de precisi\u00f3n"},"content":{"rendered":"<div class=\"row\"  id=\"row-1754434138\">\n\n\t<div id=\"col-890950282\" class=\"col medium-6 small-12 large-6\"  >\n\t\t\t\t<div class=\"col-inner\"  >\n\t\t\t\n\t\t\t\n<h1>Tecnolog\u00edas para la agricultura de precisi\u00f3n<\/h1>\n<p>La ampl\u00edsima experiencia de SETTOPSurvey en el campo de las mediciones topogr\u00e1ficas nos permite proporcionar soluciones para los trabajos de agricultura de precisi\u00f3n as\u00ed como configurar sistemas a medida para problemas espec\u00edficos de un proyecto. En nuestra empresa tenemos el compromiso de dar respuesta a aquellos agricultores que incorporan la tecnolog\u00eda en sus procesos de trabajo y nos esforzamos para proporcionarles soluciones innovadoras de guiado y posicionamiento que se adapten a sus necesidades y a las de su explotaci\u00f3n. Entre los servicios de SETTOPSurvey en este campo, destaca la posibilidad de contar con una base de referencia GNSS RTK instalada permanentemente con comunicaci\u00f3n a trav\u00e9s de radio, m\u00f3dem o repetidores para la recepci\u00f3n de correcciones diferenciales, dispositivos repetidores de se\u00f1al, m\u00f3dems o cualquier otro tipo de accesorio de comunicaci\u00f3n.<\/p>\n<hr \/>\n<h3>Topograf\u00eda para optimizar el trabajo agr\u00edcola<\/h3>\n<p>Con el objetivo de optimizar las cosechas y el rendimiento de las propiedades agr\u00edcolas, la agricultura de precisi\u00f3n requiere del establecimiento de sistemas fiables, robustos y de f\u00e1cil uso que garanticen el correcto posicionamiento de la maquinaria, su guiado en las labores del campo y la correcta comunicaci\u00f3n entre ellos. Las soluciones de SETTOPSurvey para topograf\u00eda se adaptan perfectamente a estos requerimientos garantizando la precisi\u00f3n total en los procesos de geoposicionamiento y tambi\u00e9n en la recogida y gesti\u00f3n de los datos.<\/p>\n<h3>Software y Hardware para optimizar la agricultura<\/h3>\n<p>Los diversos productos de medici\u00f3n topogr\u00e1fica de SETTOPSurvey pueden conceptualizarse y adaptarse para optimizar trabajos agr\u00edcolas abarcando tanto aplicaciones de software como adaptaciones de hardware espec\u00edficamente orientadas a solventar problemas y optimizar procesos de la manera m\u00e1s f\u00e1cil e intuitiva.<\/p>\n<hr \/>\n<p>Si trabajas en el sector agr\u00edcola y quieres incorporar la tecnolog\u00eda para mejorar tu rendimiento, consulta con nuestros expertos. Encontraremos la soluci\u00f3n que mejor se adapte a tus necesidades.<\/p>\n\t\t<\/div>\n\t\t\t\t\t<\/div>\n\n\t\n\n\t<div id=\"col-1728755550\" class=\"col medium-6 small-12 large-6\"  >\n\t\t\t\t<div class=\"col-inner\"  >\n\t\t\t\n\t\t\t\n\t<div class=\"img has-hover x md-x lg-x y md-y lg-y\" id=\"image_1514450188\">\n\t\t\t\t\t\t\t\t<div class=\"img-inner dark\" >\n\t\t\t<img loading=\"lazy\" decoding=\"async\" width=\"628\" height=\"800\" src=\"https:\/\/settopsurvey.com\/settop_website\/wp-content\/uploads\/sector_agriculture-hr-628x800.png\" class=\"attachment-large size-large\" alt=\"\" srcset=\"https:\/\/settopsurvey.com\/settop_website\/wp-content\/uploads\/sector_agriculture-hr.png 628w, https:\/\/settopsurvey.com\/settop_website\/wp-content\/uploads\/sector_agriculture-hr-314x400.png 314w, https:\/\/settopsurvey.com\/settop_website\/wp-content\/uploads\/sector_agriculture-hr-600x764.png 600w\" sizes=\"auto, (max-width: 628px) 100vw, 628px\" \/>\t\t\t\t\t\t\n\t\t\t\t\t<\/div>\n\t\t\t\t\t\t\t\t\n<style>\n#image_1514450188 {\n  width: 100%;\n}\n<\/style>\n\t<\/div>\n\t\n\t\t<\/div>\n\t\t\t\t\t<\/div>\n\n\t\n<\/div>\n<div class=\"container section-title-container\" ><h1 class=\"section-title section-title-normal\"><b aria-hidden=\"true\"><\/b><span class=\"section-title-main\" >Productos para agricultura de precisi\u00f3n<\/span><b aria-hidden=\"true\"><\/b><\/h1><\/div>\n<div class=\"woocommerce columns-4 \"><div class=\"products row row-small large-columns-4 medium-columns-3 small-columns-2 has-equal-box-heights equalize-box\">\n<div class=\"product-small col has-hover product type-product post-731 status-publish first instock product_cat-engineering-monitoring product_cat-maritime-works product_cat-mining-works-monitoring product_cat-monitoring product_cat-others product_cat-precision-agriculture product_cat-repeaters-modems has-post-thumbnail shipping-taxable product-type-simple\">\n\t<div class=\"col-inner\">\n\t\n<div class=\"badge-container absolute left top z-1\">\n\n<\/div>\n\t<div class=\"product-small box \">\n\t\t<div class=\"box-image\">\n\t\t\t<div class=\"image-zoom\">\n\t\t\t\t<a href=\"https:\/\/settopsurvey.com\/settop_website\/product\/settop-cellxtrem\/\">\n\t\t\t\t\t<img loading=\"lazy\" decoding=\"async\" width=\"300\" height=\"300\" src=\"https:\/\/settopsurvey.com\/settop_website\/wp-content\/uploads\/Settop-CellXtrem-4-300x300.png\" class=\"attachment-woocommerce_thumbnail size-woocommerce_thumbnail\" alt=\"Settop CellXtrem\" srcset=\"https:\/\/settopsurvey.com\/settop_website\/wp-content\/uploads\/Settop-CellXtrem-4-300x300.png 300w, https:\/\/settopsurvey.com\/settop_website\/wp-content\/uploads\/Settop-CellXtrem-4-280x280.png 280w, https:\/\/settopsurvey.com\/settop_website\/wp-content\/uploads\/Settop-CellXtrem-4-400x400.png 400w, https:\/\/settopsurvey.com\/settop_website\/wp-content\/uploads\/Settop-CellXtrem-4-100x100.png 100w, https:\/\/settopsurvey.com\/settop_website\/wp-content\/uploads\/Settop-CellXtrem-4.png 425w\" sizes=\"auto, (max-width: 300px) 100vw, 300px\" \/>\t\t\t\t<\/a>\n\t\t\t<\/div>\n\t\t\t<div class=\"image-tools is-small top right show-on-hover\">\n\t\t\t\t\t\t\t<\/div>\n\t\t\t<div class=\"image-tools is-small hide-for-small bottom left show-on-hover\">\n\t\t\t\t\t\t\t<\/div>\n\t\t\t<div class=\"image-tools grid-tools text-center hide-for-small bottom hover-slide-in show-on-hover\">\n\t\t\t\t\t\t\t<\/div>\n\t\t\t\t\t<\/div>\n\n\t\t<div class=\"box-text box-text-products text-center grid-style-2\">\n\t\t\t<div class=\"title-wrapper\">\t\t<p class=\"category uppercase is-smaller no-text-overflow product-cat op-8\">\n\t\t\tEngineering - Monitoring\t\t<\/p>\n\t<p class=\"name product-title woocommerce-loop-product__title\"><a href=\"https:\/\/settopsurvey.com\/settop_website\/product\/settop-cellxtrem\/\" class=\"woocommerce-LoopProduct-link woocommerce-loop-product__link\">Settop CellXtrem<\/a><\/p><\/div><div class=\"price-wrapper\">\n<\/div>\t\t<\/div>\n\t<\/div>\n\t\t<\/div>\n<\/div><div class=\"product-small col has-hover product type-product post-730 status-publish instock product_cat-others product_cat-precision-agriculture product_cat-repeaters-modems has-post-thumbnail shipping-taxable product-type-simple\">\n\t<div class=\"col-inner\">\n\t\n<div class=\"badge-container absolute left top z-1\">\n\n<\/div>\n\t<div class=\"product-small box \">\n\t\t<div class=\"box-image\">\n\t\t\t<div class=\"image-zoom\">\n\t\t\t\t<a href=\"https:\/\/settopsurvey.com\/settop_website\/product\/settop-radiolink\/\">\n\t\t\t\t\t<img loading=\"lazy\" decoding=\"async\" width=\"300\" height=\"300\" src=\"https:\/\/settopsurvey.com\/settop_website\/wp-content\/uploads\/Settop-radiolink-300x300.png\" class=\"attachment-woocommerce_thumbnail size-woocommerce_thumbnail\" alt=\"Settop RadioLink\" srcset=\"https:\/\/settopsurvey.com\/settop_website\/wp-content\/uploads\/Settop-radiolink-300x300.png 300w, https:\/\/settopsurvey.com\/settop_website\/wp-content\/uploads\/Settop-radiolink-280x280.png 280w, https:\/\/settopsurvey.com\/settop_website\/wp-content\/uploads\/Settop-radiolink-400x400.png 400w, https:\/\/settopsurvey.com\/settop_website\/wp-content\/uploads\/Settop-radiolink-100x100.png 100w, https:\/\/settopsurvey.com\/settop_website\/wp-content\/uploads\/Settop-radiolink.png 425w\" sizes=\"auto, (max-width: 300px) 100vw, 300px\" \/>\t\t\t\t<\/a>\n\t\t\t<\/div>\n\t\t\t<div class=\"image-tools is-small top right show-on-hover\">\n\t\t\t\t\t\t\t<\/div>\n\t\t\t<div class=\"image-tools is-small hide-for-small bottom left show-on-hover\">\n\t\t\t\t\t\t\t<\/div>\n\t\t\t<div class=\"image-tools grid-tools text-center hide-for-small bottom hover-slide-in show-on-hover\">\n\t\t\t\t\t\t\t<\/div>\n\t\t\t\t\t<\/div>\n\n\t\t<div class=\"box-text box-text-products text-center grid-style-2\">\n\t\t\t<div class=\"title-wrapper\">\t\t<p class=\"category uppercase is-smaller no-text-overflow product-cat op-8\">\n\t\t\tOthers\t\t<\/p>\n\t<p class=\"name product-title woocommerce-loop-product__title\"><a href=\"https:\/\/settopsurvey.com\/settop_website\/product\/settop-radiolink\/\" class=\"woocommerce-LoopProduct-link woocommerce-loop-product__link\">Settop RadioLink<\/a><\/p><\/div><div class=\"price-wrapper\">\n<\/div>\t\t<\/div>\n\t<\/div>\n\t\t<\/div>\n<\/div><div class=\"product-small col has-hover product type-product post-729 status-publish instock product_cat-maritime-works product_cat-mining-works-monitoring product_cat-precision-agriculture product_cat-repeaters-modems has-post-thumbnail shipping-taxable product-type-simple\">\n\t<div class=\"col-inner\">\n\t\n<div class=\"badge-container absolute left top z-1\">\n\n<\/div>\n\t<div class=\"product-small box \">\n\t\t<div class=\"box-image\">\n\t\t\t<div class=\"image-zoom\">\n\t\t\t\t<a href=\"https:\/\/settopsurvey.com\/settop_website\/product\/settop-repeater\/\">\n\t\t\t\t\t<img loading=\"lazy\" decoding=\"async\" width=\"300\" height=\"300\" src=\"https:\/\/settopsurvey.com\/settop_website\/wp-content\/uploads\/Settop-Repeater-1-300x300.png\" class=\"attachment-woocommerce_thumbnail size-woocommerce_thumbnail\" alt=\"Settop Repeater\" srcset=\"https:\/\/settopsurvey.com\/settop_website\/wp-content\/uploads\/Settop-Repeater-1-300x300.png 300w, https:\/\/settopsurvey.com\/settop_website\/wp-content\/uploads\/Settop-Repeater-1-280x280.png 280w, https:\/\/settopsurvey.com\/settop_website\/wp-content\/uploads\/Settop-Repeater-1-400x400.png 400w, https:\/\/settopsurvey.com\/settop_website\/wp-content\/uploads\/Settop-Repeater-1-100x100.png 100w, https:\/\/settopsurvey.com\/settop_website\/wp-content\/uploads\/Settop-Repeater-1.png 425w\" sizes=\"auto, (max-width: 300px) 100vw, 300px\" \/>\t\t\t\t<\/a>\n\t\t\t<\/div>\n\t\t\t<div class=\"image-tools is-small top right show-on-hover\">\n\t\t\t\t\t\t\t<\/div>\n\t\t\t<div class=\"image-tools is-small hide-for-small bottom left show-on-hover\">\n\t\t\t\t\t\t\t<\/div>\n\t\t\t<div class=\"image-tools grid-tools text-center hide-for-small bottom hover-slide-in show-on-hover\">\n\t\t\t\t\t\t\t<\/div>\n\t\t\t\t\t<\/div>\n\n\t\t<div class=\"box-text box-text-products text-center grid-style-2\">\n\t\t\t<div class=\"title-wrapper\">\t\t<p class=\"category uppercase is-smaller no-text-overflow product-cat op-8\">\n\t\t\tMaritime Works\t\t<\/p>\n\t<p class=\"name product-title woocommerce-loop-product__title\"><a href=\"https:\/\/settopsurvey.com\/settop_website\/product\/settop-repeater\/\" class=\"woocommerce-LoopProduct-link woocommerce-loop-product__link\">Settop Repeater<\/a><\/p><\/div><div class=\"price-wrapper\">\n<\/div>\t\t<\/div>\n\t<\/div>\n\t\t<\/div>\n<\/div><\/div><!-- row -->\n<\/div>\n","protected":false},"excerpt":{"rendered":"","protected":false},"author":1,"featured_media":0,"parent":0,"menu_order":0,"comment_status":"closed","ping_status":"closed","template":"","meta":{"footnotes":""},"class_list":["post-884","page","type-page","status-publish","hentry"],"yoast_head":"<!-- This site is optimized with the Yoast SEO plugin v27.3 - https:\/\/yoast.com\/product\/yoast-seo-wordpress\/ -->\n<title>Agricultura de precisi\u00f3n - Settop<\/title>\n<meta name=\"description\" content=\"Somos expertos en desarrollo de tecnolog\u00edas para la agricultura de precisi\u00f3n. Si apuestas por la innovaci\u00f3n en tu explotaci\u00f3n, no dudes en contactarnos.\" \/>\n<meta name=\"robots\" content=\"index, follow, max-snippet:-1, max-image-preview:large, max-video-preview:-1\" \/>\n<link rel=\"canonical\" href=\"https:\/\/settopsurvey.com\/settop_website\/es\/agricultura-de-precision\/\" \/>\n<meta property=\"og:locale\" content=\"es_ES\" \/>\n<meta property=\"og:type\" content=\"article\" \/>\n<meta property=\"og:title\" content=\"Agricultura de precisi\u00f3n - Settop\" \/>\n<meta property=\"og:description\" content=\"Somos expertos en desarrollo de tecnolog\u00edas para la agricultura de precisi\u00f3n. Si apuestas por la innovaci\u00f3n en tu explotaci\u00f3n, no dudes en contactarnos.\" \/>\n<meta property=\"og:url\" content=\"https:\/\/settopsurvey.com\/settop_website\/es\/agricultura-de-precision\/\" \/>\n<meta property=\"og:site_name\" content=\"Settop\" \/>\n<meta property=\"article:modified_time\" content=\"2019-10-21T07:52:57+00:00\" \/>\n<meta name=\"twitter:card\" content=\"summary_large_image\" \/>\n<meta name=\"twitter:label1\" content=\"Tiempo de lectura\" \/>\n\t<meta name=\"twitter:data1\" content=\"2 minutos\" \/>\n<script type=\"application\/ld+json\" class=\"yoast-schema-graph\">{\"@context\":\"https:\\\/\\\/schema.org\",\"@graph\":[{\"@type\":\"WebPage\",\"@id\":\"https:\\\/\\\/settopsurvey.com\\\/settop_website\\\/es\\\/agricultura-de-precision\\\/\",\"url\":\"https:\\\/\\\/settopsurvey.com\\\/settop_website\\\/es\\\/agricultura-de-precision\\\/\",\"name\":\"Agricultura de precisi\u00f3n - Settop\",\"isPartOf\":{\"@id\":\"https:\\\/\\\/settopsurvey.com\\\/settop_website\\\/#website\"},\"datePublished\":\"2019-06-19T14:57:50+00:00\",\"dateModified\":\"2019-10-21T07:52:57+00:00\",\"description\":\"Somos expertos en desarrollo de tecnolog\u00edas para la agricultura de precisi\u00f3n. Si apuestas por la innovaci\u00f3n en tu explotaci\u00f3n, no dudes en contactarnos.\",\"breadcrumb\":{\"@id\":\"https:\\\/\\\/settopsurvey.com\\\/settop_website\\\/es\\\/agricultura-de-precision\\\/#breadcrumb\"},\"inLanguage\":\"es\",\"potentialAction\":[{\"@type\":\"ReadAction\",\"target\":[\"https:\\\/\\\/settopsurvey.com\\\/settop_website\\\/es\\\/agricultura-de-precision\\\/\"]}]},{\"@type\":\"BreadcrumbList\",\"@id\":\"https:\\\/\\\/settopsurvey.com\\\/settop_website\\\/es\\\/agricultura-de-precision\\\/#breadcrumb\",\"itemListElement\":[{\"@type\":\"ListItem\",\"position\":1,\"name\":\"Portada\",\"item\":\"https:\\\/\\\/settopsurvey.com\\\/settop_website\\\/\"},{\"@type\":\"ListItem\",\"position\":2,\"name\":\"Agricultura de precisi\u00f3n\"}]},{\"@type\":\"WebSite\",\"@id\":\"https:\\\/\\\/settopsurvey.com\\\/settop_website\\\/#website\",\"url\":\"https:\\\/\\\/settopsurvey.com\\\/settop_website\\\/\",\"name\":\"Settop\",\"description\":\"Advanced technology in surveying instruments\",\"potentialAction\":[{\"@type\":\"SearchAction\",\"target\":{\"@type\":\"EntryPoint\",\"urlTemplate\":\"https:\\\/\\\/settopsurvey.com\\\/settop_website\\\/?s={search_term_string}\"},\"query-input\":{\"@type\":\"PropertyValueSpecification\",\"valueRequired\":true,\"valueName\":\"search_term_string\"}}],\"inLanguage\":\"es\"}]}<\/script>\n<!-- \/ Yoast SEO plugin. -->","yoast_head_json":{"title":"Agricultura de precisi\u00f3n - Settop","description":"Somos expertos en desarrollo de tecnolog\u00edas para la agricultura de precisi\u00f3n. Si apuestas por la innovaci\u00f3n en tu explotaci\u00f3n, no dudes en contactarnos.","robots":{"index":"index","follow":"follow","max-snippet":"max-snippet:-1","max-image-preview":"max-image-preview:large","max-video-preview":"max-video-preview:-1"},"canonical":"https:\/\/settopsurvey.com\/settop_website\/es\/agricultura-de-precision\/","og_locale":"es_ES","og_type":"article","og_title":"Agricultura de precisi\u00f3n - Settop","og_description":"Somos expertos en desarrollo de tecnolog\u00edas para la agricultura de precisi\u00f3n. Si apuestas por la innovaci\u00f3n en tu explotaci\u00f3n, no dudes en contactarnos.","og_url":"https:\/\/settopsurvey.com\/settop_website\/es\/agricultura-de-precision\/","og_site_name":"Settop","article_modified_time":"2019-10-21T07:52:57+00:00","twitter_card":"summary_large_image","twitter_misc":{"Tiempo de lectura":"2 minutos"},"schema":{"@context":"https:\/\/schema.org","@graph":[{"@type":"WebPage","@id":"https:\/\/settopsurvey.com\/settop_website\/es\/agricultura-de-precision\/","url":"https:\/\/settopsurvey.com\/settop_website\/es\/agricultura-de-precision\/","name":"Agricultura de precisi\u00f3n - Settop","isPartOf":{"@id":"https:\/\/settopsurvey.com\/settop_website\/#website"},"datePublished":"2019-06-19T14:57:50+00:00","dateModified":"2019-10-21T07:52:57+00:00","description":"Somos expertos en desarrollo de tecnolog\u00edas para la agricultura de precisi\u00f3n. Si apuestas por la innovaci\u00f3n en tu explotaci\u00f3n, no dudes en contactarnos.","breadcrumb":{"@id":"https:\/\/settopsurvey.com\/settop_website\/es\/agricultura-de-precision\/#breadcrumb"},"inLanguage":"es","potentialAction":[{"@type":"ReadAction","target":["https:\/\/settopsurvey.com\/settop_website\/es\/agricultura-de-precision\/"]}]},{"@type":"BreadcrumbList","@id":"https:\/\/settopsurvey.com\/settop_website\/es\/agricultura-de-precision\/#breadcrumb","itemListElement":[{"@type":"ListItem","position":1,"name":"Portada","item":"https:\/\/settopsurvey.com\/settop_website\/"},{"@type":"ListItem","position":2,"name":"Agricultura de precisi\u00f3n"}]},{"@type":"WebSite","@id":"https:\/\/settopsurvey.com\/settop_website\/#website","url":"https:\/\/settopsurvey.com\/settop_website\/","name":"Settop","description":"Advanced technology in surveying instruments","potentialAction":[{"@type":"SearchAction","target":{"@type":"EntryPoint","urlTemplate":"https:\/\/settopsurvey.com\/settop_website\/?s={search_term_string}"},"query-input":{"@type":"PropertyValueSpecification","valueRequired":true,"valueName":"search_term_string"}}],"inLanguage":"es"}]}},"_links":{"self":[{"href":"https:\/\/settopsurvey.com\/settop_website\/wp-json\/wp\/v2\/pages\/884","targetHints":{"allow":["GET"]}}],"collection":[{"href":"https:\/\/settopsurvey.com\/settop_website\/wp-json\/wp\/v2\/pages"}],"about":[{"href":"https:\/\/settopsurvey.com\/settop_website\/wp-json\/wp\/v2\/types\/page"}],"author":[{"embeddable":true,"href":"https:\/\/settopsurvey.com\/settop_website\/wp-json\/wp\/v2\/users\/1"}],"replies":[{"embeddable":true,"href":"https:\/\/settopsurvey.com\/settop_website\/wp-json\/wp\/v2\/comments?post=884"}],"version-history":[{"count":5,"href":"https:\/\/settopsurvey.com\/settop_website\/wp-json\/wp\/v2\/pages\/884\/revisions"}],"predecessor-version":[{"id":2430,"href":"https:\/\/settopsurvey.com\/settop_website\/wp-json\/wp\/v2\/pages\/884\/revisions\/2430"}],"wp:attachment":[{"href":"https:\/\/settopsurvey.com\/settop_website\/wp-json\/wp\/v2\/media?parent=884"}],"curies":[{"name":"wp","href":"https:\/\/api.w.org\/{rel}","templated":true}]}}