{"id":882,"date":"2019-06-19T16:56:23","date_gmt":"2019-06-19T14:56:23","guid":{"rendered":"http:\/\/settopsurvey.com\/settop_website\/?page_id=882"},"modified":"2019-10-21T10:01:03","modified_gmt":"2019-10-21T08:01:03","slug":"obras-en-mineria-monitoring","status":"publish","type":"page","link":"https:\/\/settopsurvey.com\/settop_website\/es\/obras-en-mineria-monitoring\/","title":{"rendered":"Obras en Miner\u00eda &#8211; Monitoring"},"content":{"rendered":"<div class=\"row\"  id=\"row-1281635326\">\n\n\t<div id=\"col-973069639\" class=\"col medium-6 small-12 large-6\"  >\n\t\t\t\t<div class=\"col-inner\"  >\n\t\t\t\n\t\t\t\n<h1>Soluciones para miner\u00eda<\/h1>\n<p>Porque somos expertos en geoposicionamiento y comunicaciones topogr\u00e1ficas para construcci\u00f3n e ingenier\u00eda, en SETTOPSurvey tambi\u00e9n desarrollamos sistemas de medici\u00f3n capaces de monitorizar complejos trabajos de miner\u00eda. En nuestros m\u00e1s de 30 a\u00f1os de experiencia hemos dado respuestas personalizadas a las necesidades de nuestros clientes, adapt\u00e1ndonos a sus requerimientos para configurar, si es preciso, sistemas a medida. Es as\u00ed como nuestro completo portfolio de productos y aplicaciones inform\u00e1ticas puede configurarse para el campo espec\u00edfico de los sistemas de medici\u00f3n en miner\u00eda.  Entre nuestras soluciones para el campo de la miner\u00eda, podemos llevar a cabo una monitorizaci\u00f3n topogr\u00e1fica permanente a trav\u00e9s de una Estaci\u00f3n Total de alta precisi\u00f3n o bien mediante estaciones de referencia GNSS. A partir de aqu\u00ed, hacemos posible la conexi\u00f3n y env\u00edo de datos de sensores externos a un ordenador central, permitiendo analizar muy f\u00e1cilmente los posibles desplazamientos del terreno.<\/p>\n<hr \/>\n<h3>Software y Hardware para la miner\u00eda<\/h3>\n<p>Con el objetivo de conseguir la m\u00e1xima seguridad en el desarrollo de trabajos mineros, en SETTOPSurvey adaptamos nuestros instrumentos y programas de medici\u00f3n creando soluciones personalizadas que, usando hardware y software, agrupan y centralizan la informaci\u00f3n recabada desde la Estaci\u00f3n Total, o desde las estaciones de referencia GNSS, para poder procesar peri\u00f3dicamente los datos y analizarlos desde un ordenador central.<\/p>\n\t\t<\/div>\n\t\t\t\t\t<\/div>\n\n\t\n\n\t<div id=\"col-1788280168\" class=\"col medium-6 small-12 large-6\"  >\n\t\t\t\t<div class=\"col-inner\"  >\n\t\t\t\n\t\t\t\n\t<div class=\"img has-hover x md-x lg-x y md-y lg-y\" id=\"image_579703635\">\n\t\t\t\t\t\t\t\t<div class=\"img-inner dark\" >\n\t\t\t<img loading=\"lazy\" decoding=\"async\" width=\"628\" height=\"800\" src=\"https:\/\/settopsurvey.com\/settop_website\/wp-content\/uploads\/sector_minas-628x800.png\" class=\"attachment-large size-large\" alt=\"\" srcset=\"https:\/\/settopsurvey.com\/settop_website\/wp-content\/uploads\/sector_minas.png 628w, https:\/\/settopsurvey.com\/settop_website\/wp-content\/uploads\/sector_minas-314x400.png 314w, https:\/\/settopsurvey.com\/settop_website\/wp-content\/uploads\/sector_minas-600x764.png 600w\" sizes=\"auto, (max-width: 628px) 100vw, 628px\" \/>\t\t\t\t\t\t\n\t\t\t\t\t<\/div>\n\t\t\t\t\t\t\t\t\n<style>\n#image_579703635 {\n  width: 100%;\n}\n<\/style>\n\t<\/div>\n\t\n\t\t<\/div>\n\t\t\t\t\t<\/div>\n\n\t\n<\/div>\n<div class=\"container section-title-container\" ><h1 class=\"section-title section-title-normal\"><b aria-hidden=\"true\"><\/b><span class=\"section-title-main\" >Productos para obras en miner\u00eda<\/span><b aria-hidden=\"true\"><\/b><\/h1><\/div>\n<div class=\"woocommerce columns-4 \"><div class=\"products row row-small large-columns-4 medium-columns-3 small-columns-2 has-equal-box-heights equalize-box\">\n<div class=\"product-small col has-hover product type-product post-727 status-publish first instock product_cat-rtk-gps product_cat-communications-for-monitoring product_cat-engineering-monitoring product_cat-mining-works-monitoring product_cat-monitoring has-post-thumbnail shipping-taxable product-type-simple\">\n\t<div class=\"col-inner\">\n\t\n<div class=\"badge-container absolute left top z-1\">\n\n<\/div>\n\t<div class=\"product-small box \">\n\t\t<div class=\"box-image\">\n\t\t\t<div class=\"image-zoom\">\n\t\t\t\t<a href=\"https:\/\/settopsurvey.com\/settop_website\/product\/settop-m1-monitoring-solution\/\">\n\t\t\t\t\t<img loading=\"lazy\" decoding=\"async\" width=\"300\" height=\"300\" src=\"https:\/\/settopsurvey.com\/settop_website\/wp-content\/uploads\/Settop-M1-Monitoring-300x300.png\" class=\"attachment-woocommerce_thumbnail size-woocommerce_thumbnail\" alt=\"Settop M1 Monitoring Solution\" srcset=\"https:\/\/settopsurvey.com\/settop_website\/wp-content\/uploads\/Settop-M1-Monitoring-300x300.png 300w, https:\/\/settopsurvey.com\/settop_website\/wp-content\/uploads\/Settop-M1-Monitoring-400x400.png 400w, https:\/\/settopsurvey.com\/settop_website\/wp-content\/uploads\/Settop-M1-Monitoring-280x280.png 280w, https:\/\/settopsurvey.com\/settop_website\/wp-content\/uploads\/Settop-M1-Monitoring-100x100.png 100w, https:\/\/settopsurvey.com\/settop_website\/wp-content\/uploads\/Settop-M1-Monitoring.png 425w\" sizes=\"auto, (max-width: 300px) 100vw, 300px\" \/>\t\t\t\t<\/a>\n\t\t\t<\/div>\n\t\t\t<div class=\"image-tools is-small top right show-on-hover\">\n\t\t\t\t\t\t\t<\/div>\n\t\t\t<div class=\"image-tools is-small hide-for-small bottom left show-on-hover\">\n\t\t\t\t\t\t\t<\/div>\n\t\t\t<div class=\"image-tools grid-tools text-center hide-for-small bottom hover-slide-in show-on-hover\">\n\t\t\t\t\t\t\t<\/div>\n\t\t\t\t\t<\/div>\n\n\t\t<div class=\"box-text box-text-products text-center grid-style-2\">\n\t\t\t<div class=\"title-wrapper\">\t\t<p class=\"category uppercase is-smaller no-text-overflow product-cat op-8\">\n\t\t\tCommunications\t\t<\/p>\n\t<p class=\"name product-title woocommerce-loop-product__title\"><a href=\"https:\/\/settopsurvey.com\/settop_website\/product\/settop-m1-monitoring-solution\/\" class=\"woocommerce-LoopProduct-link woocommerce-loop-product__link\">Settop M1 Monitoring Solution<\/a><\/p><\/div><div class=\"price-wrapper\">\n<\/div>\t\t<\/div>\n\t<\/div>\n\t\t<\/div>\n<\/div><div class=\"product-small col has-hover product type-product post-731 status-publish instock product_cat-engineering-monitoring product_cat-maritime-works product_cat-mining-works-monitoring product_cat-monitoring product_cat-others product_cat-precision-agriculture product_cat-repeaters-modems has-post-thumbnail shipping-taxable product-type-simple\">\n\t<div class=\"col-inner\">\n\t\n<div class=\"badge-container absolute left top z-1\">\n\n<\/div>\n\t<div class=\"product-small box \">\n\t\t<div class=\"box-image\">\n\t\t\t<div class=\"image-zoom\">\n\t\t\t\t<a href=\"https:\/\/settopsurvey.com\/settop_website\/product\/settop-cellxtrem\/\">\n\t\t\t\t\t<img loading=\"lazy\" decoding=\"async\" width=\"300\" height=\"300\" src=\"https:\/\/settopsurvey.com\/settop_website\/wp-content\/uploads\/Settop-CellXtrem-4-300x300.png\" class=\"attachment-woocommerce_thumbnail size-woocommerce_thumbnail\" alt=\"Settop CellXtrem\" srcset=\"https:\/\/settopsurvey.com\/settop_website\/wp-content\/uploads\/Settop-CellXtrem-4-300x300.png 300w, https:\/\/settopsurvey.com\/settop_website\/wp-content\/uploads\/Settop-CellXtrem-4-280x280.png 280w, https:\/\/settopsurvey.com\/settop_website\/wp-content\/uploads\/Settop-CellXtrem-4-400x400.png 400w, https:\/\/settopsurvey.com\/settop_website\/wp-content\/uploads\/Settop-CellXtrem-4-100x100.png 100w, https:\/\/settopsurvey.com\/settop_website\/wp-content\/uploads\/Settop-CellXtrem-4.png 425w\" sizes=\"auto, (max-width: 300px) 100vw, 300px\" \/>\t\t\t\t<\/a>\n\t\t\t<\/div>\n\t\t\t<div class=\"image-tools is-small top right show-on-hover\">\n\t\t\t\t\t\t\t<\/div>\n\t\t\t<div class=\"image-tools is-small hide-for-small bottom left show-on-hover\">\n\t\t\t\t\t\t\t<\/div>\n\t\t\t<div class=\"image-tools grid-tools text-center hide-for-small bottom hover-slide-in show-on-hover\">\n\t\t\t\t\t\t\t<\/div>\n\t\t\t\t\t<\/div>\n\n\t\t<div class=\"box-text box-text-products text-center grid-style-2\">\n\t\t\t<div class=\"title-wrapper\">\t\t<p class=\"category uppercase is-smaller no-text-overflow product-cat op-8\">\n\t\t\tEngineering - Monitoring\t\t<\/p>\n\t<p class=\"name product-title woocommerce-loop-product__title\"><a href=\"https:\/\/settopsurvey.com\/settop_website\/product\/settop-cellxtrem\/\" class=\"woocommerce-LoopProduct-link woocommerce-loop-product__link\">Settop CellXtrem<\/a><\/p><\/div><div class=\"price-wrapper\">\n<\/div>\t\t<\/div>\n\t<\/div>\n\t\t<\/div>\n<\/div><div class=\"product-small col has-hover product type-product post-729 status-publish instock product_cat-maritime-works product_cat-mining-works-monitoring product_cat-precision-agriculture product_cat-repeaters-modems has-post-thumbnail shipping-taxable product-type-simple\">\n\t<div class=\"col-inner\">\n\t\n<div class=\"badge-container absolute left top z-1\">\n\n<\/div>\n\t<div class=\"product-small box \">\n\t\t<div class=\"box-image\">\n\t\t\t<div class=\"image-zoom\">\n\t\t\t\t<a href=\"https:\/\/settopsurvey.com\/settop_website\/product\/settop-repeater\/\">\n\t\t\t\t\t<img loading=\"lazy\" decoding=\"async\" width=\"300\" height=\"300\" src=\"https:\/\/settopsurvey.com\/settop_website\/wp-content\/uploads\/Settop-Repeater-1-300x300.png\" class=\"attachment-woocommerce_thumbnail size-woocommerce_thumbnail\" alt=\"Settop Repeater\" srcset=\"https:\/\/settopsurvey.com\/settop_website\/wp-content\/uploads\/Settop-Repeater-1-300x300.png 300w, https:\/\/settopsurvey.com\/settop_website\/wp-content\/uploads\/Settop-Repeater-1-280x280.png 280w, https:\/\/settopsurvey.com\/settop_website\/wp-content\/uploads\/Settop-Repeater-1-400x400.png 400w, https:\/\/settopsurvey.com\/settop_website\/wp-content\/uploads\/Settop-Repeater-1-100x100.png 100w, https:\/\/settopsurvey.com\/settop_website\/wp-content\/uploads\/Settop-Repeater-1.png 425w\" sizes=\"auto, (max-width: 300px) 100vw, 300px\" \/>\t\t\t\t<\/a>\n\t\t\t<\/div>\n\t\t\t<div class=\"image-tools is-small top right show-on-hover\">\n\t\t\t\t\t\t\t<\/div>\n\t\t\t<div class=\"image-tools is-small hide-for-small bottom left show-on-hover\">\n\t\t\t\t\t\t\t<\/div>\n\t\t\t<div class=\"image-tools grid-tools text-center hide-for-small bottom hover-slide-in show-on-hover\">\n\t\t\t\t\t\t\t<\/div>\n\t\t\t\t\t<\/div>\n\n\t\t<div class=\"box-text box-text-products text-center grid-style-2\">\n\t\t\t<div class=\"title-wrapper\">\t\t<p class=\"category uppercase is-smaller no-text-overflow product-cat op-8\">\n\t\t\tMaritime Works\t\t<\/p>\n\t<p class=\"name product-title woocommerce-loop-product__title\"><a href=\"https:\/\/settopsurvey.com\/settop_website\/product\/settop-repeater\/\" class=\"woocommerce-LoopProduct-link woocommerce-loop-product__link\">Settop Repeater<\/a><\/p><\/div><div class=\"price-wrapper\">\n<\/div>\t\t<\/div>\n\t<\/div>\n\t\t<\/div>\n<\/div><\/div><!-- row -->\n<\/div>\n","protected":false},"excerpt":{"rendered":"","protected":false},"author":1,"featured_media":0,"parent":0,"menu_order":0,"comment_status":"closed","ping_status":"closed","template":"","meta":{"footnotes":""},"class_list":["post-882","page","type-page","status-publish","hentry"],"yoast_head":"<!-- This site is optimized with the Yoast SEO plugin v27.3 - https:\/\/yoast.com\/product\/yoast-seo-wordpress\/ -->\n<title>Obras en Miner\u00eda - Monitoring - Settop<\/title>\n<meta name=\"description\" content=\"En SETTOPSurvey desarrollamos soluciones para miner\u00eda de precisi\u00f3n y sistemas de medici\u00f3n para monitorizar los trabajos topogr\u00e1ficos m\u00e1s complejos.\" \/>\n<meta name=\"robots\" content=\"index, follow, max-snippet:-1, max-image-preview:large, max-video-preview:-1\" \/>\n<link rel=\"canonical\" href=\"https:\/\/settopsurvey.com\/settop_website\/es\/obras-en-mineria-monitoring\/\" \/>\n<meta property=\"og:locale\" content=\"es_ES\" \/>\n<meta property=\"og:type\" content=\"article\" \/>\n<meta property=\"og:title\" content=\"Obras en Miner\u00eda - Monitoring - Settop\" \/>\n<meta property=\"og:description\" content=\"En SETTOPSurvey desarrollamos soluciones para miner\u00eda de precisi\u00f3n y sistemas de medici\u00f3n para monitorizar los trabajos topogr\u00e1ficos m\u00e1s complejos.\" \/>\n<meta property=\"og:url\" content=\"https:\/\/settopsurvey.com\/settop_website\/es\/obras-en-mineria-monitoring\/\" \/>\n<meta property=\"og:site_name\" content=\"Settop\" \/>\n<meta property=\"article:modified_time\" content=\"2019-10-21T08:01:03+00:00\" \/>\n<meta name=\"twitter:card\" content=\"summary_large_image\" \/>\n<meta name=\"twitter:label1\" content=\"Tiempo de lectura\" \/>\n\t<meta name=\"twitter:data1\" content=\"1 minuto\" \/>\n<script type=\"application\/ld+json\" class=\"yoast-schema-graph\">{\"@context\":\"https:\\\/\\\/schema.org\",\"@graph\":[{\"@type\":\"WebPage\",\"@id\":\"https:\\\/\\\/settopsurvey.com\\\/settop_website\\\/es\\\/obras-en-mineria-monitoring\\\/\",\"url\":\"https:\\\/\\\/settopsurvey.com\\\/settop_website\\\/es\\\/obras-en-mineria-monitoring\\\/\",\"name\":\"Obras en Miner\u00eda - Monitoring - Settop\",\"isPartOf\":{\"@id\":\"https:\\\/\\\/settopsurvey.com\\\/settop_website\\\/#website\"},\"datePublished\":\"2019-06-19T14:56:23+00:00\",\"dateModified\":\"2019-10-21T08:01:03+00:00\",\"description\":\"En SETTOPSurvey desarrollamos soluciones para miner\u00eda de precisi\u00f3n y sistemas de medici\u00f3n para monitorizar los trabajos topogr\u00e1ficos m\u00e1s complejos.\",\"breadcrumb\":{\"@id\":\"https:\\\/\\\/settopsurvey.com\\\/settop_website\\\/es\\\/obras-en-mineria-monitoring\\\/#breadcrumb\"},\"inLanguage\":\"es\",\"potentialAction\":[{\"@type\":\"ReadAction\",\"target\":[\"https:\\\/\\\/settopsurvey.com\\\/settop_website\\\/es\\\/obras-en-mineria-monitoring\\\/\"]}]},{\"@type\":\"BreadcrumbList\",\"@id\":\"https:\\\/\\\/settopsurvey.com\\\/settop_website\\\/es\\\/obras-en-mineria-monitoring\\\/#breadcrumb\",\"itemListElement\":[{\"@type\":\"ListItem\",\"position\":1,\"name\":\"Portada\",\"item\":\"https:\\\/\\\/settopsurvey.com\\\/settop_website\\\/\"},{\"@type\":\"ListItem\",\"position\":2,\"name\":\"Obras en Miner\u00eda &#8211; Monitoring\"}]},{\"@type\":\"WebSite\",\"@id\":\"https:\\\/\\\/settopsurvey.com\\\/settop_website\\\/#website\",\"url\":\"https:\\\/\\\/settopsurvey.com\\\/settop_website\\\/\",\"name\":\"Settop\",\"description\":\"Advanced technology in surveying instruments\",\"potentialAction\":[{\"@type\":\"SearchAction\",\"target\":{\"@type\":\"EntryPoint\",\"urlTemplate\":\"https:\\\/\\\/settopsurvey.com\\\/settop_website\\\/?s={search_term_string}\"},\"query-input\":{\"@type\":\"PropertyValueSpecification\",\"valueRequired\":true,\"valueName\":\"search_term_string\"}}],\"inLanguage\":\"es\"}]}<\/script>\n<!-- \/ Yoast SEO plugin. -->","yoast_head_json":{"title":"Obras en Miner\u00eda - Monitoring - Settop","description":"En SETTOPSurvey desarrollamos soluciones para miner\u00eda de precisi\u00f3n y sistemas de medici\u00f3n para monitorizar los trabajos topogr\u00e1ficos m\u00e1s complejos.","robots":{"index":"index","follow":"follow","max-snippet":"max-snippet:-1","max-image-preview":"max-image-preview:large","max-video-preview":"max-video-preview:-1"},"canonical":"https:\/\/settopsurvey.com\/settop_website\/es\/obras-en-mineria-monitoring\/","og_locale":"es_ES","og_type":"article","og_title":"Obras en Miner\u00eda - Monitoring - Settop","og_description":"En SETTOPSurvey desarrollamos soluciones para miner\u00eda de precisi\u00f3n y sistemas de medici\u00f3n para monitorizar los trabajos topogr\u00e1ficos m\u00e1s complejos.","og_url":"https:\/\/settopsurvey.com\/settop_website\/es\/obras-en-mineria-monitoring\/","og_site_name":"Settop","article_modified_time":"2019-10-21T08:01:03+00:00","twitter_card":"summary_large_image","twitter_misc":{"Tiempo de lectura":"1 minuto"},"schema":{"@context":"https:\/\/schema.org","@graph":[{"@type":"WebPage","@id":"https:\/\/settopsurvey.com\/settop_website\/es\/obras-en-mineria-monitoring\/","url":"https:\/\/settopsurvey.com\/settop_website\/es\/obras-en-mineria-monitoring\/","name":"Obras en Miner\u00eda - Monitoring - Settop","isPartOf":{"@id":"https:\/\/settopsurvey.com\/settop_website\/#website"},"datePublished":"2019-06-19T14:56:23+00:00","dateModified":"2019-10-21T08:01:03+00:00","description":"En SETTOPSurvey desarrollamos soluciones para miner\u00eda de precisi\u00f3n y sistemas de medici\u00f3n para monitorizar los trabajos topogr\u00e1ficos m\u00e1s complejos.","breadcrumb":{"@id":"https:\/\/settopsurvey.com\/settop_website\/es\/obras-en-mineria-monitoring\/#breadcrumb"},"inLanguage":"es","potentialAction":[{"@type":"ReadAction","target":["https:\/\/settopsurvey.com\/settop_website\/es\/obras-en-mineria-monitoring\/"]}]},{"@type":"BreadcrumbList","@id":"https:\/\/settopsurvey.com\/settop_website\/es\/obras-en-mineria-monitoring\/#breadcrumb","itemListElement":[{"@type":"ListItem","position":1,"name":"Portada","item":"https:\/\/settopsurvey.com\/settop_website\/"},{"@type":"ListItem","position":2,"name":"Obras en Miner\u00eda &#8211; Monitoring"}]},{"@type":"WebSite","@id":"https:\/\/settopsurvey.com\/settop_website\/#website","url":"https:\/\/settopsurvey.com\/settop_website\/","name":"Settop","description":"Advanced technology in surveying instruments","potentialAction":[{"@type":"SearchAction","target":{"@type":"EntryPoint","urlTemplate":"https:\/\/settopsurvey.com\/settop_website\/?s={search_term_string}"},"query-input":{"@type":"PropertyValueSpecification","valueRequired":true,"valueName":"search_term_string"}}],"inLanguage":"es"}]}},"_links":{"self":[{"href":"https:\/\/settopsurvey.com\/settop_website\/wp-json\/wp\/v2\/pages\/882","targetHints":{"allow":["GET"]}}],"collection":[{"href":"https:\/\/settopsurvey.com\/settop_website\/wp-json\/wp\/v2\/pages"}],"about":[{"href":"https:\/\/settopsurvey.com\/settop_website\/wp-json\/wp\/v2\/types\/page"}],"author":[{"embeddable":true,"href":"https:\/\/settopsurvey.com\/settop_website\/wp-json\/wp\/v2\/users\/1"}],"replies":[{"embeddable":true,"href":"https:\/\/settopsurvey.com\/settop_website\/wp-json\/wp\/v2\/comments?post=882"}],"version-history":[{"count":4,"href":"https:\/\/settopsurvey.com\/settop_website\/wp-json\/wp\/v2\/pages\/882\/revisions"}],"predecessor-version":[{"id":2433,"href":"https:\/\/settopsurvey.com\/settop_website\/wp-json\/wp\/v2\/pages\/882\/revisions\/2433"}],"wp:attachment":[{"href":"https:\/\/settopsurvey.com\/settop_website\/wp-json\/wp\/v2\/media?parent=882"}],"curies":[{"name":"wp","href":"https:\/\/api.w.org\/{rel}","templated":true}]}}