{"id":880,"date":"2019-06-19T16:55:45","date_gmt":"2019-06-19T14:55:45","guid":{"rendered":"http:\/\/settopsurvey.com\/settop_website\/?page_id=880"},"modified":"2019-07-04T12:16:03","modified_gmt":"2019-07-04T10:16:03","slug":"sistemas-ferroviarios","status":"publish","type":"page","link":"https:\/\/settopsurvey.com\/settop_website\/es\/sistemas-ferroviarios\/","title":{"rendered":"Sistemas Ferroviarios"},"content":{"rendered":"<div class=\"row\"  id=\"row-378252354\">\n\n\t<div id=\"col-602547819\" class=\"col medium-6 small-12 large-6\"  >\n\t\t\t\t<div class=\"col-inner\"  >\n\t\t\t\n\t\t\t\n<h1>Tecnolog\u00edas para el sector ferroviario<\/h1>\n<p><span class=\"s1\">Sistema avanzado de medici\u00f3n de par\u00e1metros de v\u00eda y topogr\u00e1ficos.<\/span><\/p>\n<ul>\n<li class=\"p1\">Toma de Datos: Se utiliza para realizar levantamientos de la v\u00eda y saber el estado actual de \u00e9sta. Puede tomarse en modo Absoluto (necesario Estaci\u00f3n Total) o Relativo (\u00fanicamente con el \u00fatil).\u00a0<\/li>\n<li class=\"p1\">Replanteo: Se utiliza para la situaci\u00f3n f\u00edsica y montaje de la v\u00eda. Es necesario la carga de ficheros de eje, rasante, peralte y sobreancho.<\/li>\n<li class=\"p1\">Auscultaci\u00f3n: Se utiliza para el control de asentamientos de la v\u00eda, comparando la toma de datos de diversos d\u00edas sucesivos, tomando un valor inicial 0.\u00a0<\/li>\n<li class=\"p1\"><span class=\"s1\">Comprobaci\u00f3n: Se utiliza para el control del montaje de la v\u00eda, indicando las diferencias existentes entre el resultado te\u00f3rico y el real. En ambos casos hay salidas num\u00e9ricas, gr\u00e1ficas y a ficheros de texto adaptables al formato deseado. Para un mayor control, en modo Absoluto, se utilizan las estaciones de \u00faltima generaci\u00f3n Trimble S8.<\/span><\/li>\n<\/ul>\n\t\t<\/div>\n\t\t\t\t\t<\/div>\n\n\t\n\n\t<div id=\"col-1651625093\" class=\"col medium-6 small-12 large-6\"  >\n\t\t\t\t<div class=\"col-inner\"  >\n\t\t\t\n\t\t\t\n\t<div class=\"img has-hover x md-x lg-x y md-y lg-y\" id=\"image_39855932\">\n\t\t\t\t\t\t\t\t<div class=\"img-inner dark\" >\n\t\t\t<img loading=\"lazy\" decoding=\"async\" width=\"632\" height=\"800\" src=\"https:\/\/settopsurvey.com\/settop_website\/wp-content\/uploads\/sector_railltrack-632x800.png\" class=\"attachment-large size-large\" alt=\"\" srcset=\"https:\/\/settopsurvey.com\/settop_website\/wp-content\/uploads\/sector_railltrack-632x800.png 632w, https:\/\/settopsurvey.com\/settop_website\/wp-content\/uploads\/sector_railltrack-316x400.png 316w, https:\/\/settopsurvey.com\/settop_website\/wp-content\/uploads\/sector_railltrack-768x972.png 768w, https:\/\/settopsurvey.com\/settop_website\/wp-content\/uploads\/sector_railltrack-600x759.png 600w, https:\/\/settopsurvey.com\/settop_website\/wp-content\/uploads\/sector_railltrack.png 1517w\" sizes=\"auto, (max-width: 632px) 100vw, 632px\" \/>\t\t\t\t\t\t\n\t\t\t\t\t<\/div>\n\t\t\t\t\t\t\t\t\n<style>\n#image_39855932 {\n  width: 100%;\n}\n<\/style>\n\t<\/div>\n\t\n\t\t<\/div>\n\t\t\t\t\t<\/div>\n\n\t\n<\/div>\n<div class=\"container section-title-container\" ><h1 class=\"section-title section-title-normal\"><b aria-hidden=\"true\"><\/b><span class=\"section-title-main\" >Productos para sistemas ferroviarios<\/span><b aria-hidden=\"true\"><\/b><\/h1><\/div>\n<div class=\"woocommerce columns-4 \"><div class=\"products row row-small large-columns-4 medium-columns-3 small-columns-2 has-equal-box-heights equalize-box\">\n<div class=\"product-small col has-hover product type-product post-2269 status-publish first instock product_cat-sistema-ferroviario product_cat-sistemas-ferroviarios has-post-thumbnail shipping-taxable product-type-simple\">\n\t<div class=\"col-inner\">\n\t\n<div class=\"badge-container absolute left top z-1\">\n\n<\/div>\n\t<div class=\"product-small box \">\n\t\t<div class=\"box-image\">\n\t\t\t<div class=\"image-zoom\">\n\t\t\t\t<a href=\"https:\/\/settopsurvey.com\/settop_website\/es\/product\/settop-rm3d-light-es\/\">\n\t\t\t\t\t<img loading=\"lazy\" decoding=\"async\" width=\"300\" height=\"300\" src=\"https:\/\/settopsurvey.com\/settop_website\/wp-content\/uploads\/Settop-RM3D-300x300.png\" class=\"attachment-woocommerce_thumbnail size-woocommerce_thumbnail\" alt=\"Settop RM3D Light\" srcset=\"https:\/\/settopsurvey.com\/settop_website\/wp-content\/uploads\/Settop-RM3D-300x300.png 300w, https:\/\/settopsurvey.com\/settop_website\/wp-content\/uploads\/Settop-RM3D-280x280.png 280w, https:\/\/settopsurvey.com\/settop_website\/wp-content\/uploads\/Settop-RM3D-400x400.png 400w, https:\/\/settopsurvey.com\/settop_website\/wp-content\/uploads\/Settop-RM3D-100x100.png 100w, https:\/\/settopsurvey.com\/settop_website\/wp-content\/uploads\/Settop-RM3D.png 425w\" sizes=\"auto, (max-width: 300px) 100vw, 300px\" \/>\t\t\t\t<\/a>\n\t\t\t<\/div>\n\t\t\t<div class=\"image-tools is-small top right show-on-hover\">\n\t\t\t\t\t\t\t<\/div>\n\t\t\t<div class=\"image-tools is-small hide-for-small bottom left show-on-hover\">\n\t\t\t\t\t\t\t<\/div>\n\t\t\t<div class=\"image-tools grid-tools text-center hide-for-small bottom hover-slide-in show-on-hover\">\n\t\t\t\t\t\t\t<\/div>\n\t\t\t\t\t<\/div>\n\n\t\t<div class=\"box-text box-text-products text-center grid-style-2\">\n\t\t\t<div class=\"title-wrapper\">\t\t<p class=\"category uppercase is-smaller no-text-overflow product-cat op-8\">\n\t\t\tSistema Ferroviario\t\t<\/p>\n\t<p class=\"name product-title woocommerce-loop-product__title\"><a href=\"https:\/\/settopsurvey.com\/settop_website\/es\/product\/settop-rm3d-light-es\/\" class=\"woocommerce-LoopProduct-link woocommerce-loop-product__link\">Settop RM3D Light<\/a><\/p><\/div><div class=\"price-wrapper\">\n<\/div>\t\t<\/div>\n\t<\/div>\n\t\t<\/div>\n<\/div><div class=\"product-small col has-hover product type-product post-2270 status-publish instock product_cat-sistema-ferroviario product_cat-sistemas-ferroviarios has-post-thumbnail shipping-taxable product-type-simple\">\n\t<div class=\"col-inner\">\n\t\n<div class=\"badge-container absolute left top z-1\">\n\n<\/div>\n\t<div class=\"product-small box \">\n\t\t<div class=\"box-image\">\n\t\t\t<div class=\"image-zoom\">\n\t\t\t\t<a href=\"https:\/\/settopsurvey.com\/settop_website\/es\/product\/settop-rm3d-es\/\">\n\t\t\t\t\t<img loading=\"lazy\" decoding=\"async\" width=\"300\" height=\"300\" src=\"https:\/\/settopsurvey.com\/settop_website\/wp-content\/uploads\/Settop-RM3D-2-300x300.png\" class=\"attachment-woocommerce_thumbnail size-woocommerce_thumbnail\" alt=\"Settop RM3D\" srcset=\"https:\/\/settopsurvey.com\/settop_website\/wp-content\/uploads\/Settop-RM3D-2-300x300.png 300w, https:\/\/settopsurvey.com\/settop_website\/wp-content\/uploads\/Settop-RM3D-2-280x280.png 280w, https:\/\/settopsurvey.com\/settop_website\/wp-content\/uploads\/Settop-RM3D-2-400x400.png 400w, https:\/\/settopsurvey.com\/settop_website\/wp-content\/uploads\/Settop-RM3D-2-100x100.png 100w, https:\/\/settopsurvey.com\/settop_website\/wp-content\/uploads\/Settop-RM3D-2.png 425w\" sizes=\"auto, (max-width: 300px) 100vw, 300px\" \/>\t\t\t\t<\/a>\n\t\t\t<\/div>\n\t\t\t<div class=\"image-tools is-small top right show-on-hover\">\n\t\t\t\t\t\t\t<\/div>\n\t\t\t<div class=\"image-tools is-small hide-for-small bottom left show-on-hover\">\n\t\t\t\t\t\t\t<\/div>\n\t\t\t<div class=\"image-tools grid-tools text-center hide-for-small bottom hover-slide-in show-on-hover\">\n\t\t\t\t\t\t\t<\/div>\n\t\t\t\t\t<\/div>\n\n\t\t<div class=\"box-text box-text-products text-center grid-style-2\">\n\t\t\t<div class=\"title-wrapper\">\t\t<p class=\"category uppercase is-smaller no-text-overflow product-cat op-8\">\n\t\t\tSistema Ferroviario\t\t<\/p>\n\t<p class=\"name product-title woocommerce-loop-product__title\"><a href=\"https:\/\/settopsurvey.com\/settop_website\/es\/product\/settop-rm3d-es\/\" class=\"woocommerce-LoopProduct-link woocommerce-loop-product__link\">Settop RM3D<\/a><\/p><\/div><div class=\"price-wrapper\">\n<\/div>\t\t<\/div>\n\t<\/div>\n\t\t<\/div>\n<\/div><div class=\"product-small col has-hover product type-product post-2268 status-publish instock product_cat-sistemas-ferroviarios has-post-thumbnail shipping-taxable product-type-simple\">\n\t<div class=\"col-inner\">\n\t\n<div class=\"badge-container absolute left top z-1\">\n\n<\/div>\n\t<div class=\"product-small box \">\n\t\t<div class=\"box-image\">\n\t\t\t<div class=\"image-zoom\">\n\t\t\t\t<a href=\"https:\/\/settopsurvey.com\/settop_website\/es\/product\/settop-m3d-es\/\">\n\t\t\t\t\t<img loading=\"lazy\" decoding=\"async\" width=\"300\" height=\"300\" src=\"https:\/\/settopsurvey.com\/settop_website\/wp-content\/uploads\/Settop-M3D-300x300.png\" class=\"attachment-woocommerce_thumbnail size-woocommerce_thumbnail\" alt=\"Settop M3D\" srcset=\"https:\/\/settopsurvey.com\/settop_website\/wp-content\/uploads\/Settop-M3D-300x300.png 300w, https:\/\/settopsurvey.com\/settop_website\/wp-content\/uploads\/Settop-M3D-280x280.png 280w, https:\/\/settopsurvey.com\/settop_website\/wp-content\/uploads\/Settop-M3D-400x400.png 400w, https:\/\/settopsurvey.com\/settop_website\/wp-content\/uploads\/Settop-M3D-100x100.png 100w, https:\/\/settopsurvey.com\/settop_website\/wp-content\/uploads\/Settop-M3D.png 425w\" sizes=\"auto, (max-width: 300px) 100vw, 300px\" \/>\t\t\t\t<\/a>\n\t\t\t<\/div>\n\t\t\t<div class=\"image-tools is-small top right show-on-hover\">\n\t\t\t\t\t\t\t<\/div>\n\t\t\t<div class=\"image-tools is-small hide-for-small bottom left show-on-hover\">\n\t\t\t\t\t\t\t<\/div>\n\t\t\t<div class=\"image-tools grid-tools text-center hide-for-small bottom hover-slide-in show-on-hover\">\n\t\t\t\t\t\t\t<\/div>\n\t\t\t\t\t<\/div>\n\n\t\t<div class=\"box-text box-text-products text-center grid-style-2\">\n\t\t\t<div class=\"title-wrapper\">\t\t<p class=\"category uppercase is-smaller no-text-overflow product-cat op-8\">\n\t\t\tSistemas Ferroviarios\t\t<\/p>\n\t<p class=\"name product-title woocommerce-loop-product__title\"><a href=\"https:\/\/settopsurvey.com\/settop_website\/es\/product\/settop-m3d-es\/\" class=\"woocommerce-LoopProduct-link woocommerce-loop-product__link\">Settop M3D<\/a><\/p><\/div><div class=\"price-wrapper\">\n<\/div>\t\t<\/div>\n\t<\/div>\n\t\t<\/div>\n<\/div><\/div><!-- row -->\n<\/div>\n","protected":false},"excerpt":{"rendered":"","protected":false},"author":1,"featured_media":0,"parent":0,"menu_order":0,"comment_status":"closed","ping_status":"closed","template":"","meta":{"footnotes":""},"class_list":["post-880","page","type-page","status-publish","hentry"],"yoast_head":"<!-- This site is optimized with the Yoast SEO plugin v27.3 - https:\/\/yoast.com\/product\/yoast-seo-wordpress\/ -->\n<title>Sistemas Ferroviarios - Settop<\/title>\n<meta name=\"robots\" content=\"index, follow, max-snippet:-1, max-image-preview:large, max-video-preview:-1\" \/>\n<link rel=\"canonical\" href=\"https:\/\/settopsurvey.com\/settop_website\/es\/sistemas-ferroviarios\/\" \/>\n<meta property=\"og:locale\" content=\"es_ES\" \/>\n<meta property=\"og:type\" content=\"article\" \/>\n<meta property=\"og:title\" content=\"Sistemas Ferroviarios - Settop\" \/>\n<meta property=\"og:url\" content=\"https:\/\/settopsurvey.com\/settop_website\/es\/sistemas-ferroviarios\/\" \/>\n<meta property=\"og:site_name\" content=\"Settop\" \/>\n<meta property=\"article:modified_time\" content=\"2019-07-04T10:16:03+00:00\" \/>\n<meta name=\"twitter:card\" content=\"summary_large_image\" \/>\n<meta name=\"twitter:label1\" content=\"Tiempo de lectura\" \/>\n\t<meta name=\"twitter:data1\" content=\"1 minuto\" \/>\n<script type=\"application\/ld+json\" class=\"yoast-schema-graph\">{\"@context\":\"https:\\\/\\\/schema.org\",\"@graph\":[{\"@type\":\"WebPage\",\"@id\":\"https:\\\/\\\/settopsurvey.com\\\/settop_website\\\/es\\\/sistemas-ferroviarios\\\/\",\"url\":\"https:\\\/\\\/settopsurvey.com\\\/settop_website\\\/es\\\/sistemas-ferroviarios\\\/\",\"name\":\"Sistemas Ferroviarios - Settop\",\"isPartOf\":{\"@id\":\"https:\\\/\\\/settopsurvey.com\\\/settop_website\\\/#website\"},\"datePublished\":\"2019-06-19T14:55:45+00:00\",\"dateModified\":\"2019-07-04T10:16:03+00:00\",\"breadcrumb\":{\"@id\":\"https:\\\/\\\/settopsurvey.com\\\/settop_website\\\/es\\\/sistemas-ferroviarios\\\/#breadcrumb\"},\"inLanguage\":\"es\",\"potentialAction\":[{\"@type\":\"ReadAction\",\"target\":[\"https:\\\/\\\/settopsurvey.com\\\/settop_website\\\/es\\\/sistemas-ferroviarios\\\/\"]}]},{\"@type\":\"BreadcrumbList\",\"@id\":\"https:\\\/\\\/settopsurvey.com\\\/settop_website\\\/es\\\/sistemas-ferroviarios\\\/#breadcrumb\",\"itemListElement\":[{\"@type\":\"ListItem\",\"position\":1,\"name\":\"Portada\",\"item\":\"https:\\\/\\\/settopsurvey.com\\\/settop_website\\\/\"},{\"@type\":\"ListItem\",\"position\":2,\"name\":\"Sistemas Ferroviarios\"}]},{\"@type\":\"WebSite\",\"@id\":\"https:\\\/\\\/settopsurvey.com\\\/settop_website\\\/#website\",\"url\":\"https:\\\/\\\/settopsurvey.com\\\/settop_website\\\/\",\"name\":\"Settop\",\"description\":\"Advanced technology in surveying instruments\",\"potentialAction\":[{\"@type\":\"SearchAction\",\"target\":{\"@type\":\"EntryPoint\",\"urlTemplate\":\"https:\\\/\\\/settopsurvey.com\\\/settop_website\\\/?s={search_term_string}\"},\"query-input\":{\"@type\":\"PropertyValueSpecification\",\"valueRequired\":true,\"valueName\":\"search_term_string\"}}],\"inLanguage\":\"es\"}]}<\/script>\n<!-- \/ Yoast SEO plugin. -->","yoast_head_json":{"title":"Sistemas Ferroviarios - Settop","robots":{"index":"index","follow":"follow","max-snippet":"max-snippet:-1","max-image-preview":"max-image-preview:large","max-video-preview":"max-video-preview:-1"},"canonical":"https:\/\/settopsurvey.com\/settop_website\/es\/sistemas-ferroviarios\/","og_locale":"es_ES","og_type":"article","og_title":"Sistemas Ferroviarios - Settop","og_url":"https:\/\/settopsurvey.com\/settop_website\/es\/sistemas-ferroviarios\/","og_site_name":"Settop","article_modified_time":"2019-07-04T10:16:03+00:00","twitter_card":"summary_large_image","twitter_misc":{"Tiempo de lectura":"1 minuto"},"schema":{"@context":"https:\/\/schema.org","@graph":[{"@type":"WebPage","@id":"https:\/\/settopsurvey.com\/settop_website\/es\/sistemas-ferroviarios\/","url":"https:\/\/settopsurvey.com\/settop_website\/es\/sistemas-ferroviarios\/","name":"Sistemas Ferroviarios - Settop","isPartOf":{"@id":"https:\/\/settopsurvey.com\/settop_website\/#website"},"datePublished":"2019-06-19T14:55:45+00:00","dateModified":"2019-07-04T10:16:03+00:00","breadcrumb":{"@id":"https:\/\/settopsurvey.com\/settop_website\/es\/sistemas-ferroviarios\/#breadcrumb"},"inLanguage":"es","potentialAction":[{"@type":"ReadAction","target":["https:\/\/settopsurvey.com\/settop_website\/es\/sistemas-ferroviarios\/"]}]},{"@type":"BreadcrumbList","@id":"https:\/\/settopsurvey.com\/settop_website\/es\/sistemas-ferroviarios\/#breadcrumb","itemListElement":[{"@type":"ListItem","position":1,"name":"Portada","item":"https:\/\/settopsurvey.com\/settop_website\/"},{"@type":"ListItem","position":2,"name":"Sistemas Ferroviarios"}]},{"@type":"WebSite","@id":"https:\/\/settopsurvey.com\/settop_website\/#website","url":"https:\/\/settopsurvey.com\/settop_website\/","name":"Settop","description":"Advanced technology in surveying instruments","potentialAction":[{"@type":"SearchAction","target":{"@type":"EntryPoint","urlTemplate":"https:\/\/settopsurvey.com\/settop_website\/?s={search_term_string}"},"query-input":{"@type":"PropertyValueSpecification","valueRequired":true,"valueName":"search_term_string"}}],"inLanguage":"es"}]}},"_links":{"self":[{"href":"https:\/\/settopsurvey.com\/settop_website\/wp-json\/wp\/v2\/pages\/880","targetHints":{"allow":["GET"]}}],"collection":[{"href":"https:\/\/settopsurvey.com\/settop_website\/wp-json\/wp\/v2\/pages"}],"about":[{"href":"https:\/\/settopsurvey.com\/settop_website\/wp-json\/wp\/v2\/types\/page"}],"author":[{"embeddable":true,"href":"https:\/\/settopsurvey.com\/settop_website\/wp-json\/wp\/v2\/users\/1"}],"replies":[{"embeddable":true,"href":"https:\/\/settopsurvey.com\/settop_website\/wp-json\/wp\/v2\/comments?post=880"}],"version-history":[{"count":4,"href":"https:\/\/settopsurvey.com\/settop_website\/wp-json\/wp\/v2\/pages\/880\/revisions"}],"predecessor-version":[{"id":2020,"href":"https:\/\/settopsurvey.com\/settop_website\/wp-json\/wp\/v2\/pages\/880\/revisions\/2020"}],"wp:attachment":[{"href":"https:\/\/settopsurvey.com\/settop_website\/wp-json\/wp\/v2\/media?parent=880"}],"curies":[{"name":"wp","href":"https:\/\/api.w.org\/{rel}","templated":true}]}}