{"id":821,"date":"2019-06-19T12:33:12","date_gmt":"2019-06-19T10:33:12","guid":{"rendered":"http:\/\/settopsurvey.com\/settop_website\/?page_id=821"},"modified":"2024-06-07T13:06:57","modified_gmt":"2024-06-07T11:06:57","slug":"politica-de-cookies","status":"publish","type":"page","link":"https:\/\/settopsurvey.com\/settop_website\/es\/politica-de-cookies\/","title":{"rendered":"Pol\u00edtica de cookies"},"content":{"rendered":"<div class=\"content\">\n<div class=\"field field-name-body field-type-text-with-summary field-label-hidden\">\n<div class=\"field-items\">\n<div class=\"field-item even\">\n<h3><strong>INTRODUCCI\u00d3N:<\/strong><\/h3>\n<p>&nbsp;<\/p>\n<p>Debido a la entrada en vigor de la referente modificaci\u00f3n de la \u201cLey de Servicios de la Sociedad de la Informaci\u00f3n\u201d (LSSICE) establecida por el Real Decreto 13\/2012, es de obligaci\u00f3n obtener el consentimiento expreso del usuario de todas las p\u00e1ginas web que usan cookies prescindibles, antes de que \u00e9ste navegue por ellas.<\/p>\n<p>El acceso a este sitio web <strong>settopsurvey.com<\/strong> implica la utilizaci\u00f3n de cookies.<\/p>\n<p>&nbsp;<\/p>\n<h3><strong>\u00bfQU\u00c9 SON LAS COOKIES?<\/strong><\/h3>\n<p>&nbsp;<\/p>\n<p>Las cookies son herramientas empleadas por los servidores Web a trav\u00e9s de procedimientos autom\u00e1ticos, que se descargan en los navegadores web al acceder a determinadas p\u00e1ginas. Estas herramientas se emplean para los siguientes fines:<\/p>\n<ul>\n<li>Asegurar el correcto funcionamiento de una p\u00e1gina web.<\/li>\n<li>Almacenar y recuperar informaci\u00f3n sobre los h\u00e1bitos de navegaci\u00f3n de usuarios y equipos.<\/li>\n<li>Identificar a los usuarios y sus preferencias.<\/li>\n<li>Permitir al usuario el acceso a los servicios seleccionados.<\/li>\n<li>Permiten personalizar la experiencia del usuario y facilitan una navegaci\u00f3n m\u00e1s fluida y adaptada.<\/li>\n<li>Ahorrar tiempo al recordar informaci\u00f3n de inicio de sesi\u00f3n y preferencias en determinadas webs.<\/li>\n<li>Ayudar a los administradores de las webs a entender mejor el uso de sus sitios y realizar mejoras al respecto<\/li>\n<\/ul>\n<p>&nbsp;<\/p>\n<p>A partir de la nueva normativa vigente, el usuario podr\u00e1, en todo momento, aceptar o rechazar las cookies instaladas que no sean estrictamente necesarias para el correcto funcionamiento de la web.<\/p>\n<p>Esto se gestionar\u00e1 a trav\u00e9s del panel de ajuste de cookies proporcionado en nuestra web. Asimismo, el usuario podr\u00e1 configurar su navegador en todo momento sin que esto perjudique la posibilidad de acceder a los contenidos. Sin embargo, le informamos que el rechazo de las cookies puede disminuir el buen funcionamiento de la web.<\/p>\n<p>Las cookies se asocian \u00fanicamente a un usuario an\u00f3nimo y su dispositivo y no proporcionan referencias que permitan conocer sus datos personales, salvo permiso expreso de aqu\u00e9l.<\/p>\n<p>&nbsp;<\/p>\n<h3><strong>TIPOSS DE COOKIES:<\/strong><\/h3>\n<p><strong>SEG\u00daN SU TITULARIDAD:<\/strong><\/p>\n<p><strong>Cookies propias<\/strong>: Son aqu\u00e9llas que se env\u00edan al equipo terminal del usuario desde un equipo o dominio gestionado por el propio editor y desde el que se presta el servicio Solicitado por el usuario. En el caso de este sitio web <strong>settopsurvey.com<\/strong> todas las cookies que en la columna de DOMINIO pongan: <strong>settopsurvey.com<\/strong> se considerar\u00e1n como Cookies Propias.<\/p>\n<p><strong>Cookies de Terceros<\/strong>: Son aqu\u00e9llas que se env\u00edan al equipo terminal del usuario desde un equipo o dominio que no es gestionado por el editor, sino por otra entidad que trata los datos obtenidos trav\u00e9s de las cookies. Todas las cookies que en la columna de DOMINIO pertenezcan a un dominio diferente a los nombrados en el punto anterior ser\u00e1n consideradas como Cookies de Terceros.<\/p>\n<p>&nbsp;<\/p>\n<p><strong>SEG\u00daN SU DURACI\u00d3N:<\/strong><\/p>\n<p><strong>Cookies de Sesi\u00f3n<\/strong>: Son un tipo de cookies dise\u00f1adas para recabar y almacenar datos mientras el usuario accede a una p\u00e1gina web.<\/p>\n<p><strong>Cookies Persistentes<\/strong>: Son un tipo de cookies en el que los datos siguen almacenados en el terminal y pueden ser accedidos y tratados durante un periodo definido por el responsable de la cookie, y que puede ir de unos minutos a varios a\u00f1os.<\/p>\n<p>&nbsp;<\/p>\n<p><strong>SEG\u00daN SU FUNCIONALIDAD:<\/strong><\/p>\n<p><strong>Cookies Necesarias<\/strong>: son aquellas imprescindibles para el correcto funcionamiento del sitio web. No recopilan ning\u00fan tipo de datos de usuario y recogen informaci\u00f3n como la preferencia de idioma, si se ha aceptado la pol\u00edtica de cookies, etc.<\/p>\n<p>Cookies de an\u00e1lisis: Son aqu\u00e9llas que bien tratadas por nosotros o por terceros, nos permiten cuantificar el n\u00famero de usuarios y as\u00ed realizar la medici\u00f3n y an\u00e1lisis estad\u00edstico de la utilizaci\u00f3n que hacen los usuarios del servicio ofertado. Para ello se analiza su navegaci\u00f3n en nuestra p\u00e1gina web con el fin de mejorar la oferta de productos o servicios que le ofrecemos.<\/p>\n<p><strong>Cookies Funcionales<\/strong>: Las cookies funcionales ayudan a realizar ciertas funcionalidades, como compartir el contenido del sitio web en plataformas de redes sociales, recopilar comentarios y otras caracter\u00edsticas de terceros.<\/p>\n<p><strong>Cookies Anal\u00edticas<\/strong>: Son aquellas que se utilizan para comprender c\u00f3mo interact\u00faan los visitantes con el sitio web. Estas cookies ayudan a proporcionar informaci\u00f3n sobre m\u00e9tricas el n\u00famero de visitantes, el porcentaje de rebote, la fuente de tr\u00e1fico, etc.<\/p>\n<p><strong>Cookies de Anuncio (Publicidad)<\/strong>: son aquellas que se utilizan para entregar a los visitantes anuncios personalizados basados \u200b\u200ben las p\u00e1ginas que visitaron antes y analizar la efectividad de la campa\u00f1a publicitaria.<\/p>\n<p>&nbsp;<\/p>\n<h3><strong>COOKIES UTILIZADAS PARA ESTE SITIO WEB:<\/strong><\/h3>\n<p>### Necesarias<\/p>\n<div class=\"description mb-4\">\n<p>Las cookies necesarias son cruciales para las funciones b\u00e1sicas del sitio web y el sitio web no funcionar\u00e1 como se pretende sin ellas. Estas cookies no almacenan datos personales identificables.<\/p>\n<\/div>\n<table>\n<thead>\n<tr>\n<th>Id<\/th>\n<th>Dominio<\/th>\n<th>Expiraci\u00f3n<\/th>\n<th>Descripci\u00f3n<\/th>\n<\/tr>\n<\/thead>\n<tbody>\n<tr>\n<td>YSC<\/td>\n<td>.youtube.com<\/td>\n<td>Sesi\u00f3n<\/td>\n<td>YouTube establece esta cookie para rastrear las vistas de videos incrustados en p\u00e1ginas de YouTube.<\/td>\n<\/tr>\n<tr>\n<td>VISITOR_INFO1_LIVE<\/td>\n<td>.youtube.com<\/td>\n<td>6 meses<\/td>\n<td>YouTube establece esta cookie para medir el ancho de banda y determinar si el usuario recibe la nueva o la antigua interfaz del reproductor.<\/td>\n<\/tr>\n<tr>\n<td>VISITOR_PRIVACY_METADATA<\/td>\n<td>.youtube.com<\/td>\n<td>6 meses<\/td>\n<td>YouTube establece esta cookie para almacenar el estado de consentimiento de cookies del usuario para el dominio actual.<\/td>\n<\/tr>\n<tr>\n<td>PREF<\/td>\n<td>.youtube.com<\/td>\n<td>8 meses<\/td>\n<td>La cookie PREF es establecida por YouTube para almacenar las preferencias del usuario, como el idioma, el formato de los resultados de b\u00fasqueda y otras personalizaciones para los videos de YouTube incrustados en diferentes sitios.<\/td>\n<\/tr>\n<\/tbody>\n<\/table>\n<p><strong><span class=\"mr-2\">Funcionales<\/span><\/strong><\/p>\n<div class=\"description mb-4\">\n<p>Las cookies funcionales ayudan a realizar ciertas funcionalidades como compartir contenido del sitio web en plataformas de redes sociales, recopilar comentarios y otras funciones de terceros.<\/p>\n<\/div>\n<table>\n<thead>\n<tr>\n<th>Id<\/th>\n<th>Dominio<\/th>\n<th>Expiraci\u00f3n<\/th>\n<th>Descripci\u00f3n<\/th>\n<\/tr>\n<\/thead>\n<tbody>\n<tr>\n<td>pll_language<\/td>\n<td>settopsurvey.com<\/td>\n<td>1 a\u00f1o<\/td>\n<td>Polylang establece esta cookie para recordar el idioma que el usuario selecciona al regresar al sitio web y para obtener la informaci\u00f3n del idioma cuando no est\u00e1 disponible de otra manera.<\/td>\n<\/tr>\n<tr>\n<td>yt-remote-device-id<\/td>\n<td>youtube.com<\/td>\n<td>Nunca<\/td>\n<td>YouTube establece esta cookie para almacenar las preferencias del usuario de video usando videos de YouTube incrustados.<\/td>\n<\/tr>\n<tr>\n<td>ytidb::LAST_RESULT_ENTRY_KEY<\/td>\n<td>youtube.com<\/td>\n<td>Nunca<\/td>\n<td>La cookie ytidb::LAST_RESULT_ENTRY_KEY es utilizada por YouTube para almacenar la \u00faltima entrada de resultado de b\u00fasqueda en la que hizo clic el usuario. Esta informaci\u00f3n se utiliza para mejorar la experiencia del usuario al proporcionar resultados de b\u00fasqueda m\u00e1s relevantes en el futuro.<\/td>\n<\/tr>\n<tr>\n<td>yt-player-headers-readable<\/td>\n<td>youtube.com<\/td>\n<td>Nunca<\/td>\n<td>La cookie yt-player-headers-readable es utilizada por YouTube para almacenar las preferencias del usuario relacionadas con la reproducci\u00f3n de videos y la interfaz, mejorando la experiencia de visualizaci\u00f3n del usuario.<\/td>\n<\/tr>\n<tr>\n<td>yt-remote-connected-devices<\/td>\n<td>youtube.com<\/td>\n<td>Nunca<\/td>\n<td>YouTube establece esta cookie para almacenar las preferencias del usuario de video usando videos de YouTube incrustados.<\/td>\n<\/tr>\n<tr>\n<td>yt-remote-session-app<\/td>\n<td>youtube.com<\/td>\n<td>Sesi\u00f3n<\/td>\n<td>La cookie yt-remote-session-app es utilizada por YouTube para almacenar las preferencias y la informaci\u00f3n del usuario sobre la interfaz del reproductor de video de YouTube incrustado.<\/td>\n<\/tr>\n<tr>\n<td>yt-remote-cast-installed<\/td>\n<td>youtube.com<\/td>\n<td>Sesi\u00f3n<\/td>\n<td>La cookie yt-remote-cast-installed se utiliza para almacenar las preferencias del usuario del reproductor de video usando videos de YouTube incrustados.<\/td>\n<\/tr>\n<tr>\n<td>yt-remote-session-name<\/td>\n<td>youtube.com<\/td>\n<td>Sesi\u00f3n<\/td>\n<td>La cookie yt-remote-session-name es utilizada por YouTube para almacenar las preferencias del usuario del reproductor de video usando videos de YouTube incrustados.<\/td>\n<\/tr>\n<tr>\n<td>yt-remote-cast-available<\/td>\n<td>youtube.com<\/td>\n<td>Sesi\u00f3n<\/td>\n<td>La cookie yt-remote-cast-available se utiliza para almacenar las preferencias del usuario sobre si la transmisi\u00f3n est\u00e1 disponible en su reproductor de video de YouTube.<\/td>\n<\/tr>\n<tr>\n<td>yt-remote-fast-check-period<\/td>\n<td>youtube.com<\/td>\n<td>Sesi\u00f3n<\/td>\n<td>La cookie yt-remote-fast-check-period es utilizada por YouTube para almacenar las preferencias del usuario del reproductor de video para videos de YouTube incrustados.<\/td>\n<\/tr>\n<\/tbody>\n<\/table>\n<p><strong><span class=\"mr-2\">Anal\u00edticas<\/span><\/strong><\/p>\n<div class=\"description mb-4\">\n<p>Las cookies anal\u00edticas se utilizan para entender c\u00f3mo los visitantes interact\u00faan con el sitio web. Estas cookies ayudan a proporcionar informaci\u00f3n sobre m\u00e9tricas como el n\u00famero de visitantes, la tasa de rebote, la fuente de tr\u00e1fico, etc.<\/p>\n<\/div>\n<table>\n<thead>\n<tr>\n<th>Id<\/th>\n<th>Dominio<\/th>\n<th>Expiraci\u00f3n<\/th>\n<th>Descripci\u00f3n<\/th>\n<\/tr>\n<\/thead>\n<tbody>\n<tr>\n<td>sbjs_migrations<\/td>\n<td>settopsurvey.com<\/td>\n<td>Sesi\u00f3n<\/td>\n<td>Sourcebuster establece esta cookie para identificar la fuente de una visita y almacenar informaci\u00f3n sobre las acciones del usuario en cookies. Esta cookie anal\u00edtica y de comportamiento se utiliza para mejorar la experiencia del visitante en el sitio web.<\/td>\n<\/tr>\n<tr>\n<td>sbjs_current_add<\/td>\n<td>settopsurvey.com<\/td>\n<td>Sesi\u00f3n<\/td>\n<td>Sourcebuster establece esta cookie para identificar la fuente de una visita y almacenar informaci\u00f3n sobre las acciones del usuario en cookies. Esta cookie anal\u00edtica y de comportamiento se utiliza para mejorar la experiencia del visitante en el sitio web.<\/td>\n<\/tr>\n<tr>\n<td>sbjs_first_add<\/td>\n<td>settopsurvey.com<\/td>\n<td>Sesi\u00f3n<\/td>\n<td>Sourcebuster establece esta cookie para identificar la fuente de una visita y almacenar informaci\u00f3n sobre las acciones del usuario en cookies. Esta cookie anal\u00edtica y de comportamiento se utiliza para mejorar la experiencia del visitante en el sitio web.<\/td>\n<\/tr>\n<tr>\n<td>sbjs_current<\/td>\n<td>settopsurvey.com<\/td>\n<td>Sesi\u00f3n<\/td>\n<td>Sourcebuster establece esta cookie para identificar la fuente de una visita y almacenar informaci\u00f3n sobre las acciones del usuario en cookies. Esta cookie anal\u00edtica y de comportamiento se utiliza para mejorar la experiencia del visitante en el sitio web.<\/td>\n<\/tr>\n<tr>\n<td>sbjs_first<\/td>\n<td>settopsurvey.com<\/td>\n<td>Sesi\u00f3n<\/td>\n<td>Sourcebuster establece esta cookie para identificar la fuente de una visita y almacenar informaci\u00f3n sobre las acciones del usuario en cookies. Esta cookie anal\u00edtica y de comportamiento se utiliza para mejorar la experiencia del visitante en el sitio web.<\/td>\n<\/tr>\n<tr>\n<td>sbjs_udata<\/td>\n<td>settopsurvey.com<\/td>\n<td>Sesi\u00f3n<\/td>\n<td>Sourcebuster establece esta cookie para identificar la fuente de una visita y almacenar informaci\u00f3n sobre las acciones del usuario en cookies. Esta cookie anal\u00edtica y de comportamiento se utiliza para mejorar la experiencia del visitante en el sitio web.<\/td>\n<\/tr>\n<tr>\n<td>sbjs_session<\/td>\n<td>settopsurvey.com<\/td>\n<td>1 hora<\/td>\n<td>Sourcebuster establece esta cookie para identificar la fuente de una visita y almacenar informaci\u00f3n sobre las acciones del usuario en cookies. Esta cookie anal\u00edtica y de comportamiento se utiliza para mejorar la experiencia del visitante en el sitio web.<\/td>\n<\/tr>\n<\/tbody>\n<\/table>\n<p><strong><span class=\"mr-2\">Publicidad<\/span><\/strong><\/p>\n<div class=\"description mb-4\">\n<p>Las cookies publicitarias se utilizan para ofrecer anuncios personalizados a los visitantes basados en las p\u00e1ginas que visitaron anteriormente y analizar la efectividad de la campa\u00f1a publicitaria.<\/p>\n<\/div>\n<table>\n<thead>\n<tr>\n<th>Id de Cookie<\/th>\n<th>Dominio<\/th>\n<th>Duraci\u00f3n<\/th>\n<th>Descripci\u00f3n<\/th>\n<\/tr>\n<\/thead>\n<tbody>\n<tr>\n<td>YSC<\/td>\n<td>youtube.com<\/td>\n<td>Sesi\u00f3n<\/td>\n<td>Youtube establece esta cookie para rastrear las vistas de videos incrustados en p\u00e1ginas de YouTube.<\/td>\n<\/tr>\n<tr>\n<td>VISITOR_INFO1_LIVE<\/td>\n<td>youtube.com<\/td>\n<td>6 meses<\/td>\n<td>YouTube establece esta cookie para medir el ancho de banda, determinando si el usuario obtiene la nueva o la antigua interfaz del reproductor.<\/td>\n<\/tr>\n<tr>\n<td>VISITOR_PRIVACY_METADATA<\/td>\n<td>youtube.com<\/td>\n<td>6 meses<\/td>\n<td>YouTube establece esta cookie para almacenar el estado de consentimiento de cookies del usuario para el dominio actual.<\/td>\n<\/tr>\n<tr>\n<td>PREF<\/td>\n<td>youtube.com<\/td>\n<td>8 meses<\/td>\n<td>La cookie PREF es establecida por Youtube para almacenar las preferencias del usuario como el idioma, el formato de los resultados de b\u00fasqueda y otras personalizaciones para videos de YouTube incrustados en diferentes sitios.<\/td>\n<\/tr>\n<tr>\n<td>yt.innertube::requests<\/td>\n<td>youtube.com<\/td>\n<td>Nunca<\/td>\n<td>YouTube establece esta cookie para registrar una ID \u00fanica para almacenar datos sobre qu\u00e9 videos de YouTube ha visto el usuario.<\/td>\n<\/tr>\n<tr>\n<td>yt.innertube::nextId<\/td>\n<td>youtube.com<\/td>\n<td>Nunca<\/td>\n<td>YouTube establece esta cookie para registrar una ID \u00fanica para almacenar datos sobre qu\u00e9 videos de YouTube ha visto el usuario.<\/td>\n<\/tr>\n<\/tbody>\n<\/table>\n<\/div>\n<p>&nbsp;<\/p>\n<h3><strong>CONSENTIMIENTO DE COOKIES<\/strong><\/h3>\n<p>A trav\u00e9s del banner de aceptaci\u00f3n de cookies que presentamos en este sitio web, los usuarios podr\u00e1n aceptar o denegar las cookies organizadas seg\u00fan su funcionalidad. La modificaci\u00f3n del consentimiento esta siempre disponible para que el usuario pueda modificar su decisi\u00f3n en cualquier momento de manera clara y sencilla.<\/p>\n<p>En el caso de los enlaces a links que redirigen a redes sociales externas las cookies son gestionadas propiamente al acceder a la red social. Los titulares de dichas redes sociales disponen de sus propias pol\u00edticas de protecci\u00f3n de datos y de cookies, siendo ellos mismos, en cada caso, responsables de sus propios ficheros y de sus propias pr\u00e1cticas de privacidad. El Usuario debe referirse a las mismas para informarse acerca de dichas cookies y, en su caso, del tratamiento de sus datos personales. \u00danicamente a t\u00edtulo informativo se indican a continuaci\u00f3n los enlaces en los que se pueden consultar dichas pol\u00edticas de privacidad y\/o de cookies:<\/p>\n<p>Facebook: https:\/\/www.facebook.com\/policies\/cookies\/<\/p>\n<p>Twitter: https:\/\/twitter.com\/es\/privacy<\/p>\n<p>Instagram: https:\/\/help.instagram.com\/1896641480634370?ref=ig<\/p>\n<p>YouTube: https:\/\/policies.google.com\/privacy?hl=es-419&amp;gl=mx<\/p>\n<p>Google+: https:\/\/policies.google.com\/technologies\/cookies?hl=es<\/p>\n<p>Pinterest: https:\/\/policy.pinterest.com\/es\/privacy-policy<\/p>\n<p>LinkedIn: https:\/\/www.linkedin.com\/legal\/cookie-policy?trk=hp-cookies<\/p>\n<p>&nbsp;<\/p>\n<h3><strong>C\u00d3MO ELIMINAR COOKIES DEL NAVEGADOR:<\/strong><\/h3>\n<p>En caso de que el usuario haya dado permiso a un grupo de Cookies, pero quiera eliminar una en concreto, deber\u00e1 hacer la eliminaci\u00f3n manual de dicha cookie.<\/p>\n<p>Cada navegador tiene su propia forma de eliminar cookies. A continuaci\u00f3n, facilitamos un listado de los navegadores m\u00e1s usados y el manual correspondiente:<\/p>\n<p>Chrome: <a href=\"https:\/\/support.google.com\/chrome\/answer\/95647\">https:\/\/support.google.com\/chrome\/answer\/95647<\/a><\/p>\n<p>Internet Explorer: <a href=\"https:\/\/support.microsoft.com\/es-es\/help\/17442\/windows-internet-explorer-delete-manage-cookies\">https:\/\/support.microsoft.com\/es-es\/help\/17442\/windows-internet-explorer-delete-manage-cookies<\/a><\/p>\n<p>Firefox: <a href=\"https:\/\/support.mozilla.org\/es\/kb\/habilitar-y-deshabilitar-cookies-sitios-web-rastrear-preferencias\">https:\/\/support.mozilla.org\/es\/kb\/habilitar-y-deshabilitar-cookies-sitios-web-rastrear-preferencias<\/a><\/p>\n<p>Safari: <a href=\"https:\/\/support.apple.com\/es-es\/guide\/safari\/sfri11471\/mac\">https:\/\/support.apple.com\/es-es\/guide\/safari\/sfri11471\/mac<\/a><\/p>\n<p>Opera: <a href=\"https:\/\/www.opera.com\/help\/tutorials\/security\/privacy\/\">https:\/\/www.opera.com\/help\/tutorials\/security\/privacy\/<\/a><\/p>\n<p>Si no aparece listado, consulte la documentaci\u00f3n del navegador que tenga instalado para bloquear, eliminar o permitir la descarga de Cookies<\/p>\n<\/div>\n<\/div>\n<\/div>\n","protected":false},"excerpt":{"rendered":"<p>INTRODUCCI\u00d3N: &nbsp; Debido a la entrada en vigor de la referente modificaci\u00f3n de la \u201cLey de Servicios de la Sociedad de la Informaci\u00f3n\u201d (LSSICE) establecida por el Real Decreto 13\/2012, es de obligaci\u00f3n obtener el consentimiento expreso del usuario de todas las p\u00e1ginas web que usan cookies prescindibles, antes de que \u00e9ste navegue por ellas. [&#8230;]\n","protected":false},"author":1,"featured_media":0,"parent":0,"menu_order":0,"comment_status":"closed","ping_status":"closed","template":"","meta":{"footnotes":""},"class_list":["post-821","page","type-page","status-publish","hentry"],"yoast_head":"<!-- This site is optimized with the Yoast SEO plugin v27.3 - https:\/\/yoast.com\/product\/yoast-seo-wordpress\/ -->\n<title>Pol\u00edtica de cookies - Settop<\/title>\n<meta name=\"robots\" content=\"index, follow, max-snippet:-1, max-image-preview:large, max-video-preview:-1\" \/>\n<link rel=\"canonical\" href=\"https:\/\/settopsurvey.com\/settop_website\/es\/politica-de-cookies\/\" \/>\n<meta property=\"og:locale\" content=\"es_ES\" \/>\n<meta property=\"og:type\" content=\"article\" \/>\n<meta property=\"og:title\" content=\"Pol\u00edtica de cookies - Settop\" \/>\n<meta property=\"og:description\" content=\"INTRODUCCI\u00d3N: &nbsp; Debido a la entrada en vigor de la referente modificaci\u00f3n de la \u201cLey de Servicios de la Sociedad de la Informaci\u00f3n\u201d (LSSICE) establecida por el Real Decreto 13\/2012, es de obligaci\u00f3n obtener el consentimiento expreso del usuario de todas las p\u00e1ginas web que usan cookies prescindibles, antes de que \u00e9ste navegue por ellas. [...]\" \/>\n<meta property=\"og:url\" content=\"https:\/\/settopsurvey.com\/settop_website\/es\/politica-de-cookies\/\" \/>\n<meta property=\"og:site_name\" content=\"Settop\" \/>\n<meta property=\"article:modified_time\" content=\"2024-06-07T11:06:57+00:00\" \/>\n<meta name=\"twitter:card\" content=\"summary_large_image\" \/>\n<meta name=\"twitter:label1\" content=\"Tiempo de lectura\" \/>\n\t<meta name=\"twitter:data1\" content=\"9 minutos\" \/>\n<script type=\"application\/ld+json\" class=\"yoast-schema-graph\">{\"@context\":\"https:\\\/\\\/schema.org\",\"@graph\":[{\"@type\":\"WebPage\",\"@id\":\"https:\\\/\\\/settopsurvey.com\\\/settop_website\\\/es\\\/politica-de-cookies\\\/\",\"url\":\"https:\\\/\\\/settopsurvey.com\\\/settop_website\\\/es\\\/politica-de-cookies\\\/\",\"name\":\"Pol\u00edtica de cookies - Settop\",\"isPartOf\":{\"@id\":\"https:\\\/\\\/settopsurvey.com\\\/settop_website\\\/#website\"},\"datePublished\":\"2019-06-19T10:33:12+00:00\",\"dateModified\":\"2024-06-07T11:06:57+00:00\",\"breadcrumb\":{\"@id\":\"https:\\\/\\\/settopsurvey.com\\\/settop_website\\\/es\\\/politica-de-cookies\\\/#breadcrumb\"},\"inLanguage\":\"es\",\"potentialAction\":[{\"@type\":\"ReadAction\",\"target\":[\"https:\\\/\\\/settopsurvey.com\\\/settop_website\\\/es\\\/politica-de-cookies\\\/\"]}]},{\"@type\":\"BreadcrumbList\",\"@id\":\"https:\\\/\\\/settopsurvey.com\\\/settop_website\\\/es\\\/politica-de-cookies\\\/#breadcrumb\",\"itemListElement\":[{\"@type\":\"ListItem\",\"position\":1,\"name\":\"Portada\",\"item\":\"https:\\\/\\\/settopsurvey.com\\\/settop_website\\\/\"},{\"@type\":\"ListItem\",\"position\":2,\"name\":\"Pol\u00edtica de cookies\"}]},{\"@type\":\"WebSite\",\"@id\":\"https:\\\/\\\/settopsurvey.com\\\/settop_website\\\/#website\",\"url\":\"https:\\\/\\\/settopsurvey.com\\\/settop_website\\\/\",\"name\":\"Settop\",\"description\":\"Advanced technology in surveying instruments\",\"potentialAction\":[{\"@type\":\"SearchAction\",\"target\":{\"@type\":\"EntryPoint\",\"urlTemplate\":\"https:\\\/\\\/settopsurvey.com\\\/settop_website\\\/?s={search_term_string}\"},\"query-input\":{\"@type\":\"PropertyValueSpecification\",\"valueRequired\":true,\"valueName\":\"search_term_string\"}}],\"inLanguage\":\"es\"}]}<\/script>\n<!-- \/ Yoast SEO plugin. -->","yoast_head_json":{"title":"Pol\u00edtica de cookies - Settop","robots":{"index":"index","follow":"follow","max-snippet":"max-snippet:-1","max-image-preview":"max-image-preview:large","max-video-preview":"max-video-preview:-1"},"canonical":"https:\/\/settopsurvey.com\/settop_website\/es\/politica-de-cookies\/","og_locale":"es_ES","og_type":"article","og_title":"Pol\u00edtica de cookies - Settop","og_description":"INTRODUCCI\u00d3N: &nbsp; Debido a la entrada en vigor de la referente modificaci\u00f3n de la \u201cLey de Servicios de la Sociedad de la Informaci\u00f3n\u201d (LSSICE) establecida por el Real Decreto 13\/2012, es de obligaci\u00f3n obtener el consentimiento expreso del usuario de todas las p\u00e1ginas web que usan cookies prescindibles, antes de que \u00e9ste navegue por ellas. [...]","og_url":"https:\/\/settopsurvey.com\/settop_website\/es\/politica-de-cookies\/","og_site_name":"Settop","article_modified_time":"2024-06-07T11:06:57+00:00","twitter_card":"summary_large_image","twitter_misc":{"Tiempo de lectura":"9 minutos"},"schema":{"@context":"https:\/\/schema.org","@graph":[{"@type":"WebPage","@id":"https:\/\/settopsurvey.com\/settop_website\/es\/politica-de-cookies\/","url":"https:\/\/settopsurvey.com\/settop_website\/es\/politica-de-cookies\/","name":"Pol\u00edtica de cookies - Settop","isPartOf":{"@id":"https:\/\/settopsurvey.com\/settop_website\/#website"},"datePublished":"2019-06-19T10:33:12+00:00","dateModified":"2024-06-07T11:06:57+00:00","breadcrumb":{"@id":"https:\/\/settopsurvey.com\/settop_website\/es\/politica-de-cookies\/#breadcrumb"},"inLanguage":"es","potentialAction":[{"@type":"ReadAction","target":["https:\/\/settopsurvey.com\/settop_website\/es\/politica-de-cookies\/"]}]},{"@type":"BreadcrumbList","@id":"https:\/\/settopsurvey.com\/settop_website\/es\/politica-de-cookies\/#breadcrumb","itemListElement":[{"@type":"ListItem","position":1,"name":"Portada","item":"https:\/\/settopsurvey.com\/settop_website\/"},{"@type":"ListItem","position":2,"name":"Pol\u00edtica de cookies"}]},{"@type":"WebSite","@id":"https:\/\/settopsurvey.com\/settop_website\/#website","url":"https:\/\/settopsurvey.com\/settop_website\/","name":"Settop","description":"Advanced technology in surveying instruments","potentialAction":[{"@type":"SearchAction","target":{"@type":"EntryPoint","urlTemplate":"https:\/\/settopsurvey.com\/settop_website\/?s={search_term_string}"},"query-input":{"@type":"PropertyValueSpecification","valueRequired":true,"valueName":"search_term_string"}}],"inLanguage":"es"}]}},"_links":{"self":[{"href":"https:\/\/settopsurvey.com\/settop_website\/wp-json\/wp\/v2\/pages\/821","targetHints":{"allow":["GET"]}}],"collection":[{"href":"https:\/\/settopsurvey.com\/settop_website\/wp-json\/wp\/v2\/pages"}],"about":[{"href":"https:\/\/settopsurvey.com\/settop_website\/wp-json\/wp\/v2\/types\/page"}],"author":[{"embeddable":true,"href":"https:\/\/settopsurvey.com\/settop_website\/wp-json\/wp\/v2\/users\/1"}],"replies":[{"embeddable":true,"href":"https:\/\/settopsurvey.com\/settop_website\/wp-json\/wp\/v2\/comments?post=821"}],"version-history":[{"count":4,"href":"https:\/\/settopsurvey.com\/settop_website\/wp-json\/wp\/v2\/pages\/821\/revisions"}],"predecessor-version":[{"id":4243,"href":"https:\/\/settopsurvey.com\/settop_website\/wp-json\/wp\/v2\/pages\/821\/revisions\/4243"}],"wp:attachment":[{"href":"https:\/\/settopsurvey.com\/settop_website\/wp-json\/wp\/v2\/media?parent=821"}],"curies":[{"name":"wp","href":"https:\/\/api.w.org\/{rel}","templated":true}]}}