{"id":1177,"date":"2019-06-21T11:19:37","date_gmt":"2019-06-21T09:19:37","guid":{"rendered":"http:\/\/settopsurvey.com\/settop_website\/?page_id=1177"},"modified":"2021-11-23T15:51:09","modified_gmt":"2021-11-23T14:51:09","slug":"distribuidores","status":"publish","type":"page","link":"https:\/\/settopsurvey.com\/settop_website\/es\/distribuidores\/","title":{"rendered":"Distribuidores"},"content":{"rendered":"<h1>Convi\u00e9rtete en distribuidor SETTOPSurvey<\/h1>\n<p>Si trabajas suministrando software y hardware para el \u00e1mbito de la medici\u00f3n y est\u00e1s interesado en proveer de soluciones a medida para topograf\u00eda y posicionamiento a tus clientes y proyectos, no dudes en contactarnos a trav\u00e9s de este formulario. Como podr\u00e1s comprobar en nuestra web, el equipo de\u00a0 SETTOPSurvey tiene amplia experiencia en trabajos de ingenier\u00eda y construcci\u00f3n, as\u00ed como navales, de miner\u00eda y de agricultura de precisi\u00f3n, entre otros campos de la topograf\u00eda y el geoposicionamiento. Es por esta raz\u00f3n que estamos seguros de que podremos ayudar a tus clientes, no importa la dificultad de su necesidad. Inicia con nosotros una relaci\u00f3n de ganadores.<\/p>\n<p><a class=\"button primary\" href=\"http:\/\/settopsurvey.com\/settop_website\/es\/contacto\/\">M\u00e1s informaci\u00f3n<\/a><\/p>\n<hr \/>\n<div class=\"container section-title-container\" ><h3 class=\"section-title section-title-normal\"><b aria-hidden=\"true\"><\/b><span class=\"section-title-main\" >Lista de distribuidores<\/span><b aria-hidden=\"true\"><\/b><\/h3><\/div>\n<div class=\"row\"  id=\"row-1260778815\">\r\n\r\n\n\t<div id=\"col-112194590\" class=\"col medium-3 small-6 large-3\"  >\n\t\t\t\t<div class=\"col-inner\"  >\n\t\t\t\n\t\t\t\r\n\r\n\t<div class=\"img has-hover x md-x lg-x y md-y lg-y\" id=\"image_2142845628\">\n\t\t<a class=\"\" href=\"https:\/\/monitoring.trimble.com\/\" target=\"_blank\" rel=\"noopener\" >\t\t\t\t\t\t<div class=\"img-inner dark\" >\n\t\t\t<img loading=\"lazy\" decoding=\"async\" width=\"344\" height=\"85\" src=\"https:\/\/settopsurvey.com\/settop_website\/wp-content\/uploads\/Settop-Survey-distributor-Trimble.png\" class=\"attachment-large size-large\" alt=\"\" \/>\t\t\t\t\t\t\n\t\t\t\t\t<\/div>\n\t\t\t\t\t\t<\/a>\t\t\n<style>\n#image_2142845628 {\n  width: 100%;\n}\n<\/style>\n\t<\/div>\n\t\r\n\r\n<a href=\"https:\/\/monitoring.trimble.com\/\" target=\"_blank\" class=\"button primary is-outline expand\" rel=\"noopener\" >\n\t\t<span>Website Trimble<\/span>\n\t<\/a>\n\r\n\r\n\t\t<\/div>\n\t\t\t\t\t<\/div>\n\n\t\r\n\n\t<div id=\"col-1353051458\" class=\"col medium-3 small-6 large-3\"  >\n\t\t\t\t<div class=\"col-inner\"  >\n\t\t\t\n\t\t\t\r\n\r\n\t<div class=\"img has-hover x md-x lg-x y md-y lg-y\" id=\"image_474248551\">\n\t\t<a class=\"\" href=\"https:\/\/www.geometius.nl\/\" target=\"_blank\" rel=\"noopener\" >\t\t\t\t\t\t<div class=\"img-inner dark\" >\n\t\t\t<img loading=\"lazy\" decoding=\"async\" width=\"344\" height=\"85\" src=\"https:\/\/settopsurvey.com\/settop_website\/wp-content\/uploads\/Settop-Survey-distributor-Geometius.png\" class=\"attachment-large size-large\" alt=\"\" \/>\t\t\t\t\t\t\n\t\t\t\t\t<\/div>\n\t\t\t\t\t\t<\/a>\t\t\n<style>\n#image_474248551 {\n  width: 100%;\n}\n<\/style>\n\t<\/div>\n\t\r\n\r\n<a href=\"https:\/\/www.geometius.nl\/\" target=\"_blank\" class=\"button primary is-outline expand\" rel=\"noopener\" >\n\t\t<span>Website Geometius<\/span>\n\t<\/a>\n\r\n\r\n\t\t<\/div>\n\t\t\t\t\t<\/div>\n\n\t\r\n\n\t<div id=\"col-1022718915\" class=\"col medium-3 small-6 large-3\"  >\n\t\t\t\t<div class=\"col-inner\"  >\n\t\t\t\n\t\t\t\r\n\r\n\t<div class=\"img has-hover x md-x lg-x y md-y lg-y\" id=\"image_1329003494\">\n\t\t<a class=\"\" href=\"https:\/\/www.al-top.com\/\" target=\"_blank\" rel=\"noopener\" >\t\t\t\t\t\t<div class=\"img-inner dark\" >\n\t\t\t<img loading=\"lazy\" decoding=\"async\" width=\"344\" height=\"85\" src=\"https:\/\/settopsurvey.com\/settop_website\/wp-content\/uploads\/Settop-Survey-distributor-At-Top-Topografia.png\" class=\"attachment-large size-large\" alt=\"\" \/>\t\t\t\t\t\t\n\t\t\t\t\t<\/div>\n\t\t\t\t\t\t<\/a>\t\t\n<style>\n#image_1329003494 {\n  width: 100%;\n}\n<\/style>\n\t<\/div>\n\t\r\n\r\n<a href=\"https:\/\/www.al-top.com\/\" target=\"_blank\" class=\"button primary is-outline expand\" rel=\"noopener\" >\n\t\t<span>Website Al-Top<\/span>\n\t<\/a>\n\r\n\r\n\t\t<\/div>\n\t\t\t\t\t<\/div>\n\n\t\r\n\n\t<div id=\"col-780129071\" class=\"col medium-3 small-6 large-3\"  >\n\t\t\t\t<div class=\"col-inner\"  >\n\t\t\t\n\t\t\t\r\n\r\n\t<div class=\"img has-hover x md-x lg-x y md-y lg-y\" id=\"image_3650146\">\n\t\t<a class=\"\" href=\"https:\/\/www.scancomrc.co.uk\/\" target=\"_blank\" rel=\"noopener\" >\t\t\t\t\t\t<div class=\"img-inner dark\" >\n\t\t\t<img loading=\"lazy\" decoding=\"async\" width=\"344\" height=\"85\" src=\"https:\/\/settopsurvey.com\/settop_website\/wp-content\/uploads\/Settop-Survey-distributor-Scancom.png\" class=\"attachment-large size-large\" alt=\"\" \/>\t\t\t\t\t\t\n\t\t\t\t\t<\/div>\n\t\t\t\t\t\t<\/a>\t\t\n<style>\n#image_3650146 {\n  width: 100%;\n}\n<\/style>\n\t<\/div>\n\t\r\n\r\n<a href=\"https:\/\/www.scancomrc.co.uk\/\" target=\"_blank\" class=\"button primary is-outline expand\" rel=\"noopener\" >\n\t\t<span>Website Scancom<\/span>\n\t<\/a>\n\r\n\r\n\t\t<\/div>\n\t\t\t\t\t<\/div>\n\n\t\r\n\r\n<\/div>\n","protected":false},"excerpt":{"rendered":"<p>Convi\u00e9rtete en distribuidor SETTOPSurvey Si trabajas suministrando software y hardware para el \u00e1mbito de la medici\u00f3n y est\u00e1s interesado en proveer de soluciones a medida para topograf\u00eda y posicionamiento a tus clientes y proyectos, no dudes en contactarnos a trav\u00e9s de este formulario. Como podr\u00e1s comprobar en nuestra web, el equipo de\u00a0 SETTOPSurvey tiene amplia [&#8230;]\n","protected":false},"author":1,"featured_media":0,"parent":0,"menu_order":0,"comment_status":"closed","ping_status":"closed","template":"","meta":{"footnotes":""},"class_list":["post-1177","page","type-page","status-publish","hentry"],"yoast_head":"<!-- This site is optimized with the Yoast SEO plugin v27.3 - https:\/\/yoast.com\/product\/yoast-seo-wordpress\/ -->\n<title>Distribuidores - Settop<\/title>\n<meta name=\"description\" content=\"Convi\u00e9rtete en distribuidor SETTOPSurvey. Si trabajas suministrando software y hardware para el \u00e1mbito de la medici\u00f3n y est\u00e1s interesado en proveer de soluciones a medida para topograf\u00eda y posicionamiento a tus clientes y proyectos, no dudes en contactarnos a trav\u00e9s de este formulario. Como podr\u00e1s comprobar en nuestra web, el equipo de\u00a0 SETTOPSurvey tiene amplia experiencia en trabajos de ingenier\u00eda y construcci\u00f3n, as\u00ed como navales, de miner\u00eda y de agricultura de precisi\u00f3n, entre otros campos de la topograf\u00eda y el geoposicionamiento. Es por esta raz\u00f3n que estamos seguros de que podremos ayudar a tus clientes, no importa la dificultad de su necesidad. Inicia con nosotros una relaci\u00f3n de ganadores.\" \/>\n<meta name=\"robots\" content=\"index, follow, max-snippet:-1, max-image-preview:large, max-video-preview:-1\" \/>\n<link rel=\"canonical\" href=\"https:\/\/settopsurvey.com\/settop_website\/es\/distribuidores\/\" \/>\n<meta property=\"og:locale\" content=\"es_ES\" \/>\n<meta property=\"og:type\" content=\"article\" \/>\n<meta property=\"og:title\" content=\"Distribuidores - Settop\" \/>\n<meta property=\"og:description\" content=\"Convi\u00e9rtete en distribuidor SETTOPSurvey. Si trabajas suministrando software y hardware para el \u00e1mbito de la medici\u00f3n y est\u00e1s interesado en proveer de soluciones a medida para topograf\u00eda y posicionamiento a tus clientes y proyectos, no dudes en contactarnos a trav\u00e9s de este formulario. Como podr\u00e1s comprobar en nuestra web, el equipo de\u00a0 SETTOPSurvey tiene amplia experiencia en trabajos de ingenier\u00eda y construcci\u00f3n, as\u00ed como navales, de miner\u00eda y de agricultura de precisi\u00f3n, entre otros campos de la topograf\u00eda y el geoposicionamiento. Es por esta raz\u00f3n que estamos seguros de que podremos ayudar a tus clientes, no importa la dificultad de su necesidad. Inicia con nosotros una relaci\u00f3n de ganadores.\" \/>\n<meta property=\"og:url\" content=\"https:\/\/settopsurvey.com\/settop_website\/es\/distribuidores\/\" \/>\n<meta property=\"og:site_name\" content=\"Settop\" \/>\n<meta property=\"article:modified_time\" content=\"2021-11-23T14:51:09+00:00\" \/>\n<meta name=\"twitter:card\" content=\"summary_large_image\" \/>\n<meta name=\"twitter:label1\" content=\"Tiempo de lectura\" \/>\n\t<meta name=\"twitter:data1\" content=\"1 minuto\" \/>\n<script type=\"application\/ld+json\" class=\"yoast-schema-graph\">{\"@context\":\"https:\\\/\\\/schema.org\",\"@graph\":[{\"@type\":\"WebPage\",\"@id\":\"https:\\\/\\\/settopsurvey.com\\\/settop_website\\\/es\\\/distribuidores\\\/\",\"url\":\"https:\\\/\\\/settopsurvey.com\\\/settop_website\\\/es\\\/distribuidores\\\/\",\"name\":\"Distribuidores - Settop\",\"isPartOf\":{\"@id\":\"https:\\\/\\\/settopsurvey.com\\\/settop_website\\\/#website\"},\"datePublished\":\"2019-06-21T09:19:37+00:00\",\"dateModified\":\"2021-11-23T14:51:09+00:00\",\"description\":\"Convi\u00e9rtete en distribuidor SETTOPSurvey. Si trabajas suministrando software y hardware para el \u00e1mbito de la medici\u00f3n y est\u00e1s interesado en proveer de soluciones a medida para topograf\u00eda y posicionamiento a tus clientes y proyectos, no dudes en contactarnos a trav\u00e9s de este formulario. Como podr\u00e1s comprobar en nuestra web, el equipo de\u00a0 SETTOPSurvey tiene amplia experiencia en trabajos de ingenier\u00eda y construcci\u00f3n, as\u00ed como navales, de miner\u00eda y de agricultura de precisi\u00f3n, entre otros campos de la topograf\u00eda y el geoposicionamiento. Es por esta raz\u00f3n que estamos seguros de que podremos ayudar a tus clientes, no importa la dificultad de su necesidad. Inicia con nosotros una relaci\u00f3n de ganadores.\",\"breadcrumb\":{\"@id\":\"https:\\\/\\\/settopsurvey.com\\\/settop_website\\\/es\\\/distribuidores\\\/#breadcrumb\"},\"inLanguage\":\"es\",\"potentialAction\":[{\"@type\":\"ReadAction\",\"target\":[\"https:\\\/\\\/settopsurvey.com\\\/settop_website\\\/es\\\/distribuidores\\\/\"]}]},{\"@type\":\"BreadcrumbList\",\"@id\":\"https:\\\/\\\/settopsurvey.com\\\/settop_website\\\/es\\\/distribuidores\\\/#breadcrumb\",\"itemListElement\":[{\"@type\":\"ListItem\",\"position\":1,\"name\":\"Portada\",\"item\":\"https:\\\/\\\/settopsurvey.com\\\/settop_website\\\/\"},{\"@type\":\"ListItem\",\"position\":2,\"name\":\"Distribuidores\"}]},{\"@type\":\"WebSite\",\"@id\":\"https:\\\/\\\/settopsurvey.com\\\/settop_website\\\/#website\",\"url\":\"https:\\\/\\\/settopsurvey.com\\\/settop_website\\\/\",\"name\":\"Settop\",\"description\":\"Advanced technology in surveying instruments\",\"potentialAction\":[{\"@type\":\"SearchAction\",\"target\":{\"@type\":\"EntryPoint\",\"urlTemplate\":\"https:\\\/\\\/settopsurvey.com\\\/settop_website\\\/?s={search_term_string}\"},\"query-input\":{\"@type\":\"PropertyValueSpecification\",\"valueRequired\":true,\"valueName\":\"search_term_string\"}}],\"inLanguage\":\"es\"}]}<\/script>\n<!-- \/ Yoast SEO plugin. -->","yoast_head_json":{"title":"Distribuidores - Settop","description":"Convi\u00e9rtete en distribuidor SETTOPSurvey. Si trabajas suministrando software y hardware para el \u00e1mbito de la medici\u00f3n y est\u00e1s interesado en proveer de soluciones a medida para topograf\u00eda y posicionamiento a tus clientes y proyectos, no dudes en contactarnos a trav\u00e9s de este formulario. Como podr\u00e1s comprobar en nuestra web, el equipo de\u00a0 SETTOPSurvey tiene amplia experiencia en trabajos de ingenier\u00eda y construcci\u00f3n, as\u00ed como navales, de miner\u00eda y de agricultura de precisi\u00f3n, entre otros campos de la topograf\u00eda y el geoposicionamiento. Es por esta raz\u00f3n que estamos seguros de que podremos ayudar a tus clientes, no importa la dificultad de su necesidad. Inicia con nosotros una relaci\u00f3n de ganadores.","robots":{"index":"index","follow":"follow","max-snippet":"max-snippet:-1","max-image-preview":"max-image-preview:large","max-video-preview":"max-video-preview:-1"},"canonical":"https:\/\/settopsurvey.com\/settop_website\/es\/distribuidores\/","og_locale":"es_ES","og_type":"article","og_title":"Distribuidores - Settop","og_description":"Convi\u00e9rtete en distribuidor SETTOPSurvey. Si trabajas suministrando software y hardware para el \u00e1mbito de la medici\u00f3n y est\u00e1s interesado en proveer de soluciones a medida para topograf\u00eda y posicionamiento a tus clientes y proyectos, no dudes en contactarnos a trav\u00e9s de este formulario. Como podr\u00e1s comprobar en nuestra web, el equipo de\u00a0 SETTOPSurvey tiene amplia experiencia en trabajos de ingenier\u00eda y construcci\u00f3n, as\u00ed como navales, de miner\u00eda y de agricultura de precisi\u00f3n, entre otros campos de la topograf\u00eda y el geoposicionamiento. Es por esta raz\u00f3n que estamos seguros de que podremos ayudar a tus clientes, no importa la dificultad de su necesidad. Inicia con nosotros una relaci\u00f3n de ganadores.","og_url":"https:\/\/settopsurvey.com\/settop_website\/es\/distribuidores\/","og_site_name":"Settop","article_modified_time":"2021-11-23T14:51:09+00:00","twitter_card":"summary_large_image","twitter_misc":{"Tiempo de lectura":"1 minuto"},"schema":{"@context":"https:\/\/schema.org","@graph":[{"@type":"WebPage","@id":"https:\/\/settopsurvey.com\/settop_website\/es\/distribuidores\/","url":"https:\/\/settopsurvey.com\/settop_website\/es\/distribuidores\/","name":"Distribuidores - Settop","isPartOf":{"@id":"https:\/\/settopsurvey.com\/settop_website\/#website"},"datePublished":"2019-06-21T09:19:37+00:00","dateModified":"2021-11-23T14:51:09+00:00","description":"Convi\u00e9rtete en distribuidor SETTOPSurvey. Si trabajas suministrando software y hardware para el \u00e1mbito de la medici\u00f3n y est\u00e1s interesado en proveer de soluciones a medida para topograf\u00eda y posicionamiento a tus clientes y proyectos, no dudes en contactarnos a trav\u00e9s de este formulario. Como podr\u00e1s comprobar en nuestra web, el equipo de\u00a0 SETTOPSurvey tiene amplia experiencia en trabajos de ingenier\u00eda y construcci\u00f3n, as\u00ed como navales, de miner\u00eda y de agricultura de precisi\u00f3n, entre otros campos de la topograf\u00eda y el geoposicionamiento. Es por esta raz\u00f3n que estamos seguros de que podremos ayudar a tus clientes, no importa la dificultad de su necesidad. Inicia con nosotros una relaci\u00f3n de ganadores.","breadcrumb":{"@id":"https:\/\/settopsurvey.com\/settop_website\/es\/distribuidores\/#breadcrumb"},"inLanguage":"es","potentialAction":[{"@type":"ReadAction","target":["https:\/\/settopsurvey.com\/settop_website\/es\/distribuidores\/"]}]},{"@type":"BreadcrumbList","@id":"https:\/\/settopsurvey.com\/settop_website\/es\/distribuidores\/#breadcrumb","itemListElement":[{"@type":"ListItem","position":1,"name":"Portada","item":"https:\/\/settopsurvey.com\/settop_website\/"},{"@type":"ListItem","position":2,"name":"Distribuidores"}]},{"@type":"WebSite","@id":"https:\/\/settopsurvey.com\/settop_website\/#website","url":"https:\/\/settopsurvey.com\/settop_website\/","name":"Settop","description":"Advanced technology in surveying instruments","potentialAction":[{"@type":"SearchAction","target":{"@type":"EntryPoint","urlTemplate":"https:\/\/settopsurvey.com\/settop_website\/?s={search_term_string}"},"query-input":{"@type":"PropertyValueSpecification","valueRequired":true,"valueName":"search_term_string"}}],"inLanguage":"es"}]}},"_links":{"self":[{"href":"https:\/\/settopsurvey.com\/settop_website\/wp-json\/wp\/v2\/pages\/1177","targetHints":{"allow":["GET"]}}],"collection":[{"href":"https:\/\/settopsurvey.com\/settop_website\/wp-json\/wp\/v2\/pages"}],"about":[{"href":"https:\/\/settopsurvey.com\/settop_website\/wp-json\/wp\/v2\/types\/page"}],"author":[{"embeddable":true,"href":"https:\/\/settopsurvey.com\/settop_website\/wp-json\/wp\/v2\/users\/1"}],"replies":[{"embeddable":true,"href":"https:\/\/settopsurvey.com\/settop_website\/wp-json\/wp\/v2\/comments?post=1177"}],"version-history":[{"count":12,"href":"https:\/\/settopsurvey.com\/settop_website\/wp-json\/wp\/v2\/pages\/1177\/revisions"}],"predecessor-version":[{"id":2987,"href":"https:\/\/settopsurvey.com\/settop_website\/wp-json\/wp\/v2\/pages\/1177\/revisions\/2987"}],"wp:attachment":[{"href":"https:\/\/settopsurvey.com\/settop_website\/wp-json\/wp\/v2\/media?parent=1177"}],"curies":[{"name":"wp","href":"https:\/\/api.w.org\/{rel}","templated":true}]}}